{"id":3868,"date":"2024-10-01T08:57:09","date_gmt":"2024-10-01T12:57:09","guid":{"rendered":"https:\/\/wowrxpharmacy.com\/?post_type=product&#038;p=3868"},"modified":"2024-11-22T05:39:38","modified_gmt":"2024-11-22T10:39:38","slug":"cardivas-cr-40-mg","status":"publish","type":"product","link":"https:\/\/wowrxpharmacy.com\/es_es\/producto\/cardivas-cr-40-mg\/","title":{"rendered":"Cardivas CR 40 mg"},"content":{"rendered":"<h3><span style=\"font-weight: 400;\">Acerca de Cardivas CR 40 mg<\/span><\/h3>\n<p><span style=\"font-weight: 400;\">Cardivas CR 40 mg es un medicamento con receta que trata la hipertensi\u00f3n arterial, la angina de pecho y la insuficiencia card\u00edaca moderada a grave. Contiene carvedilol, un ingrediente activo aprobado por la FDA para el tratamiento de la insuficiencia card\u00edaca cr\u00f3nica y la hipertensi\u00f3n.<\/span><\/p>\n<p><span style=\"font-weight: 400;\">El carvedilol es un betabloqueante que relaja los vasos sangu\u00edneos, reduce la presi\u00f3n arterial y ralentiza el ritmo card\u00edaco. Por lo tanto, reduce el riesgo de insuficiencia card\u00edaca.\u00a0<\/span><\/p>\n<p><span style=\"font-weight: 400;\">Sun Pharmaceuticals Industries Ltd fabrica Cardivas CR 40 mg, que puedes comprar a precios reducidos en WowRx.<\/span><\/p>\n<h3><span style=\"font-weight: 400;\">\u00bfPara qu\u00e9 se utiliza Cardivas CR 40mg?<\/span><\/h3>\n<p><span style=\"font-weight: 400;\">Cardivas CR 40 mg se utiliza para el tratamiento de las siguientes afecciones:<\/span><\/p>\n<h4><span style=\"font-weight: 400;\">Tratamiento de la hipertensi\u00f3n<\/span><\/h4>\n<p><span style=\"font-weight: 400;\">La hipertensi\u00f3n, o presi\u00f3n arterial alta, es muy com\u00fan y casi la mitad de la poblaci\u00f3n estadounidense la padece. Se desarrolla cuando la fuerza contra la pared arterial es mayor de lo habitual. <\/span><a href=\"https:\/\/my.clevelandclinic.org\/health\/diseases\/4314-hypertension-high-blood-pressure#:~:text=A%20top%20number,least%2080%20mmHg.\" target=\"_blank\" rel=\"nofollow noopener\"><span style=\"font-weight: 400;\">definido<\/span><\/a><span style=\"font-weight: 400;\"> teniendo consistentemente lecturas sist\u00f3licas de 130 mm Hg o m\u00e1s y lecturas diast\u00f3licas de 80 mm Hg o m\u00e1s.<\/span><\/p>\n<p><span style=\"font-weight: 400;\">Sin s\u00edntomas aparentes, a menudo se la conoce como &quot;el asesino silencioso&quot; y puede pasar desapercibida durante un largo periodo. Sin embargo, si no se trata, la hipertensi\u00f3n arterial aumenta el riesgo de cardiopat\u00edas y accidentes cerebrovasculares. Cardivas CR 40 mg puede tratar la hipertensi\u00f3n y reducir la poscarga excesiva del coraz\u00f3n.<\/span><\/p>\n<h4><span style=\"font-weight: 400;\">Tratamiento de la angina de pecho<\/span><\/h4>\n<p><span style=\"font-weight: 400;\">La angina de pecho, a menudo llamada angina de pecho, es un dolor en el pecho relacionado con el coraz\u00f3n, causado por el coraz\u00f3n no <\/span><a href=\"https:\/\/my.clevelandclinic.org\/health\/diseases\/21489-angina#:~:text=Angina%20is%20chest%20pain%20or%20discomfort%20that%20happens%20when%20your%20heart%20isn%E2%80%99t%20receiving%20enough%20oxygen%2Drich%20blood.%20As%20a%20result%2C%20your%20heart%20may%20beat%20faster%20and%20harder%20to%20gain%20more%20blood%2C%20causing%20you%20noticeable%20pain.%20Angina%20isn%E2%80%99t%20a%20disease.%20It%E2%80%99s%20a%20symptom%20and%20a%20warning%20sign%20of%20heart%20disease.\" target=\"_blank\" rel=\"nofollow noopener\"><span style=\"font-weight: 400;\">recepci\u00f3n<\/span><\/a><span style=\"font-weight: 400;\"> Suficiente sangre oxigenada. Esto provoca que el coraz\u00f3n lata m\u00e1s r\u00e1pido y con m\u00e1s fuerza para obtener m\u00e1s flujo sangu\u00edneo, lo que provoca dolor. La angina se describe como un dolor opresivo u opresi\u00f3n en el pecho.\u00a0<\/span><\/p>\n<p><span style=\"font-weight: 400;\">Aunque la angina de pecho no es una enfermedad, es un signo com\u00fan de un infarto. Cardivas CR 40 mg puede dilatar los vasos sangu\u00edneos de todo el cuerpo, aumentando el flujo sangu\u00edneo al coraz\u00f3n y reduciendo el riesgo de infarto, insuficiencia card\u00edaca o accidente cerebrovascular.<\/span><\/p>\n<h4><span style=\"font-weight: 400;\">Trata la insuficiencia card\u00edaca<\/span><\/h4>\n<p><span style=\"font-weight: 400;\">La insuficiencia card\u00edaca es una enfermedad grave que <\/span><a href=\"https:\/\/www.nhlbi.nih.gov\/health\/heart-failure#:~:text=Heart%20failure%2C%20also,needs%20medical%20care.\" target=\"_blank\" rel=\"nofollow noopener\"><span style=\"font-weight: 400;\">se desarrolla<\/span><\/a><span style=\"font-weight: 400;\"> Cuando el coraz\u00f3n no bombea suficiente sangre a todo el cuerpo. Esto puede ocurrir porque el coraz\u00f3n no se llena de sangre para bombearla al resto del cuerpo o est\u00e1 demasiado d\u00e9bil para bombearla. Puede desarrollarse debido a una enfermedad coronaria, hipertensi\u00f3n o un infarto previo.<\/span><\/p>\n<p><span style=\"font-weight: 400;\">La insuficiencia card\u00edaca no significa que el coraz\u00f3n haya dejado de funcionar. Es m\u00e1s bien un signo de una afecci\u00f3n grave que requiere tratamiento m\u00e9dico inmediato. Cardivas CR 40 mg puede reducir la gravedad dilatando los vasos sangu\u00edneos, reduciendo la presi\u00f3n arterial alta y permitiendo un mayor flujo sangu\u00edneo al coraz\u00f3n.\u00a0<\/span><\/p>\n<h3><span style=\"font-weight: 400;\">\u00bfC\u00f3mo act\u00faa el Carvedilol?<\/span><\/h3>\n<p><span style=\"font-weight: 400;\">El carvedilol es un betabloqueante no selectivo que <\/span><a href=\"https:\/\/www.ncbi.nlm.nih.gov\/books\/NBK534868\/#:~:text=Carvedilol%20is%20a%20nonselective%20adrenergic%20blocker%2C%20specifically,blockers%2C%20calcium%20channel%20blockers%2C%20ACEI%2C%20and%20diuretics.\" target=\"_blank\" rel=\"nofollow noopener\"><span style=\"font-weight: 400;\">dilata<\/span><\/a><span style=\"font-weight: 400;\"> Los vasos sangu\u00edneos y mejora el flujo sangu\u00edneo en todo el cuerpo, incluyendo el coraz\u00f3n. Gracias a su mecanismo \u00fanico, el carvedilol mantiene el gasto card\u00edaco, reduciendo la carga de trabajo del coraz\u00f3n. Por lo tanto, facilita el bombeo de sangre.<\/span><\/p>\n<p><span style=\"font-weight: 400;\">El carvedilol tambi\u00e9n act\u00faa como un alfabloqueador, reduciendo la presi\u00f3n arterial y tratando eficazmente la hipertensi\u00f3n. Tiene un <\/span><a href=\"https:\/\/www.ncbi.nlm.nih.gov\/books\/NBK534868\/#:~:text=Carvedilol%20exhibits%20rapid%20absorption%2C%20reaching%20peak%20plasma%20concentration%20(Cmax)%20within%201%20to%202%20hours%20after%20administration\" target=\"_blank\" rel=\"nofollow noopener\"><span style=\"font-weight: 400;\">r\u00e1pido<\/span><\/a><span style=\"font-weight: 400;\"> Acci\u00f3n: alcanza niveles plasm\u00e1ticos m\u00e1ximos entre 1 y 2 horas despu\u00e9s de tomar el medicamento. Su efecto se mantiene hasta 6 o 7 horas.<\/span><\/p>\n<h3><span style=\"font-weight: 400;\">\u00bfC\u00f3mo utilizar Cardivas CR 40mg?<\/span><\/h3>\n<p><span style=\"font-weight: 400;\">Para obtener los mejores resultados, tome Cardivas CR 40 mg en el <\/span><a href=\"https:\/\/www.nhs.uk\/medicines\/carvedilol\/how-and-when-to-take-carvedilol\/#:~:text=When%20you%20start,can%20do%20this.\" target=\"_blank\" rel=\"nofollow noopener\"><span style=\"font-weight: 400;\">siguiente<\/span><\/a><span style=\"font-weight: 400;\"> maneras:<\/span><\/p>\n<ul>\n<li style=\"font-weight: 400;\" aria-level=\"1\"><span style=\"font-weight: 400;\">Tome la dosis exacta de Cardivas prescrita por su m\u00e9dico.<\/span><\/li>\n<li style=\"font-weight: 400;\" aria-level=\"1\"><span style=\"font-weight: 400;\">La primera dosis podr\u00eda causar mareos repentinos. Por lo tanto, su m\u00e9dico podr\u00eda recomendarle tomar el medicamento antes de acostarse.<\/span><\/li>\n<li style=\"font-weight: 400;\" aria-level=\"1\"><span style=\"font-weight: 400;\">Puede tomar este medicamento con o sin alimentos. Sin embargo, si toma la tableta para la insuficiencia card\u00edaca, es mejor tomarla con alimentos.<\/span><\/li>\n<li style=\"font-weight: 400;\" aria-level=\"1\"><span style=\"font-weight: 400;\">No mastique, triture ni rompa el medicamento y trague la tableta entera.<\/span><\/li>\n<li style=\"font-weight: 400;\" aria-level=\"1\"><span style=\"font-weight: 400;\">Recuerde tomar Carvedilol 40 mg a la misma hora todos los d\u00edas.<\/span><\/li>\n<li style=\"font-weight: 400;\" aria-level=\"1\"><span style=\"font-weight: 400;\">Si necesita tomar dos dosis al d\u00eda, tome una por la ma\u00f1ana y la segunda por la noche. Se recomienda dejar un intervalo de 10 a 12 horas entre cada dosis.<\/span><\/li>\n<li style=\"font-weight: 400;\" aria-level=\"1\"><span style=\"font-weight: 400;\">Consulte a su m\u00e9dico antes de omitir, suspender o interrumpir la dosis de Cardivas CR 40. Podr\u00eda empeorar su condici\u00f3n y requerir atenci\u00f3n m\u00e9dica inmediata.<\/span><\/li>\n<\/ul>","protected":false},"excerpt":{"rendered":"<p>Cardivas CR, con carvedilol, proporciona un tratamiento eficaz para la presi\u00f3n arterial alta con su f\u00f3rmula de liberaci\u00f3n prolongada, asegurando protecci\u00f3n card\u00edaca las 24 horas.<\/p>","protected":false},"featured_media":29498,"comment_status":"open","ping_status":"closed","template":"","meta":{"om_disable_all_campaigns":false,"_uf_show_specific_survey":0,"_uf_disable_surveys":false},"product_brand":[],"product_cat":[608],"product_tag":[],"class_list":{"0":"post-3868","1":"product","2":"type-product","3":"status-publish","4":"has-post-thumbnail","6":"product_cat-heart-blood-pressure","8":"first","9":"instock","10":"sale","11":"shipping-taxable","12":"purchasable","13":"product-type-variable"},"_links":{"self":[{"href":"https:\/\/wowrxpharmacy.com\/es_es\/wp-json\/wp\/v2\/product\/3868","targetHints":{"allow":["GET"]}}],"collection":[{"href":"https:\/\/wowrxpharmacy.com\/es_es\/wp-json\/wp\/v2\/product"}],"about":[{"href":"https:\/\/wowrxpharmacy.com\/es_es\/wp-json\/wp\/v2\/types\/product"}],"replies":[{"embeddable":true,"href":"https:\/\/wowrxpharmacy.com\/es_es\/wp-json\/wp\/v2\/comments?post=3868"}],"wp:featuredmedia":[{"embeddable":true,"href":"https:\/\/wowrxpharmacy.com\/es_es\/wp-json\/wp\/v2\/media\/29498"}],"wp:attachment":[{"href":"https:\/\/wowrxpharmacy.com\/es_es\/wp-json\/wp\/v2\/media?parent=3868"}],"wp:term":[{"taxonomy":"product_brand","embeddable":true,"href":"https:\/\/wowrxpharmacy.com\/es_es\/wp-json\/wp\/v2\/product_brand?post=3868"},{"taxonomy":"product_cat","embeddable":true,"href":"https:\/\/wowrxpharmacy.com\/es_es\/wp-json\/wp\/v2\/product_cat?post=3868"},{"taxonomy":"product_tag","embeddable":true,"href":"https:\/\/wowrxpharmacy.com\/es_es\/wp-json\/wp\/v2\/product_tag?post=3868"}],"curies":[{"name":"wp","href":"https:\/\/api.w.org\/{rel}","templated":true}]}}