{"id":3844,"date":"2024-10-01T01:05:09","date_gmt":"2024-10-01T05:05:09","guid":{"rendered":"https:\/\/wowrxpharmacy.com\/?post_type=product&#038;p=3844"},"modified":"2024-11-22T05:51:31","modified_gmt":"2024-11-22T10:51:31","slug":"brufen-400-mg","status":"publish","type":"product","link":"https:\/\/wowrxpharmacy.com\/es_es\/producto\/brufen-400-mg\/","title":{"rendered":"Brufen 400 mg"},"content":{"rendered":"<h3><span style=\"font-weight: 400;\">\u00bfQu\u00e9 es Brufen 400 mg?\u00a0<\/span><\/h3>\n<p><span style=\"font-weight: 400;\">Brufen 400 mg es un analg\u00e9sico que contiene ibuprofeno como principio activo. Pertenece a la clase de antiinflamatorios no esteroideos (AINE). Este medicamento alivia el dolor leve a moderado causado por dolores de cabeza, dolor de muelas, migra\u00f1as, dolor nervioso, dolor de garganta, dolor menstrual, artritis y dolores musculares. Tambi\u00e9n se puede usar para tratar la fiebre y la inflamaci\u00f3n.<\/span><\/p>\n<p><span style=\"font-weight: 400;\">Abbott Healthcare Private Limited fabrica comprimidos de Brufen de 400 mg y solo est\u00e1 disponible con receta m\u00e9dica. Puede comprarlo al mejor precio en WowRx.\u00a0<\/span><\/p>\n<h3><span style=\"font-weight: 400;\">\u00bfPara qu\u00e9 se utiliza Brufen 400 mg?\u00a0<\/span><\/h3>\n<p><span style=\"font-weight: 400;\">Los siguientes son los <\/span><a href=\"https:\/\/www.ncbi.nlm.nih.gov\/books\/NBK542299\/#:~:text=Ibuprofen%20and%20other,Odontalgia\" target=\"_blank\" rel=\"nofollow noopener\"><span style=\"font-weight: 400;\">usos<\/span><\/a><span style=\"font-weight: 400;\"> de Brufen 400 mg:<\/span><\/p>\n<h4><span style=\"font-weight: 400;\">Alivio del dolor<\/span><\/h4>\n<p><span style=\"font-weight: 400;\">El ibuprofeno, ingrediente activo de Brufen 400 mg, es un antiinflamatorio no esteroideo (AINE). Bloquea la producci\u00f3n de prostaglandinas, compuestos similares a hormonas que causan dolor. Adem\u00e1s, previene la activaci\u00f3n de las c\u00e9lulas inmunitarias que causan inflamaci\u00f3n y dificulta la liberaci\u00f3n de mensajeros que transmiten el dolor en el sistema nervioso.<\/span><\/p>\n<h4><span style=\"font-weight: 400;\">Tratamiento de la fiebre<\/span><\/h4>\n<p><span style=\"font-weight: 400;\">Brufen 400 mg puede aliviar el dolor y la inflamaci\u00f3n, adem\u00e1s de reducir la fiebre alta. Act\u00faa bloqueando los mensajeros qu\u00edmicos que desencadenan la fiebre.\u00a0<\/span><\/p>\n<h3><span style=\"font-weight: 400;\">\u00bfC\u00f3mo funciona el ibuprofeno?\u00a0<\/span><\/h3>\n<p><span style=\"font-weight: 400;\">El ibuprofeno pertenece a un grupo de medicamentos llamados antiinflamatorios no esteroideos (AINE). Act\u00faa bloqueando la producci\u00f3n de las enzimas ciclooxigenasa (COX-1 y COX-2), que... <\/span><a href=\"https:\/\/www.healthdirect.gov.au\/ibuprofen#:~:text=Ibuprofen%20works%20on%20the%20body%E2%80%99s%20chemical%20pathways%20for%20pain.%20It%20reduces%20your%20body%E2%80%99s%20ability%20to%20make%20prostaglandins.%20These%20are%20chemicals%20in%20your%20body%20that%20trigger%20the%20feeling%20of%20pain%20and%20produce%20inflammation.\" target=\"_blank\" rel=\"nofollow noopener\"><span style=\"font-weight: 400;\">inhibe<\/span><\/a><span style=\"font-weight: 400;\"> Producci\u00f3n de prostaglandinas, lo que reduce el dolor. Tambi\u00e9n previene la activaci\u00f3n de c\u00e9lulas inmunitarias que provocan inflamaci\u00f3n o la liberaci\u00f3n de mensajeros en el sistema nervioso que transmiten se\u00f1ales de dolor.<\/span><\/p>\n<h3><span style=\"font-weight: 400;\">\u00bfC\u00f3mo tomar Brufen 400 mg?\u00a0<\/span><\/h3>\n<p><span style=\"font-weight: 400;\">Para obtener los mejores resultados, debe tomar Brufen 400 mg seg\u00fan las indicaciones de su m\u00e9dico. Las instrucciones generales son las siguientes:<\/span><\/p>\n<ul>\n<li style=\"font-weight: 400;\" aria-level=\"1\"><span style=\"font-weight: 400;\">Los comprimidos de Brufen se pueden tomar por v\u00eda oral, preferiblemente despu\u00e9s de una comida o con leche para prevenir el malestar estomacal.<\/span><\/li>\n<li style=\"font-weight: 400;\" aria-level=\"1\"><span style=\"font-weight: 400;\">Tr\u00e1guelo entero sin masticarlo ni triturarlo.<\/span><\/li>\n<li style=\"font-weight: 400;\" aria-level=\"1\"><span style=\"font-weight: 400;\">Si lo consumes regularmente, debes tomarlo a una hora programada todos los d\u00edas.<\/span><\/li>\n<\/ul>","protected":false},"excerpt":{"rendered":"<p>Brufen, que contiene ibuprofeno, proporciona un alivio r\u00e1pido del dolor y reduce la inflamaci\u00f3n, lo que lo hace eficaz para tratar afecciones como la artritis y los dolores de cabeza.<\/p>","protected":false},"featured_media":36681,"comment_status":"open","ping_status":"closed","template":"","meta":{"om_disable_all_campaigns":false,"_uf_show_specific_survey":0,"_uf_disable_surveys":false},"product_brand":[],"product_cat":[505],"product_tag":[],"class_list":{"0":"post-3844","1":"product","2":"type-product","3":"status-publish","4":"has-post-thumbnail","6":"product_cat-pain-relief","8":"first","9":"instock","10":"sale","11":"shipping-taxable","12":"purchasable","13":"product-type-variable"},"_links":{"self":[{"href":"https:\/\/wowrxpharmacy.com\/es_es\/wp-json\/wp\/v2\/product\/3844","targetHints":{"allow":["GET"]}}],"collection":[{"href":"https:\/\/wowrxpharmacy.com\/es_es\/wp-json\/wp\/v2\/product"}],"about":[{"href":"https:\/\/wowrxpharmacy.com\/es_es\/wp-json\/wp\/v2\/types\/product"}],"replies":[{"embeddable":true,"href":"https:\/\/wowrxpharmacy.com\/es_es\/wp-json\/wp\/v2\/comments?post=3844"}],"wp:featuredmedia":[{"embeddable":true,"href":"https:\/\/wowrxpharmacy.com\/es_es\/wp-json\/wp\/v2\/media\/36681"}],"wp:attachment":[{"href":"https:\/\/wowrxpharmacy.com\/es_es\/wp-json\/wp\/v2\/media?parent=3844"}],"wp:term":[{"taxonomy":"product_brand","embeddable":true,"href":"https:\/\/wowrxpharmacy.com\/es_es\/wp-json\/wp\/v2\/product_brand?post=3844"},{"taxonomy":"product_cat","embeddable":true,"href":"https:\/\/wowrxpharmacy.com\/es_es\/wp-json\/wp\/v2\/product_cat?post=3844"},{"taxonomy":"product_tag","embeddable":true,"href":"https:\/\/wowrxpharmacy.com\/es_es\/wp-json\/wp\/v2\/product_tag?post=3844"}],"curies":[{"name":"wp","href":"https:\/\/api.w.org\/{rel}","templated":true}]}}