{"id":38230,"date":"2024-10-21T06:31:00","date_gmt":"2024-10-21T10:31:00","guid":{"rendered":"https:\/\/wowrxpharmacy.com\/?post_type=product&#038;p=38230"},"modified":"2024-11-22T05:25:16","modified_gmt":"2024-11-22T10:25:16","slug":"cernos-40mg","status":"publish","type":"product","link":"https:\/\/wowrxpharmacy.com\/es_es\/producto\/cernos-40mg\/","title":{"rendered":"Cernos 40mg C\u00e1psula de gelatina blanda"},"content":{"rendered":"<h3><span style=\"font-weight: 400;\">Acerca de Cernos 40mg C\u00e1psula de gelatina blanda\u00a0<\/span><\/h3>\n<p><span style=\"font-weight: 400;\">Cernos 40 mg C\u00e1psula blanda de gelatina es un medicamento utilizado principalmente para el tratamiento de los niveles bajos de testosterona en los hombres. Su ingrediente activo es el Undecanoato de Testosterona, que ayuda a restaurar los niveles de Testosterona, abordando problemas como la impotencia, la infertilidad y la disminuci\u00f3n de la libido.<\/span><span style=\"font-weight: 400;\"><br \/>\n<\/span><\/p>\n<p><span style=\"font-weight: 400;\">Fabricado por Sun Pharmaceutical Industries, Cernos 40 mg est\u00e1 dise\u00f1ado para mejorar la salud reproductiva general y el bienestar de los hombres que experimentan deficiencias hormonales.\u00a0<\/span><\/p>\n<p><span style=\"font-weight: 400;\">Sun Pharmaceutical Industries Ltd. fabrica Cernos 40 mg c\u00e1psulas de gelatina blanda, que se pueden comprar f\u00e1cilmente en l\u00ednea a precios asequibles de WowRx.<\/span><\/p>\n<h3><span style=\"font-weight: 400;\">Usos de la c\u00e1psula de gelatina blanda Cernos<\/span><\/h3>\n<p><span style=\"font-weight: 400;\">Cernos 40mg C\u00e1psula de gelatina blanda est\u00e1 aprobado por la FDA para <\/span><a href=\"https:\/\/www.drugs.com\/history\/testosterone-gel.html\" target=\"_blank\" rel=\"nofollow noopener\"><span style=\"font-weight: 400;\">tratamiento de<\/span><\/a><span style=\"font-weight: 400;\"> El hipogonadismo masculino es una enfermedad en la que el organismo no produce suficiente testosterona. Esta deficiencia puede provocar s\u00edntomas como libido baja, disfunci\u00f3n er\u00e9ctil, fatiga, depresi\u00f3n y p\u00e9rdida de masa muscular. Cernos 40 mg ayuda a restaurar los niveles saludables de testosterona, mejorando estos problemas.<\/span><\/p>\n<p><span style=\"font-weight: 400;\">Tambi\u00e9n se prescribe para afecciones como el retraso de la pubertad en varones adolescentes o la terapia de sustituci\u00f3n de testosterona en hombres que han perdido la producci\u00f3n normal de testosterona debido a lesiones, infecciones o tratamientos m\u00e9dicos.<\/span><\/p>\n<p><span style=\"font-weight: 400;\">Cuando se toma bajo supervisi\u00f3n m\u00e9dica, Cernos 40 mg aumenta eficazmente la funci\u00f3n sexual, el estado de \u00e1nimo, la energ\u00eda y la fuerza f\u00edsica en las personas con deficiencia de testosterona.<\/span><\/p>\n<h3><span style=\"font-weight: 400;\">\u00bfC\u00f3mo act\u00faa la testosterona?<\/span><\/h3>\n<p><span style=\"font-weight: 400;\">Undecanoato de testosterona en c\u00e1psula de gelatina blanda Cernos 40 mg <\/span><a href=\"https:\/\/go.drugbank.com\/drugs\/DB13946#:~:text=Once%20in%20circulation,in%20lipid%20profiles\" target=\"_blank\" rel=\"nofollow noopener\"><span style=\"font-weight: 400;\">funciona<\/span><\/a><span style=\"font-weight: 400;\"> principalmente aumentando los niveles de Testosterona en el organismo, que es esencial para diversas funciones fisiol\u00f3gicas. Cuando se administra, el Undecanoato de Testosterona se convierte en Testosterona, ayudando a restablecer el equilibrio hormonal.<\/span><\/p>\n<p><span style=\"font-weight: 400;\">Este aumento de la testosterona contribuye al desarrollo y mantenimiento de los tejidos reproductivos masculinos y de los caracteres sexuales secundarios. Tambi\u00e9n mejora la funci\u00f3n sexual, aumenta la libido y mejora los niveles generales de energ\u00eda. Adem\u00e1s, la testosterona es crucial en el mantenimiento de la masa muscular y la densidad \u00f3sea, por lo que es vital para la salud f\u00edsica.<\/span><span style=\"font-weight: 400;\"><br \/>\n<\/span><\/p>\n<p><span style=\"font-weight: 400;\">Al activar los receptores de andr\u00f3genos en los tejidos diana, la testosterona promueve diversos efectos biol\u00f3gicos que contribuyen a mejorar la salud sexual y el bienestar de los hombres que experimentan niveles bajos de testosterona.<\/span><\/p>\n<h3><span style=\"font-weight: 400;\">Dosis de Cernos 40\u00a0<\/span><\/h3>\n<p><span style=\"font-weight: 400;\">Antes de tomar Cernos 40 mg C\u00e1psula blanda de gelatina, consulte a su m\u00e9dico para asegurarse de que es adecuado para su estado espec\u00edfico, especialmente si tiene problemas de salud subyacentes o est\u00e1 tomando otros medicamentos.<\/span><\/p>\n<ul>\n<li style=\"font-weight: 400;\" aria-level=\"1\"><span style=\"font-weight: 400;\">La dosis recomendada de Cernos 40 mg es de una c\u00e1psula, tomada seg\u00fan sea necesario. No debe excederse de una dosis en un periodo de 24 horas. Para obtener resultados \u00f3ptimos, tomar la c\u00e1psula con un vaso de agua<\/span><\/li>\n<li style=\"font-weight: 400;\" aria-level=\"1\"><span style=\"font-weight: 400;\">Cernos puede tomarse con o sin alimentos; sin embargo, es mejor evitar las comidas pesadas o grasas, ya que pueden ralentizar la aparici\u00f3n de sus efectos.<\/span><\/li>\n<\/ul>","protected":false},"excerpt":{"rendered":"<p>La f\u00f3rmula de testosterona de Cernos 40 mg rejuvenece la energ\u00eda y la libido, favoreciendo un rendimiento m\u00e1s fuerte y satisfactorio para una vida \u00edntima renovada.<\/p>","protected":false},"featured_media":39035,"comment_status":"open","ping_status":"closed","template":"","meta":{"om_disable_all_campaigns":false,"_uf_show_specific_survey":0,"_uf_disable_surveys":false},"product_brand":[],"product_cat":[438],"product_tag":[],"class_list":{"0":"post-38230","1":"product","2":"type-product","3":"status-publish","4":"has-post-thumbnail","6":"product_cat-mens-health","8":"first","9":"instock","10":"sale","11":"shipping-taxable","12":"purchasable","13":"product-type-variable"},"_links":{"self":[{"href":"https:\/\/wowrxpharmacy.com\/es_es\/wp-json\/wp\/v2\/product\/38230","targetHints":{"allow":["GET"]}}],"collection":[{"href":"https:\/\/wowrxpharmacy.com\/es_es\/wp-json\/wp\/v2\/product"}],"about":[{"href":"https:\/\/wowrxpharmacy.com\/es_es\/wp-json\/wp\/v2\/types\/product"}],"replies":[{"embeddable":true,"href":"https:\/\/wowrxpharmacy.com\/es_es\/wp-json\/wp\/v2\/comments?post=38230"}],"wp:featuredmedia":[{"embeddable":true,"href":"https:\/\/wowrxpharmacy.com\/es_es\/wp-json\/wp\/v2\/media\/39035"}],"wp:attachment":[{"href":"https:\/\/wowrxpharmacy.com\/es_es\/wp-json\/wp\/v2\/media?parent=38230"}],"wp:term":[{"taxonomy":"product_brand","embeddable":true,"href":"https:\/\/wowrxpharmacy.com\/es_es\/wp-json\/wp\/v2\/product_brand?post=38230"},{"taxonomy":"product_cat","embeddable":true,"href":"https:\/\/wowrxpharmacy.com\/es_es\/wp-json\/wp\/v2\/product_cat?post=38230"},{"taxonomy":"product_tag","embeddable":true,"href":"https:\/\/wowrxpharmacy.com\/es_es\/wp-json\/wp\/v2\/product_tag?post=38230"}],"curies":[{"name":"wp","href":"https:\/\/api.w.org\/{rel}","templated":true}]}}