{"id":38192,"date":"2024-10-21T03:32:18","date_gmt":"2024-10-21T07:32:18","guid":{"rendered":"https:\/\/wowrxpharmacy.com\/?post_type=product&#038;p=38192"},"modified":"2024-11-22T04:46:42","modified_gmt":"2024-11-22T09:46:42","slug":"orgie-20-mg","status":"publish","type":"product","link":"https:\/\/wowrxpharmacy.com\/es_es\/producto\/orgie-20-mg\/","title":{"rendered":"Orgie 20 Mg Tadalafil Tiras Orales"},"content":{"rendered":"<h3><span style=\"font-weight: 400;\">Acerca de <\/span><span style=\"font-weight: 400;\">Orgie 20 mg\u00a0<\/span><\/h3>\n<p><span style=\"font-weight: 400;\">Orgie 20 mg es una tira de desintegraci\u00f3n oral formulada para tratar la Disfunci\u00f3n Er\u00e9ctil (DE) en hombres. Cada tira contiene 20 mg de Tadalafilo, un conocido principio activo que ayuda a los hombres a conseguir y mantener una erecci\u00f3n firme aumentando el flujo sangu\u00edneo al pene, lo que garantiza una experiencia sexual satisfactoria.<\/span><\/p>\n<p><span style=\"font-weight: 400;\">Este medicamento pertenece a la clase de los inhibidores de la fosfodiesterasa tipo 5 (PDE5) y ofrece una soluci\u00f3n c\u00f3moda y de acci\u00f3n r\u00e1pida. Se disuelve r\u00e1pidamente sin necesidad de agua, por lo que es ideal para un uso discreto. Fabricado por los laboratorios Radicon, un nombre de confianza en el sector farmac\u00e9utico, Orgie 20 mg constituye una opci\u00f3n de tratamiento fiable y eficaz para las personas que sufren disfunci\u00f3n er\u00e9ctil.<\/span><\/p>\n<p><span style=\"font-weight: 400;\">Puedes comprar Orgie 20 mg f\u00e1cilmente en WowRx y recuperar la confianza en tu vida \u00edntima.<\/span><\/p>\n<h3><span style=\"font-weight: 400;\">Usos de Orgie 20 Mg Tadalafil Tiras Orales<\/span><\/h3>\n<p><span style=\"font-weight: 400;\">Orgie 20 mg Tadalafil Tiras Orales son principalmente <\/span><a href=\"https:\/\/pmc.ncbi.nlm.nih.gov\/articles\/PMC2643112\/#:~:text=The%20treatment%20for%20erectile%20dysfunction%20(ED)%20was%20revolutionized%20with%20the%20development%20of%20phosphodiesterase%20type%205%20(PDE5)%20inhibitors.%20Tadalafil%20(Cialis%C2%AE%3B%20Eli%20Lilly%20and%20Company%2C%20Indianapolis%2C%20IN%2C%20USA)%20is%20the%20newest%20and%20most%20versatile%20PDE5%20inhibitor%20in%20the%20clinical%20armamentarium%20for%20the%20treatment%20of%20ED.\" target=\"_blank\" rel=\"nofollow noopener\"><span style=\"font-weight: 400;\">usado<\/span><\/a><span style=\"font-weight: 400;\"> para el tratamiento de la disfunci\u00f3n er\u00e9ctil (DE) masculina. Estas tiras de acci\u00f3n r\u00e1pida se disuelven r\u00e1pidamente en la boca, lo que las convierte en una opci\u00f3n c\u00f3moda para quienes buscan una forma discreta y eficaz de mejorar el rendimiento sexual.<\/span><\/p>\n<p><span style=\"font-weight: 400;\">Adem\u00e1s de tratar la disfunci\u00f3n er\u00e9ctil, estas tiras pueden mejorar la calidad general de las relaciones sexuales al favorecer erecciones m\u00e1s fuertes y duraderas durante la estimulaci\u00f3n sexual. Su facilidad de uso y su r\u00e1pida aparici\u00f3n las hacen adecuadas para los hombres que buscan m\u00e1s flexibilidad en el tratamiento de su afecci\u00f3n.<\/span><\/p>\n<h3><span style=\"font-weight: 400;\">\u00bfC\u00f3mo funciona Orgie 20 mg?<\/span><\/h3>\n<p><span style=\"font-weight: 400;\">Orgie 20 mg, que contiene Tadalafilo, <\/span><a href=\"https:\/\/www.mayoclinic.org\/drugs-supplements\/tadalafil-oral-route\/description\/drg-20067204#:~:text=Tadalafil%20is%20used,this%20enzyme%20works.\" target=\"_blank\" rel=\"nofollow noopener\"><span style=\"font-weight: 400;\">obras de<\/span><\/a><span style=\"font-weight: 400;\"> inhibiendo la enzima fosfodiesterasa de tipo 5 (PDE5). Esta inhibici\u00f3n impide la descomposici\u00f3n del monofosfato de guanosina c\u00edclico (GMPc), una mol\u00e9cula que facilita la relajaci\u00f3n de los vasos sangu\u00edneos del pene.<\/span><\/p>\n<p><span style=\"font-weight: 400;\">Como resultado, el aumento de los niveles de GMPc conduce a un mayor flujo sangu\u00edneo durante la estimulaci\u00f3n sexual, lo que permite una erecci\u00f3n m\u00e1s firme y duradera.<\/span><\/p>\n<h3><span style=\"font-weight: 400;\">Orige 20 mg dosis<\/span><span style=\"font-weight: 400;\"><br \/>\n<\/span><\/h3>\n<p><span style=\"font-weight: 400;\">Antes de tomar Orgie 20 mg, consulte a su m\u00e9dico para asegurarse de que es adecuado para su estado de salud espec\u00edfico, especialmente si tiene alg\u00fan problema m\u00e9dico subyacente o est\u00e1 tomando actualmente otros medicamentos.<\/span><span style=\"font-weight: 400;\"><br \/>\n<\/span><\/p>\n<ul>\n<li style=\"font-weight: 400;\" aria-level=\"1\"><span style=\"font-weight: 400;\">La dosis recomendada de Orgie 20 mg es una tira (20 mg), tomada como dosis \u00fanica antes de la actividad sexual. No debe excederse de una tira en un per\u00edodo de 24 horas. Para obtener resultados \u00f3ptimos, tome la tira al menos 30 minutos antes de la intimidad sexual prevista.<\/span><\/li>\n<li style=\"font-weight: 400;\" aria-level=\"1\"><span style=\"font-weight: 400;\">Para garantizar una absorci\u00f3n adecuada, coloque la tira en la lengua y deje que se disuelva por completo; no la mastique ni la trague entera.<\/span><\/li>\n<li style=\"font-weight: 400;\" aria-level=\"1\"><span style=\"font-weight: 400;\">Orgie 20 mg puede tomarse con o sin alimentos, pero es aconsejable evitar las comidas pesadas o grasas, ya que pueden retrasar su eficacia.<\/span><\/li>\n<\/ul>","protected":false},"excerpt":{"rendered":"<p>Las tiras Orgie 20 mg contienen Tadalafilo, que trata la disfunci\u00f3n er\u00e9ctil con tiras discretas de r\u00e1pida disoluci\u00f3n. Disfrute de una mayor intimidad y comodidad.<\/p>","protected":false},"featured_media":39047,"comment_status":"open","ping_status":"closed","template":"","meta":{"om_disable_all_campaigns":false,"_uf_show_specific_survey":0,"_uf_disable_surveys":false},"product_brand":[],"product_cat":[438],"product_tag":[],"class_list":{"0":"post-38192","1":"product","2":"type-product","3":"status-publish","4":"has-post-thumbnail","6":"product_cat-mens-health","8":"first","9":"instock","10":"sale","11":"shipping-taxable","12":"purchasable","13":"product-type-variable"},"_links":{"self":[{"href":"https:\/\/wowrxpharmacy.com\/es_es\/wp-json\/wp\/v2\/product\/38192","targetHints":{"allow":["GET"]}}],"collection":[{"href":"https:\/\/wowrxpharmacy.com\/es_es\/wp-json\/wp\/v2\/product"}],"about":[{"href":"https:\/\/wowrxpharmacy.com\/es_es\/wp-json\/wp\/v2\/types\/product"}],"replies":[{"embeddable":true,"href":"https:\/\/wowrxpharmacy.com\/es_es\/wp-json\/wp\/v2\/comments?post=38192"}],"wp:featuredmedia":[{"embeddable":true,"href":"https:\/\/wowrxpharmacy.com\/es_es\/wp-json\/wp\/v2\/media\/39047"}],"wp:attachment":[{"href":"https:\/\/wowrxpharmacy.com\/es_es\/wp-json\/wp\/v2\/media?parent=38192"}],"wp:term":[{"taxonomy":"product_brand","embeddable":true,"href":"https:\/\/wowrxpharmacy.com\/es_es\/wp-json\/wp\/v2\/product_brand?post=38192"},{"taxonomy":"product_cat","embeddable":true,"href":"https:\/\/wowrxpharmacy.com\/es_es\/wp-json\/wp\/v2\/product_cat?post=38192"},{"taxonomy":"product_tag","embeddable":true,"href":"https:\/\/wowrxpharmacy.com\/es_es\/wp-json\/wp\/v2\/product_tag?post=38192"}],"curies":[{"name":"wp","href":"https:\/\/api.w.org\/{rel}","templated":true}]}}