{"id":37954,"date":"2024-10-18T08:47:55","date_gmt":"2024-10-18T12:47:55","guid":{"rendered":"https:\/\/wowrxpharmacy.com\/?post_type=product&#038;p=37954"},"modified":"2024-11-22T04:56:24","modified_gmt":"2024-11-22T09:56:24","slug":"vigora-100-mg","status":"publish","type":"product","link":"https:\/\/wowrxpharmacy.com\/es_es\/producto\/vigora-100-mg\/","title":{"rendered":"Vigora 100 mg"},"content":{"rendered":"<h3><span style=\"font-weight: 400;\">Acerca de Vigora 100 mg<\/span><\/h3>\n<p><span style=\"font-weight: 400;\">Vigora 100 mg es un medicamento popular para tratar la disfunci\u00f3n er\u00e9ctil (DE) en hombres. Su ingrediente activo, el citrato de sildenafil, ayuda a los hombres a lograr y mantener una erecci\u00f3n firme durante la estimulaci\u00f3n sexual. Vigora 100 mg pertenece a la clase de medicamentos conocidos como inhibidores de la fosfodiesterasa tipo 5 (PDE5), que act\u00faan aumentando el flujo sangu\u00edneo al pene, lo que permite una erecci\u00f3n durante la actividad sexual.<\/span><\/p>\n<p><span style=\"font-weight: 400;\">Fabricado por Zydus Healthcare, Vigora 100 mg ofrece una soluci\u00f3n eficaz para mejorar el rendimiento sexual masculino. Puede comprar Vigora 100 mg en l\u00ednea en WowRx a precios asequibles para recuperar la confianza en sus relaciones \u00edntimas.<\/span><\/p>\n<h3><span style=\"font-weight: 400;\">\u00bfPara qu\u00e9 se utiliza Vigora 100 mg?<\/span><\/h3>\n<p><span style=\"font-weight: 400;\">Vigora 100 mg se utiliza principalmente para tratar la disfunci\u00f3n er\u00e9ctil (DE) en hombres. La DE es la <\/span><a href=\"https:\/\/www.hopkinsmedicine.org\/health\/conditions-and-diseases\/erectile-dysfunction\" target=\"_blank\" rel=\"noopener\"><span style=\"font-weight: 400;\">incapacidad<\/span><\/a><span style=\"font-weight: 400;\"> Para lograr o mantener una erecci\u00f3n adecuada para la actividad sexual. Al aumentar el flujo sangu\u00edneo al pene, Vigora 100 mg ayuda a los hombres a lograr y mantener una erecci\u00f3n durante la excitaci\u00f3n sexual, mejorando el rendimiento y la satisfacci\u00f3n sexual.<\/span><\/p>\n<h3><span style=\"font-weight: 400;\">\u00bfC\u00f3mo funciona el citrato de sildenafil en Vigora 100 mg?<\/span><\/h3>\n<p><span style=\"font-weight: 400;\">Citrato de Sildenafil, el ingrediente activo de Vigora 100 mg, <\/span><a href=\"https:\/\/www.ncbi.nlm.nih.gov\/books\/NBK558978\/#:~:text=The%20molecular%20structure,pulmonary%20arterial%20pressure\" target=\"_blank\" rel=\"noopener\"><span style=\"font-weight: 400;\">funciona<\/span><\/a><span style=\"font-weight: 400;\"> Al inhibir la enzima fosfodiesterasa tipo 5 (PDE5). Esta enzima regula el flujo sangu\u00edneo en el pene. Cuando se bloquea, los vasos sangu\u00edneos se relajan, aumentando el flujo sangu\u00edneo al pene durante la estimulaci\u00f3n sexual, lo que ayuda a los hombres a lograr y mantener una erecci\u00f3n. Vigora 100 mg solo es eficaz cuando hay excitaci\u00f3n sexual, ya que no provoca una erecci\u00f3n por s\u00ed solo.<\/span><\/p>\n<h3><span style=\"font-weight: 400;\">\u00bfC\u00f3mo tomar Vigora 100 mg?<\/span><\/h3>\n<p><span style=\"font-weight: 400;\">Tome Vigora 100 mg por v\u00eda oral siguiendo estas pautas:<\/span><\/p>\n<ul>\n<li style=\"font-weight: 400;\" aria-level=\"1\"><span style=\"font-weight: 400;\">Trague la tableta entera con un vaso lleno de agua.<\/span><\/li>\n<li style=\"font-weight: 400;\" aria-level=\"1\"><span style=\"font-weight: 400;\">T\u00f3melo de 30 a 60 minutos antes de la actividad sexual.<\/span><\/li>\n<li style=\"font-weight: 400;\" aria-level=\"1\"><span style=\"font-weight: 400;\">Evite triturar o masticar la tableta.<\/span><\/li>\n<li style=\"font-weight: 400;\" aria-level=\"1\"><span style=\"font-weight: 400;\">No exceda una tableta al d\u00eda.<\/span><\/li>\n<li style=\"font-weight: 400;\" aria-level=\"1\"><span style=\"font-weight: 400;\">Siga la dosis y el horario prescritos para obtener los mejores resultados.<\/span><\/li>\n<\/ul>","protected":false},"excerpt":{"rendered":"<p>El citrato de sildenafil en Vigora ofrece un tratamiento confiable para la disfunci\u00f3n er\u00e9ctil. Su f\u00f3rmula aprobada por la FDA garantiza calidad y consistencia para una funci\u00f3n restaurada.<\/p>","protected":false},"featured_media":38951,"comment_status":"open","ping_status":"closed","template":"","meta":{"om_disable_all_campaigns":false,"_uf_show_specific_survey":0,"_uf_disable_surveys":false},"product_brand":[],"product_cat":[438],"product_tag":[],"class_list":{"0":"post-37954","1":"product","2":"type-product","3":"status-publish","4":"has-post-thumbnail","6":"product_cat-mens-health","8":"first","9":"instock","10":"sale","11":"shipping-taxable","12":"purchasable","13":"product-type-variable"},"_links":{"self":[{"href":"https:\/\/wowrxpharmacy.com\/es_es\/wp-json\/wp\/v2\/product\/37954","targetHints":{"allow":["GET"]}}],"collection":[{"href":"https:\/\/wowrxpharmacy.com\/es_es\/wp-json\/wp\/v2\/product"}],"about":[{"href":"https:\/\/wowrxpharmacy.com\/es_es\/wp-json\/wp\/v2\/types\/product"}],"replies":[{"embeddable":true,"href":"https:\/\/wowrxpharmacy.com\/es_es\/wp-json\/wp\/v2\/comments?post=37954"}],"wp:featuredmedia":[{"embeddable":true,"href":"https:\/\/wowrxpharmacy.com\/es_es\/wp-json\/wp\/v2\/media\/38951"}],"wp:attachment":[{"href":"https:\/\/wowrxpharmacy.com\/es_es\/wp-json\/wp\/v2\/media?parent=37954"}],"wp:term":[{"taxonomy":"product_brand","embeddable":true,"href":"https:\/\/wowrxpharmacy.com\/es_es\/wp-json\/wp\/v2\/product_brand?post=37954"},{"taxonomy":"product_cat","embeddable":true,"href":"https:\/\/wowrxpharmacy.com\/es_es\/wp-json\/wp\/v2\/product_cat?post=37954"},{"taxonomy":"product_tag","embeddable":true,"href":"https:\/\/wowrxpharmacy.com\/es_es\/wp-json\/wp\/v2\/product_tag?post=37954"}],"curies":[{"name":"wp","href":"https:\/\/api.w.org\/{rel}","templated":true}]}}