{"id":3782,"date":"2024-07-09T03:14:54","date_gmt":"2024-07-09T07:14:54","guid":{"rendered":"https:\/\/wowrxpharmacy.com\/?post_type=product&#038;p=3782"},"modified":"2024-10-16T03:51:20","modified_gmt":"2024-10-16T07:51:20","slug":"aerocort-forte-rotacaps-200-100-mcg","status":"publish","type":"product","link":"https:\/\/wowrxpharmacy.com\/es_es\/producto\/aerocort-forte-rotacaps-200-100-mcg\/","title":{"rendered":"Aerocort Forte Rotacaps 200\/100 mcg"},"content":{"rendered":"<h3><span style=\"font-weight: 400;\">Acerca de Aerocort Forte Rotacaps 200\/100 mcg<\/span><\/h3>\n<p><span style=\"font-weight: 400;\">Aerocort Forte Rotacaps trata el asma y la enfermedad pulmonar obstructiva cr\u00f3nica (EPOC). Los s\u00edntomas incluyen dificultad para respirar, opresi\u00f3n en el pecho, sibilancias, etc. Relaja los m\u00fasculos de las v\u00edas respiratorias, facilitando la respiraci\u00f3n.<\/span><\/p>\n<p><span style=\"font-weight: 400;\">El ingrediente activo de este medicamento es la f\u00f3rmula de levosalbutamol (100 mcg) + beclometasona (200 mcg). Puede comprar Aerocort Rotacaps en l\u00ednea f\u00e1cilmente a trav\u00e9s de Wowrxpharmacy. Reciba medicamentos de calidad a domicilio a los mejores precios. Cipla Ltd. fabrica el medicamento.<\/span><\/p>\n<h3><span style=\"font-weight: 400;\">Usos de Aerocort Forte Rotacaps 200\/100 mcg<\/span><\/h3>\n<p><span style=\"font-weight: 400;\">Como se mencion\u00f3 anteriormente, Aerocort Forte Rotacaps es un tratamiento para el asma y la enfermedad pulmonar obstructiva cr\u00f3nica. El asma se caracteriza por la constricci\u00f3n e inflamaci\u00f3n de las v\u00edas respiratorias, lo que puede generar un exceso de mucosidad. Puede dificultar la respiraci\u00f3n y causar tos, sibilancias y dificultad para respirar.\u00a0<\/span><\/p>\n<p><span style=\"font-weight: 400;\">La Enfermedad Pulmonar Obstructiva Cr\u00f3nica (EPOC) es una afecci\u00f3n pulmonar que dificulta la expulsi\u00f3n del aire (obstrucci\u00f3n del flujo a\u00e9reo). Debido a esta obstrucci\u00f3n, las personas tienen dificultad para respirar o se fatigan f\u00e1cilmente debido a esta tensi\u00f3n respiratoria. La EPOC es un t\u00e9rmino general para la bronquitis cr\u00f3nica, el enfisema y sus combinaciones.<\/span><\/p>\n<h3><span style=\"font-weight: 400;\">\u00bfC\u00f3mo funcionan las c\u00e1psulas Aerocort Forte Rotacaps 200\/100 mcg?<\/span><\/h3>\n<p><span style=\"font-weight: 400;\">Aerocort Forte Rotacaps contiene levosalbutamol y beclometasona como ingredientes activos. El dipropionato de beclometasona, un preventivo, controla y previene los s\u00edntomas del asma, especialmente en casos graves que no responden a otros tratamientos. Este esteroide inhibe mensajeros qu\u00edmicos inflamatorios espec\u00edficos, calmando el sistema inmunitario, reduciendo el edema pulmonar y aliviando las dificultades respiratorias.<\/span><\/p>\n<p><span style=\"font-weight: 400;\">La beclometasona trata la tos y las sibilancias persistentes. El levosalbutamol, vital en el tratamiento del asma asociada a la enfermedad pulmonar obstructiva cr\u00f3nica, act\u00faa relajando los m\u00fasculos de las v\u00edas respiratorias, facilitando la respiraci\u00f3n y aliviando la disnea. Aerocort, con sus dos componentes, mejora la ventilaci\u00f3n pulmonar al relajar los m\u00fasculos de las v\u00edas respiratorias, facilitando la respiraci\u00f3n en personas con problemas respiratorios.<\/span><\/p>\n<h3><span style=\"font-weight: 400;\">C\u00f3mo usar Aerocort Forte Rotacaps 200\/100 mcg<\/span><\/h3>\n<p><span style=\"font-weight: 400;\">Las instrucciones generales para utilizar Aerocort Forte Rotacaps son las siguientes:<\/span><\/p>\n<p><span style=\"font-weight: 400;\">Aerocort debe administrarse mediante inhalaci\u00f3n utilizando el Cipla Rotahaler\/Revolizer.\u00a0<\/span><\/p>\n<ul>\n<li style=\"font-weight: 400;\" aria-level=\"1\"><span style=\"font-weight: 400;\">Mantenga la c\u00e1psula en la base del inhalador.<\/span><\/li>\n<li style=\"font-weight: 400;\" aria-level=\"1\"><span style=\"font-weight: 400;\">Gire la boquilla en el sentido de las agujas del reloj hasta que oiga un clic.<\/span><\/li>\n<li style=\"font-weight: 400;\" aria-level=\"1\"><span style=\"font-weight: 400;\">Inserte la boquilla y disminuya su capacidad<\/span><\/li>\n<li style=\"font-weight: 400;\" aria-level=\"1\"><span style=\"font-weight: 400;\">Presione el inhalador una vez mientras intenta inhalar el medicamento con cuidado.<\/span><\/li>\n<li style=\"font-weight: 400;\" aria-level=\"1\"><span style=\"font-weight: 400;\">Contin\u00fae inhalando la mayor cantidad de aire posible. Repita la t\u00e9cnica seg\u00fan las instrucciones de su m\u00e9dico. Retire el inhalador y contenga la respiraci\u00f3n durante 10 segundos.<\/span><\/li>\n<li style=\"font-weight: 400;\" aria-level=\"1\"><span style=\"font-weight: 400;\">Coloque la tapa en el inhalador y aseg\u00farese de que est\u00e9 bien sujeta.<\/span><\/li>\n<\/ul>\n<p><span style=\"font-weight: 400;\">Aerocort Forte Rotacaps est\u00e1 indicado para tratamientos a largo plazo, no para ataques agudos. Por lo tanto, algunas personas necesitar\u00e1n un inhalador diferente para aliviar el broncoespasmo agudo. Intente limitar el consumo diario de Aerocort a tres o cuatro veces al d\u00eda.<\/span><\/p>","protected":false},"excerpt":{"rendered":"<ul>\n<li style=\"font-weight: 400;\" aria-level=\"1\"><span style=\"font-weight: 400;\">Alivia los s\u00edntomas del asma.<\/span><\/li>\n<li style=\"font-weight: 400;\" aria-level=\"1\"><span style=\"font-weight: 400;\">Facilita la respiraci\u00f3n<\/span><\/li>\n<li style=\"font-weight: 400;\" aria-level=\"1\"><span style=\"font-weight: 400;\">Efectos visibles en 3-7 d\u00edas<\/span><\/li>\n<li style=\"font-weight: 400;\" aria-level=\"1\"><span style=\"font-weight: 400;\">Env\u00edo en 24 horas<\/span><\/li>\n<\/ul>","protected":false},"featured_media":29194,"comment_status":"open","ping_status":"closed","template":"","meta":{"om_disable_all_campaigns":false,"_uf_show_specific_survey":0,"_uf_disable_surveys":false},"product_brand":[],"product_cat":[555],"product_tag":[],"class_list":{"0":"post-3782","1":"product","2":"type-product","3":"status-publish","4":"has-post-thumbnail","6":"product_cat-asthma","8":"first","9":"instock","10":"shipping-taxable","11":"purchasable","12":"product-type-variable"},"_links":{"self":[{"href":"https:\/\/wowrxpharmacy.com\/es_es\/wp-json\/wp\/v2\/product\/3782","targetHints":{"allow":["GET"]}}],"collection":[{"href":"https:\/\/wowrxpharmacy.com\/es_es\/wp-json\/wp\/v2\/product"}],"about":[{"href":"https:\/\/wowrxpharmacy.com\/es_es\/wp-json\/wp\/v2\/types\/product"}],"replies":[{"embeddable":true,"href":"https:\/\/wowrxpharmacy.com\/es_es\/wp-json\/wp\/v2\/comments?post=3782"}],"wp:featuredmedia":[{"embeddable":true,"href":"https:\/\/wowrxpharmacy.com\/es_es\/wp-json\/wp\/v2\/media\/29194"}],"wp:attachment":[{"href":"https:\/\/wowrxpharmacy.com\/es_es\/wp-json\/wp\/v2\/media?parent=3782"}],"wp:term":[{"taxonomy":"product_brand","embeddable":true,"href":"https:\/\/wowrxpharmacy.com\/es_es\/wp-json\/wp\/v2\/product_brand?post=3782"},{"taxonomy":"product_cat","embeddable":true,"href":"https:\/\/wowrxpharmacy.com\/es_es\/wp-json\/wp\/v2\/product_cat?post=3782"},{"taxonomy":"product_tag","embeddable":true,"href":"https:\/\/wowrxpharmacy.com\/es_es\/wp-json\/wp\/v2\/product_tag?post=3782"}],"curies":[{"name":"wp","href":"https:\/\/api.w.org\/{rel}","templated":true}]}}