{"id":37695,"date":"2024-10-14T08:52:59","date_gmt":"2024-10-14T12:52:59","guid":{"rendered":"https:\/\/wowrxpharmacy.com\/?post_type=product&#038;p=37695"},"modified":"2024-11-22T04:40:07","modified_gmt":"2024-11-22T09:40:07","slug":"tadalista-super-activo-20-mg","status":"publish","type":"product","link":"https:\/\/wowrxpharmacy.com\/es_es\/producto\/tadalista-super-activo-20-mg\/","title":{"rendered":"Tadalista Super Active 20 mg"},"content":{"rendered":"<h3><span style=\"font-weight: 400;\">\u00bfQu\u00e9 es Tadalista Super Active 20 mg?<\/span><\/h3>\n<p><span style=\"font-weight: 400;\">Tadalista Super Active 20 mg contiene el ingrediente activo tadalafilo, un medicamento aprobado por la FDA, dise\u00f1ado espec\u00edficamente para tratar la disfunci\u00f3n er\u00e9ctil (DE) en hombres. El tadalafilo mejora el flujo sangu\u00edneo al pene durante la estimulaci\u00f3n sexual, lo que facilita la consecuci\u00f3n y el mantenimiento de una erecci\u00f3n firme.<\/span><\/p>\n<p><span style=\"font-weight: 400;\">Tadalista Super Active se distingue por su formulaci\u00f3n en c\u00e1psulas de gel, que garantiza una r\u00e1pida absorci\u00f3n y un efecto inmediato, generalmente en 15 a 30 minutos. Esto lo convierte en la opci\u00f3n preferida para hombres que buscan una mejora del rendimiento r\u00e1pida y discreta.\u00a0\u00a0<\/span><\/p>\n<p><span style=\"font-weight: 400;\">Fortune Health Care fabrica Tadalista Super Active 20. Puedes comprar c\u00e1psulas de Tadalista Super Active 20 mg a los mejores precios en WowRx.<\/span><\/p>\n<h3><span style=\"font-weight: 400;\">Usos de Tadalista Super Active 20<\/span><span style=\"font-weight: 400;\"><br \/>\n<\/span><\/h3>\n<p><span style=\"font-weight: 400;\">Las c\u00e1psulas de Tadalista Super Active 20 mg est\u00e1n dise\u00f1adas <\/span><a href=\"https:\/\/www.ncbi.nlm.nih.gov\/pmc\/articles\/PMC2643112\/#:~:text=The%20treatment%20for,studies%20and%20indications.\" target=\"_blank\" rel=\"nofollow noopener\"><span style=\"font-weight: 400;\">Para tratar<\/span><\/a><span style=\"font-weight: 400;\"> Disfunci\u00f3n er\u00e9ctil (DE) en hombres. Con tadalafilo como ingrediente activo, act\u00faa inhibiendo la enzima fosfodiesterasa tipo 5 (PDE5), aumentando el flujo sangu\u00edneo al pene durante la estimulaci\u00f3n sexual y ayudando a lograr y mantener una erecci\u00f3n firme.<\/span><\/p>\n<p><span style=\"font-weight: 400;\">A diferencia de las tabletas tradicionales, Tadalista Super Active viene en c\u00e1psulas de gel, lo que permite una absorci\u00f3n m\u00e1s r\u00e1pida y un inicio de acci\u00f3n m\u00e1s r\u00e1pido, generalmente en 15 a 30 minutos. Esto lo convierte en una opci\u00f3n conveniente y eficaz para los hombres que buscan un alivio r\u00e1pido de la disfunci\u00f3n er\u00e9ctil.<\/span><\/p>\n<h3><span style=\"font-weight: 400;\">\u00bfC\u00f3mo funciona Tadalafil?\u00a0<\/span><\/h3>\n<p><span style=\"font-weight: 400;\">Tadalista Super Active 20 mg, con el ingrediente activo Tadalafil, <\/span><a href=\"https:\/\/www.ncbi.nlm.nih.gov\/books\/NBK549843\/#:~:text=Phosphodiesterase%205%20Inhibitors%20(PDE5Is,sildenafil%2C%20tadalafil%2C%20vardenafil%2C%20etc.)\" target=\"_blank\" rel=\"nofollow noopener\"><span style=\"font-weight: 400;\">funciona<\/span><\/a><span style=\"font-weight: 400;\"> Como inhibidor de la fosfodiesterasa tipo 5 (PDE5), aumenta el flujo sangu\u00edneo al pene durante la excitaci\u00f3n sexual. Al bloquear la enzima que descompone el GMPc, el tadalafilo ayuda a relajar los vasos sangu\u00edneos del pene, lo que promueve la erecci\u00f3n durante la estimulaci\u00f3n sexual.<\/span><\/p>\n<p><span style=\"font-weight: 400;\">Los efectos de la formulaci\u00f3n en c\u00e1psula de gel pueden durar hasta 36 horas, lo que proporciona un amplio margen para la intimidad sexual. La estimulaci\u00f3n sexual es necesaria para que el medicamento funcione, lo que garantiza un mayor rendimiento y confianza.<\/span><\/p>\n<h3><span style=\"font-weight: 400;\">Dosis de Tadalista Super Active 20<\/span><span style=\"font-weight: 400;\"><br \/>\n<\/span><\/h3>\n<p><span style=\"font-weight: 400;\">Antes de tomar Tadalista Super Active 20 mg, consulte con su m\u00e9dico para asegurarse de que se adapte a su condici\u00f3n espec\u00edfica, especialmente si tiene problemas de salud subyacentes o est\u00e1 tomando otros medicamentos.<\/span><\/p>\n<ul>\n<li style=\"font-weight: 400;\" aria-level=\"1\"><span style=\"font-weight: 400;\">La dosis recomendada de Tadalista Super Active es de 20 mg, tomada como dosis \u00fanica, y no debe exceder una dosis en 24 horas.<\/span><\/li>\n<li style=\"font-weight: 400;\" aria-level=\"1\"><span style=\"font-weight: 400;\">Para obtener resultados \u00f3ptimos, tome la c\u00e1psula de 15 a 30 minutos antes de la actividad sexual planificada.<\/span><\/li>\n<li style=\"font-weight: 400;\" aria-level=\"1\"><span style=\"font-weight: 400;\">Trague la c\u00e1psula entera con un vaso de agua; no la triture ni la mastique para asegurar una correcta absorci\u00f3n.<\/span><span style=\"font-weight: 400;\"><br \/>\n<\/span><\/li>\n<li style=\"font-weight: 400;\" aria-level=\"1\"><span style=\"font-weight: 400;\">Es mejor tomar Tadalafil con el est\u00f3mago vac\u00edo o con una comida ligera, ya que los alimentos pesados o grasosos pueden retrasar su eficacia.<\/span><\/li>\n<\/ul>","protected":false},"excerpt":{"rendered":"<p>El tadalafilo de acci\u00f3n r\u00e1pida en Tadalista Super Active se disuelve r\u00e1pidamente para una mejor absorci\u00f3n. Experimente un alivio superior de la disfunci\u00f3n er\u00e9ctil y un placer \u00edntimo duradero en 30 minutos.<\/p>","protected":false},"featured_media":37962,"comment_status":"open","ping_status":"closed","template":"","meta":{"om_disable_all_campaigns":false,"_uf_show_specific_survey":0,"_uf_disable_surveys":false},"product_brand":[],"product_cat":[438],"product_tag":[],"class_list":{"0":"post-37695","1":"product","2":"type-product","3":"status-publish","4":"has-post-thumbnail","6":"product_cat-mens-health","8":"first","9":"instock","10":"sale","11":"shipping-taxable","12":"purchasable","13":"product-type-variable"},"_links":{"self":[{"href":"https:\/\/wowrxpharmacy.com\/es_es\/wp-json\/wp\/v2\/product\/37695","targetHints":{"allow":["GET"]}}],"collection":[{"href":"https:\/\/wowrxpharmacy.com\/es_es\/wp-json\/wp\/v2\/product"}],"about":[{"href":"https:\/\/wowrxpharmacy.com\/es_es\/wp-json\/wp\/v2\/types\/product"}],"replies":[{"embeddable":true,"href":"https:\/\/wowrxpharmacy.com\/es_es\/wp-json\/wp\/v2\/comments?post=37695"}],"wp:featuredmedia":[{"embeddable":true,"href":"https:\/\/wowrxpharmacy.com\/es_es\/wp-json\/wp\/v2\/media\/37962"}],"wp:attachment":[{"href":"https:\/\/wowrxpharmacy.com\/es_es\/wp-json\/wp\/v2\/media?parent=37695"}],"wp:term":[{"taxonomy":"product_brand","embeddable":true,"href":"https:\/\/wowrxpharmacy.com\/es_es\/wp-json\/wp\/v2\/product_brand?post=37695"},{"taxonomy":"product_cat","embeddable":true,"href":"https:\/\/wowrxpharmacy.com\/es_es\/wp-json\/wp\/v2\/product_cat?post=37695"},{"taxonomy":"product_tag","embeddable":true,"href":"https:\/\/wowrxpharmacy.com\/es_es\/wp-json\/wp\/v2\/product_tag?post=37695"}],"curies":[{"name":"wp","href":"https:\/\/api.w.org\/{rel}","templated":true}]}}