{"id":37079,"date":"2024-10-09T06:35:32","date_gmt":"2024-10-09T10:35:32","guid":{"rendered":"https:\/\/wowrxpharmacy.com\/?post_type=product&#038;p=37079"},"modified":"2024-11-22T04:12:37","modified_gmt":"2024-11-22T09:12:37","slug":"malegra-200-mg","status":"publish","type":"product","link":"https:\/\/wowrxpharmacy.com\/es_es\/producto\/malegra-200-mg\/","title":{"rendered":"Malegra 200 mg (tabletas de sildenafil)"},"content":{"rendered":"<h3><span style=\"font-weight: 400;\">Acerca de Malegra 200 mg<\/span><\/h3>\n<p><span style=\"font-weight: 400;\">Malegra 200 mg es un medicamento con receta dise\u00f1ado para tratar la disfunci\u00f3n er\u00e9ctil (DE) en hombres. Su principio activo es el citrato de sildenafil. Tomar Malegra 200 mg unos 30 minutos antes de la actividad sexual ayuda a los hombres a lograr y mantener una erecci\u00f3n firme que dura de 4 a 6 horas.\u00a0<\/span><\/p>\n<p><span style=\"font-weight: 400;\">Fabricado por Sunrise Remedies, Malegra pertenece a la clase de medicamentos inhibidores de la fosfodiesterasa tipo 5 (PDE5).<\/span><\/p>\n<p><span style=\"font-weight: 400;\">Puede solicitar tabletas de Malegra 200 mg de WowRx a precios competitivos para recuperar la confianza en su vida \u00edntima.<\/span><\/p>\n<h3><span style=\"font-weight: 400;\">Usos de Malegra 200 mg<\/span><\/h3>\n<p><span style=\"font-weight: 400;\">Los comprimidos de Malegra 200 se prescriben principalmente para: <\/span><a href=\"https:\/\/medlineplus.gov\/druginfo\/meds\/a699015.html#:~:text=Sildenafil%20is%20in,to%20flow%20easily.\" target=\"_blank\" rel=\"nofollow noopener\"><span style=\"font-weight: 400;\">tratamiento<\/span><\/a><span style=\"font-weight: 400;\"> Tratamiento de la disfunci\u00f3n er\u00e9ctil en hombres. Contiene citrato de sildenafil, el mismo ingrediente aprobado por la FDA que se encuentra en el Viagra, que mejora el rendimiento sexual al mejorar la funci\u00f3n er\u00e9ctil.<\/span><\/p>\n<p><span style=\"font-weight: 400;\">La disfunci\u00f3n er\u00e9ctil se refiere a la dificultad para lograr y mantener una erecci\u00f3n suficiente para la actividad sexual. Malegra 200 mg ayuda a abordar estos problemas, garantizando una mayor satisfacci\u00f3n sexual.<\/span><\/p>\n<h3><span style=\"font-weight: 400;\">\u00bfC\u00f3mo funciona el citrato de sildenafil?<\/span><\/h3>\n<p><span style=\"font-weight: 400;\">La tableta Malegra de 200 mg contiene citrato de sildenafil, un reconocido tratamiento de primera l\u00ednea para la disfunci\u00f3n er\u00e9ctil, que mejora la funci\u00f3n er\u00e9ctil al aumentar el flujo sangu\u00edneo al pene. Act\u00faa inhibiendo la acci\u00f3n de la PDE-5, una enzima que reduce el guanos\u00edn monofosfato c\u00edclico (GMPc), un compuesto que... <\/span><a href=\"https:\/\/www.ncbi.nlm.nih.gov\/books\/NBK558978\/#:~:text=The%20molecular%20structure,pulmonary%20arterial%20pressure\" target=\"_blank\" rel=\"nofollow noopener\"><span style=\"font-weight: 400;\">se relaja<\/span><\/a><span style=\"font-weight: 400;\"> alisa los m\u00fasculos y ensancha los vasos sangu\u00edneos.<\/span><\/p>\n<p><span style=\"font-weight: 400;\">Al bloquear la PDE-5, Malegra 200 mg facilita la relajaci\u00f3n de los vasos sangu\u00edneos del pene, lo que permite un mayor flujo sangu\u00edneo y produce una erecci\u00f3n firme. Es importante destacar que la excitaci\u00f3n sexual sigue siendo necesaria para que funcione eficazmente.<\/span><\/p>\n<h3><span style=\"font-weight: 400;\">\u00bfC\u00f3mo tomar Malegra 200 mg?<\/span><\/h3>\n<p><span style=\"font-weight: 400;\">Para obtener los mejores resultados, siga estos pasos al tomar la tableta Malegra 200 mg:<\/span><\/p>\n<ul>\n<li style=\"font-weight: 400;\" aria-level=\"1\"><span style=\"font-weight: 400;\">Tome la tableta aproximadamente media hora antes de tener relaciones sexuales.<\/span><\/li>\n<li style=\"font-weight: 400;\" aria-level=\"1\"><span style=\"font-weight: 400;\">Evite triturar o masticar la tableta.<\/span><\/li>\n<li style=\"font-weight: 400;\" aria-level=\"1\"><span style=\"font-weight: 400;\">Trague la tableta entera junto con un vaso de agua.<\/span><\/li>\n<li style=\"font-weight: 400;\" aria-level=\"1\"><span style=\"font-weight: 400;\">Se puede tomar con o sin alimentos.<\/span><\/li>\n<li style=\"font-weight: 400;\" aria-level=\"1\"><span style=\"font-weight: 400;\">Busque atenci\u00f3n m\u00e9dica si experimenta alg\u00fan efecto secundario.<\/span><\/li>\n<\/ul>","protected":false},"excerpt":{"rendered":"<p>Malegra 200 mg contiene citrato de sildenafil, que ofrece un alivio r\u00e1pido de la disfunci\u00f3n er\u00e9ctil y proporciona un rendimiento satisfactorio y duradero con un flujo sangu\u00edneo mejorado.<\/p>","protected":false},"featured_media":37884,"comment_status":"open","ping_status":"closed","template":"","meta":{"om_disable_all_campaigns":false,"_uf_show_specific_survey":0,"_uf_disable_surveys":false},"product_brand":[],"product_cat":[438],"product_tag":[],"class_list":{"0":"post-37079","1":"product","2":"type-product","3":"status-publish","4":"has-post-thumbnail","6":"product_cat-mens-health","8":"first","9":"instock","10":"sale","11":"shipping-taxable","12":"purchasable","13":"product-type-variable","14":"has-default-attributes"},"_links":{"self":[{"href":"https:\/\/wowrxpharmacy.com\/es_es\/wp-json\/wp\/v2\/product\/37079","targetHints":{"allow":["GET"]}}],"collection":[{"href":"https:\/\/wowrxpharmacy.com\/es_es\/wp-json\/wp\/v2\/product"}],"about":[{"href":"https:\/\/wowrxpharmacy.com\/es_es\/wp-json\/wp\/v2\/types\/product"}],"replies":[{"embeddable":true,"href":"https:\/\/wowrxpharmacy.com\/es_es\/wp-json\/wp\/v2\/comments?post=37079"}],"wp:featuredmedia":[{"embeddable":true,"href":"https:\/\/wowrxpharmacy.com\/es_es\/wp-json\/wp\/v2\/media\/37884"}],"wp:attachment":[{"href":"https:\/\/wowrxpharmacy.com\/es_es\/wp-json\/wp\/v2\/media?parent=37079"}],"wp:term":[{"taxonomy":"product_brand","embeddable":true,"href":"https:\/\/wowrxpharmacy.com\/es_es\/wp-json\/wp\/v2\/product_brand?post=37079"},{"taxonomy":"product_cat","embeddable":true,"href":"https:\/\/wowrxpharmacy.com\/es_es\/wp-json\/wp\/v2\/product_cat?post=37079"},{"taxonomy":"product_tag","embeddable":true,"href":"https:\/\/wowrxpharmacy.com\/es_es\/wp-json\/wp\/v2\/product_tag?post=37079"}],"curies":[{"name":"wp","href":"https:\/\/api.w.org\/{rel}","templated":true}]}}