{"id":3689,"date":"2024-06-25T04:13:06","date_gmt":"2024-06-25T08:13:06","guid":{"rendered":"https:\/\/wowrxpharmacy.com\/?post_type=product&#038;p=3689"},"modified":"2024-10-16T03:51:27","modified_gmt":"2024-10-16T07:51:27","slug":"lipicard-160-mg","status":"publish","type":"product","link":"https:\/\/wowrxpharmacy.com\/es_es\/producto\/lipicard-160-mg\/","title":{"rendered":"Lipicard 160 mg"},"content":{"rendered":"<h3><span style=\"font-weight: 400;\">Acerca de Lipicard 160 mg<\/span><\/h3>\n<p><span style=\"font-weight: 400;\">Lipicard 160 Tabletas trata el colesterol alto. Este medicamento ayuda a reducir los triglic\u00e9ridos y el colesterol &quot;malo&quot; (LDL), a la vez que aumenta los niveles de colesterol &quot;bueno&quot; (HDL).<\/span><\/p>\n<p><span style=\"font-weight: 400;\">La principal sal presente en este medicamento es el fenofibrato. Reducir los niveles de colesterol reduce el riesgo de sufrir un infarto o un derrame cerebral. USV Ltd. fabrica Lipicard 160 mg. Lipicard 160 mg cuenta con excelentes cr\u00edticas y es un medicamento recomendado para la insuficiencia card\u00edaca y la hipertensi\u00f3n arterial.\u00a0\u00a0<\/span><\/p>\n<h3><span style=\"font-weight: 400;\">Uso<\/span><\/h3>\n<p><span style=\"font-weight: 400;\">El fenofibrato 160 se administra a personas con problemas card\u00edacos porque reduce el colesterol malo y aumenta el colesterol bueno.<\/span><\/p>\n<h4><span style=\"font-weight: 400;\">En el colesterol alto<\/span><\/h4>\n<p><span style=\"font-weight: 400;\">Lipicard 160 es excelente para reducir los niveles de colesterol. Eliminar el colesterol reduce el riesgo de enfermedades card\u00edacas y ayuda a mantener una buena salud por m\u00e1s tiempo.\u00a0<\/span><\/p>\n<p><span style=\"font-weight: 400;\">Para aprovechar al m\u00e1ximo este medicamento, t\u00f3melo regularmente y modifique su estilo de vida, como comer bien y mantenerse activo. Contin\u00fae tom\u00e1ndolo incluso si se siente bien. <\/span><span style=\"font-weight: 400;\">Comprar <\/span><span style=\"font-weight: 400;\">Lipicard 160 mg<\/span><span style=\"font-weight: 400;\"> en l\u00ednea desde la farmacia en l\u00ednea m\u00e1s confiable WowRXPharmacy.<\/span><\/p>\n<h3><span style=\"font-weight: 400;\">Laboral<\/span><\/h3>\n<p><span style=\"font-weight: 400;\">Lipicard 160 es un medicamento que reduce los l\u00edpidos. Act\u00faa reduciendo la cantidad de colesterol malo (LDL) y triglic\u00e9ridos, a la vez que aumenta la cantidad de colesterol bueno (HDL).<\/span><\/p>\n<h3><span style=\"font-weight: 400;\">C\u00f3mo usarlo<\/span><\/h3>\n<p><span style=\"font-weight: 400;\">A continuaci\u00f3n se detallan los puntos que debe tener en cuenta al tomar Fenofibrato 160 mg:<\/span><\/p>\n<ul>\n<li style=\"font-weight: 400;\" aria-level=\"1\"><span style=\"font-weight: 400;\">Tome este medicamento por v\u00eda oral, seg\u00fan las indicaciones de su m\u00e9dico, generalmente una vez al d\u00eda. Las distintas c\u00e1psulas y Lipicard 160 contienen distintas cantidades del medicamento.<\/span><\/li>\n<li style=\"font-weight: 400;\" aria-level=\"1\"><span style=\"font-weight: 400;\">Si su m\u00e9dico no se lo indica, no cambie entre diferentes marcas o tipos de este medicamento.\u00a0<\/span><\/li>\n<li style=\"font-weight: 400;\" aria-level=\"1\"><span style=\"font-weight: 400;\">Es esencial tomar este medicamento de la manera correcta para que funcione lo mejor posible.<\/span><\/li>\n<li style=\"font-weight: 400;\" aria-level=\"1\"><span style=\"font-weight: 400;\">Si tambi\u00e9n est\u00e1 tomando otros medicamentos para reducir el colesterol, tome fenofibrato al menos una hora antes o cuatro a seis horas despu\u00e9s de tomar esos medicamentos.<\/span><\/li>\n<li style=\"font-weight: 400;\" aria-level=\"1\"><span style=\"font-weight: 400;\">Para aprovechar al m\u00e1ximo este medicamento, t\u00f3melo seg\u00fan lo prescrito. T\u00f3melo a la misma hora todos los d\u00edas para que le sea m\u00e1s f\u00e1cil recordarlo. No lo tome con m\u00e1s frecuencia ni por m\u00e1s tiempo del indicado por su m\u00e9dico.<\/span><\/li>\n<\/ul>","protected":false},"excerpt":{"rendered":"<ul>\n<li style=\"font-weight: 400;\" aria-level=\"1\"><span style=\"font-weight: 400;\">Fenofibrato aprobado por la FDA<\/span><\/li>\n<li style=\"font-weight: 400;\" aria-level=\"1\"><span style=\"font-weight: 400;\">Resultados visibles en 2-3 meses<\/span><\/li>\n<li style=\"font-weight: 400;\" aria-level=\"1\"><span style=\"font-weight: 400;\">Eficaz durante 19-27 horas.<\/span><\/li>\n<li style=\"font-weight: 400;\" aria-level=\"1\"><span style=\"font-weight: 400;\">Env\u00edo en 24 horas<\/span><\/li>\n<\/ul>","protected":false},"featured_media":3711,"comment_status":"open","ping_status":"closed","template":"","meta":{"om_disable_all_campaigns":false,"_uf_show_specific_survey":0,"_uf_disable_surveys":false},"product_brand":[],"product_cat":[608],"product_tag":[],"class_list":{"0":"post-3689","1":"product","2":"type-product","3":"status-publish","4":"has-post-thumbnail","6":"product_cat-heart-blood-pressure","8":"first","9":"instock","10":"shipping-taxable","11":"purchasable","12":"product-type-variable","13":"has-default-attributes"},"_links":{"self":[{"href":"https:\/\/wowrxpharmacy.com\/es_es\/wp-json\/wp\/v2\/product\/3689","targetHints":{"allow":["GET"]}}],"collection":[{"href":"https:\/\/wowrxpharmacy.com\/es_es\/wp-json\/wp\/v2\/product"}],"about":[{"href":"https:\/\/wowrxpharmacy.com\/es_es\/wp-json\/wp\/v2\/types\/product"}],"replies":[{"embeddable":true,"href":"https:\/\/wowrxpharmacy.com\/es_es\/wp-json\/wp\/v2\/comments?post=3689"}],"wp:featuredmedia":[{"embeddable":true,"href":"https:\/\/wowrxpharmacy.com\/es_es\/wp-json\/wp\/v2\/media\/3711"}],"wp:attachment":[{"href":"https:\/\/wowrxpharmacy.com\/es_es\/wp-json\/wp\/v2\/media?parent=3689"}],"wp:term":[{"taxonomy":"product_brand","embeddable":true,"href":"https:\/\/wowrxpharmacy.com\/es_es\/wp-json\/wp\/v2\/product_brand?post=3689"},{"taxonomy":"product_cat","embeddable":true,"href":"https:\/\/wowrxpharmacy.com\/es_es\/wp-json\/wp\/v2\/product_cat?post=3689"},{"taxonomy":"product_tag","embeddable":true,"href":"https:\/\/wowrxpharmacy.com\/es_es\/wp-json\/wp\/v2\/product_tag?post=3689"}],"curies":[{"name":"wp","href":"https:\/\/api.w.org\/{rel}","templated":true}]}}