{"id":3632,"date":"2024-06-25T04:13:06","date_gmt":"2024-06-25T08:13:06","guid":{"rendered":"https:\/\/wowrxpharmacy.com\/?post_type=product&#038;p=3632"},"modified":"2024-10-16T03:51:27","modified_gmt":"2024-10-16T07:51:27","slug":"irovel-300-mg","status":"publish","type":"product","link":"https:\/\/wowrxpharmacy.com\/es_es\/producto\/irovel-300-mg\/","title":{"rendered":"Irovel 300 mg"},"content":{"rendered":"<h3><span style=\"font-weight: 400;\">Acerca de Irovel 300 mg<\/span><\/h3>\n<p><span style=\"font-weight: 400;\">Irovel 300 mg es un medicamento de venta con receta para el tratamiento de la hipertensi\u00f3n arterial y la insuficiencia card\u00edaca. Este medicamento tambi\u00e9n se utiliza para preservar la funci\u00f3n renal en pacientes diab\u00e9ticos.<\/span><\/p>\n<p><span style=\"font-weight: 400;\">El irbesart\u00e1n es el principio activo de Irovel 300 mg. Pertenece a la clase de medicamentos llamados bloqueadores de los receptores de angiotensina (ARA-II). Sun Pharma es el fabricante de Irovel. Puede adquirirlo f\u00e1cilmente en WOWRxPharmacy a precios muy asequibles.<\/span><\/p>\n<h3><span style=\"font-weight: 400;\">Usos de Irbesartan 300 mg<\/span><\/h3>\n<p><span style=\"font-weight: 400;\">Los siguientes son los usos de Irbesartan:<\/span><\/p>\n<h4><span style=\"font-weight: 400;\">Hipertensi\u00f3n\u00a0<\/span><\/h4>\n<p><span style=\"font-weight: 400;\">La hipertensi\u00f3n o presi\u00f3n arterial alta es una condici\u00f3n m\u00e9dica en la que la sangre en las paredes de los vasos sangu\u00edneos ejerce una fuerza relativamente mayor.<\/span><\/p>\n<h4><span style=\"font-weight: 400;\">Insuficiencia cardiaca<\/span><\/h4>\n<p><span style=\"font-weight: 400;\">Es una afecci\u00f3n cr\u00f3nica en la que el coraz\u00f3n no bombea suficiente sangre para satisfacer las necesidades del cuerpo. Los s\u00edntomas de insuficiencia card\u00edaca incluyen dificultad para respirar, taquicardia, piernas hinchadas y fatiga.<\/span><span style=\"font-weight: 400;\">Adem\u00e1s, Irovel 300 mg tambi\u00e9n se utiliza para preservar las funciones renales en pacientes diab\u00e9ticos.<\/span><\/p>\n<h3><span style=\"font-weight: 400;\">\u00bfC\u00f3mo funciona Irbesartan?<\/span><\/h3>\n<p><span style=\"font-weight: 400;\">Irovel 300 mg cuenta con excelentes rese\u00f1as y es un medicamento recomendado para la hipertensi\u00f3n arterial y la insuficiencia card\u00edaca. Contiene una sal llamada irbesart\u00e1n, un antagonista de los receptores de angiotensina (ARA-II).<\/span><\/p>\n<p><span style=\"font-weight: 400;\">La angiotensina II es una sustancia producida por los ri\u00f1ones. Se une a los receptores vasculares y provoca su estrechamiento. El irbesart\u00e1n inhibe esta uni\u00f3n de la angiotensina II, controlando as\u00ed la hipertensi\u00f3n arterial. Esto, a su vez, reduce el riesgo de futuros infartos o accidentes cerebrovasculares.<\/span><\/p>","protected":false},"excerpt":{"rendered":"<ul>\n<li style=\"font-weight: 400;\" aria-level=\"1\"><span style=\"font-weight: 400;\">Irbesart\u00e1n aprobado por la FDA<\/span><\/li>\n<li style=\"font-weight: 400;\" aria-level=\"1\"><span style=\"font-weight: 400;\">Resultados visibles en 2 horas<\/span><\/li>\n<li style=\"font-weight: 400;\" aria-level=\"1\"><span style=\"font-weight: 400;\">Eficaz durante 24 horas<\/span><\/li>\n<li style=\"font-weight: 400;\" aria-level=\"1\"><span style=\"font-weight: 400;\">Env\u00edo en 24 horas<\/span><\/li>\n<\/ul>","protected":false},"featured_media":3664,"comment_status":"open","ping_status":"closed","template":"","meta":{"om_disable_all_campaigns":false,"_uf_show_specific_survey":0,"_uf_disable_surveys":false},"product_brand":[],"product_cat":[608],"product_tag":[],"class_list":{"0":"post-3632","1":"product","2":"type-product","3":"status-publish","4":"has-post-thumbnail","6":"product_cat-heart-blood-pressure","8":"first","9":"instock","10":"shipping-taxable","11":"purchasable","12":"product-type-variable","13":"has-default-attributes"},"_links":{"self":[{"href":"https:\/\/wowrxpharmacy.com\/es_es\/wp-json\/wp\/v2\/product\/3632","targetHints":{"allow":["GET"]}}],"collection":[{"href":"https:\/\/wowrxpharmacy.com\/es_es\/wp-json\/wp\/v2\/product"}],"about":[{"href":"https:\/\/wowrxpharmacy.com\/es_es\/wp-json\/wp\/v2\/types\/product"}],"replies":[{"embeddable":true,"href":"https:\/\/wowrxpharmacy.com\/es_es\/wp-json\/wp\/v2\/comments?post=3632"}],"wp:featuredmedia":[{"embeddable":true,"href":"https:\/\/wowrxpharmacy.com\/es_es\/wp-json\/wp\/v2\/media\/3664"}],"wp:attachment":[{"href":"https:\/\/wowrxpharmacy.com\/es_es\/wp-json\/wp\/v2\/media?parent=3632"}],"wp:term":[{"taxonomy":"product_brand","embeddable":true,"href":"https:\/\/wowrxpharmacy.com\/es_es\/wp-json\/wp\/v2\/product_brand?post=3632"},{"taxonomy":"product_cat","embeddable":true,"href":"https:\/\/wowrxpharmacy.com\/es_es\/wp-json\/wp\/v2\/product_cat?post=3632"},{"taxonomy":"product_tag","embeddable":true,"href":"https:\/\/wowrxpharmacy.com\/es_es\/wp-json\/wp\/v2\/product_tag?post=3632"}],"curies":[{"name":"wp","href":"https:\/\/api.w.org\/{rel}","templated":true}]}}