{"id":3580,"date":"2024-09-27T06:00:21","date_gmt":"2024-09-27T10:00:21","guid":{"rendered":"https:\/\/wowrxpharmacy.com\/?post_type=product&#038;p=3580"},"modified":"2024-11-22T05:42:11","modified_gmt":"2024-11-22T10:42:11","slug":"budecort-respules-1-mg-per-2-ml","status":"publish","type":"product","link":"https:\/\/wowrxpharmacy.com\/es_es\/producto\/budecort-respules-1-mg-per-2-ml\/","title":{"rendered":"Budecort Respules 1 mg por 2 ml"},"content":{"rendered":"<h3><span style=\"font-weight: 400;\">\u00bfQu\u00e9 es Budecort Respules 1mg por 2ml?\u00a0<\/span><\/h3>\n<p><span style=\"font-weight: 400;\">Budecort Respules 1 mg por 2 ml es un medicamento con receta que contiene el principio activo budesonida. Pertenece a la clase de corticosteroides y se utiliza para prevenir los s\u00edntomas del asma. <\/span><span style=\"font-weight: 400;\">y <\/span><span style=\"font-weight: 400;\">Controlar la enfermedad pulmonar obstructiva cr\u00f3nica (EPOC) y los s\u00edntomas del crup. Se utiliza como preventivo y no es de acci\u00f3n r\u00e1pida para controlar los ataques o s\u00edntomas repentinos de asma.\u00a0<\/span><\/p>\n<p><span style=\"font-weight: 400;\">Cipla Ltd. fabrica Budecort Respules 1 mg por 2 ml, que puedes comprar en WowRx a precios asequibles.<\/span><\/p>\n<h3><span style=\"font-weight: 400;\">\u00bfPara qu\u00e9 se utiliza Budecort Respules 1mg por 2ml?\u00a0<\/span><\/h3>\n<p><span style=\"font-weight: 400;\">La budesonida es <\/span><a href=\"https:\/\/medlineplus.gov\/druginfo\/meds\/a699056.html#:~:text=Budesonide%20helps%20to%20prevent%20asthma%20attacks%20(sudden%20episodes%20of%20shortness%20of%20breath%2C%20wheezing%2C%20and%20coughing)%20but%20will%20not%20stop%20an%20asthma%20attack%20that%20has%20already%20started.%20Your%20doctor%20will%20prescribe%20a%20short%2Dacting%20inhaler%20to%20use%20during%20asthma%20attacks.\" target=\"_blank\" rel=\"nofollow noopener\"><span style=\"font-weight: 400;\">ante todo<\/span><\/a><span style=\"font-weight: 400;\"> Se utiliza como preventivo y no como calmante, lo que significa que puede prevenir un ataque de asma, pero no aliviarlo si ya ha comenzado. Por lo tanto, podr\u00eda necesitar un calmante junto con Budecort Respules 1 mg por 2 ml para obtener un alivio inmediato. Un m\u00e9dico puede aconsejarle sobre la opci\u00f3n m\u00e1s adecuada.\u00a0<\/span><\/p>\n<p><span style=\"font-weight: 400;\">A continuaci\u00f3n se detalla la descripci\u00f3n de los problemas para los que se puede utilizar Budecort Respules 1 mg por 2 ml:<\/span><\/p>\n<h4><span style=\"font-weight: 400;\">Asma<\/span><\/h4>\n<p><span style=\"font-weight: 400;\">Es una afecci\u00f3n en la que las v\u00edas respiratorias se estrechan o inflaman, lo que causa dificultad para respirar. Budesonida Respules 1 mg por 2 ml previene la aparici\u00f3n y el empeoramiento de los s\u00edntomas del asma en adultos y ni\u00f1os. <\/span><a href=\"https:\/\/www.ncbi.nlm.nih.gov\/books\/NBK563201\/#:~:text=Budesonide%20inhalation%20suspension%20solution%20is%20used%20for%20asthma%20treatment%20in%20pediatric%20patients%20of%201%20to%208%20years%20old.\" target=\"_blank\" rel=\"nofollow noopener\"><span style=\"font-weight: 400;\">entre<\/span><\/a><span style=\"font-weight: 400;\"> 1 y 8 a\u00f1os de edad.<\/span><\/p>\n<h4><span style=\"font-weight: 400;\">EPOC<\/span><\/h4>\n<p><span style=\"font-weight: 400;\">La enfermedad pulmonar obstructiva cr\u00f3nica (EPOC) es un grupo de enfermedades pulmonares que obstruyen el flujo de aire y causan dificultad para respirar. Budecort Respules 1 mg por 2 ml puede usarse para controlar los s\u00edntomas de la EPOC, facilitando la respiraci\u00f3n.\u00a0<\/span><\/p>\n<h4><span style=\"font-weight: 400;\">Crup<\/span><\/h4>\n<p><span style=\"font-weight: 400;\">Es una infecci\u00f3n de las v\u00edas respiratorias superiores que generalmente se presenta en ni\u00f1os. Se caracteriza por un estrechamiento de las v\u00edas respiratorias que dificulta la respiraci\u00f3n y causa tos perruna y ronquera. Budecort Respules 1 mg por 2 ml se puede usar para... <\/span><a href=\"https:\/\/academic.oup.com\/pch\/article\/12\/6\/473\/2647980#:~:text=Patients%20with%20severe%20croup%2C%20or%20who%20are%20near%20respiratory%20failure%2C%20may%20benefit%20from%20the%20simultaneous%20administration%20of%20inhaled%20budesonide\" target=\"_blank\" rel=\"nofollow noopener\"><span style=\"font-weight: 400;\">tratar<\/span><\/a><span style=\"font-weight: 400;\"> Crup en lactantes y ni\u00f1os de entre 12 meses y 8 a\u00f1os.\u00a0<\/span><\/p>\n<h3><span style=\"font-weight: 400;\">\u00bfC\u00f3mo act\u00faa la budesonida?\u00a0<\/span><\/h3>\n<p><span style=\"font-weight: 400;\">La budesonida presente en Budesonide Respules 1 mg por 2 ml es un corticosteroide. <\/span><a href=\"https:\/\/www.mayoclinic.org\/drugs-supplements\/corticosteroid-inhalation-route\/description\/drg-20070533#:~:text=Inhaled%20corticosteroids%20work,taken%20by%20mouth.\" target=\"_blank\" rel=\"nofollow noopener\"><span style=\"font-weight: 400;\">inhibe<\/span><\/a><span style=\"font-weight: 400;\"> la actividad de agentes inflamatorios y al\u00e9rgicos que pueden desencadenar s\u00edntomas de asma, reduciendo la inflamaci\u00f3n y facilitando la respiraci\u00f3n.\u00a0<\/span><\/p>\n<p><span style=\"font-weight: 400;\">Al administrarse mediante nebulizador, Budesonida Respule llega directamente al revestimiento interno de las v\u00edas respiratorias. Reduce los s\u00edntomas del asma o la EPOC, como sibilancias, dificultad para respirar y molestias en el pecho.\u00a0<\/span><\/p>\n<h3><span style=\"font-weight: 400;\">\u00bfC\u00f3mo utilizar Budecort Respules 1mg por 2ml?\u00a0<\/span><\/h3>\n<p><span style=\"font-weight: 400;\">Siga las indicaciones de su m\u00e9dico al usar Budecort Respules 1 mg por 2 ml para obtener los mejores resultados. Las instrucciones generales a seguir al usar estos Respules son:\u00a0<\/span><\/p>\n<ul>\n<li style=\"font-weight: 400;\" aria-level=\"1\"><span style=\"font-weight: 400;\">Lea atentamente las instrucciones del prospecto antes de utilizarlo.<\/span><\/li>\n<li style=\"font-weight: 400;\" aria-level=\"1\"><span style=\"font-weight: 400;\">Gire la tapa del nebulizador y apriete el contenido en el nebulizador.<\/span><\/li>\n<li style=\"font-weight: 400;\" aria-level=\"1\"><span style=\"font-weight: 400;\">Inhale el medicamento a trav\u00e9s de la boquilla; no lo trague.<\/span><\/li>\n<li style=\"font-weight: 400;\" aria-level=\"1\"><span style=\"font-weight: 400;\">Para prevenir infecciones por hongos, enju\u00e1guese bien la boca con agua tibia.<\/span><\/li>\n<li style=\"font-weight: 400;\" aria-level=\"1\"><span style=\"font-weight: 400;\">Para evitar la irritaci\u00f3n facial, l\u00e1vese la cara despu\u00e9s de cada uso.<\/span><\/li>\n<li style=\"font-weight: 400;\" aria-level=\"1\"><span style=\"font-weight: 400;\">Limpie el nebulizador despu\u00e9s de cada uso.<\/span><\/li>\n<\/ul>","protected":false},"excerpt":{"rendered":"<p>La budesonida presente en Budecort Respules ayuda a controlar el asma al reducir la inflamaci\u00f3n de las v\u00edas respiratorias. Aprobado por la FDA, f\u00e1cil de usar y eficaz.<\/p>","protected":false},"featured_media":3746,"comment_status":"open","ping_status":"closed","template":"","meta":{"om_disable_all_campaigns":false,"_uf_show_specific_survey":0,"_uf_disable_surveys":false},"product_brand":[],"product_cat":[555],"product_tag":[],"class_list":{"0":"post-3580","1":"product","2":"type-product","3":"status-publish","4":"has-post-thumbnail","6":"product_cat-asthma","8":"first","9":"instock","10":"sale","11":"shipping-taxable","12":"purchasable","13":"product-type-variable","14":"has-default-attributes"},"_links":{"self":[{"href":"https:\/\/wowrxpharmacy.com\/es_es\/wp-json\/wp\/v2\/product\/3580","targetHints":{"allow":["GET"]}}],"collection":[{"href":"https:\/\/wowrxpharmacy.com\/es_es\/wp-json\/wp\/v2\/product"}],"about":[{"href":"https:\/\/wowrxpharmacy.com\/es_es\/wp-json\/wp\/v2\/types\/product"}],"replies":[{"embeddable":true,"href":"https:\/\/wowrxpharmacy.com\/es_es\/wp-json\/wp\/v2\/comments?post=3580"}],"wp:featuredmedia":[{"embeddable":true,"href":"https:\/\/wowrxpharmacy.com\/es_es\/wp-json\/wp\/v2\/media\/3746"}],"wp:attachment":[{"href":"https:\/\/wowrxpharmacy.com\/es_es\/wp-json\/wp\/v2\/media?parent=3580"}],"wp:term":[{"taxonomy":"product_brand","embeddable":true,"href":"https:\/\/wowrxpharmacy.com\/es_es\/wp-json\/wp\/v2\/product_brand?post=3580"},{"taxonomy":"product_cat","embeddable":true,"href":"https:\/\/wowrxpharmacy.com\/es_es\/wp-json\/wp\/v2\/product_cat?post=3580"},{"taxonomy":"product_tag","embeddable":true,"href":"https:\/\/wowrxpharmacy.com\/es_es\/wp-json\/wp\/v2\/product_tag?post=3580"}],"curies":[{"name":"wp","href":"https:\/\/api.w.org\/{rel}","templated":true}]}}