{"id":3573,"date":"2024-09-21T06:00:21","date_gmt":"2024-09-21T10:00:21","guid":{"rendered":"https:\/\/wowrxpharmacy.com\/?post_type=product&#038;p=3573"},"modified":"2024-11-22T04:40:23","modified_gmt":"2024-11-22T09:40:23","slug":"budecort-respules-0-5mg-per-2ml","status":"publish","type":"product","link":"https:\/\/wowrxpharmacy.com\/es_es\/producto\/budecort-respules-0-5mg-per-2ml\/","title":{"rendered":"Budecort Respules 0,5 mg"},"content":{"rendered":"<h3><span style=\"font-weight: 400;\">Acerca de Budecort Respules 0,5 mg<\/span><\/h3>\n<p><span style=\"font-weight: 400;\">Budecort Respules 0.5 mg es un medicamento eficaz para el control de los s\u00edntomas del asma en adultos y ni\u00f1os de 1 a 8 a\u00f1os. Contiene budesonida, un principio activo que trata afecciones inflamatorias que afectan principalmente las v\u00edas respiratorias, como el asma o el tracto gastrointestinal. Puede controlar los s\u00edntomas del asma en adultos y ni\u00f1os de 1 a 8 a\u00f1os.<\/span><\/p>\n<p><span style=\"font-weight: 400;\">Budecort Respules pertenece a la categor\u00eda de medicamentos corticosteroides y ayuda a aliviar los s\u00edntomas del asma al reducir la inflamaci\u00f3n de las v\u00edas respiratorias. Cipla Ltd. fabrica Budecort 0.5 Respules, que puede adquirir f\u00e1cilmente en WowRx a precios muy bajos.<\/span><\/p>\n<h3><span style=\"font-weight: 400;\">Usos de Budecort Respules<\/span><\/h3>\n<p><span style=\"font-weight: 400;\">Budecort Respules 0.5% es un medicamento eficaz para los s\u00edntomas del asma y la enfermedad pulmonar obstructiva cr\u00f3nica (EPOC). Puede despejar las v\u00edas respiratorias, reducir la inflamaci\u00f3n y mejorar la comodidad respiratoria. Se utiliza para aliviar el asma en adultos y disminuir la incidencia de la enfermedad en ni\u00f1os.\u00a0<\/span><\/p>\n<p><span style=\"font-weight: 400;\">El medicamento se utiliza principalmente con fines preventivos y no proporciona un alivio inmediato. El medicamento comienza a actuar en un plazo de 24 a 48 horas y su efecto completo... <\/span><a href=\"https:\/\/www.mayoclinic.org\/drugs-supplements\/budesonide-inhalation-route\/proper-use\/drg-20071233#:~:text=In%20order%20for%20this%20medicine%20to%20help%20prevent%20asthma%20attacks%2C%20it%20must%20be%20used%20every%20day%20in%20regularly%20spaced%20doses%2C%20as%20ordered%20by%20your%20doctor.%20This%20medicine%20usually%20begins%20to%20work%20in%20about%2024%20to%2048%20hours%2C%20but%20up%20to%202%20to%206%20weeks%20may%20pass%20before%20you%20feel%20the%20full%20effects.\" target=\"_blank\" rel=\"nofollow noopener\"><span style=\"font-weight: 400;\">eficacia<\/span><\/a><span style=\"font-weight: 400;\"> Puede notarse despu\u00e9s de 2 a 6 semanas de uso. Es importante entender que Budecort no proporciona un alivio inmediato ni r\u00e1pido, pero disminuye lentamente la irritaci\u00f3n de las v\u00edas respiratorias y trata los s\u00edntomas del asma.<\/span><\/p>\n<h3><span style=\"font-weight: 400;\">\u00bfC\u00f3mo act\u00faa la budesonida?<\/span><\/h3>\n<p><span style=\"font-weight: 400;\">El inhalador de budesonida funciona previniendo la <\/span><a href=\"https:\/\/www.ncbi.nlm.nih.gov\/books\/NBK563201\/#:~:text=Go%20to%3A-,Mechanism%20of%20Action,-Budesonide%20is%20a\" target=\"_blank\" rel=\"nofollow noopener\"><span style=\"font-weight: 400;\">producci\u00f3n<\/span><\/a><span style=\"font-weight: 400;\"> de genes que pueden inducir inflamaci\u00f3n en las v\u00edas respiratorias y causar dificultad respiratoria. Tambi\u00e9n bloquea la liberaci\u00f3n de sustancias que causan inflamaci\u00f3n, reduciendo la hinchaz\u00f3n, la producci\u00f3n de moco y la irritaci\u00f3n de las v\u00edas respiratorias.<\/span><\/p>\n<p><span style=\"font-weight: 400;\">Con menos inflamaci\u00f3n e hinchaz\u00f3n, las v\u00edas respiratorias se reducen, lo que facilita la entrada y salida del aire de los pulmones. Esto mejora la respiraci\u00f3n y reduce s\u00edntomas como sibilancias y dificultad para respirar.\u00a0<\/span><\/p>\n<h3><span style=\"font-weight: 400;\">\u00bfC\u00f3mo utilizar Budecort 0,5 mg Respules?<\/span><\/h3>\n<p><span style=\"font-weight: 400;\">Budecort 0.5 mg Respules se administra con un nebulizador, un dispositivo que convierte el medicamento l\u00edquido en una niebla que se inhala f\u00e1cilmente y llega a los pulmones. Puede inyectar la soluci\u00f3n l\u00edquida de Respules en el nebulizador y dejar que se transforme en niebla.<\/span><\/p>\n<p><span style=\"font-weight: 400;\">Luego, se inhala el medicamento a trav\u00e9s de una boquilla. Para obtener mejores resultados, tome el medicamento a la misma hora y con la misma duraci\u00f3n.<\/span><\/p>","protected":false},"excerpt":{"rendered":"<p>Budecort Respules, a base de budesonida, reduce la inflamaci\u00f3n de las v\u00edas respiratorias, aliviando los s\u00edntomas del asma. Aprobado por la FDA y pr\u00e1ctico para el alivio respiratorio.<\/p>","protected":false},"featured_media":3577,"comment_status":"open","ping_status":"closed","template":"","meta":{"om_disable_all_campaigns":false,"_uf_show_specific_survey":0,"_uf_disable_surveys":false},"product_brand":[],"product_cat":[555],"product_tag":[],"class_list":{"0":"post-3573","1":"product","2":"type-product","3":"status-publish","4":"has-post-thumbnail","6":"product_cat-asthma","8":"first","9":"instock","10":"sale","11":"shipping-taxable","12":"purchasable","13":"product-type-variable","14":"has-default-attributes"},"_links":{"self":[{"href":"https:\/\/wowrxpharmacy.com\/es_es\/wp-json\/wp\/v2\/product\/3573","targetHints":{"allow":["GET"]}}],"collection":[{"href":"https:\/\/wowrxpharmacy.com\/es_es\/wp-json\/wp\/v2\/product"}],"about":[{"href":"https:\/\/wowrxpharmacy.com\/es_es\/wp-json\/wp\/v2\/types\/product"}],"replies":[{"embeddable":true,"href":"https:\/\/wowrxpharmacy.com\/es_es\/wp-json\/wp\/v2\/comments?post=3573"}],"wp:featuredmedia":[{"embeddable":true,"href":"https:\/\/wowrxpharmacy.com\/es_es\/wp-json\/wp\/v2\/media\/3577"}],"wp:attachment":[{"href":"https:\/\/wowrxpharmacy.com\/es_es\/wp-json\/wp\/v2\/media?parent=3573"}],"wp:term":[{"taxonomy":"product_brand","embeddable":true,"href":"https:\/\/wowrxpharmacy.com\/es_es\/wp-json\/wp\/v2\/product_brand?post=3573"},{"taxonomy":"product_cat","embeddable":true,"href":"https:\/\/wowrxpharmacy.com\/es_es\/wp-json\/wp\/v2\/product_cat?post=3573"},{"taxonomy":"product_tag","embeddable":true,"href":"https:\/\/wowrxpharmacy.com\/es_es\/wp-json\/wp\/v2\/product_tag?post=3573"}],"curies":[{"name":"wp","href":"https:\/\/api.w.org\/{rel}","templated":true}]}}