{"id":3567,"date":"2024-09-27T06:00:21","date_gmt":"2024-09-27T10:00:21","guid":{"rendered":"https:\/\/wowrxpharmacy.com\/?post_type=product&#038;p=3567"},"modified":"2024-11-22T05:27:37","modified_gmt":"2024-11-22T10:27:37","slug":"budecort-inhaler-200-mcg-200-mdi","status":"publish","type":"product","link":"https:\/\/wowrxpharmacy.com\/es_es\/producto\/budecort-inhaler-200-mcg-200-mdi\/","title":{"rendered":"Inhalador Budecort 200 mcg (200 mdi)"},"content":{"rendered":"<h3><span style=\"font-weight: 400;\">Acerca del inhalador Budecort 200 mcg<\/span><\/h3>\n<p><span style=\"font-weight: 400;\">El inhalador Budecort de 200 mcg es un medicamento con receta que se utiliza para prevenir los s\u00edntomas del asma y la enfermedad pulmonar obstructiva cr\u00f3nica (EPOC). Contiene budesonida como principio activo y pertenece a la clase de corticosteroides.\u00a0<\/span><\/p>\n<p><span style=\"font-weight: 400;\">El inhalador Budecort act\u00faa bloqueando la producci\u00f3n de ciertas sustancias qu\u00edmicas que provocan la inflamaci\u00f3n de las v\u00edas respiratorias, facilitando la respiraci\u00f3n. Cipla Ltd. fabrica el inhalador Budecort de 200 mcg y puede adquirirlo en WowRx al mejor precio. Adquiera inhaladores de corticosteroides y disfrute de una respiraci\u00f3n m\u00e1s f\u00e1cil al instante.<\/span><\/p>\n<h3><span style=\"font-weight: 400;\">Usos del inhalador Budecort 200 mcg<\/span><\/h3>\n<p><span style=\"font-weight: 400;\">El inhalador Budecort 200 mcg es un tratamiento preventivo y de mantenimiento para personas con asma y EPOC.<\/span><\/p>\n<h4><span style=\"font-weight: 400;\">Asma<\/span><\/h4>\n<p><span style=\"font-weight: 400;\">El asma es una enfermedad respiratoria cr\u00f3nica que estrecha, inflama e hincha las v\u00edas respiratorias y produce un exceso de mucosidad. Esto provoca dificultad para respirar y s\u00edntomas similares a sibilancias.<\/span><\/p>\n<h4><span style=\"font-weight: 400;\">Enfermedad pulmonar obstructiva cr\u00f3nica<\/span><\/h4>\n<p><span style=\"font-weight: 400;\">La enfermedad pulmonar obstructiva cr\u00f3nica (EPOC) es un grupo de enfermedades pulmonares <\/span><a href=\"https:\/\/www.nhlbi.nih.gov\/health\/copd#:~:text=COPD%2C%20or%20chronic%20obstructive%20pulmonary%20disease%2C%20is%20a%20condition%20caused%20by%20damage%20to%20the%20airways%20or%20other%20parts%20of%20the%20lung%20that%20blocks%20airflow%20and%20makes%20it%20hard%20to%20breathe.\" target=\"_blank\" rel=\"nofollow noopener\"><span style=\"font-weight: 400;\">causado por<\/span><\/a><span style=\"font-weight: 400;\"> Da\u00f1o a las v\u00edas respiratorias u otras partes de los pulmones. Obstruye el flujo de aire pulmonar y dificulta la respiraci\u00f3n.<\/span><\/p>\n<h3><span style=\"font-weight: 400;\">\u00bfC\u00f3mo act\u00faa la budesonida?<\/span><\/h3>\n<p><span style=\"font-weight: 400;\">Los inhaladores de budesonida previenen la <\/span><a href=\"https:\/\/www.ncbi.nlm.nih.gov\/books\/NBK563201\/#:~:text=Go%20to%3A-,Mechanism%20of%20Action,-Budesonide%20is%20a\" target=\"_blank\" rel=\"nofollow noopener\"><span style=\"font-weight: 400;\">producci\u00f3n<\/span><\/a><span style=\"font-weight: 400;\"> de ciertos genes que pueden inducir inflamaci\u00f3n en las v\u00edas respiratorias y causar dificultad para respirar. Tambi\u00e9n bloquea la liberaci\u00f3n de sustancias que causan inflamaci\u00f3n, hinchaz\u00f3n, producci\u00f3n de moco e irritaci\u00f3n en las v\u00edas respiratorias.<\/span><\/p>\n<p><span style=\"font-weight: 400;\">Al reducir la inflamaci\u00f3n y la hinchaz\u00f3n, las v\u00edas respiratorias se reducen, lo que facilita la entrada y salida del aire de los pulmones. Esto mejora la respiraci\u00f3n y reduce s\u00edntomas como sibilancias y dificultad para respirar. Act\u00faa en 24-48 horas y proporciona un alivio duradero. Puede ofrecer resultados completos en 2-6 semanas de uso activo.<\/span><\/p>\n<p><span style=\"font-weight: 400;\">Sin embargo, es <\/span><a href=\"https:\/\/www.ncbi.nlm.nih.gov\/books\/NBK563201\/#:~:text=Budesonide%20is%20not%20a%20bronchodilator%2C%20and%20therefore%2C%20it%20is%20contraindicated%20for%20the%20rapid%20bronchospasm%20relief%20in%20status%20asthmaticus%20or%20other%20episodes%20of%20acute%20asthma%20where%20intensive%20therapeutic%20measures%20are%20required.%C2%A0\" target=\"_blank\" rel=\"nofollow noopener\"><span style=\"font-weight: 400;\">importante<\/span><\/a><span style=\"font-weight: 400;\"> Es importante comprender que la budesonida no es un broncodilatador. Por lo tanto, no puede proporcionar un alivio r\u00e1pido y est\u00e1 contraindicada en casos que requieren medidas terap\u00e9uticas intensivas.<\/span><\/p>\n<h3><span style=\"font-weight: 400;\">\u00bfC\u00f3mo utilizar el inhalador Budecort 200 mcg?<\/span><\/h3>\n<p><span style=\"font-weight: 400;\">Es importante usar el inhalador Budecort de 200 mcg correctamente para que la dosis correcta de budesonida llegue a los pulmones y obtenga sus beneficios. Para obtener los mejores resultados, use el medicamento de las siguientes maneras:<\/span><\/p>\n<ul>\n<li style=\"font-weight: 400;\" aria-level=\"1\"><span style=\"font-weight: 400;\">En primer lugar, lea el prospecto que viene con el medicamento. Contiene informaci\u00f3n esencial sobre c\u00f3mo usar el inhalador antes de tener que cambiarlo.<\/span><\/li>\n<li style=\"font-weight: 400;\" aria-level=\"1\"><span style=\"font-weight: 400;\">Agite el inhalador, presione para liberar el medicamento y contenga la respiraci\u00f3n durante al menos 10 segundos.<\/span><\/li>\n<li style=\"font-weight: 400;\" aria-level=\"1\"><span style=\"font-weight: 400;\">Repita el procedimiento hasta que haya recibido la cantidad de inhalaciones prescritas por su m\u00e9dico.<\/span><\/li>\n<li style=\"font-weight: 400;\" aria-level=\"1\"><span style=\"font-weight: 400;\">Tome el medicamento a la misma hora todos los d\u00edas.<\/span><\/li>\n<li style=\"font-weight: 400;\" aria-level=\"1\"><span style=\"font-weight: 400;\">Adem\u00e1s, no omita, suspenda ni exceda la dosis de Budecort Inhaler sin consultar a su m\u00e9dico.<\/span><\/li>\n<\/ul>","protected":false},"excerpt":{"rendered":"<p>La budesonida en el inhalador Budecort trata el asma reduciendo la inflamaci\u00f3n de las v\u00edas respiratorias, lo que garantiza una mejor respiraci\u00f3n. Aprobado por la FDA, es eficaz y f\u00e1cil de usar.<\/p>","protected":false},"featured_media":3736,"comment_status":"open","ping_status":"closed","template":"","meta":{"om_disable_all_campaigns":false,"_uf_show_specific_survey":0,"_uf_disable_surveys":false},"product_brand":[],"product_cat":[555],"product_tag":[],"class_list":{"0":"post-3567","1":"product","2":"type-product","3":"status-publish","4":"has-post-thumbnail","6":"product_cat-asthma","8":"first","9":"instock","10":"sale","11":"shipping-taxable","12":"purchasable","13":"product-type-variable","14":"has-default-attributes"},"_links":{"self":[{"href":"https:\/\/wowrxpharmacy.com\/es_es\/wp-json\/wp\/v2\/product\/3567","targetHints":{"allow":["GET"]}}],"collection":[{"href":"https:\/\/wowrxpharmacy.com\/es_es\/wp-json\/wp\/v2\/product"}],"about":[{"href":"https:\/\/wowrxpharmacy.com\/es_es\/wp-json\/wp\/v2\/types\/product"}],"replies":[{"embeddable":true,"href":"https:\/\/wowrxpharmacy.com\/es_es\/wp-json\/wp\/v2\/comments?post=3567"}],"wp:featuredmedia":[{"embeddable":true,"href":"https:\/\/wowrxpharmacy.com\/es_es\/wp-json\/wp\/v2\/media\/3736"}],"wp:attachment":[{"href":"https:\/\/wowrxpharmacy.com\/es_es\/wp-json\/wp\/v2\/media?parent=3567"}],"wp:term":[{"taxonomy":"product_brand","embeddable":true,"href":"https:\/\/wowrxpharmacy.com\/es_es\/wp-json\/wp\/v2\/product_brand?post=3567"},{"taxonomy":"product_cat","embeddable":true,"href":"https:\/\/wowrxpharmacy.com\/es_es\/wp-json\/wp\/v2\/product_cat?post=3567"},{"taxonomy":"product_tag","embeddable":true,"href":"https:\/\/wowrxpharmacy.com\/es_es\/wp-json\/wp\/v2\/product_tag?post=3567"}],"curies":[{"name":"wp","href":"https:\/\/api.w.org\/{rel}","templated":true}]}}