{"id":3561,"date":"2024-09-25T06:00:21","date_gmt":"2024-09-25T10:00:21","guid":{"rendered":"https:\/\/wowrxpharmacy.com\/?post_type=product&#038;p=3561"},"modified":"2024-11-22T05:30:46","modified_gmt":"2024-11-22T10:30:46","slug":"budecort-inhaler-100-mcg-200-mdi","status":"publish","type":"product","link":"https:\/\/wowrxpharmacy.com\/es_es\/producto\/budecort-inhaler-100-mcg-200-mdi\/","title":{"rendered":"Budecort Inhalador 100 mcg"},"content":{"rendered":"<h3><span style=\"font-weight: 400;\">Acerca del inhalador Budecort 100 mcg<\/span><\/h3>\n<p><span style=\"font-weight: 400;\">El inhalador Budecort de 100 mcg es un inhalador de dosis medida que contiene budesonida, un corticosteroide. Se utiliza principalmente como terapia de mantenimiento para controlar y prevenir los s\u00edntomas del asma en adultos y ni\u00f1os.<\/span><\/p>\n<p><span style=\"font-weight: 400;\">El inhalador Budecort ayuda a reducir la inflamaci\u00f3n de las v\u00edas respiratorias, facilitando la respiraci\u00f3n y previniendo ataques de asma. Rec\u00edbelo c\u00f3modamente en tu casa con WowRx.<\/span><\/p>\n<h3><span style=\"font-weight: 400;\">Usos del inhalador Budecort<\/span><\/h3>\n<p><span style=\"font-weight: 400;\">Los inhaladores Budecort est\u00e1n dise\u00f1ados para <\/span><a href=\"https:\/\/www.nhs.uk\/medicines\/budesonide-inhalers\/common-questions-about-budesonide-inhalers\/#:~:text=Budesonide%20inhalers%20are%20called%20preventers.%20They%20work%20by%20reducing%20the%20activity%20of%20your%20immune%20system.%20This%20reduces%20the%20swelling%20in%20your%20lungs%20that%20makes%20it%20difficult%20to%20breathe.%20It%20also%20helps%20prevent%20you%20getting%20symptoms%20such%20as%20wheezing%20and%20coughing.\" target=\"_blank\" rel=\"nofollow noopener\"><span style=\"font-weight: 400;\">prevenir<\/span><\/a><span style=\"font-weight: 400;\"> los s\u00edntomas de enfermedades respiratorias como el asma y la enfermedad pulmonar obstructiva cr\u00f3nica (EPOC).\u00a0<\/span><\/p>\n<p><span style=\"font-weight: 400;\">Al controlar la inflamaci\u00f3n de las v\u00edas respiratorias, ayudan a reducir la frecuencia y la gravedad de las dificultades respiratorias.<\/span><\/p>\n<h4><span style=\"font-weight: 400;\">Tratamiento del asma<\/span><\/h4>\n<p><span style=\"font-weight: 400;\">El inhalador Budecort de 100 mcg se utiliza principalmente para el tratamiento del asma. Ayuda a controlar y prevenir los s\u00edntomas del asma, como sibilancias, dificultad para respirar y opresi\u00f3n en el pecho, al reducir la inflamaci\u00f3n de las v\u00edas respiratorias. Su uso regular es esencial para un control eficaz y para prevenir las crisis.<\/span><\/p>\n<h4><span style=\"font-weight: 400;\">Manejo de la EPOC<\/span><\/h4>\n<p><span style=\"font-weight: 400;\">Budecort tambi\u00e9n es <\/span><a href=\"https:\/\/www.nhs.uk\/conditions\/chronic-obstructive-pulmonary-disease-copd\/treatment\/#:~:text=If%20COPD%20is,main%20types%20include%3A\" target=\"_blank\" rel=\"nofollow noopener\"><span style=\"font-weight: 400;\">indicado<\/span><\/a><span style=\"font-weight: 400;\"> Para el tratamiento de la Enfermedad Pulmonar Obstructiva Cr\u00f3nica (EPOC). Ayuda a controlar los s\u00edntomas de la EPOC, como la dificultad para respirar, la tos cr\u00f3nica y las sibilancias, a la vez que mejora la funci\u00f3n pulmonar y reduce las exacerbaciones. Al igual que con el asma, el uso constante de Budecort ayuda a mantener una mejor salud respiratoria en personas con EPOC.<\/span><\/p>\n<h3><span style=\"font-weight: 400;\">Inhalador Budecort (budesonida) en funcionamiento\u00a0<\/span><\/h3>\n<p><span style=\"font-weight: 400;\">Budecort Inhalador 100 mcg <\/span><a href=\"https:\/\/www.ncbi.nlm.nih.gov\/books\/NBK563201\/#:~:text=Budesonide%20is%20a%20potent,the%20children%20is%20needed.\" target=\"_blank\" rel=\"nofollow noopener\"><span style=\"font-weight: 400;\">funciona<\/span><\/a><span style=\"font-weight: 400;\"> Principalmente a trav\u00e9s de su ingrediente activo, la budesonida, un corticosteroide. Al inhalarse, la budesonida act\u00faa directamente sobre los pulmones para reducir la inflamaci\u00f3n y la hinchaz\u00f3n de las v\u00edas respiratorias, facilitando la respiraci\u00f3n de las personas con asma o enfermedad pulmonar obstructiva cr\u00f3nica (EPOC).<\/span><\/p>\n<p><span style=\"font-weight: 400;\">Al inhibir la liberaci\u00f3n de mediadores inflamatorios, ayuda a controlar y prevenir s\u00edntomas como sibilancias, dificultad para respirar y opresi\u00f3n en el pecho. El inhalador Budecort de 100 mcg est\u00e1 indicado para uso regular para mantener el control de las afecciones respiratorias y no debe utilizarse para el alivio inmediato durante una crisis de asma. La aplicaci\u00f3n constante permite una mejora gradual de la funci\u00f3n pulmonar y la salud respiratoria general.<\/span><\/p>\n<h3><span style=\"font-weight: 400;\">\u00bfC\u00f3mo utilizar el inhalador Budecort 100 mcg?<\/span><\/h3>\n<p><span style=\"font-weight: 400;\">Budecort Inhalador 100 mcg <\/span><a href=\"https:\/\/www.nhs.uk\/medicines\/budesonide-inhalers\/how-and-when-to-use-budesonide-inhalers\/#:~:text=How%20to%20use,a%20different%20type.\" target=\"_blank\" rel=\"nofollow noopener\"><span style=\"font-weight: 400;\">Deber\u00eda ser<\/span><\/a><span style=\"font-weight: 400;\"> \u00daselo estrictamente en las cantidades prescritas por su m\u00e9dico. Es importante seguir las pautas establecidas para el uso de un inhalador, que incluyen lo siguiente:<\/span><\/p>\n<ul>\n<li style=\"font-weight: 400;\" aria-level=\"1\"><b>Consulte a su m\u00e9dico:<\/b><span style=\"font-weight: 400;\"> Aseg\u00farese de comprender c\u00f3mo usar el inhalador y seguir las instrucciones de su m\u00e9dico con respecto a la dosis y la frecuencia.<\/span><\/li>\n<li style=\"font-weight: 400;\" aria-level=\"1\"><b>Agitar bien:<\/b><span style=\"font-weight: 400;\"> Antes de cada uso, agite suavemente el inhalador para mezclar bien el medicamento.<\/span><\/li>\n<li style=\"font-weight: 400;\" aria-level=\"1\"><b>Prepare el inhalador:<\/b><span style=\"font-weight: 400;\"> Si usa un inhalador nuevo o uno que no ha sido usado por un tiempo, prep\u00e1relo liberando algunas pulverizaciones de prueba en el aire.<\/span><\/li>\n<li style=\"font-weight: 400;\" aria-level=\"1\"><b>Exhalar: <\/b><span style=\"font-weight: 400;\">Exhale suavemente para vaciar los pulmones antes de usar el inhalador.<\/span><\/li>\n<li style=\"font-weight: 400;\" aria-level=\"1\"><b>Coloque el inhalador:<\/b><span style=\"font-weight: 400;\"> Sostenga el inhalador en posici\u00f3n vertical con la boquilla hacia usted. Coloque la boquilla entre los labios, asegur\u00e1ndose de que est\u00e9 bien sellada.<\/span><\/li>\n<li style=\"font-weight: 400;\" aria-level=\"1\"><b>Inhala profundamente:<\/b><span style=\"font-weight: 400;\"> Mientras presiona el inhalador para liberar una bocanada de medicamento, inhale profunda y constantemente por la boca.<\/span><\/li>\n<li style=\"font-weight: 400;\" aria-level=\"1\"><b>Aguanta la respiraci\u00f3n:<\/b><span style=\"font-weight: 400;\"> Una vez que haya inhalado el medicamento, retire el inhalador de la boca y contenga la respiraci\u00f3n durante unos 10 segundos, d\u00e1ndole tiempo al medicamento para que se asiente en sus pulmones.<\/span><\/li>\n<li style=\"font-weight: 400;\" aria-level=\"1\"><b>Enju\u00e1gate la boca: <\/b><span style=\"font-weight: 400;\">Despu\u00e9s de cada uso, enju\u00e1guese la boca o haga g\u00e1rgaras con agua para prevenir la irritaci\u00f3n y las infecciones bucales. Aseg\u00farese de escupir el agua despu\u00e9s y evite tragarla.<\/span><\/li>\n<li style=\"font-weight: 400;\" aria-level=\"1\"><b>Limpiar el inhalador:<\/b><span style=\"font-weight: 400;\"> Limpie peri\u00f3dicamente el inhalador seg\u00fan las instrucciones de su m\u00e9dico para prevenir infecciones.<\/span><\/li>\n<\/ul>\n<p><b>\u00daselo regularmente:<\/b><span style=\"font-weight: 400;\"> Tome Budecort seg\u00fan lo prescrito, incluso si se siente bien, para mantener el control de los s\u00edntomas del asma.<\/span><\/p>","protected":false},"excerpt":{"rendered":"<p>Este inhalador Budecort a base de budesonida ayuda a controlar el asma reduciendo la inflamaci\u00f3n de las v\u00edas respiratorias. Aprobado por la FDA y f\u00e1cil de transportar.<\/p>","protected":false},"featured_media":3743,"comment_status":"open","ping_status":"closed","template":"","meta":{"om_disable_all_campaigns":false,"_uf_show_specific_survey":0,"_uf_disable_surveys":false},"product_brand":[],"product_cat":[555,1758],"product_tag":[],"class_list":{"0":"post-3561","1":"product","2":"type-product","3":"status-publish","4":"has-post-thumbnail","6":"product_cat-asthma","7":"product_cat-top-picks","9":"first","10":"instock","11":"sale","12":"shipping-taxable","13":"purchasable","14":"product-type-variable","15":"has-default-attributes"},"_links":{"self":[{"href":"https:\/\/wowrxpharmacy.com\/es_es\/wp-json\/wp\/v2\/product\/3561","targetHints":{"allow":["GET"]}}],"collection":[{"href":"https:\/\/wowrxpharmacy.com\/es_es\/wp-json\/wp\/v2\/product"}],"about":[{"href":"https:\/\/wowrxpharmacy.com\/es_es\/wp-json\/wp\/v2\/types\/product"}],"replies":[{"embeddable":true,"href":"https:\/\/wowrxpharmacy.com\/es_es\/wp-json\/wp\/v2\/comments?post=3561"}],"wp:featuredmedia":[{"embeddable":true,"href":"https:\/\/wowrxpharmacy.com\/es_es\/wp-json\/wp\/v2\/media\/3743"}],"wp:attachment":[{"href":"https:\/\/wowrxpharmacy.com\/es_es\/wp-json\/wp\/v2\/media?parent=3561"}],"wp:term":[{"taxonomy":"product_brand","embeddable":true,"href":"https:\/\/wowrxpharmacy.com\/es_es\/wp-json\/wp\/v2\/product_brand?post=3561"},{"taxonomy":"product_cat","embeddable":true,"href":"https:\/\/wowrxpharmacy.com\/es_es\/wp-json\/wp\/v2\/product_cat?post=3561"},{"taxonomy":"product_tag","embeddable":true,"href":"https:\/\/wowrxpharmacy.com\/es_es\/wp-json\/wp\/v2\/product_tag?post=3561"}],"curies":[{"name":"wp","href":"https:\/\/api.w.org\/{rel}","templated":true}]}}