{"id":3554,"date":"2024-06-19T08:34:21","date_gmt":"2024-06-19T12:34:21","guid":{"rendered":"https:\/\/wowrxpharmacy.com\/?post_type=product&#038;p=3554"},"modified":"2024-10-16T03:51:28","modified_gmt":"2024-10-16T07:51:28","slug":"bimat-ls-3-ml-001","status":"publish","type":"product","link":"https:\/\/wowrxpharmacy.com\/es_es\/producto\/bimat-ls-3-ml-001\/","title":{"rendered":"Bimat LS 3 ml 0,01%"},"content":{"rendered":"<h3><span style=\"font-weight: 400;\">Acerca de las gotas oft\u00e1lmicas Bimat LS<\/span><\/h3>\n<p><span style=\"font-weight: 400;\">Las gotas oft\u00e1lmicas Bimat LS son un tratamiento eficaz para la presi\u00f3n intraocular alta y la hipotricosis ocular. Contienen bimatoprost como principio activo y se recetan para tratar el glaucoma y la hipertensi\u00f3n ocular.<\/span><\/p>\n<p><span style=\"font-weight: 400;\">Es un medicamento con receta fabricado y comercializado por Ajanta Pharma. Puede obtener Bimatoprost a domicilio a trav\u00e9s de WowRxPharmacy.\u00a0<\/span><\/p>\n<h3><span style=\"font-weight: 400;\">Usos de las gotas oft\u00e1lmicas Bimat LS<\/span><\/h3>\n<p><span style=\"font-weight: 400;\">El bimatoprost pertenece a la clase de medicamentos an\u00e1logos de las prostaglandinas. Se utiliza principalmente para tratar afecciones oculares como...\u00a0<\/span><\/p>\n<h4><span style=\"font-weight: 400;\">Glaucoma de \u00e1ngulo abierto<\/span><\/h4>\n<p><span style=\"font-weight: 400;\">El glaucoma provoca un aumento de la presi\u00f3n ocular. La presi\u00f3n ocular alta puede da\u00f1ar el nervio \u00f3ptico y causar ceguera parcial o total.<\/span><\/p>\n<p><span style=\"font-weight: 400;\">Cuando se produce un exceso de l\u00edquido o no se drena de los ojos, se produce una presi\u00f3n anormal. Como resultado de esta tensi\u00f3n ocular, se afecta el nervio \u00f3ptico, que transmite se\u00f1ales al cerebro.<\/span><\/p>\n<p><span style=\"font-weight: 400;\">El da\u00f1o al nervio \u00f3ptico, que produce zonas ciegas, puede causar ceguera total. Los adultos mayores de 50 a\u00f1os son m\u00e1s propensos a padecerlo. El bimatoprost reduce la presi\u00f3n ocular y ayuda en el tratamiento del glaucoma de \u00e1ngulo abierto.<\/span><\/p>\n<h4><span style=\"font-weight: 400;\">Hipertensi\u00f3n ocular<\/span><\/h4>\n<p><span style=\"font-weight: 400;\">Esta afecci\u00f3n se debe, como su nombre indica, a una presi\u00f3n intraocular elevada. Se considera el signo m\u00e1s temprano de glaucoma, incluso si no lesiona los nervios \u00f3pticos.<\/span><\/p>\n<p><span style=\"font-weight: 400;\">Un aumento imprevisto del l\u00edquido ocular o un problema con la expulsi\u00f3n de l\u00edquido del ojo causa hipertensi\u00f3n ocular. El bimatoprost se utiliza para tratar la hipertensi\u00f3n ocular reduciendo la presi\u00f3n ocular.<\/span><\/p>\n<h4><span style=\"font-weight: 400;\">Hipotricosis de las pesta\u00f1as\u00a0<\/span><\/h4>\n<p><span style=\"font-weight: 400;\">La hipotricosis es una afecci\u00f3n en la que las pesta\u00f1as crecen poco o nada. El bimatoprost act\u00faa para estimular el crecimiento de las pesta\u00f1as y lograr pesta\u00f1as largas y gruesas.\u00a0<\/span><\/p>\n<h3><span style=\"font-weight: 400;\">Laboral\u00a0<\/span><\/h3>\n<p><span style=\"font-weight: 400;\">Bimat LS cuenta con cr\u00edticas muy positivas y es un medicamento recomendado para\u00a0<\/span><\/p>\n<p><span style=\"font-weight: 400;\">Glaucoma e hipotricosis de pesta\u00f1as. <\/span><span style=\"font-weight: 400;\">Las gotas oft\u00e1lmicas Bimat LS pertenecen a la clase de medicamentos an\u00e1logos de las prostaglandinas. Aumentan la secreci\u00f3n del humor acuoso, lo que disminuye la presi\u00f3n intraocular elevada.<\/span><\/p>\n<p><span style=\"font-weight: 400;\">Las gotas oculares con Bimat LS ayudan a reducir la presi\u00f3n ocular. Disminuyen el riesgo de ceguera y retrasan la progresi\u00f3n de enfermedades. Se ha demostrado que el tratamiento con bimatoprost ayuda a los fol\u00edculos pilosos de las pesta\u00f1as a pasar de la fase de reposo a la fase de desarrollo activo y mejora el crecimiento de las pesta\u00f1as.<\/span><\/p>\n<h3><span style=\"font-weight: 400;\">Instrucciones de uso<\/span><\/h3>\n<p><span style=\"font-weight: 400;\">Dado que la gravedad de la enfermedad var\u00eda seg\u00fan la persona, siempre debe consultar a su m\u00e9dico sobre la frecuencia y la dosis de las gotas oft\u00e1lmicas. Debe usar las gotas oft\u00e1lmicas Bimat LS seg\u00fan las indicaciones del m\u00e9dico y en el momento oportuno. Generalmente, se recomienda que los pacientes usen las gotas oft\u00e1lmicas Bimat LS con regularidad.\u00a0<\/span><\/p>\n<p><span style=\"font-weight: 400;\">Generalmente se recomienda seguir los siguientes pasos:\u00a0<\/span><\/p>\n<ul>\n<li style=\"font-weight: 400;\" aria-level=\"1\"><span style=\"font-weight: 400;\">Mant\u00e9ngalo cerca de su cara sin presionar la punta del gotero en el ojo.<\/span><\/li>\n<li style=\"font-weight: 400;\" aria-level=\"1\"><span style=\"font-weight: 400;\">Coloque el l\u00edquido de las gotas para los ojos en el p\u00e1rpado inferior presionando suavemente el gotero y administre. <\/span><span style=\"font-weight: 400;\">una gota en cada ojo o seg\u00fan las indicaciones de su m\u00e9dico<\/span><\/li>\n<li style=\"font-weight: 400;\" aria-level=\"1\"><span style=\"font-weight: 400;\">Limpie el exceso de l\u00edquido con una toalla limpia.<\/span><\/li>\n<\/ul>","protected":false},"excerpt":{"rendered":"<ul>\n<li style=\"font-weight: 400;\" aria-level=\"1\"><span style=\"font-weight: 400;\">Trata el glaucoma y alivia la presi\u00f3n ocular.<\/span><\/li>\n<li style=\"font-weight: 400;\" aria-level=\"1\"><span style=\"font-weight: 400;\">Altamente eficaz y bien tolerado.<\/span><\/li>\n<li style=\"font-weight: 400;\" aria-level=\"1\"><span style=\"font-weight: 400;\">Mejora notable en 8-12 semanas<\/span><\/li>\n<li style=\"font-weight: 400;\" aria-level=\"1\"><span style=\"font-weight: 400;\">Pesta\u00f1as exuberantes en 2-4 semanas<\/span><\/li>\n<li style=\"font-weight: 400;\" aria-level=\"1\"><span style=\"font-weight: 400;\">Seguro tanto para ni\u00f1os como para adultos.<\/span><\/li>\n<\/ul>","protected":false},"featured_media":3558,"comment_status":"open","ping_status":"closed","template":"","meta":{"om_disable_all_campaigns":false,"_uf_show_specific_survey":0,"_uf_disable_surveys":false},"product_brand":[],"product_cat":[469],"product_tag":[],"class_list":{"0":"post-3554","1":"product","2":"type-product","3":"status-publish","4":"has-post-thumbnail","6":"product_cat-eye-care","8":"first","9":"instock","10":"shipping-taxable","11":"purchasable","12":"product-type-variable","13":"has-default-attributes"},"_links":{"self":[{"href":"https:\/\/wowrxpharmacy.com\/es_es\/wp-json\/wp\/v2\/product\/3554","targetHints":{"allow":["GET"]}}],"collection":[{"href":"https:\/\/wowrxpharmacy.com\/es_es\/wp-json\/wp\/v2\/product"}],"about":[{"href":"https:\/\/wowrxpharmacy.com\/es_es\/wp-json\/wp\/v2\/types\/product"}],"replies":[{"embeddable":true,"href":"https:\/\/wowrxpharmacy.com\/es_es\/wp-json\/wp\/v2\/comments?post=3554"}],"wp:featuredmedia":[{"embeddable":true,"href":"https:\/\/wowrxpharmacy.com\/es_es\/wp-json\/wp\/v2\/media\/3558"}],"wp:attachment":[{"href":"https:\/\/wowrxpharmacy.com\/es_es\/wp-json\/wp\/v2\/media?parent=3554"}],"wp:term":[{"taxonomy":"product_brand","embeddable":true,"href":"https:\/\/wowrxpharmacy.com\/es_es\/wp-json\/wp\/v2\/product_brand?post=3554"},{"taxonomy":"product_cat","embeddable":true,"href":"https:\/\/wowrxpharmacy.com\/es_es\/wp-json\/wp\/v2\/product_cat?post=3554"},{"taxonomy":"product_tag","embeddable":true,"href":"https:\/\/wowrxpharmacy.com\/es_es\/wp-json\/wp\/v2\/product_tag?post=3554"}],"curies":[{"name":"wp","href":"https:\/\/api.w.org\/{rel}","templated":true}]}}