{"id":3515,"date":"2024-09-26T06:00:21","date_gmt":"2024-09-26T10:00:21","guid":{"rendered":"https:\/\/wowrxpharmacy.com\/?post_type=product&#038;p=3515"},"modified":"2024-11-22T05:32:11","modified_gmt":"2024-11-22T10:32:11","slug":"asthalin-hfa-inhalador-100-mcg","status":"publish","type":"product","link":"https:\/\/wowrxpharmacy.com\/es_es\/producto\/asthalin-hfa-inhalador-100-mcg\/","title":{"rendered":"Asthalin HFA Inhalador 100 mcg"},"content":{"rendered":"<h3><span style=\"font-weight: 400;\">Acerca del inhalador Asthalin HFA 100 mcg<\/span><\/h3>\n<p><span style=\"font-weight: 400;\">El inhalador Asthalin HFA de 100 mcg es un broncodilatador que se utiliza para tratar y prevenir los s\u00edntomas del asma y la enfermedad pulmonar obstructiva cr\u00f3nica (EPOC). Contiene el principio activo salbutamol (tambi\u00e9n conocido como albuterol), que ayuda a relajar y abrir las v\u00edas respiratorias, facilitando la respiraci\u00f3n. Asthalin est\u00e1 dise\u00f1ado para un alivio r\u00e1pido de las sibilancias, la tos y la dificultad para respirar, permitiendo a las personas controlar sus s\u00edntomas eficazmente. Es importante usar este inhalador seg\u00fan las indicaciones de su profesional de la salud para garantizar resultados \u00f3ptimos.<\/span><\/p>\n<p><span style=\"font-weight: 400;\">El inhalador Asthalin HFA 100 mcg est\u00e1 disponible para su compra en WowRx, donde puede acceder f\u00e1cilmente a este medicamento esencial y garantizar que su salud respiratoria est\u00e9 bien controlada.<\/span><\/p>\n<h3><span style=\"font-weight: 400;\">Usos del inhalador Asthalin HFA<\/span><\/h3>\n<p><span style=\"font-weight: 400;\">Asthalin HFA Inhaler 100 mcg es principalmente <\/span><a href=\"https:\/\/www.ncbi.nlm.nih.gov\/books\/NBK482272\/#:~:text=Albuterol%2C%20also%20known,in%20clinical%20settings.\" target=\"_blank\" rel=\"nofollow noopener\"><span style=\"font-weight: 400;\">usado<\/span><\/a><span style=\"font-weight: 400;\"> Para el tratamiento y la prevenci\u00f3n de los s\u00edntomas del asma y la enfermedad pulmonar obstructiva cr\u00f3nica (EPOC) en adultos y ni\u00f1os mayores de 4 a\u00f1os. Los principales usos del inhalador Asthalin HFA incluyen:<\/span><\/p>\n<h4><span style=\"font-weight: 400;\">Tratamiento del asma<\/span><\/h4>\n<p><span style=\"font-weight: 400;\">El inhalador Asthalin HFA 100 mcg se utiliza principalmente para el alivio r\u00e1pido de los s\u00edntomas del asma. Ayuda a aliviar las sibilancias, la dificultad para respirar y la opresi\u00f3n en el pecho actuando como broncodilatador, relajando los m\u00fasculos de las v\u00edas respiratorias. Este inhalador de acci\u00f3n r\u00e1pida es esencial para el manejo de los s\u00edntomas agudos y puede usarse antes del ejercicio o la exposici\u00f3n a al\u00e9rgenos.<\/span><\/p>\n<h4><span style=\"font-weight: 400;\">Manejo de la EPOC<\/span><\/h4>\n<p><span style=\"font-weight: 400;\">Asthalin tambi\u00e9n est\u00e1 indicado para el tratamiento de la Enfermedad Pulmonar Obstructiva Cr\u00f3nica (EPOC). Alivia eficazmente s\u00edntomas como la disnea, la tos cr\u00f3nica y las sibilancias, a la vez que mejora la funci\u00f3n pulmonar y reduce las exacerbaciones. El uso regular de Asthalin ayuda a mantener una mejor salud respiratoria en personas con EPOC, garantizando una respiraci\u00f3n m\u00e1s fluida.<\/span><\/p>\n<h3><span style=\"font-weight: 400;\">\u00bfC\u00f3mo act\u00faa el Salbutamol?<\/span><\/h3>\n<p><span style=\"font-weight: 400;\">El inhalador Asthalin contiene salbutamol, un broncodilatador de acci\u00f3n r\u00e1pida que <\/span><a href=\"https:\/\/www.nhs.uk\/medicines\/salbutamol-inhaler\/#:~:text=Salbutamol%20is%20used,2.%20Key%20facts\" target=\"_blank\" rel=\"nofollow noopener\"><span style=\"font-weight: 400;\">eficazmente<\/span><\/a><span style=\"font-weight: 400;\"> Alivia los s\u00edntomas asociados con el asma y la enfermedad pulmonar obstructiva cr\u00f3nica (EPOC). Al relajar los m\u00fasculos lisos de las v\u00edas respiratorias, Asthalin las ensancha, permitiendo que el aire fluya con mayor libertad hacia los pulmones. Esta acci\u00f3n ayuda a aliviar s\u00edntomas como sibilancias, opresi\u00f3n en el pecho y dificultad para respirar.<\/span><\/p>\n<p><span style=\"font-weight: 400;\">El inhalador proporciona un alivio r\u00e1pido, generalmente en 5 minutos, y sus efectos pueden durar de 4 a 6 horas. Es especialmente \u00fatil para controlar los s\u00edntomas del asma aguda y tambi\u00e9n puede prevenir los broncoespasmos inducidos por el ejercicio o los s\u00edntomas provocados por al\u00e9rgenos. Su uso regular, seg\u00fan lo prescrito, es esencial para un control \u00f3ptimo de la afecci\u00f3n respiratoria.<\/span><\/p>\n<p><span style=\"font-weight: 400;\">El inhalador Asthalin es <\/span><a href=\"https:\/\/www.medicines.org.uk\/emc\/product\/15454\/smpc#gref:~:text=Asthalin%20Inhaler%20is,reversible%20airways%20obstruction.\" target=\"_blank\" rel=\"nofollow noopener\"><span style=\"font-weight: 400;\">seguro<\/span><\/a><span style=\"font-weight: 400;\"> Para adultos y ni\u00f1os mayores de 4 a\u00f1os. Sin embargo, debe usarse con precauci\u00f3n en personas con ciertas afecciones m\u00e9dicas, como diabetes o problemas card\u00edacos.<\/span><\/p>\n<h3><span style=\"font-weight: 400;\">\u00bfC\u00f3mo utilizar el inhalador Asthalin HFA?<\/span><\/h3>\n<p><span style=\"font-weight: 400;\">Aqu\u00ed est\u00e1n los m\u00e9todos correctos para <\/span><a href=\"https:\/\/www.nhs.uk\/medicines\/salbutamol-inhaler\/#:~:text=4.-,How%20and%20when%20to%20use%20your%20inhaler,side%20effects%20such%20as%20increased%20heart%20rate%2C%20jitteriness%2C%20nervousness%20and%20headaches,-Non%2Durgent%20advice\" target=\"_blank\" rel=\"nofollow noopener\"><span style=\"font-weight: 400;\">eficazmente<\/span><\/a><span style=\"font-weight: 400;\"> Utilice el inhalador Asthalin HFA para garantizar un alivio \u00f3ptimo:\u00a0<\/span><\/p>\n<ul>\n<li style=\"font-weight: 400;\" aria-level=\"1\"><b>Prepare el inhalador:<\/b><span style=\"font-weight: 400;\"> Si es la primera vez que usa el inhalador o si no lo ha usado en una semana, ag\u00edtelo bien y libere dos pulverizaciones de prueba en el aire para prepararlo.<\/span><\/li>\n<li style=\"font-weight: 400;\" aria-level=\"1\"><b>Compruebe la boquilla:<\/b><span style=\"font-weight: 400;\"> Retire la cubierta de la boquilla y aseg\u00farese de que el interior est\u00e9 limpio y libre de obstrucciones.<\/span><span style=\"font-weight: 400;\"><br \/>\n<\/span><\/li>\n<li style=\"font-weight: 400;\" aria-level=\"1\"><b>Exhalar:<\/b><span style=\"font-weight: 400;\"> Exhala completamente para vaciar tus pulmones, prepar\u00e1ndote para una inhalaci\u00f3n profunda.<\/span><\/li>\n<li style=\"font-weight: 400;\" aria-level=\"1\"><b>Coloque el inhalador:<\/b><span style=\"font-weight: 400;\"> Sostenga el inhalador en posici\u00f3n vertical con el pulgar en la base y coloque los labios alrededor de la boquilla para crear un sello herm\u00e9tico.<\/span><\/li>\n<li style=\"font-weight: 400;\" aria-level=\"1\"><b>Inhala lentamente:<\/b><span style=\"font-weight: 400;\"> A medida que comience a respirar lentamente por la boca, presione el inhalador para liberar una dosis de medicamento. Contin\u00fae respirando profunda y constantemente.<\/span><\/li>\n<li style=\"font-weight: 400;\" aria-level=\"1\"><b>Aguanta la respiraci\u00f3n:<\/b><span style=\"font-weight: 400;\"> Despu\u00e9s de inhalar, retire el inhalador de la boca y contenga la respiraci\u00f3n durante unos 10 segundos para permitir que el medicamento llegue profundamente a sus pulmones.<\/span><\/li>\n<li style=\"font-weight: 400;\" aria-level=\"1\"><b>Exhala lentamente:<\/b><span style=\"font-weight: 400;\"> Exhale suavemente por la boca despu\u00e9s de contener la respiraci\u00f3n.<\/span><\/li>\n<li style=\"font-weight: 400;\" aria-level=\"1\"><b>Repita si es necesario:<\/b><span style=\"font-weight: 400;\"> Si necesita otra bocanada, espere al menos 30 segundos antes de repetir los pasos 3 a 7.<\/span><\/li>\n<li style=\"font-weight: 400;\" aria-level=\"1\"><b>Vuelva a colocar la cubierta:<\/b><span style=\"font-weight: 400;\"> Despu\u00e9s de su uso, vuelva a colocar de forma segura la cubierta de la boquilla para mantenerla limpia.<\/span><\/li>\n<li style=\"font-weight: 400;\" aria-level=\"1\"><b>Enju\u00e1gate la boca:<\/b><span style=\"font-weight: 400;\"> Enju\u00e1gate la boca con agua y esc\u00fapela para evitar irritaciones o infecciones en la boca o la garganta.<\/span><\/li>\n<\/ul>\n<p><span style=\"font-weight: 400;\">Seguir estos pasos garantiza que utilice el inhalador Asthalin HFA de manera eficaz para un alivio \u00f3ptimo de los s\u00edntomas del asma y la EPOC.<\/span><\/p>","protected":false},"excerpt":{"rendered":"<p>El inhalador Asthalin HFA a base de salbutamol proporciona un alivio r\u00e1pido de los s\u00edntomas del asma, facilitando la respiraci\u00f3n. Aprobado por la FDA, eficaz y port\u00e1til.<\/p>","protected":false},"featured_media":36642,"comment_status":"open","ping_status":"closed","template":"","meta":{"om_disable_all_campaigns":false,"_uf_show_specific_survey":0,"_uf_disable_surveys":false},"product_brand":[],"product_cat":[555,1758],"product_tag":[],"class_list":{"0":"post-3515","1":"product","2":"type-product","3":"status-publish","4":"has-post-thumbnail","6":"product_cat-asthma","7":"product_cat-top-picks","9":"first","10":"instock","11":"sale","12":"shipping-taxable","13":"purchasable","14":"product-type-variable"},"_links":{"self":[{"href":"https:\/\/wowrxpharmacy.com\/es_es\/wp-json\/wp\/v2\/product\/3515","targetHints":{"allow":["GET"]}}],"collection":[{"href":"https:\/\/wowrxpharmacy.com\/es_es\/wp-json\/wp\/v2\/product"}],"about":[{"href":"https:\/\/wowrxpharmacy.com\/es_es\/wp-json\/wp\/v2\/types\/product"}],"replies":[{"embeddable":true,"href":"https:\/\/wowrxpharmacy.com\/es_es\/wp-json\/wp\/v2\/comments?post=3515"}],"wp:featuredmedia":[{"embeddable":true,"href":"https:\/\/wowrxpharmacy.com\/es_es\/wp-json\/wp\/v2\/media\/36642"}],"wp:attachment":[{"href":"https:\/\/wowrxpharmacy.com\/es_es\/wp-json\/wp\/v2\/media?parent=3515"}],"wp:term":[{"taxonomy":"product_brand","embeddable":true,"href":"https:\/\/wowrxpharmacy.com\/es_es\/wp-json\/wp\/v2\/product_brand?post=3515"},{"taxonomy":"product_cat","embeddable":true,"href":"https:\/\/wowrxpharmacy.com\/es_es\/wp-json\/wp\/v2\/product_cat?post=3515"},{"taxonomy":"product_tag","embeddable":true,"href":"https:\/\/wowrxpharmacy.com\/es_es\/wp-json\/wp\/v2\/product_tag?post=3515"}],"curies":[{"name":"wp","href":"https:\/\/api.w.org\/{rel}","templated":true}]}}