{"id":3497,"date":"2024-09-23T06:00:21","date_gmt":"2024-09-23T10:00:21","guid":{"rendered":"https:\/\/wowrxpharmacy.com\/?post_type=product&#038;p=3497"},"modified":"2024-11-22T04:45:40","modified_gmt":"2024-11-22T09:45:40","slug":"aerocort-inhaler-50-50-mcg","status":"publish","type":"product","link":"https:\/\/wowrxpharmacy.com\/es_es\/producto\/aerocort-inhaler-50-50-mcg\/","title":{"rendered":"Inhalador Aerocort 50 mcg 50 mcg (200 mdi)"},"content":{"rendered":"<h3><span style=\"font-weight: 400;\">\u00bfQu\u00e9 es el inhalador Aerocort 50 mcg 50 mcg (200 mdi)?<\/span><\/h3>\n<p><span style=\"font-weight: 400;\">El inhalador Aerocort es un medicamento combinado para el asma, una afecci\u00f3n respiratoria que dificulta la respiraci\u00f3n. Se produce cuando las v\u00edas respiratorias se inflaman, se hinchan y se llenan de mucosidad. Algunos de los s\u00edntomas del asma son dificultad para respirar, sibilancias y tos.<\/span><\/p>\n<p><span style=\"font-weight: 400;\">El inhalador Aerocort contiene beclometasona (corticosteroides) y levosalbutamol (broncodilatadores). Cipla Ltd. fabrica el medicamento. Puede recibirlo r\u00e1pidamente en su domicilio a trav\u00e9s de WowRx.<\/span><\/p>\n<h3><span style=\"font-weight: 400;\">\u00bfPara qu\u00e9 se utiliza el inhalador Aerocort 50 mcg 50 mcg (200 mdi)?<\/span><\/h3>\n<p><span style=\"font-weight: 400;\">El inhalador Aerocort 50 mcg\/50 mcg ha recibido cr\u00edticas muy positivas y es un medicamento recomendado para el asma.<\/span><\/p>\n<p><span style=\"font-weight: 400;\">El inhalador Aerocort facilita una respiraci\u00f3n m\u00e1s f\u00e1cil al expandir las v\u00edas respiratorias, lo que reduce s\u00edntomas como<\/span><\/p>\n<ul>\n<li style=\"font-weight: 400;\" aria-level=\"1\"><span style=\"font-weight: 400;\">Opresi\u00f3n en el pecho<\/span><\/li>\n<li style=\"font-weight: 400;\" aria-level=\"1\"><span style=\"font-weight: 400;\">Tos nocturna<\/span><\/li>\n<li style=\"font-weight: 400;\" aria-level=\"1\"><span style=\"font-weight: 400;\">Dificultad para respirar<\/span><\/li>\n<li style=\"font-weight: 400;\" aria-level=\"1\"><span style=\"font-weight: 400;\">Cianosis<\/span><\/li>\n<li style=\"font-weight: 400;\" aria-level=\"1\"><span style=\"font-weight: 400;\">sibilancias<\/span><\/li>\n<li style=\"font-weight: 400;\" aria-level=\"1\"><span style=\"font-weight: 400;\">Tos<\/span><\/li>\n<\/ul>\n<p><span style=\"font-weight: 400;\">A largo plazo, el ejercicio regular y el yoga pueden mejorar los s\u00edntomas del asma y la salud general.<\/span><\/p>\n<h3><span style=\"font-weight: 400;\">\u00bfC\u00f3mo funciona el inhalador Aerocort 50 mcg 50 mcg (200 mdi)?<\/span><\/h3>\n<p><span style=\"font-weight: 400;\">La dosis del inhalador Aerocort de 50 mcg de beclometasona y 50 mcg de levosalbutamol es un tratamiento eficaz para el asma y la enfermedad pulmonar obstructiva cr\u00f3nica (EPOC). La beclometasona es un esteroide que... <\/span><a href=\"https:\/\/pubchem.ncbi.nlm.nih.gov\/compound\/beclomethasone#:~:text=Beclomethasone%20is%20a%20synthetic%20glucocorticoid%20with%20anti%2Dinflammatory%20and%20immunomodulating%20properties.\" target=\"_blank\" rel=\"nofollow noopener\"><span style=\"font-weight: 400;\">inhibe<\/span><\/a><span style=\"font-weight: 400;\"> y suprime los mediadores y c\u00e9lulas proinflamatorias y antiinflamatorias.\u00a0<\/span><\/p>\n<p><span style=\"font-weight: 400;\">El levosalbutamol es un beta-agonista de acci\u00f3n breve que relaja las c\u00e9lulas musculares lisas de las v\u00edas respiratorias, facilitando as\u00ed el paso del aire. Por lo tanto, el inhalador Aerocort es un... <\/span><a href=\"https:\/\/www.resmedjournal.com\/article\/S0954-6111%2806%2900105-3\/pdf\" target=\"_blank\" rel=\"nofollow noopener\"><span style=\"font-weight: 400;\">eficaz<\/span><\/a><span style=\"font-weight: 400;\"> Tratamiento para las dificultades respiratorias, la inflamaci\u00f3n y el edema relacionados con el asma.<\/span><\/p>\n<h3><span style=\"font-weight: 400;\">\u00bfC\u00f3mo utilizar el inhalador Aerocort 50 mcg 50 mcg (200 mdi)?<\/span><\/h3>\n<p><span style=\"font-weight: 400;\">Consulte la etiqueta para ver las instrucciones de uso antes de usarlo. Su m\u00e9dico le recetar\u00e1 la dosis ideal del inhalador Aerocort, es decir, el n\u00famero de inhalaciones que debe administrar, seg\u00fan su edad, peso e historial m\u00e9dico. La dosis t\u00edpica es de 2 inhalaciones por uso.<\/span><\/p>\n<p><span style=\"font-weight: 400;\">Instrucciones generales para el uso correcto del inhalador:<\/span><\/p>\n<ul>\n<li style=\"font-weight: 400;\" aria-level=\"1\"><span style=\"font-weight: 400;\">Sostenga el inhalador en posici\u00f3n vertical y coloque la boquilla entre los dientes. Evite morderla.<\/span><\/li>\n<li style=\"font-weight: 400;\" aria-level=\"1\"><span style=\"font-weight: 400;\">Presione la parte superior del inhalador para expulsar una bocanada de aire mientras inhala por la boca. Contenga la respiraci\u00f3n.<\/span><\/li>\n<li style=\"font-weight: 400;\" aria-level=\"1\"><span style=\"font-weight: 400;\">Retire con cuidado el inhalador y contenga la respiraci\u00f3n durante el tiempo que le resulte c\u00f3modo.<\/span><\/li>\n<li style=\"font-weight: 400;\" aria-level=\"1\"><span style=\"font-weight: 400;\">Exhala suavemente<\/span><\/li>\n<li style=\"font-weight: 400;\" aria-level=\"1\"><span style=\"font-weight: 400;\">Repita hasta que haya inhalado la cantidad de bocanadas prescritas por su m\u00e9dico.<\/span><\/li>\n<li style=\"font-weight: 400;\" aria-level=\"1\"><span style=\"font-weight: 400;\">Luego, enju\u00e1gate bien la boca con agua y esc\u00fapela.<\/span><\/li>\n<li style=\"font-weight: 400;\" aria-level=\"1\"><span style=\"font-weight: 400;\">Despu\u00e9s de su uso, vuelva a colocar la tapa de la boquilla para evitar que se acumule polvo o residuos.<\/span><\/li>\n<\/ul>","protected":false},"excerpt":{"rendered":"<p>Con beclometasona y levosalbutamol, el inhalador Aerocort proporciona un alivio r\u00e1pido del asma, reduciendo la inflamaci\u00f3n. Aprobado por la FDA, port\u00e1til y eficaz.<\/p>","protected":false},"featured_media":36590,"comment_status":"open","ping_status":"closed","template":"","meta":{"om_disable_all_campaigns":false,"_uf_show_specific_survey":0,"_uf_disable_surveys":false},"product_brand":[],"product_cat":[555],"product_tag":[],"class_list":{"0":"post-3497","1":"product","2":"type-product","3":"status-publish","4":"has-post-thumbnail","6":"product_cat-asthma","8":"first","9":"instock","10":"sale","11":"shipping-taxable","12":"purchasable","13":"product-type-variable","14":"has-default-attributes"},"_links":{"self":[{"href":"https:\/\/wowrxpharmacy.com\/es_es\/wp-json\/wp\/v2\/product\/3497","targetHints":{"allow":["GET"]}}],"collection":[{"href":"https:\/\/wowrxpharmacy.com\/es_es\/wp-json\/wp\/v2\/product"}],"about":[{"href":"https:\/\/wowrxpharmacy.com\/es_es\/wp-json\/wp\/v2\/types\/product"}],"replies":[{"embeddable":true,"href":"https:\/\/wowrxpharmacy.com\/es_es\/wp-json\/wp\/v2\/comments?post=3497"}],"wp:featuredmedia":[{"embeddable":true,"href":"https:\/\/wowrxpharmacy.com\/es_es\/wp-json\/wp\/v2\/media\/36590"}],"wp:attachment":[{"href":"https:\/\/wowrxpharmacy.com\/es_es\/wp-json\/wp\/v2\/media?parent=3497"}],"wp:term":[{"taxonomy":"product_brand","embeddable":true,"href":"https:\/\/wowrxpharmacy.com\/es_es\/wp-json\/wp\/v2\/product_brand?post=3497"},{"taxonomy":"product_cat","embeddable":true,"href":"https:\/\/wowrxpharmacy.com\/es_es\/wp-json\/wp\/v2\/product_cat?post=3497"},{"taxonomy":"product_tag","embeddable":true,"href":"https:\/\/wowrxpharmacy.com\/es_es\/wp-json\/wp\/v2\/product_tag?post=3497"}],"curies":[{"name":"wp","href":"https:\/\/api.w.org\/{rel}","templated":true}]}}