{"id":3400,"date":"2024-06-19T08:34:21","date_gmt":"2024-06-19T12:34:21","guid":{"rendered":"https:\/\/wowrxpharmacy.com\/?post_type=product&#038;p=3400"},"modified":"2024-10-16T03:51:28","modified_gmt":"2024-10-16T07:51:28","slug":"crema-ret-hc-de-15-g","status":"publish","type":"product","link":"https:\/\/wowrxpharmacy.com\/es_es\/producto\/crema-ret-hc-de-15-g\/","title":{"rendered":"A Ret-HC Crema 15 gm"},"content":{"rendered":"<h3><span style=\"font-weight: 400;\">Acerca de la crema Ret-HC de 15 g<\/span><\/h3>\n<p><span style=\"font-weight: 400;\">El Ret-HC es un medicamento eficaz que se receta para el melasma, una afecci\u00f3n cut\u00e1nea. Contiene tretino\u00edna, hidroquinona e hidrocortisona como ingredientes activos. <\/span><span style=\"font-weight: 400;\">A. Menarini India Pvt Ltd fabrica la crema A Ret-HC.<\/span><\/p>\n<p><span style=\"font-weight: 400;\">Puede pedir f\u00e1cilmente la crema A Ret-HC de 15 g en WowRXPharmacy. Rec\u00edbala en su domicilio desde la comodidad de su hogar.<\/span><\/p>\n<h3><span style=\"font-weight: 400;\">Usos<\/span><\/h3>\n<p><span style=\"font-weight: 400;\">Se prescribe una crema Ret HC para el tratamiento del melasma. El melasma es un trastorno de la pigmentaci\u00f3n que causa manchas marrones o grises en la piel, principalmente en el rostro. Las manchas formadas son m\u00e1s oscuras que el tono de piel de la persona afectada. El melasma se presenta con frecuencia durante el embarazo y... <\/span><span style=\"font-weight: 400;\">Menopausia<\/span><span style=\"font-weight: 400;\">.<\/span><\/p>\n<h3><span style=\"font-weight: 400;\">\u00bfC\u00f3mo funciona A-Ret HC?<\/span><\/h3>\n<p><span style=\"font-weight: 400;\">Una crema Ret HC combina tres medicamentos para tratar el melasma: hidroquinona, tretino\u00edna e hidrocortisona. La hidroquinona es un medicamento blanqueador de la piel. Disminuye la cantidad de pigmento cut\u00e1neo (melanina) que causa el oscurecimiento de la piel.\u00a0<\/span><\/p>\n<p><span style=\"font-weight: 400;\">La tretino\u00edna, el otro ingrediente de A Ret-HC, es un tipo de vitamina A que promueve una renovaci\u00f3n cut\u00e1nea m\u00e1s r\u00e1pida. La hidrocortisona es un esteroide que inhibe la producci\u00f3n de mensajeros qu\u00edmicos (prostaglandinas) que causan enrojecimiento, inflamaci\u00f3n y picaz\u00f3n en la piel.<\/span><\/p>\n<h3><span style=\"font-weight: 400;\">C\u00f3mo utilizar<\/span><\/h3>\n<p><span style=\"font-weight: 400;\">Este medicamento es solo para uso externo. \u00daselo seg\u00fan las indicaciones de su m\u00e9dico en cuanto a dosis y duraci\u00f3n. Lea atentamente la etiqueta antes de usarlo.<\/span><\/p>\n<p><span style=\"font-weight: 400;\">Despu\u00e9s de limpiar y secar la zona afectada, aplique la crema. A menos que sus manos tambi\u00e9n est\u00e9n afectadas, l\u00e1velas despu\u00e9s de aplicarla.<\/span><\/p>","protected":false},"excerpt":{"rendered":"<ul>\n<li style=\"font-weight: 400;\" aria-level=\"1\"><span style=\"font-weight: 400;\">Eficaz para el melasma<\/span><\/li>\n<li style=\"font-weight: 400;\" aria-level=\"1\"><span style=\"font-weight: 400;\">Contiene sales aclarantes y renovadoras de la piel.<\/span><\/li>\n<li style=\"font-weight: 400;\" aria-level=\"1\"><span style=\"font-weight: 400;\">F\u00e1cil de aplicar<\/span><\/li>\n<li style=\"font-weight: 400;\" aria-level=\"1\"><span style=\"font-weight: 400;\">Resultados visibles en 3 meses<\/span><\/li>\n<li style=\"font-weight: 400;\" aria-level=\"1\"><span style=\"font-weight: 400;\">Env\u00edo en 24 horas<\/span><\/li>\n<\/ul>\n<p>&nbsp;<\/p>","protected":false},"featured_media":3398,"comment_status":"open","ping_status":"closed","template":"","meta":{"om_disable_all_campaigns":false,"_uf_show_specific_survey":0,"_uf_disable_surveys":false},"product_brand":[],"product_cat":[534],"product_tag":[],"class_list":{"0":"post-3400","1":"product","2":"type-product","3":"status-publish","4":"has-post-thumbnail","6":"product_cat-skin-care","8":"first","9":"instock","10":"shipping-taxable","11":"purchasable","12":"product-type-variable","13":"has-default-attributes"},"_links":{"self":[{"href":"https:\/\/wowrxpharmacy.com\/es_es\/wp-json\/wp\/v2\/product\/3400","targetHints":{"allow":["GET"]}}],"collection":[{"href":"https:\/\/wowrxpharmacy.com\/es_es\/wp-json\/wp\/v2\/product"}],"about":[{"href":"https:\/\/wowrxpharmacy.com\/es_es\/wp-json\/wp\/v2\/types\/product"}],"replies":[{"embeddable":true,"href":"https:\/\/wowrxpharmacy.com\/es_es\/wp-json\/wp\/v2\/comments?post=3400"}],"wp:featuredmedia":[{"embeddable":true,"href":"https:\/\/wowrxpharmacy.com\/es_es\/wp-json\/wp\/v2\/media\/3398"}],"wp:attachment":[{"href":"https:\/\/wowrxpharmacy.com\/es_es\/wp-json\/wp\/v2\/media?parent=3400"}],"wp:term":[{"taxonomy":"product_brand","embeddable":true,"href":"https:\/\/wowrxpharmacy.com\/es_es\/wp-json\/wp\/v2\/product_brand?post=3400"},{"taxonomy":"product_cat","embeddable":true,"href":"https:\/\/wowrxpharmacy.com\/es_es\/wp-json\/wp\/v2\/product_cat?post=3400"},{"taxonomy":"product_tag","embeddable":true,"href":"https:\/\/wowrxpharmacy.com\/es_es\/wp-json\/wp\/v2\/product_tag?post=3400"}],"curies":[{"name":"wp","href":"https:\/\/api.w.org\/{rel}","templated":true}]}}