{"id":3352,"date":"2024-06-13T07:44:59","date_gmt":"2024-06-13T11:44:59","guid":{"rendered":"https:\/\/wowrxpharmacy.com\/?post_type=product&#038;p=3352"},"modified":"2024-10-16T03:51:28","modified_gmt":"2024-10-16T07:51:28","slug":"naproxeno-500","status":"publish","type":"product","link":"https:\/\/wowrxpharmacy.com\/es_es\/producto\/naproxeno-500\/","title":{"rendered":"Naprosyn 500+"},"content":{"rendered":"<h3><span style=\"font-weight: 400;\">\u00bfQu\u00e9 es Naprosyn 500+?<\/span><\/h3>\n<p><span style=\"font-weight: 400;\">Naprosyn 500+ mg es un medicamento clasificado como antiinflamatorio no esteroideo (AINE). Se receta com\u00fanmente para disminuir el dolor y la inflamaci\u00f3n asociados con diversas afecciones, como la artritis reumatoide y la osteoartritis en adultos.<\/span><\/p>\n<p><span style=\"font-weight: 400;\">Su ingrediente activo es el naproxeno, que inhibe las hormonas responsables del dolor y la inflamaci\u00f3n. Fabricado por RPG Life Sciences Ltd, Naprosyn 500+ es un medicamento con receta m\u00e9dica.<\/span><\/p>\n<p><span style=\"font-weight: 400;\">El medicamento est\u00e1 f\u00e1cilmente disponible a precios asequibles en WowRx.<\/span><\/p>\n<h3><span style=\"font-weight: 400;\">Naproxeno 500 + usos<\/span><\/h3>\n<p><span style=\"font-weight: 400;\">Algunos de los <\/span><a href=\"https:\/\/www.ncbi.nlm.nih.gov\/books\/NBK525965\/#:~:text=Naproxen%20is%20FDA,inflammation%2C%20and%20dysmenorrhea\" target=\"_blank\" rel=\"nofollow noopener\"><span style=\"font-weight: 400;\">Aprobado por la FDA<\/span><\/a><span style=\"font-weight: 400;\"> Los usos de Naprosyn 500+ incluyen:<\/span><\/p>\n<ul>\n<li style=\"font-weight: 400;\" aria-level=\"1\"><b>Dolor: <\/b><span style=\"font-weight: 400;\">Alivio eficaz para diversos tipos de dolor, incluidas lesiones relacionadas con la artritis y calambres menstruales.<\/span><\/li>\n<li style=\"font-weight: 400;\" aria-level=\"1\"><b>Gota aguda: <\/b><span style=\"font-weight: 400;\">Una forma de artritis que causa dolor repentino e intenso, hinchaz\u00f3n y enrojecimiento, a menudo en el dedo gordo del pie.<\/span><\/li>\n<li style=\"font-weight: 400;\" aria-level=\"1\"><b>Espondiloartritis anquilosante: <\/b><span style=\"font-weight: 400;\">Afecta principalmente la columna vertebral y provoca rigidez, dolor y movilidad limitada.<\/span><\/li>\n<li style=\"font-weight: 400;\" aria-level=\"1\"><b>Bursitis: <\/b><span style=\"font-weight: 400;\">Inflamaci\u00f3n de los sacos llenos de l\u00edquido cerca de las articulaciones, lo que provoca dolor e hinchaz\u00f3n.<\/span><\/li>\n<li style=\"font-weight: 400;\" aria-level=\"1\"><b>Osteoartritis:<\/b><span style=\"font-weight: 400;\"> El tipo de artritis m\u00e1s com\u00fan se caracteriza por el deterioro del cart\u00edlago articular, lo que causa dolor, rigidez y reducci\u00f3n de la movilidad.<\/span><\/li>\n<li style=\"font-weight: 400;\" aria-level=\"1\"><b>Tendinitis: <\/b><span style=\"font-weight: 400;\">Inflamaci\u00f3n o irritaci\u00f3n de los tendones que conectan los m\u00fasculos a los huesos, lo que provoca dolor y sensibilidad alrededor de las articulaciones.<\/span><\/li>\n<li style=\"font-weight: 400;\" aria-level=\"1\"><b>Artritis reumatoide: <\/b><span style=\"font-weight: 400;\">Una enfermedad autoinmune que afecta las articulaciones y causa inflamaci\u00f3n, dolor, hinchaz\u00f3n, rigidez y, potencialmente, da\u00f1o articular.<\/span><\/li>\n<li style=\"font-weight: 400;\" aria-level=\"1\"><b>Dismenorrea primaria: <\/b><span style=\"font-weight: 400;\">Alivia los calambres menstruales dolorosos que ocurren sin condiciones m\u00e9dicas subyacentes.<\/span><\/li>\n<\/ul>\n<h3><span style=\"font-weight: 400;\">\u00bfC\u00f3mo funciona Naprosyn 500+ mg?<\/span><\/h3>\n<p><span style=\"font-weight: 400;\">Al igual que otros AINE, el naproxeno funciona mediante <\/span><a href=\"https:\/\/www.ncbi.nlm.nih.gov\/books\/NBK525965\/#:~:text=Naproxen%20blocks%20arachidonate,further%20prostaglandin%20production\" target=\"_blank\" rel=\"nofollow noopener\"><span style=\"font-weight: 400;\">bloqueando enzimas llamadas ciclooxigenasas<\/span><\/a><span style=\"font-weight: 400;\"> (COX-1 y COX-2). Estas enzimas producen prostaglandinas, que causan dolor, inflamaci\u00f3n y fiebre.\u00a0<\/span><\/p>\n<p><span style=\"font-weight: 400;\">Al inhibir la producci\u00f3n de prostaglandinas, el naproxeno reduce la inflamaci\u00f3n en los tejidos corporales. Esto ayuda a aliviar el dolor, las molestias y la hinchaz\u00f3n, aliviando diversas afecciones.<\/span><span style=\"font-weight: 400;\"><br \/>\n<\/span><\/p>\n<h3><span style=\"font-weight: 400;\">\u00bfC\u00f3mo tomar Naprosyn 500+?<\/span><\/h3>\n<p><span style=\"font-weight: 400;\">Antes de tomar Naprosyn 500+ comprimidos, es fundamental consultar con un m\u00e9dico o profesional de la salud. Siga estas instrucciones mientras toma Naprosyn:<\/span><\/p>\n<ul>\n<li style=\"font-weight: 400;\" aria-level=\"1\"><b>T\u00f3malo como un todo:<\/b><span style=\"font-weight: 400;\"> El medicamento debe tragarse con un vaso de agua. No triture, rompa ni mastique la tableta.<\/span><\/li>\n<li style=\"font-weight: 400;\" aria-level=\"1\"><b>Con o sin comida:<\/b><span style=\"font-weight: 400;\"> Naprosyn puede tomarse con o sin alimentos. Sin embargo, tomarlo con alimentos puede ayudar a reducir el riesgo de molestias gastrointestinales.<\/span><\/li>\n<li style=\"font-weight: 400;\" aria-level=\"1\"><b>Horario regular:<\/b><span style=\"font-weight: 400;\"> Tome Naprosyn 500 mg+ en comprimidos seg\u00fan las indicaciones de su m\u00e9dico para obtener la m\u00e1xima eficacia. El medicamento puede tardar de 1 a 2 semanas en hacer efecto, especialmente en casos de artritis grave o persistente.<\/span><\/li>\n<\/ul>","protected":false},"excerpt":{"rendered":"<ul>\n<li style=\"font-weight: 400;\"><span style=\"font-weight: 400;\">Naproxeno aprobado por la FDA<\/span><\/li>\n<li style=\"font-weight: 400;\"><span style=\"font-weight: 400;\">Comienza a funcionar en 60 minutos.<\/span><\/li>\n<li style=\"font-weight: 400;\"><span style=\"font-weight: 400;\">Ayuda a reducir el dolor y la inflamaci\u00f3n.<\/span><\/li>\n<li style=\"font-weight: 400;\"><span style=\"font-weight: 400;\">Alivio del dolor hasta por 12 horas.<\/span><\/li>\n<li style=\"font-weight: 400;\"><span style=\"font-weight: 400;\">Env\u00edo en 24 horas<\/span><\/li>\n<\/ul>","protected":false},"featured_media":3368,"comment_status":"open","ping_status":"closed","template":"","meta":{"om_disable_all_campaigns":false,"_uf_show_specific_survey":0,"_uf_disable_surveys":false},"product_brand":[],"product_cat":[1757,505],"product_tag":[],"class_list":{"0":"post-3352","1":"product","2":"type-product","3":"status-publish","4":"has-post-thumbnail","6":"product_cat-featured-products","7":"product_cat-pain-relief","9":"first","10":"instock","11":"shipping-taxable","12":"purchasable","13":"product-type-variable","14":"has-default-attributes"},"_links":{"self":[{"href":"https:\/\/wowrxpharmacy.com\/es_es\/wp-json\/wp\/v2\/product\/3352","targetHints":{"allow":["GET"]}}],"collection":[{"href":"https:\/\/wowrxpharmacy.com\/es_es\/wp-json\/wp\/v2\/product"}],"about":[{"href":"https:\/\/wowrxpharmacy.com\/es_es\/wp-json\/wp\/v2\/types\/product"}],"replies":[{"embeddable":true,"href":"https:\/\/wowrxpharmacy.com\/es_es\/wp-json\/wp\/v2\/comments?post=3352"}],"wp:featuredmedia":[{"embeddable":true,"href":"https:\/\/wowrxpharmacy.com\/es_es\/wp-json\/wp\/v2\/media\/3368"}],"wp:attachment":[{"href":"https:\/\/wowrxpharmacy.com\/es_es\/wp-json\/wp\/v2\/media?parent=3352"}],"wp:term":[{"taxonomy":"product_brand","embeddable":true,"href":"https:\/\/wowrxpharmacy.com\/es_es\/wp-json\/wp\/v2\/product_brand?post=3352"},{"taxonomy":"product_cat","embeddable":true,"href":"https:\/\/wowrxpharmacy.com\/es_es\/wp-json\/wp\/v2\/product_cat?post=3352"},{"taxonomy":"product_tag","embeddable":true,"href":"https:\/\/wowrxpharmacy.com\/es_es\/wp-json\/wp\/v2\/product_tag?post=3352"}],"curies":[{"name":"wp","href":"https:\/\/api.w.org\/{rel}","templated":true}]}}