{"id":3315,"date":"2024-06-06T08:21:04","date_gmt":"2024-06-06T12:21:04","guid":{"rendered":"https:\/\/wowrxpharmacy.com\/?post_type=product&#038;p=3315"},"modified":"2024-12-05T00:16:20","modified_gmt":"2024-12-05T05:16:20","slug":"kamagra-oral-jelly-100mg","status":"publish","type":"product","link":"https:\/\/wowrxpharmacy.com\/es_es\/producto\/kamagra-oral-jelly-100mg\/","title":{"rendered":"Kamagra Oral Jelly 100mg"},"content":{"rendered":"<h3><span style=\"font-weight: 400;\">Acerca de Kamagra Oral Jelly<\/span><\/h3>\n<p><span style=\"font-weight: 400;\">Kamagra Oral Jelly es una soluci\u00f3n farmac\u00e9utica para combatir la disfunci\u00f3n er\u00e9ctil (DE), un problema frecuente de salud sexual masculina. Est\u00e1 disponible con receta m\u00e9dica y ofrece una forma de administraci\u00f3n m\u00e1s c\u00f3moda gracias a su consistencia gelatinosa.<\/span><\/p>\n<p><span style=\"font-weight: 400;\">Fabricado por Ajanta Pharma, Kamagra Jelly contiene el ingrediente activo citrato de sildenafilo, el mismo componente que se encuentra en Viagra, por lo que es una soluci\u00f3n potente y fiable para los hombres que buscan mejorar su rendimiento sexual.\u00a0<\/span><\/p>\n<h3><span style=\"font-weight: 400;\">Usos y beneficios de 100 mg de Kamagra<\/span><\/h3>\n<p><span style=\"font-weight: 400;\">Principalmente, Kamagra 100 mg Jelly se utiliza para tratar la disfunci\u00f3n er\u00e9ctil (DE). Se produce cuando un hombre es incapaz de lograr o mantener una erecci\u00f3n lo suficientemente firme como para tener relaciones sexuales.\u00a0<\/span><\/p>\n<p><span style=\"font-weight: 400;\">Las ventajas de Kamagra Jelly van m\u00e1s all\u00e1 de su eficacia en el tratamiento de la disfunci\u00f3n er\u00e9ctil. La formulaci\u00f3n en jalea ofrece un m\u00e9todo de administraci\u00f3n sin complicaciones, especialmente para quienes pueden tener dificultades para tragar pastillas. Su envase port\u00e1til lo hace discreto y f\u00e1cil de llevar, lo que permite a los usuarios disfrutar de la espontaneidad sexual sin llamar la atenci\u00f3n.<\/span><\/p>\n<h3><span style=\"font-weight: 400;\">\u00bfC\u00f3mo funciona Kamagra Oral Jelly?<\/span><\/h3>\n<p><span style=\"font-weight: 400;\">Kamagra Oral Jelly, que contiene sildenafilo, act\u00faa de la siguiente manera <\/span><a href=\"https:\/\/medlineplus.gov\/druginfo\/meds\/a699015.html#:~:text=Sildenafil%20is%20in%20a%20class%20of%20medications%20called%20phosphodiesterase%20(PDE)%20inhibitors.%20Sildenafil%20treats%20erectile%20dysfunction%20by%20increasing%20blood%20flow%20to%20the%20penis%20during%20sexual%20stimulation.%20This%20increased%20blood%20flow%20can%20cause%20an%20erection.\" target=\"_blank\" rel=\"noopener\"><span style=\"font-weight: 400;\">inhibici\u00f3n de la enzima PDE 5<\/span><\/a><span style=\"font-weight: 400;\"> (Fosfodiesterasa tipo 5). Al bloquear la PDE5, Kamagra favorece la liberaci\u00f3n de \u00f3xido n\u00edtrico (NO).\u00a0<\/span><\/p>\n<p><span style=\"font-weight: 400;\">El \u00f3xido n\u00edtrico activa una enzima, la guanilato ciclasa, que aumenta los niveles de monofosfato de guanosina c\u00edclico (GMPc). El aumento de cGMP provoca la relajaci\u00f3n de los m\u00fasculos lisos del pene y aumenta la afluencia de sangre, provocando as\u00ed la erecci\u00f3n.<\/span><\/p>\n<p><span style=\"font-weight: 400;\">Es importante se\u00f1alar que Kamagra Oral Jelly no induce la excitaci\u00f3n sexual por s\u00ed sola y requiere estimulaci\u00f3n sexual para lograr sus efectos deseados.<\/span><\/p>\n<h3><span style=\"font-weight: 400;\">\u00bfC\u00f3mo tomar Kamagra sobre?<\/span><\/h3>\n<p><span style=\"font-weight: 400;\">Tomar Kamagra Oral Jelly es simple y directo:<\/span><\/p>\n<ul>\n<li style=\"font-weight: 400;\" aria-level=\"1\"><b>Administrar la jalea:<\/b><span style=\"font-weight: 400;\"> Abra el sobre y exprima el contenido de Kamagra Oral Jelly 100 mg directamente en la boca o en una cuchara. La jalea se puede tragar f\u00e1cilmente sin necesidad de agua, por lo que es conveniente para el uso sobre la marcha<\/span><\/li>\n<li style=\"font-weight: 400;\" aria-level=\"1\"><b>El momento es clave:<\/b><span style=\"font-weight: 400;\"> Tome la jalea aproximadamente de 30 minutos a 1 hora antes de la actividad sexual prevista. De este modo, se dispone de tiempo suficiente para que el medicamento se absorba y ejerza sus efectos.<\/span><\/li>\n<li style=\"font-weight: 400;\" aria-level=\"1\"><b>Evite las comidas copiosas:<\/b><span style=\"font-weight: 400;\"> Para optimizar la absorci\u00f3n y minimizar el riesgo de aparici\u00f3n retardada, evite consumir comidas pesadas o alimentos ricos en grasas antes de tomar Oral Jelly<\/span><\/li>\n<\/ul>","protected":false},"excerpt":{"rendered":"<p>El Citrato de Sildenafil de acci\u00f3n r\u00e1pida en Kamagra Oral Jelly proporciona un alivio eficaz de la disfunci\u00f3n er\u00e9ctil, combinado con sabrosos sabores para mejorar la experiencia.<\/p>","protected":false},"featured_media":38779,"comment_status":"open","ping_status":"closed","template":"","meta":{"om_disable_all_campaigns":false,"_uf_show_specific_survey":0,"_uf_disable_surveys":false},"product_brand":[],"product_cat":[2116,1757,438,2387],"product_tag":[],"class_list":{"0":"post-3315","1":"product","2":"type-product","3":"status-publish","4":"has-post-thumbnail","6":"product_cat-2-day-delivery","7":"product_cat-featured-products","8":"product_cat-mens-health","9":"product_cat-sildenafil-citrate","11":"first","12":"instock","13":"sale","14":"shipping-taxable","15":"purchasable","16":"product-type-variable","17":"has-default-attributes"},"_links":{"self":[{"href":"https:\/\/wowrxpharmacy.com\/es_es\/wp-json\/wp\/v2\/product\/3315","targetHints":{"allow":["GET"]}}],"collection":[{"href":"https:\/\/wowrxpharmacy.com\/es_es\/wp-json\/wp\/v2\/product"}],"about":[{"href":"https:\/\/wowrxpharmacy.com\/es_es\/wp-json\/wp\/v2\/types\/product"}],"replies":[{"embeddable":true,"href":"https:\/\/wowrxpharmacy.com\/es_es\/wp-json\/wp\/v2\/comments?post=3315"}],"wp:featuredmedia":[{"embeddable":true,"href":"https:\/\/wowrxpharmacy.com\/es_es\/wp-json\/wp\/v2\/media\/38779"}],"wp:attachment":[{"href":"https:\/\/wowrxpharmacy.com\/es_es\/wp-json\/wp\/v2\/media?parent=3315"}],"wp:term":[{"taxonomy":"product_brand","embeddable":true,"href":"https:\/\/wowrxpharmacy.com\/es_es\/wp-json\/wp\/v2\/product_brand?post=3315"},{"taxonomy":"product_cat","embeddable":true,"href":"https:\/\/wowrxpharmacy.com\/es_es\/wp-json\/wp\/v2\/product_cat?post=3315"},{"taxonomy":"product_tag","embeddable":true,"href":"https:\/\/wowrxpharmacy.com\/es_es\/wp-json\/wp\/v2\/product_tag?post=3315"}],"curies":[{"name":"wp","href":"https:\/\/api.w.org\/{rel}","templated":true}]}}