{"id":5347,"date":"2024-07-15T07:57:44","date_gmt":"2024-07-15T11:57:44","guid":{"rendered":"https:\/\/wowrxpharmacy.com\/?page_id=5347"},"modified":"2024-08-03T02:25:04","modified_gmt":"2024-08-03T06:25:04","slug":"acerca-de-nosotros","status":"publish","type":"page","link":"https:\/\/wowrxpharmacy.com\/es_es\/acerca-de-nosotros\/","title":{"rendered":"Qui\u00e9nes somos"},"content":{"rendered":"<h1 class=\"wp-block-heading\" id=\"about-us\">Qui\u00e9nes somos<\/h1>\n\n\n<p>En WowRx, nos comprometemos a ofrecer a nuestros clientes soluciones sanitarias aut\u00e9nticas y de alta calidad. Nuestra gama de productos incluye productos esenciales de venta con receta y de venta libre, que satisfacen las necesidades de los clientes de Estados Unidos.<\/p>\n\n\n\n<p>WowRx es su fuente de confianza para soluciones de salud fiables. Nuestras diversas categor\u00edas cubren el cuidado de la piel, alergias, asma, cuidado de los ojos, p\u00e9rdida de cabello, salud sexual y antibi\u00f3ticos de primera calidad. Nuestro objetivo es revolucionar la industria de la salud ofreciendo medicamentos asequibles y priorizando su bienestar por encima de cualquier otra cosa.<\/p>\n\n\n\n<p>Nuestra farmacia electr\u00f3nica est\u00e1 dirigida por profesionales m\u00e9dicos formados para garantizar que los medicamentos son seguros, se ajustan a las normas y siguen las directrices sanitarias. Todos estos medicamentos son fabricados por fabricantes certificados.&nbsp;<\/p>\n\n\n\n<p>Nos enorgullecemos de ofrecer a nuestros clientes lo mejor, junto con la atenci\u00f3n al cliente 24\/7 extendida y resoluci\u00f3n de consultas. WowRx se dedica a garantizar su satisfacci\u00f3n. Con un proceso de pedido sin problemas, damos prioridad a su bienestar y nos esforzamos por ofrecer una experiencia positiva para todos nuestros clientes.<\/p>\n\n\n\n<p>WowRx est\u00e1 decidida a crecer m\u00e1s all\u00e1 de una plataforma de proveedores de medicamentos con y sin receta para convertirse en una farmacia con compasi\u00f3n, comodidad y transparencia. Nuestro objetivo es hacer que cada interacci\u00f3n sea f\u00e1cil de usar y garantizar que nuestros clientes sean siempre lo primero.&nbsp;<\/p>\n\n\n\n<p>Prevemos formas asequibles de conseguir la atenci\u00f3n adecuada para nuestros consumidores, independientemente de su seguro y su nivel de ingresos, porque una asistencia sanitaria asequible y c\u00f3moda es una necesidad b\u00e1sica que debe estar al alcance de todos.<\/p>","protected":false},"excerpt":{"rendered":"<p>About Us At WowRx, we are committed to delivering genuine and high-quality health solutions to our customers. Our range of products includes prescription-based and over-the-counter essentials, catering to the needs of customers in the US. WowRx is your trusted source for reliable health solutions. Our diverse categories cover skin care, allergies, asthma, eye care, hair [&hellip;]<\/p>","protected":false},"author":1,"featured_media":0,"parent":0,"menu_order":0,"comment_status":"closed","ping_status":"closed","template":"","meta":{"om_disable_all_campaigns":false,"_uf_show_specific_survey":0,"_uf_disable_surveys":false,"footnotes":""},"class_list":["post-5347","page","type-page","status-publish","hentry"],"_links":{"self":[{"href":"https:\/\/wowrxpharmacy.com\/es_es\/wp-json\/wp\/v2\/pages\/5347","targetHints":{"allow":["GET"]}}],"collection":[{"href":"https:\/\/wowrxpharmacy.com\/es_es\/wp-json\/wp\/v2\/pages"}],"about":[{"href":"https:\/\/wowrxpharmacy.com\/es_es\/wp-json\/wp\/v2\/types\/page"}],"author":[{"embeddable":true,"href":"https:\/\/wowrxpharmacy.com\/es_es\/wp-json\/wp\/v2\/users\/1"}],"replies":[{"embeddable":true,"href":"https:\/\/wowrxpharmacy.com\/es_es\/wp-json\/wp\/v2\/comments?post=5347"}],"version-history":[{"count":4,"href":"https:\/\/wowrxpharmacy.com\/es_es\/wp-json\/wp\/v2\/pages\/5347\/revisions"}],"predecessor-version":[{"id":30905,"href":"https:\/\/wowrxpharmacy.com\/es_es\/wp-json\/wp\/v2\/pages\/5347\/revisions\/30905"}],"wp:attachment":[{"href":"https:\/\/wowrxpharmacy.com\/es_es\/wp-json\/wp\/v2\/media?parent=5347"}],"curies":[{"name":"wp","href":"https:\/\/api.w.org\/{rel}","templated":true}]}}