{"id":5711,"date":"2024-07-19T05:25:54","date_gmt":"2024-07-19T09:25:54","guid":{"rendered":"https:\/\/wowrxpharmacy.com\/?post_type=product&#038;p=5711"},"modified":"2024-10-16T03:47:36","modified_gmt":"2024-10-16T07:47:36","slug":"losacar-25-mg","status":"publish","type":"product","link":"https:\/\/wowrxpharmacy.com\/es_co\/producto\/losacar-25-mg\/","title":{"rendered":"Losacar 25 mg"},"content":{"rendered":"<h3><span style=\"font-weight: 400;\">Acerca de Losacar 25 mg<\/span><\/h3>\n<p><span style=\"font-weight: 400;\">Losacar 25 mg es un medicamento para bajar la presi\u00f3n arterial. Contiene losart\u00e1n, aprobado por la FDA, y se utiliza para reducir la hipertensi\u00f3n arterial, la insuficiencia card\u00edaca cr\u00f3nica y la nefropat\u00eda diab\u00e9tica. Tambi\u00e9n se sabe que reduce el riesgo de accidente cerebrovascular en personas con hipertensi\u00f3n arterial e hipertrofia ventricular izquierda.<\/span><\/p>\n<p><span style=\"font-weight: 400;\">Zydus Cadila Healthcare Ltd fabrica Losacar 25. Puede comprar Losacar 25 mg a precios asequibles y con descuento en su tienda de confianza WowRx.<\/span><\/p>\n<h3><span style=\"font-weight: 400;\">Losacar 25 usos<\/span><\/h3>\n<p><span style=\"font-weight: 400;\">Losacar puede ser <\/span><a href=\"https:\/\/www.mayoclinic.org\/drugs-supplements\/losartan-oral-route\/description\/drg-20067341#:~:text=Losartan%20is%20used,and%20heart%20attacks.\" target=\"_blank\" rel=\"nofollow noopener\"><span style=\"font-weight: 400;\">utilizado para reducir<\/span><\/a><span style=\"font-weight: 400;\"> Hipertensi\u00f3n arterial. Tambi\u00e9n reduce el riesgo de complicaciones card\u00edacas. Permite un mayor flujo sangu\u00edneo al coraz\u00f3n y mejora su bombeo. Tambi\u00e9n se utiliza para tratar la retinopat\u00eda diab\u00e9tica.<\/span><\/p>\n<h3><span style=\"font-weight: 400;\">C\u00f3mo funciona Losartan<\/span><\/h3>\n<p><span style=\"font-weight: 400;\">El losart\u00e1n es el ingrediente activo de Losacar 25 mg, un bloqueador del receptor de angiotensina (ARA II). Act\u00faa mediante <\/span><a href=\"https:\/\/www.nhs.uk\/medicines\/losartan\/common-questions-about-losartan\/#:~:text=Losartan%20is%20a,high%20blood%20pressure.\" target=\"_blank\" rel=\"nofollow noopener\"><span style=\"font-weight: 400;\">relajando los vasos sangu\u00edneos<\/span><\/a><span style=\"font-weight: 400;\"> y bloquea la acci\u00f3n de una sustancia qu\u00edmica que los contrae. Reduce la presi\u00f3n arterial y permite que la sangre fluya a trav\u00e9s de ella, llegando al coraz\u00f3n y mejorando su funci\u00f3n eficazmente.<\/span><\/p>\n<p><span style=\"font-weight: 400;\">Adem\u00e1s, en la enfermedad renal diab\u00e9tica, el losart\u00e1n reduce la presi\u00f3n arterial y la cantidad de prote\u00edna que pierden los ri\u00f1ones. Por lo tanto, protege los ri\u00f1ones y retrasa el empeoramiento de la enfermedad.<\/span><\/p>\n<h3><span style=\"font-weight: 400;\">C\u00f3mo tomar Losacar 25<\/span><\/h3>\n<p><span style=\"font-weight: 400;\">Aqu\u00ed hay algunas cosas a tener en cuenta al consumir Losacar 25:<\/span><\/p>\n<ul>\n<li style=\"font-weight: 400;\" aria-level=\"1\"><span style=\"font-weight: 400;\">Tome la dosis prescrita por su m\u00e9dico.<\/span><\/li>\n<li style=\"font-weight: 400;\" aria-level=\"1\"><span style=\"font-weight: 400;\">Puede tomar la dosis prescrita con o sin alimentos.<\/span><\/li>\n<li style=\"font-weight: 400;\" aria-level=\"1\"><span style=\"font-weight: 400;\">Evite triturar, masticar o romper la tableta de 25 mg. Tr\u00e1guela entera.<\/span><\/li>\n<li style=\"font-weight: 400;\" aria-level=\"1\"><span style=\"font-weight: 400;\">No exceda la dosis prescrita del comprimido.<\/span><\/li>\n<li style=\"font-weight: 400;\" aria-level=\"1\"><span style=\"font-weight: 400;\">Es recomendable tomarlo a una hora fija para evitar olvidar una dosis.<\/span><\/li>\n<\/ul>","protected":false},"excerpt":{"rendered":"<ul>\n<li style=\"font-weight: 400;\" aria-level=\"1\"><span style=\"font-weight: 400;\">Losart\u00e1n aprobado por la FDA<\/span><\/li>\n<li style=\"font-weight: 400;\" aria-level=\"1\"><span style=\"font-weight: 400;\">Trata la presi\u00f3n arterial alta y reduce los problemas card\u00edacos.<\/span><\/li>\n<li style=\"font-weight: 400;\" aria-level=\"1\"><span style=\"font-weight: 400;\">Resultados visibles en 3-6 semanas<\/span><\/li>\n<li style=\"font-weight: 400;\" aria-level=\"1\"><span style=\"font-weight: 400;\">Permanece efectivo durante 6 a 9 horas.<\/span><\/li>\n<li style=\"font-weight: 400;\" aria-level=\"1\"><span style=\"font-weight: 400;\">Embalaje r\u00e1pido y env\u00edo r\u00e1pido.<\/span><\/li>\n<\/ul>","protected":false},"featured_media":29780,"comment_status":"open","ping_status":"closed","template":"","meta":{"om_disable_all_campaigns":false,"_uf_show_specific_survey":0,"_uf_disable_surveys":false},"product_brand":[],"product_cat":[608],"product_tag":[],"class_list":{"0":"post-5711","1":"product","2":"type-product","3":"status-publish","4":"has-post-thumbnail","6":"product_cat-heart-blood-pressure","8":"first","9":"instock","10":"shipping-taxable","11":"purchasable","12":"product-type-variable"},"_links":{"self":[{"href":"https:\/\/wowrxpharmacy.com\/es_co\/wp-json\/wp\/v2\/product\/5711","targetHints":{"allow":["GET"]}}],"collection":[{"href":"https:\/\/wowrxpharmacy.com\/es_co\/wp-json\/wp\/v2\/product"}],"about":[{"href":"https:\/\/wowrxpharmacy.com\/es_co\/wp-json\/wp\/v2\/types\/product"}],"replies":[{"embeddable":true,"href":"https:\/\/wowrxpharmacy.com\/es_co\/wp-json\/wp\/v2\/comments?post=5711"}],"wp:featuredmedia":[{"embeddable":true,"href":"https:\/\/wowrxpharmacy.com\/es_co\/wp-json\/wp\/v2\/media\/29780"}],"wp:attachment":[{"href":"https:\/\/wowrxpharmacy.com\/es_co\/wp-json\/wp\/v2\/media?parent=5711"}],"wp:term":[{"taxonomy":"product_brand","embeddable":true,"href":"https:\/\/wowrxpharmacy.com\/es_co\/wp-json\/wp\/v2\/product_brand?post=5711"},{"taxonomy":"product_cat","embeddable":true,"href":"https:\/\/wowrxpharmacy.com\/es_co\/wp-json\/wp\/v2\/product_cat?post=5711"},{"taxonomy":"product_tag","embeddable":true,"href":"https:\/\/wowrxpharmacy.com\/es_co\/wp-json\/wp\/v2\/product_tag?post=5711"}],"curies":[{"name":"wp","href":"https:\/\/api.w.org\/{rel}","templated":true}]}}