{"id":5154,"date":"2024-07-13T08:00:57","date_gmt":"2024-07-13T12:00:57","guid":{"rendered":"https:\/\/wowrxpharmacy.com\/?post_type=product&#038;p=5154"},"modified":"2024-10-16T03:51:23","modified_gmt":"2024-10-16T07:51:23","slug":"olvance-40-mg","status":"publish","type":"product","link":"https:\/\/wowrxpharmacy.com\/es_co\/producto\/olvance-40-mg\/","title":{"rendered":"Olvance 40 mg"},"content":{"rendered":"<h3><span style=\"font-weight: 400;\">Acerca de Olvance 40 mg<\/span><\/h3>\n<p><span style=\"font-weight: 400;\">Olvance 40 es un medicamento eficaz para tratar la hipertensi\u00f3n arterial. Olmesart\u00e1n 40 mg, su ingrediente activo, tambi\u00e9n previene la insuficiencia card\u00edaca y los ataques. Relaja los vasos sangu\u00edneos y favorece la circulaci\u00f3n sangu\u00ednea. Puede comprar Olmesart\u00e1n 40 mg f\u00e1cilmente en WowRXPharmacy. Solicite Olvance en el \u00fanico lugar donde encontrar\u00e1 todos sus medicamentos para el coraz\u00f3n y la presi\u00f3n arterial.<\/span><\/p>\n<h3><span style=\"font-weight: 400;\">Usos de Olvance 40<\/span><\/h3>\n<p><span style=\"font-weight: 400;\">Olvance es un tratamiento eficaz para la hipertensi\u00f3n. Tambi\u00e9n conocida como presi\u00f3n arterial alta, es una afecci\u00f3n en la que la presi\u00f3n que ejerce la sangre circulante en los vasos sangu\u00edneos es alta. Las tabletas de Olvance de 40 mg reducen la presi\u00f3n arterial, facilitando el bombeo de sangre al coraz\u00f3n. Este medicamento tambi\u00e9n se receta para tratar la insuficiencia card\u00edaca. Su m\u00e9dico tambi\u00e9n puede recomendarlo para prevenir ataques card\u00edacos y accidentes cerebrovasculares.<\/span><\/p>\n<h3><span style=\"font-weight: 400;\">\u00bfC\u00f3mo funciona Olmesart\u00e1n?<\/span><\/h3>\n<p><span style=\"font-weight: 400;\">Olvance es una formulaci\u00f3n de olmesart\u00e1n de 40 mg para el tratamiento de afecciones card\u00edacas como la hipertensi\u00f3n. Olmesart\u00e1n pertenece al grupo de medicamentos conocidos como bloqueadores de los receptores de angiotensina (ARA-II). Relaja los vasos sangu\u00edneos al inhibir la acci\u00f3n de una sustancia qu\u00edmica que suele contraerlos. Como resultado, se reduce la presi\u00f3n arterial, permitiendo que la sangre fluya libremente a los diversos \u00f3rganos y que el coraz\u00f3n bombee con mayor eficacia. La tableta de Olvance de 40 mg tiene excelentes rese\u00f1as y es un medicamento recomendado para la hipertensi\u00f3n. Consiga Olvance de 40 mg desde la comodidad de su hogar. Compre todos sus medicamentos para el coraz\u00f3n y la presi\u00f3n arterial en la mejor farmacia en l\u00ednea.<\/span><\/p>\n<h3><span style=\"font-weight: 400;\">C\u00f3mo tomar<\/span><\/h3>\n<p><span style=\"font-weight: 400;\">Siga estas instrucciones mientras toma el medicamento:<\/span><\/p>\n<ul>\n<li style=\"font-weight: 400;\" aria-level=\"1\"><span style=\"font-weight: 400;\">Trague las tabletas de Olvance enteras<\/span><\/li>\n<li style=\"font-weight: 400;\" aria-level=\"1\"><span style=\"font-weight: 400;\">No mastique, triture ni rompa las pastillas.<\/span><\/li>\n<li style=\"font-weight: 400;\" aria-level=\"1\"><span style=\"font-weight: 400;\">Los comprimidos de Olvance 40 se pueden tomar con el est\u00f3mago vac\u00edo, pero a una hora fija.<\/span><\/li>\n<\/ul>","protected":false},"excerpt":{"rendered":"<ul>\n<li style=\"font-weight: 400;\" aria-level=\"1\"><span style=\"font-weight: 400;\">Controlar la presi\u00f3n arterial alta<\/span><\/li>\n<li style=\"font-weight: 400;\" aria-level=\"1\"><span style=\"font-weight: 400;\">Previene futuros problemas relacionados con el coraz\u00f3n.<\/span><\/li>\n<li style=\"font-weight: 400;\" aria-level=\"1\"><span style=\"font-weight: 400;\">Resultados visibles en 1 a 2 semanas<\/span><\/li>\n<li style=\"font-weight: 400;\" aria-level=\"1\"><span style=\"font-weight: 400;\">Env\u00edo en 24 horas<\/span><\/li>\n<li style=\"font-weight: 400;\" aria-level=\"1\"><span style=\"font-weight: 400;\">Rese\u00f1as muy positivas<\/span><\/li>\n<\/ul>","protected":false},"featured_media":29623,"comment_status":"open","ping_status":"closed","template":"","meta":{"om_disable_all_campaigns":false,"_uf_show_specific_survey":0,"_uf_disable_surveys":false},"product_brand":[],"product_cat":[608],"product_tag":[],"class_list":{"0":"post-5154","1":"product","2":"type-product","3":"status-publish","4":"has-post-thumbnail","6":"product_cat-heart-blood-pressure","8":"first","9":"instock","10":"shipping-taxable","11":"purchasable","12":"product-type-variable","13":"has-default-attributes"},"_links":{"self":[{"href":"https:\/\/wowrxpharmacy.com\/es_co\/wp-json\/wp\/v2\/product\/5154","targetHints":{"allow":["GET"]}}],"collection":[{"href":"https:\/\/wowrxpharmacy.com\/es_co\/wp-json\/wp\/v2\/product"}],"about":[{"href":"https:\/\/wowrxpharmacy.com\/es_co\/wp-json\/wp\/v2\/types\/product"}],"replies":[{"embeddable":true,"href":"https:\/\/wowrxpharmacy.com\/es_co\/wp-json\/wp\/v2\/comments?post=5154"}],"wp:featuredmedia":[{"embeddable":true,"href":"https:\/\/wowrxpharmacy.com\/es_co\/wp-json\/wp\/v2\/media\/29623"}],"wp:attachment":[{"href":"https:\/\/wowrxpharmacy.com\/es_co\/wp-json\/wp\/v2\/media?parent=5154"}],"wp:term":[{"taxonomy":"product_brand","embeddable":true,"href":"https:\/\/wowrxpharmacy.com\/es_co\/wp-json\/wp\/v2\/product_brand?post=5154"},{"taxonomy":"product_cat","embeddable":true,"href":"https:\/\/wowrxpharmacy.com\/es_co\/wp-json\/wp\/v2\/product_cat?post=5154"},{"taxonomy":"product_tag","embeddable":true,"href":"https:\/\/wowrxpharmacy.com\/es_co\/wp-json\/wp\/v2\/product_tag?post=5154"}],"curies":[{"name":"wp","href":"https:\/\/api.w.org\/{rel}","templated":true}]}}