{"id":4644,"date":"2024-07-13T08:07:31","date_gmt":"2024-07-13T12:07:31","guid":{"rendered":"https:\/\/wowrxpharmacy.com\/?post_type=product&#038;p=4644"},"modified":"2024-10-16T03:51:24","modified_gmt":"2024-10-16T07:51:24","slug":"inhalador-de-foracort-6-100-mcg","status":"publish","type":"product","link":"https:\/\/wowrxpharmacy.com\/es_co\/producto\/inhalador-de-foracort-6-100-mcg\/","title":{"rendered":"Inhalador Foracort 6\/100 mcg (120 dosis)"},"content":{"rendered":"<h3><span style=\"font-weight: 400;\">Acerca del inhalador Foracort 6\/100 mcg (120 dosis)<\/span><\/h3>\n<p><span style=\"font-weight: 400;\">El inhalador Foracort 100 es un inhalador \u00fanico que contiene dos medicamentos. Alivia los s\u00edntomas del asma cr\u00f3nico y la enfermedad pulmonar obstructiva cr\u00f3nica (EPOC), facilitando la respiraci\u00f3n.\u00a0<\/span><\/p>\n<p><span style=\"font-weight: 400;\">Las sales principales de este medicamento son formoterol y budesonida. Act\u00faa deteniendo la liberaci\u00f3n de ciertos mensajeros qu\u00edmicos que causan inflamaci\u00f3n (hinchaz\u00f3n) y relajando los m\u00fasculos de las v\u00edas respiratorias.\u00a0<\/span><\/p>\n<p><span style=\"font-weight: 400;\">Cipla fabrica Foracort Rotacaps en diferentes concentraciones. El inhalador Foracort 6\/100 mcg (120 dosis) tiene muy buenas cr\u00edticas y es un medicamento recomendado para el asma y la EPOC.\u00a0\u00a0<\/span><\/p>\n<h3><span style=\"font-weight: 400;\">Uso del inhalador Foracort 6\/100 mcg<\/span><\/h3>\n<p><span style=\"font-weight: 400;\">Si quieres <\/span><span style=\"font-weight: 400;\">Inhalador Foracort 6\/100 mcg<\/span><span style=\"font-weight: 400;\"> Para que funcione, debes tomarlo todos los d\u00edas, incluso si te sientes bien.\u00a0<\/span><\/p>\n<h4><span style=\"font-weight: 400;\">Tratamiento de la enfermedad pulmonar obstructiva cr\u00f3nica (EPOC)<\/span><\/h4>\n<p><span style=\"font-weight: 400;\">Inhalador Foracort 6\/100 mcg<\/span><span style=\"font-weight: 400;\"> Mantiene abiertas las v\u00edas respiratorias de los pulmones, lo que permite respirar. Relaja los m\u00fasculos de estas v\u00edas respiratorias, lo que facilita la entrada y salida del aire. Ayuda a aliviar s\u00edntomas como opresi\u00f3n en el pecho, dificultad para respirar, sibilancias y tos, facilitando as\u00ed la vida diaria.<\/span><\/p>\n<p><span style=\"font-weight: 400;\">Este inhalador es seguro y eficaz. Suele empezar a hacer efecto en pocos minutos y sus efectos pueden durar varias horas.\u00a0<\/span><\/p>\n<h4><span style=\"font-weight: 400;\">Prevenci\u00f3n y tratamiento del asma<\/span><\/h4>\n<p><span style=\"font-weight: 400;\">El asma es una enfermedad cr\u00f3nica que se caracteriza por la inflamaci\u00f3n y constricci\u00f3n de las v\u00edas respiratorias pulmonares, lo que provoca el estrechamiento de las mismas. Los s\u00edntomas incluyen tos, sibilancias, dificultad para respirar y opresi\u00f3n en el pecho. Estos s\u00edntomas intermitentes tienden a empeorar por la noche o durante la actividad f\u00edsica.<\/span><\/p>\n<h3><span style=\"font-weight: 400;\">Funcionamiento del inhalador Foracort 6\/100 mcg<\/span><\/h3>\n<p><span style=\"font-weight: 400;\">El inhalador Foracort 6\/100 mcg contiene dos medicamentos distintos: formoterol y budesonida. El formoterol, un broncodilatador, mantiene las v\u00edas respiratorias abiertas relajando los m\u00fasculos y ensanch\u00e1ndolos durante un per\u00edodo prolongado. La budesonida, un corticosteroide, inhibe la liberaci\u00f3n de sustancias qu\u00edmicas que inducen inflamaci\u00f3n, previniendo la hinchaz\u00f3n de las v\u00edas respiratorias. Juntos, facilitan una mejor respiraci\u00f3n.<\/span><\/p>\n<p><span style=\"font-weight: 400;\">Comprar <\/span><span style=\"font-weight: 400;\">Inhalador Foracort 6\/100 mcg<\/span><span style=\"font-weight: 400;\"> en l\u00ednea desde la farmacia en l\u00ednea m\u00e1s confiable WowRXPharmacy.<\/span><\/p>\n<h3><span style=\"font-weight: 400;\">C\u00f3mo usar el inhalador Foracort\u00a0<\/span><\/h3>\n<p><span style=\"font-weight: 400;\">Seguir <\/span><a href=\"https:\/\/www.mayoclinic.org\/drugs-supplements\/budesonide-and-formoterol-inhalation-route\/proper-use\/drg-20068949\" target=\"_blank\" rel=\"noopener\"><span style=\"font-weight: 400;\">estos pasos<\/span><\/a><span style=\"font-weight: 400;\"> mientras toma <\/span><span style=\"font-weight: 400;\">Inhalador Foracort 6\/100 mcg<\/span><span style=\"font-weight: 400;\">:<\/span><\/p>\n<ul>\n<li style=\"font-weight: 400;\" aria-level=\"1\"><span style=\"font-weight: 400;\">Solo debe usarlo inhal\u00e1ndolo a trav\u00e9s de su Rotahaler.<\/span><\/li>\n<li style=\"font-weight: 400;\" aria-level=\"1\"><span style=\"font-weight: 400;\">Si te enjuagas la boca despu\u00e9s de usarlo, tu garganta no se irritar\u00e1 ni se secar\u00e1.<\/span><\/li>\n<li style=\"font-weight: 400;\" aria-level=\"1\"><span style=\"font-weight: 400;\">Para abrir una c\u00e1psula Rota haler, sost\u00e9ngala horizontalmente con el extremo m\u00e1s ligero hacia el otro lado y el punto blanco hacia arriba.<\/span><\/li>\n<li style=\"font-weight: 400;\" aria-level=\"1\"><span style=\"font-weight: 400;\">Luego, exhala lentamente y cierra los labios alrededor de la boquilla. Respira hondo y mant\u00e9n la respiraci\u00f3n durante diez segundos.<\/span><\/li>\n<li style=\"font-weight: 400;\" aria-level=\"1\"><span style=\"font-weight: 400;\">Despu\u00e9s, respire con normalidad y deseche la c\u00e1psula vac\u00eda. Lea las instrucciones del prospecto antes de usarla.<\/span><\/li>\n<li style=\"font-weight: 400;\" aria-level=\"1\"><span style=\"font-weight: 400;\">Hable con su m\u00e9dico o farmac\u00e9utico para asegurarse de que est\u00e1 tomando su medicamento como le indic\u00f3 el m\u00e9dico.<\/span><\/li>\n<\/ul>","protected":false},"excerpt":{"rendered":"<ul>\n<li style=\"font-weight: 400;\" aria-level=\"1\"><span style=\"font-weight: 400;\">Budesonida y formoterol aprobados por la FDA<\/span><\/li>\n<li style=\"font-weight: 400;\" aria-level=\"1\"><span style=\"font-weight: 400;\">Trata los s\u00edntomas del asma y la EPOC.<\/span><\/li>\n<li style=\"font-weight: 400;\" aria-level=\"1\"><span style=\"font-weight: 400;\">El alivio dura 12 horas.<\/span><\/li>\n<li style=\"font-weight: 400;\" aria-level=\"1\"><span style=\"font-weight: 400;\">Env\u00edo en 24 horas<\/span><\/li>\n<\/ul>","protected":false},"featured_media":29914,"comment_status":"open","ping_status":"closed","template":"","meta":{"om_disable_all_campaigns":false,"_uf_show_specific_survey":0,"_uf_disable_surveys":false},"product_brand":[],"product_cat":[555],"product_tag":[],"class_list":{"0":"post-4644","1":"product","2":"type-product","3":"status-publish","4":"has-post-thumbnail","6":"product_cat-asthma","8":"first","9":"instock","10":"shipping-taxable","11":"purchasable","12":"product-type-variable"},"_links":{"self":[{"href":"https:\/\/wowrxpharmacy.com\/es_co\/wp-json\/wp\/v2\/product\/4644","targetHints":{"allow":["GET"]}}],"collection":[{"href":"https:\/\/wowrxpharmacy.com\/es_co\/wp-json\/wp\/v2\/product"}],"about":[{"href":"https:\/\/wowrxpharmacy.com\/es_co\/wp-json\/wp\/v2\/types\/product"}],"replies":[{"embeddable":true,"href":"https:\/\/wowrxpharmacy.com\/es_co\/wp-json\/wp\/v2\/comments?post=4644"}],"wp:featuredmedia":[{"embeddable":true,"href":"https:\/\/wowrxpharmacy.com\/es_co\/wp-json\/wp\/v2\/media\/29914"}],"wp:attachment":[{"href":"https:\/\/wowrxpharmacy.com\/es_co\/wp-json\/wp\/v2\/media?parent=4644"}],"wp:term":[{"taxonomy":"product_brand","embeddable":true,"href":"https:\/\/wowrxpharmacy.com\/es_co\/wp-json\/wp\/v2\/product_brand?post=4644"},{"taxonomy":"product_cat","embeddable":true,"href":"https:\/\/wowrxpharmacy.com\/es_co\/wp-json\/wp\/v2\/product_cat?post=4644"},{"taxonomy":"product_tag","embeddable":true,"href":"https:\/\/wowrxpharmacy.com\/es_co\/wp-json\/wp\/v2\/product_tag?post=4644"}],"curies":[{"name":"wp","href":"https:\/\/api.w.org\/{rel}","templated":true}]}}