{"id":4396,"date":"2024-07-13T08:07:31","date_gmt":"2024-07-13T12:07:31","guid":{"rendered":"https:\/\/wowrxpharmacy.com\/?post_type=product&#038;p=4396"},"modified":"2024-11-13T03:43:31","modified_gmt":"2024-11-13T08:43:31","slug":"danogen-50-mg","status":"publish","type":"product","link":"https:\/\/wowrxpharmacy.com\/es_co\/producto\/danogen-50-mg\/","title":{"rendered":"Danogen 50 mg"},"content":{"rendered":"<h3><span style=\"font-weight: 400;\">Acerca de Danogen 50 mg<\/span><\/h3>\n<p><span style=\"font-weight: 400;\">La p\u00edldora Danogen 50 mg es un medicamento menstrual que se usa para tratar per\u00edodos dolorosos o irregulares, tensi\u00f3n premenstrual (TPM), enfermedad fibroqu\u00edstica benigna de las mamas (enfermedad dolorosa de las mamas), quistes mamarios y endometriosis.<\/span><\/p>\n<p><span style=\"font-weight: 400;\">El danazol, el principal ingrediente activo de esta tableta, pertenece a la clase de medicamentos llamados esteroides sint\u00e9ticos. Las tabletas de Danogen son medicamentos de venta con receta que deben usarse \u00fanicamente seg\u00fan las indicaciones de un profesional m\u00e9dico. Cipla Ltd. fabrica tabletas de Danogen de 50 mg.<\/span><\/p>\n<h3><span style=\"font-weight: 400;\">Usos de Danogen 50 mg<\/span><\/h3>\n<p><span style=\"font-weight: 400;\">La tableta de Danogen 50 mg generalmente se administra a pacientes para tratar las siguientes afecciones m\u00e9dicas:<\/span><\/p>\n<ul>\n<li style=\"font-weight: 400;\" aria-level=\"1\"><span style=\"font-weight: 400;\">Endometriosis<\/span><\/li>\n<li style=\"font-weight: 400;\" aria-level=\"1\"><span style=\"font-weight: 400;\">Angioedema hereditario<\/span><\/li>\n<li style=\"font-weight: 400;\" aria-level=\"1\"><span style=\"font-weight: 400;\">Dolor menstrual<\/span><\/li>\n<li style=\"font-weight: 400;\" aria-level=\"1\"><span style=\"font-weight: 400;\">Enfermedad fibroqu\u00edstica benigna de la mama<\/span><\/li>\n<li style=\"font-weight: 400;\" aria-level=\"1\"><span style=\"font-weight: 400;\">bultos en los senos<\/span><\/li>\n<li style=\"font-weight: 400;\" aria-level=\"1\"><span style=\"font-weight: 400;\">S\u00edndrome premenstrual (SPM)<\/span><\/li>\n<\/ul>\n<h3><span style=\"font-weight: 400;\">C\u00f3mo funciona el danazol<\/span><\/h3>\n<p><span style=\"font-weight: 400;\">La tableta de Danogen 50 mg act\u00faa principalmente limitando la funci\u00f3n testicular\/ov\u00e1rica tanto en hombres como en mujeres al disminuir la liberaci\u00f3n de gonadotropinas (un grupo de hormonas que estimulan la actividad de las g\u00f3nadas).<\/span><\/p>\n<p><span style=\"font-weight: 400;\">Adem\u00e1s, inhibe directamente la acci\u00f3n gonadal al inhibir las enzimas implicadas en la s\u00edntesis de hormonas esteroides. La tableta Danogen ha recibido numerosas cr\u00edticas y comentarios positivos, y es un medicamento recetado muy eficaz. Debe tomar la tableta siguiendo las instrucciones precisas de su profesional de la salud.<\/span><\/p>\n<h3><span style=\"font-weight: 400;\">C\u00f3mo tomar Danogen<\/span><\/h3>\n<p><span style=\"font-weight: 400;\">La tableta de Danogen 50 mg debe tomarse de acuerdo con las recomendaciones detalladas de su m\u00e9dico.\u00a0<\/span><\/p>\n<p><span style=\"font-weight: 400;\">Para tomar el medicamento correctamente se deben seguir los siguientes pasos:<\/span><\/p>\n<ul>\n<li style=\"font-weight: 400;\" aria-level=\"1\"><span style=\"font-weight: 400;\">Tome las tabletas de Danogen con un vaso de agua.<\/span><\/li>\n<li style=\"font-weight: 400;\" aria-level=\"1\"><span style=\"font-weight: 400;\">Tome siempre este medicamento exactamente como lo indique su m\u00e9dico, sin partirlo ni masticarlo.<\/span><\/li>\n<li style=\"font-weight: 400;\" aria-level=\"1\"><span style=\"font-weight: 400;\">Nunca tome m\u00e1s de la dosis recomendada<\/span><\/li>\n<li style=\"font-weight: 400;\" aria-level=\"1\"><span style=\"font-weight: 400;\">Consulte a su m\u00e9dico antes de suspender el uso de este medicamento.<\/span><\/li>\n<\/ul>","protected":false},"excerpt":{"rendered":"<ul>\n<li style=\"font-weight: 400;\" aria-level=\"1\"><span style=\"font-weight: 400;\">Con danazol como sal activa<\/span><\/li>\n<li style=\"font-weight: 400;\" aria-level=\"1\"><span style=\"font-weight: 400;\">Trata per\u00edodos irregulares y endometriosis.<\/span><\/li>\n<li style=\"font-weight: 400;\" aria-level=\"1\"><span style=\"font-weight: 400;\">Resultados visibles en 2-3 semanas<\/span><\/li>\n<li style=\"font-weight: 400;\" aria-level=\"1\"><span style=\"font-weight: 400;\">Eficaz hasta por 9 horas.<\/span><\/li>\n<li style=\"font-weight: 400;\" aria-level=\"1\"><span style=\"font-weight: 400;\">Env\u00edo en 24 horas<\/span><\/li>\n<\/ul>","protected":false},"featured_media":4749,"comment_status":"open","ping_status":"closed","template":"","meta":{"om_disable_all_campaigns":false,"_uf_show_specific_survey":0,"_uf_disable_surveys":false},"product_brand":[],"product_cat":[595],"product_tag":[],"class_list":{"0":"post-4396","1":"product","2":"type-product","3":"status-publish","4":"has-post-thumbnail","6":"product_cat-womens-health","8":"first","9":"instock","10":"shipping-taxable","11":"purchasable","12":"product-type-variable","13":"has-default-attributes"},"_links":{"self":[{"href":"https:\/\/wowrxpharmacy.com\/es_co\/wp-json\/wp\/v2\/product\/4396","targetHints":{"allow":["GET"]}}],"collection":[{"href":"https:\/\/wowrxpharmacy.com\/es_co\/wp-json\/wp\/v2\/product"}],"about":[{"href":"https:\/\/wowrxpharmacy.com\/es_co\/wp-json\/wp\/v2\/types\/product"}],"replies":[{"embeddable":true,"href":"https:\/\/wowrxpharmacy.com\/es_co\/wp-json\/wp\/v2\/comments?post=4396"}],"wp:featuredmedia":[{"embeddable":true,"href":"https:\/\/wowrxpharmacy.com\/es_co\/wp-json\/wp\/v2\/media\/4749"}],"wp:attachment":[{"href":"https:\/\/wowrxpharmacy.com\/es_co\/wp-json\/wp\/v2\/media?parent=4396"}],"wp:term":[{"taxonomy":"product_brand","embeddable":true,"href":"https:\/\/wowrxpharmacy.com\/es_co\/wp-json\/wp\/v2\/product_brand?post=4396"},{"taxonomy":"product_cat","embeddable":true,"href":"https:\/\/wowrxpharmacy.com\/es_co\/wp-json\/wp\/v2\/product_cat?post=4396"},{"taxonomy":"product_tag","embeddable":true,"href":"https:\/\/wowrxpharmacy.com\/es_co\/wp-json\/wp\/v2\/product_tag?post=4396"}],"curies":[{"name":"wp","href":"https:\/\/api.w.org\/{rel}","templated":true}]}}