{"id":4329,"date":"2024-07-11T05:02:13","date_gmt":"2024-07-11T09:02:13","guid":{"rendered":"https:\/\/wowrxpharmacy.com\/?post_type=product&#038;p=4329"},"modified":"2024-10-16T03:51:26","modified_gmt":"2024-10-16T07:51:26","slug":"calaptin-40mg","status":"publish","type":"product","link":"https:\/\/wowrxpharmacy.com\/es_co\/producto\/calaptin-40mg\/","title":{"rendered":"Calaptin 40 mg"},"content":{"rendered":"<h3><span style=\"font-weight: 400;\">Acerca de Calaptin 40<\/span><\/h3>\n<p><span style=\"font-weight: 400;\">El verapamilo es el principio activo de Calaptin 40 mg Comprimido. Calaptin 40 se utiliza para tratar la hipertensi\u00f3n, la angina de pecho (dolor tor\u00e1cico relacionado con el coraz\u00f3n) y algunos tipos de arritmia (latido irregular del coraz\u00f3n). El medicamento act\u00faa relajando los vasos sangu\u00edneos para reducir la presi\u00f3n arterial. Esto, como resultado, ayuda a reducir la carga de trabajo del coraz\u00f3n. Abbott Healthcare Pvt Ltd es una de las principales empresas fabricantes de Calaptin 40 mg comprimidos.<\/span><\/p>\n<h3><span style=\"font-weight: 400;\">Calaptin 40 mg Usos<\/span><\/h3>\n<p><span style=\"font-weight: 400;\">Las pastillas Calaptin se recetan a pacientes con:<\/span><\/p>\n<h4><span style=\"font-weight: 400;\">Hipertensi\u00f3n<\/span><\/h4>\n<p><span style=\"font-weight: 400;\">La hipertensi\u00f3n (tensi\u00f3n arterial alta) es una enfermedad en la que la tensi\u00f3n arterial es sistem\u00e1ticamente m\u00e1s alta de lo normal. Por lo general, la hipertensi\u00f3n no presenta s\u00edntomas. Pero si no se trata, puede aumentar el riesgo de problemas cardiacos e ictus.<\/span><\/p>\n<h4><span style=\"font-weight: 400;\">Angina<\/span><\/h4>\n<p><span style=\"font-weight: 400;\">La angina de pecho es una afecci\u00f3n relacionada con el coraz\u00f3n que provoca dolor y molestias en el pecho. Est\u00e1 causada por diversos factores, como el estr\u00e9s, la enfermedad coronaria, el tabaquismo, etc.<\/span><\/p>\n<h4><span style=\"font-weight: 400;\">Arritmia<\/span><\/h4>\n<p><span style=\"font-weight: 400;\">Una Arritmia es una afecci\u00f3n en la que el Ritmo Card\u00edaco es irregular. Se produce cuando las se\u00f1ales el\u00e9ctricas que coordinan los latidos no funcionan correctamente. La arritmia provoca aleteo o aceleraci\u00f3n de los latidos y a veces puede poner en peligro la vida.<\/span><\/p>\n<h3><span style=\"font-weight: 400;\">Calaptin 40 funcionando<\/span><\/h3>\n<p><span style=\"font-weight: 400;\">Calaptin 40 tiene cr\u00edticas muy positivas y es un medicamento recomendado para la hipertensi\u00f3n, la angina de pecho y la arritmia. Los m\u00fasculos del coraz\u00f3n requieren calcio para la contracci\u00f3n. El principio activo del comprimido Calaptin es el verapamilo. Bloquea la entrada de calcio en los m\u00fasculos del coraz\u00f3n y los vasos sangu\u00edneos. Relaja los vasos sangu\u00edneos para que la sangre pueda fluir con facilidad.<\/span><\/p>\n<h3><span style=\"font-weight: 400;\">C\u00f3mo tomar Calaptin 40 mg<\/span><\/h3>\n<ul>\n<li style=\"font-weight: 400;\" aria-level=\"1\"><span style=\"font-weight: 400;\">Consulte las instrucciones de uso en la etiqueta<\/span><\/li>\n<li style=\"font-weight: 400;\" aria-level=\"1\"><span style=\"font-weight: 400;\">Tome el comprimido Calaptin 40 mg seg\u00fan lo prescrito por su m\u00e9dico<\/span><\/li>\n<li style=\"font-weight: 400;\" aria-level=\"1\"><span style=\"font-weight: 400;\">Trague el comprimido entero con agua sin triturarlo ni masticarlo<\/span><\/li>\n<li style=\"font-weight: 400;\" aria-level=\"1\"><span style=\"font-weight: 400;\">Se aconseja tomarlo regularmente a una hora fija todos los d\u00edas<\/span><\/li>\n<li style=\"font-weight: 400;\" aria-level=\"1\"><span style=\"font-weight: 400;\">Consulte a su m\u00e9dico antes de tomar este medicamento y no exceda la dosis indicada.<\/span><\/li>\n<li style=\"font-weight: 400;\" aria-level=\"1\"><span style=\"font-weight: 400;\">No deje de tomar el medicamento de repente<\/span><\/li>\n<\/ul>","protected":false},"excerpt":{"rendered":"<ul>\n<li style=\"font-weight: 400;\" aria-level=\"1\"><span style=\"font-weight: 400;\">Aprobado por la FDA para la angina de pecho y la hipertensi\u00f3n<\/span><\/li>\n<li style=\"font-weight: 400;\" aria-level=\"1\"><span style=\"font-weight: 400;\">Controla eficazmente el ritmo card\u00edaco<\/span><\/li>\n<li style=\"font-weight: 400;\" aria-level=\"1\"><span style=\"font-weight: 400;\">Empieza a funcionar en 1 \u00f3 2 horas<\/span><\/li>\n<li style=\"font-weight: 400;\" aria-level=\"1\"><span style=\"font-weight: 400;\">La confianza de los profesionales sanitarios<\/span><\/li>\n<\/ul>","protected":false},"featured_media":4618,"comment_status":"open","ping_status":"closed","template":"","meta":{"om_disable_all_campaigns":false,"_uf_show_specific_survey":0,"_uf_disable_surveys":false},"product_brand":[],"product_cat":[608],"product_tag":[],"class_list":{"0":"post-4329","1":"product","2":"type-product","3":"status-publish","4":"has-post-thumbnail","6":"product_cat-heart-blood-pressure","8":"first","9":"instock","10":"shipping-taxable","11":"purchasable","12":"product-type-variable"},"_links":{"self":[{"href":"https:\/\/wowrxpharmacy.com\/es_co\/wp-json\/wp\/v2\/product\/4329","targetHints":{"allow":["GET"]}}],"collection":[{"href":"https:\/\/wowrxpharmacy.com\/es_co\/wp-json\/wp\/v2\/product"}],"about":[{"href":"https:\/\/wowrxpharmacy.com\/es_co\/wp-json\/wp\/v2\/types\/product"}],"replies":[{"embeddable":true,"href":"https:\/\/wowrxpharmacy.com\/es_co\/wp-json\/wp\/v2\/comments?post=4329"}],"wp:featuredmedia":[{"embeddable":true,"href":"https:\/\/wowrxpharmacy.com\/es_co\/wp-json\/wp\/v2\/media\/4618"}],"wp:attachment":[{"href":"https:\/\/wowrxpharmacy.com\/es_co\/wp-json\/wp\/v2\/media?parent=4329"}],"wp:term":[{"taxonomy":"product_brand","embeddable":true,"href":"https:\/\/wowrxpharmacy.com\/es_co\/wp-json\/wp\/v2\/product_brand?post=4329"},{"taxonomy":"product_cat","embeddable":true,"href":"https:\/\/wowrxpharmacy.com\/es_co\/wp-json\/wp\/v2\/product_cat?post=4329"},{"taxonomy":"product_tag","embeddable":true,"href":"https:\/\/wowrxpharmacy.com\/es_co\/wp-json\/wp\/v2\/product_tag?post=4329"}],"curies":[{"name":"wp","href":"https:\/\/api.w.org\/{rel}","templated":true}]}}