{"id":4211,"date":"2024-07-13T08:05:33","date_gmt":"2024-07-13T12:05:33","guid":{"rendered":"https:\/\/wowrxpharmacy.com\/?post_type=product&#038;p=4211"},"modified":"2024-10-16T03:51:26","modified_gmt":"2024-10-16T07:51:26","slug":"inhalador-tiova-9-mcg-200-mdi","status":"publish","type":"product","link":"https:\/\/wowrxpharmacy.com\/es_co\/producto\/inhalador-tiova-9-mcg-200-mdi\/","title":{"rendered":"Inhalador Tiova 9 mcg (200 mdi)"},"content":{"rendered":"<h3><span style=\"font-weight: 400;\">Acerca del inhalador Tiova de 9 mcg<\/span><\/h3>\n<p><span style=\"font-weight: 400;\">El inhalador Tiova es un medicamento anticolin\u00e9rgico con receta m\u00e9dica. Se utiliza para prevenir los s\u00edntomas del asma y tratar la enfermedad pulmonar obstructiva cr\u00f3nica (EPOC). El inhalador contiene bromuro de tiotropio como ingrediente activo. Relaja los m\u00fasculos de las v\u00edas respiratorias y facilita la respiraci\u00f3n. Los inhaladores Tiova son fabricados por Cipla. Est\u00e1n disponibles en WOWRXPharmacy.<\/span><\/p>\n<h3><span style=\"font-weight: 400;\">Usos del inhalador Tiova<\/span><\/h3>\n<p><span style=\"font-weight: 400;\">El inhalador Tiova se utiliza para tratar las siguientes afecciones:<\/span><\/p>\n<h4><span style=\"font-weight: 400;\">Asma<\/span><\/h4>\n<p><span style=\"font-weight: 400;\">El asma es una enfermedad respiratoria cr\u00f3nica. Se caracteriza por el estrechamiento e inflamaci\u00f3n de las v\u00edas respiratorias y la producci\u00f3n de moco, lo que provoca dificultad para respirar.<\/span><\/p>\n<h4><span style=\"font-weight: 400;\">Enfermedad Pulmonar Obstructiva Cr\u00f3nica (EPOC)<\/span><\/h4>\n<p><span style=\"font-weight: 400;\">Se trata de un grupo de trastornos pulmonares inflamatorios cr\u00f3nicos que obstruyen el flujo de aire. Los principales s\u00edntomas de la EPOC incluyen dificultad para respirar, tos, producci\u00f3n de moco y sibilancias. Generalmente, es causada por el tabaquismo y la exposici\u00f3n prolongada a part\u00edculas en suspensi\u00f3n.<\/span><\/p>\n<h3><span style=\"font-weight: 400;\">\u00bfC\u00f3mo funciona el tiotropio?<\/span><\/h3>\n<p><span style=\"font-weight: 400;\">El inhalador Tiova 9 mcg tiene cr\u00edticas muy positivas y es un medicamento recomendado para el asma y la EPOC. <\/span><span style=\"font-weight: 400;\">El inhalador Tiova contiene bromuro de tiotropio, que inhibe los receptores de acetilcolina liberados en las terminaciones nerviosas colin\u00e9rgicas de las v\u00edas respiratorias. Esta acci\u00f3n relaja y dilata las v\u00edas respiratorias, facilitando la respiraci\u00f3n.<\/span><\/p>\n<h3><span style=\"font-weight: 400;\">C\u00f3mo usar el inhalador Tiova\u00a0<\/span><\/h3>\n<p><span style=\"font-weight: 400;\">El tiotropio es un medicamento que se vende con receta m\u00e9dica.<\/span><\/p>\n<p><span style=\"font-weight: 400;\">Por lo tanto, la dosis y la duraci\u00f3n deber\u00e1n ser las sugeridas por su m\u00e9dico.<\/span><\/p>\n<p><span style=\"font-weight: 400;\">Sin embargo, hay un conjunto <\/span><a href=\"https:\/\/www.webmd.com\/drugs\/2\/drug-89061-1655\/tiotropium-bromide-inhalation\/tiotropium-inhalation\/details\" target=\"_blank\" rel=\"nofollow noopener\"><span style=\"font-weight: 400;\">directrices para<\/span><\/a><span style=\"font-weight: 400;\"> utilizando inhaladores, que son los siguientes:<\/span><\/p>\n<ul>\n<li style=\"font-weight: 400;\" aria-level=\"1\"><span style=\"font-weight: 400;\">Antes de utilizar el inhalador, lea atentamente las instrucciones del prospecto.\u00a0<\/span><\/li>\n<li style=\"font-weight: 400;\" aria-level=\"1\"><span style=\"font-weight: 400;\">Agite bien el inhalador<\/span><\/li>\n<li style=\"font-weight: 400;\" aria-level=\"1\"><span style=\"font-weight: 400;\">Presione el inhalador mientras respira por la boca.<\/span><\/li>\n<li style=\"font-weight: 400;\" aria-level=\"1\"><span style=\"font-weight: 400;\">Aguanta la respiraci\u00f3n durante 10 segundos<\/span><\/li>\n<li style=\"font-weight: 400;\" aria-level=\"1\"><span style=\"font-weight: 400;\">Repita hasta que haya inhalado la cantidad de inhalaciones prescritas por su m\u00e9dico.<\/span><\/li>\n<li style=\"font-weight: 400;\" aria-level=\"1\"><span style=\"font-weight: 400;\">Enju\u00e1gate bien la boca con agua.<\/span><\/li>\n<\/ul>","protected":false},"excerpt":{"rendered":"<ul>\n<li style=\"font-weight: 400;\" aria-level=\"1\"><span style=\"font-weight: 400;\">Aprobado por la FDA <\/span><span style=\"font-weight: 400;\">bromuro de tiotropio<\/span><\/li>\n<li style=\"font-weight: 400;\" aria-level=\"1\"><span style=\"font-weight: 400;\">Comienza a funcionar en unos minutos.<\/span><\/li>\n<li style=\"font-weight: 400;\" aria-level=\"1\"><span style=\"font-weight: 400;\">Permanece efectivo durante varias horas.<\/span><\/li>\n<li style=\"font-weight: 400;\" aria-level=\"1\"><span style=\"font-weight: 400;\">Env\u00edo en 24 horas<\/span><\/li>\n<\/ul>","protected":false},"featured_media":29314,"comment_status":"open","ping_status":"closed","template":"","meta":{"om_disable_all_campaigns":false,"_uf_show_specific_survey":0,"_uf_disable_surveys":false},"product_brand":[],"product_cat":[555],"product_tag":[],"class_list":{"0":"post-4211","1":"product","2":"type-product","3":"status-publish","4":"has-post-thumbnail","6":"product_cat-asthma","8":"first","9":"instock","10":"shipping-taxable","11":"purchasable","12":"product-type-variable","13":"has-default-attributes"},"_links":{"self":[{"href":"https:\/\/wowrxpharmacy.com\/es_co\/wp-json\/wp\/v2\/product\/4211","targetHints":{"allow":["GET"]}}],"collection":[{"href":"https:\/\/wowrxpharmacy.com\/es_co\/wp-json\/wp\/v2\/product"}],"about":[{"href":"https:\/\/wowrxpharmacy.com\/es_co\/wp-json\/wp\/v2\/types\/product"}],"replies":[{"embeddable":true,"href":"https:\/\/wowrxpharmacy.com\/es_co\/wp-json\/wp\/v2\/comments?post=4211"}],"wp:featuredmedia":[{"embeddable":true,"href":"https:\/\/wowrxpharmacy.com\/es_co\/wp-json\/wp\/v2\/media\/29314"}],"wp:attachment":[{"href":"https:\/\/wowrxpharmacy.com\/es_co\/wp-json\/wp\/v2\/media?parent=4211"}],"wp:term":[{"taxonomy":"product_brand","embeddable":true,"href":"https:\/\/wowrxpharmacy.com\/es_co\/wp-json\/wp\/v2\/product_brand?post=4211"},{"taxonomy":"product_cat","embeddable":true,"href":"https:\/\/wowrxpharmacy.com\/es_co\/wp-json\/wp\/v2\/product_cat?post=4211"},{"taxonomy":"product_tag","embeddable":true,"href":"https:\/\/wowrxpharmacy.com\/es_co\/wp-json\/wp\/v2\/product_tag?post=4211"}],"curies":[{"name":"wp","href":"https:\/\/api.w.org\/{rel}","templated":true}]}}