{"id":4106,"date":"2024-10-01T03:52:45","date_gmt":"2024-10-01T07:52:45","guid":{"rendered":"https:\/\/wowrxpharmacy.com\/?post_type=product&#038;p=4106"},"modified":"2024-11-22T05:45:38","modified_gmt":"2024-11-22T10:45:38","slug":"olmezest-am-5-20-mg","status":"publish","type":"product","link":"https:\/\/wowrxpharmacy.com\/es_co\/producto\/olmezest-am-5-20-mg\/","title":{"rendered":"Olmezest AM 5\/20 mg"},"content":{"rendered":"<h3><span style=\"font-weight: 400;\">\u00bfQu\u00e9 es Olmezest AM 20?<\/span><\/h3>\n<p><span style=\"font-weight: 400;\">Olmezest AM 20 es un medicamento combinado dise\u00f1ado para controlar eficazmente la hipertensi\u00f3n (presi\u00f3n arterial alta). Contiene olmesart\u00e1n medoxomilo, un bloqueador del receptor de angiotensina II (ARA II) que relaja los vasos sangu\u00edneos, y amlodipino, un bloqueador de los canales de calcio que potencia este efecto, reduciendo a\u00fan m\u00e1s la presi\u00f3n arterial.<\/span><\/p>\n<p><span style=\"font-weight: 400;\">Juntos, estos ingredientes act\u00faan para controlar la presi\u00f3n arterial, promoviendo una mejor salud cardiovascular. Macleods Pharmaceuticals fabrica Olmezest AM 20 comprimidos. Este medicamento combinado est\u00e1 disponible en WowRx a precios asequibles, lo que le garantiza la mejor opci\u00f3n para sus necesidades m\u00e9dicas.<\/span><\/p>\n<h3><span style=\"font-weight: 400;\">\u00bfPara qu\u00e9 se utiliza Olmezest AM 20?\u00a0<\/span><\/h3>\n<p><span style=\"font-weight: 400;\">Son los siguientes <\/span><a href=\"https:\/\/www.mayoclinic.org\/drugs-supplements\/amlodipine-and-olmesartan-oral-route\/description\/drg-20071303#:~:text=Amlodipine%20and%20olmesartan%20is,strokes%20and%20heart%20attacks.\" target=\"_blank\" rel=\"nofollow noopener\"><span style=\"font-weight: 400;\">los usos<\/span><\/a><span style=\"font-weight: 400;\"> de Olmezest AM 20:<\/span><\/p>\n<h3><span style=\"font-weight: 400;\">Manejo de la hipertensi\u00f3n<\/span><span style=\"font-weight: 400;\"><br \/>\n<\/span><\/h3>\n<p><span style=\"font-weight: 400;\">Olmesart\u00e1n Medoxomilo, uno de los principios activos de Olmezest AM 20, es un bloqueador del receptor de angiotensina II (ARA II). Act\u00faa bloqueando la acci\u00f3n de la angiotensina II, una sustancia qu\u00edmica que provoca la constricci\u00f3n de los vasos sangu\u00edneos. Esta relajaci\u00f3n de los vasos sangu\u00edneos facilita el flujo sangu\u00edneo, lo que reduce la presi\u00f3n arterial.<\/span><\/p>\n<h3><span style=\"font-weight: 400;\">Mejorar la salud del coraz\u00f3n<\/span><\/h3>\n<p><span style=\"font-weight: 400;\">Adem\u00e1s de reducir la presi\u00f3n arterial, el amlodipino en Olmezest AM 20 ayuda a prevenir la contracci\u00f3n de los vasos sangu\u00edneos. El amlodipino es un bloqueador de los canales de calcio (BCC) y mejora el flujo sangu\u00edneo. Esta acci\u00f3n combinada ayuda a reducir el riesgo de infartos, accidentes cerebrovasculares y otros problemas cardiovasculares.<\/span><\/p>\n<h3><span style=\"font-weight: 400;\">\u00bfC\u00f3mo act\u00faa Olmezest AM 20?\u00a0<\/span><\/h3>\n<p><span style=\"font-weight: 400;\">Olmezest AM 20 controla eficazmente la hipertensi\u00f3n mediante la combinaci\u00f3n de olmesart\u00e1n y amlodipino. El olmesart\u00e1n es un antagonista del receptor de angiotensina II (ARA II). <\/span><a href=\"https:\/\/www.mayoclinic.org\/diseases-conditions\/high-blood-pressure\/in-depth\/angiotensin-ii-receptor-blockers\/art-20045009#:~:text=Products%20and%20services-,Angiotensin%20II%20receptor%20blockers,for%20you%20depends%20on%20your%20health%20and%20the%20condition%20being%20treated.,-Examples%20of%20angiotensin\" target=\"_blank\" rel=\"nofollow noopener\"><span style=\"font-weight: 400;\">que relaja<\/span><\/a><span style=\"font-weight: 400;\"> Los vasos sangu\u00edneos se fortalecen al bloquear la hormona responsable de la constricci\u00f3n. Esto reduce la presi\u00f3n arterial y el sodio, regulando la retenci\u00f3n de l\u00edquidos.<\/span><\/p>\n<p><span style=\"font-weight: 400;\">El amlodipino, un bloqueador de los canales de calcio, tambi\u00e9n ayuda a relajar los m\u00fasculos del coraz\u00f3n y los vasos sangu\u00edneos, aliviando la carga del coraz\u00f3n y mejorando el flujo sangu\u00edneo. Juntos, estos componentes reducen la presi\u00f3n arterial alta, reduciendo el riesgo de infartos y accidentes cerebrovasculares, lo que convierte a Olmezest AM 20 en una opci\u00f3n eficaz para el control de la hipertensi\u00f3n.<\/span><\/p>\n<h3><span style=\"font-weight: 400;\">\u00bfC\u00f3mo tomar la tableta Olmezest?\u00a0<\/span><\/h3>\n<p><span style=\"font-weight: 400;\">Para obtener resultados \u00f3ptimos, debe tomar Olmezest AM 20 seg\u00fan lo prescrito por su m\u00e9dico. Las instrucciones generales son las siguientes:<\/span><\/p>\n<ul>\n<li style=\"font-weight: 400;\" aria-level=\"1\"><span style=\"font-weight: 400;\">Tome Olmezest AM 20 por v\u00eda oral, con o sin alimentos, seg\u00fan las indicaciones de su m\u00e9dico.<\/span><\/li>\n<li style=\"font-weight: 400;\" aria-level=\"1\"><span style=\"font-weight: 400;\">Trague la tableta entera sin masticarla ni triturarla.<\/span><\/li>\n<li style=\"font-weight: 400;\" aria-level=\"1\"><span style=\"font-weight: 400;\">Para obtener resultados consistentes, t\u00f3melo a la misma hora todos los d\u00edas si se lo recetaron para uso regular.<\/span><\/li>\n<\/ul>","protected":false},"excerpt":{"rendered":"<p>Olmezest AM 20 combina olmesart\u00e1n y amlodipino para controlar la hipertensi\u00f3n arterial. Este tratamiento eficaz es f\u00e1cil de usar y ayuda a reducir los riesgos card\u00edacos.<\/p>","protected":false},"featured_media":29644,"comment_status":"open","ping_status":"closed","template":"","meta":{"om_disable_all_campaigns":false,"_uf_show_specific_survey":0,"_uf_disable_surveys":false},"product_brand":[],"product_cat":[608],"product_tag":[],"class_list":{"0":"post-4106","1":"product","2":"type-product","3":"status-publish","4":"has-post-thumbnail","6":"product_cat-heart-blood-pressure","8":"first","9":"instock","10":"sale","11":"shipping-taxable","12":"purchasable","13":"product-type-variable","14":"has-default-attributes"},"_links":{"self":[{"href":"https:\/\/wowrxpharmacy.com\/es_co\/wp-json\/wp\/v2\/product\/4106","targetHints":{"allow":["GET"]}}],"collection":[{"href":"https:\/\/wowrxpharmacy.com\/es_co\/wp-json\/wp\/v2\/product"}],"about":[{"href":"https:\/\/wowrxpharmacy.com\/es_co\/wp-json\/wp\/v2\/types\/product"}],"replies":[{"embeddable":true,"href":"https:\/\/wowrxpharmacy.com\/es_co\/wp-json\/wp\/v2\/comments?post=4106"}],"wp:featuredmedia":[{"embeddable":true,"href":"https:\/\/wowrxpharmacy.com\/es_co\/wp-json\/wp\/v2\/media\/29644"}],"wp:attachment":[{"href":"https:\/\/wowrxpharmacy.com\/es_co\/wp-json\/wp\/v2\/media?parent=4106"}],"wp:term":[{"taxonomy":"product_brand","embeddable":true,"href":"https:\/\/wowrxpharmacy.com\/es_co\/wp-json\/wp\/v2\/product_brand?post=4106"},{"taxonomy":"product_cat","embeddable":true,"href":"https:\/\/wowrxpharmacy.com\/es_co\/wp-json\/wp\/v2\/product_cat?post=4106"},{"taxonomy":"product_tag","embeddable":true,"href":"https:\/\/wowrxpharmacy.com\/es_co\/wp-json\/wp\/v2\/product_tag?post=4106"}],"curies":[{"name":"wp","href":"https:\/\/api.w.org\/{rel}","templated":true}]}}