{"id":3944,"date":"2024-07-13T08:07:49","date_gmt":"2024-07-13T12:07:49","guid":{"rendered":"https:\/\/wowrxpharmacy.com\/?post_type=product&#038;p=3944"},"modified":"2024-10-16T03:51:27","modified_gmt":"2024-10-16T07:51:27","slug":"coversyl-4mg","status":"publish","type":"product","link":"https:\/\/wowrxpharmacy.com\/es_co\/producto\/coversyl-4mg\/","title":{"rendered":"Coversyl 4mg"},"content":{"rendered":"<h3><span style=\"font-weight: 400;\">Sobre Coversyl 4mg<\/span><\/h3>\n<p><span style=\"font-weight: 400;\">Coversyl 4 mg es un medicamento antihipertensivo de venta con receta para controlar la Hipertensi\u00f3n Arterial y tratar la Insuficiencia Card\u00edaca. Tambi\u00e9n reduce la probabilidad de tener un ataque al coraz\u00f3n o un derrame cerebral.<\/span><\/p>\n<p><span style=\"font-weight: 400;\">Coversyl contiene Perindopril Erbumina como principio activo. Pertenece a una clase de medicamentos llamados inhibidores de la enzima convertidora de angiotensina (IECA).<\/span><\/p>\n<p><span style=\"font-weight: 400;\">Servier Laboratories fabrica Coversyl 4 mg. WowRxPharmacy entrega Coversyl 4 mg a sus puertas a precios asequibles.<\/span><\/p>\n<h3><span style=\"font-weight: 400;\">Coversyl 4mg usos<\/span><\/h3>\n<p><span style=\"font-weight: 400;\">Los siguientes son los usos de Perindopril:<\/span><\/p>\n<h4><span style=\"font-weight: 400;\">Hipertensi\u00f3n\u00a0<\/span><\/h4>\n<p><span style=\"font-weight: 400;\">La hipertensi\u00f3n o tensi\u00f3n arterial alta es una afecci\u00f3n m\u00e9dica en la que la fuerza con la que la sangre fluye por los vasos sangu\u00edneos es superior a la habitual.<\/span><\/p>\n<h4><span style=\"font-weight: 400;\">Insuficiencia cardiaca<\/span><\/h4>\n<p><span style=\"font-weight: 400;\">Se trata de una enfermedad cr\u00f3nica en la que el coraz\u00f3n no bombea suficiente sangre para satisfacer las necesidades del organismo.<\/span><\/p>\n<p><span style=\"font-weight: 400;\">Entre los s\u00edntomas de la insuficiencia card\u00edaca se encuentran la dificultad respiratoria, la taquicardia, la hinchaz\u00f3n de piernas y la fatiga.<\/span><\/p>\n<h4><span style=\"font-weight: 400;\">Prevenci\u00f3n de infartos e ictus<\/span><\/h4>\n<p><span style=\"font-weight: 400;\">Un infarto de miocardio se produce cuando el flujo de sangre y ox\u00edgeno al coraz\u00f3n se obstruye debido a un co\u00e1gulo de sangre. Un ictus se produce cuando hay una obstrucci\u00f3n en el suministro de sangre al cerebro.<\/span><\/p>\n<p><span style=\"font-weight: 400;\">Ambas afecciones son urgencias m\u00e9dicas y pueden prevenirse tomando 4 mg de Coversyl.<\/span><\/p>\n<h3><span style=\"font-weight: 400;\">Funcionamiento de Coversyl 4mg<\/span><\/h3>\n<p><span style=\"font-weight: 400;\">Coversyl cuenta con cr\u00edticas muy positivas y es un medicamento recomendado para tratar la hipertensi\u00f3n arterial y la insuficiencia card\u00edaca. Contiene Perindopril, que es un inhibidor de la Enzima Convertidora de Angiotensina (ECA).<\/span><\/p>\n<p><span style=\"font-weight: 400;\">La angiotensina-II es una sustancia producida por los ri\u00f1ones. Se une a los receptores de los vasos sangu\u00edneos y provoca su estrechamiento. El perindopril reduce la carga de trabajo del coraz\u00f3n y relaja los vasos sangu\u00edneos para mejorar el flujo sangu\u00edneo y la capacidad del coraz\u00f3n para bombear sangre con eficacia.<\/span><\/p>\n<h3><span style=\"font-weight: 400;\">C\u00f3mo tomar Coversyl 4mg<\/span><\/h3>\n<p><span style=\"font-weight: 400;\">Su m\u00e9dico le prescribir\u00e1 la dosis y la duraci\u00f3n de la medicaci\u00f3n. No debe dejar de tomar el medicamento aunque se sienta mejor sin consultar antes a su m\u00e9dico.\u00a0<\/span><\/p>\n<p><span style=\"font-weight: 400;\">Hay ciertas cosas que puede tener en cuenta para mejorar la eficacia del medicamento.<\/span><\/p>\n<ul>\n<li style=\"font-weight: 400;\" aria-level=\"1\"><span style=\"font-weight: 400;\">Tomar el medicamento a la misma hora todos los d\u00edas<\/span><\/li>\n<li style=\"font-weight: 400;\" aria-level=\"1\"><span style=\"font-weight: 400;\">Consumir el medicamento por v\u00eda oral sin romperlo, triturarlo ni masticarlo.<\/span><\/li>\n<li style=\"font-weight: 400;\" aria-level=\"1\"><span style=\"font-weight: 400;\">Debe tomar Coversyl 4 mg con el est\u00f3mago vac\u00edo<\/span><\/li>\n<\/ul>","protected":false},"excerpt":{"rendered":"<ul>\n<li style=\"font-weight: 400;\" aria-level=\"1\"><span style=\"font-weight: 400;\">Muy eficaz, controla la hipertensi\u00f3n<\/span><\/li>\n<li style=\"font-weight: 400;\" aria-level=\"1\"><span style=\"font-weight: 400;\">Trata la hipertensi\u00f3n y la insuficiencia card\u00edaca<\/span><\/li>\n<li style=\"font-weight: 400;\" aria-level=\"1\"><span style=\"font-weight: 400;\">Inicio r\u00e1pido: Empieza a funcionar en 1 -2 horas<\/span><\/li>\n<li style=\"font-weight: 400;\" aria-level=\"1\"><span style=\"font-weight: 400;\">Efectos de larga duraci\u00f3n que duran hasta 24 horas<\/span><\/li>\n<li style=\"font-weight: 400;\" aria-level=\"1\"><span style=\"font-weight: 400;\">Medicamentos aut\u00e9nticos entregados con rapidez<\/span><\/li>\n<\/ul>","protected":false},"featured_media":29550,"comment_status":"open","ping_status":"closed","template":"","meta":{"om_disable_all_campaigns":false,"_uf_show_specific_survey":0,"_uf_disable_surveys":false},"product_brand":[],"product_cat":[608],"product_tag":[],"class_list":{"0":"post-3944","1":"product","2":"type-product","3":"status-publish","4":"has-post-thumbnail","6":"product_cat-heart-blood-pressure","8":"first","9":"instock","10":"shipping-taxable","11":"purchasable","12":"product-type-variable","13":"has-default-attributes"},"_links":{"self":[{"href":"https:\/\/wowrxpharmacy.com\/es_co\/wp-json\/wp\/v2\/product\/3944","targetHints":{"allow":["GET"]}}],"collection":[{"href":"https:\/\/wowrxpharmacy.com\/es_co\/wp-json\/wp\/v2\/product"}],"about":[{"href":"https:\/\/wowrxpharmacy.com\/es_co\/wp-json\/wp\/v2\/types\/product"}],"replies":[{"embeddable":true,"href":"https:\/\/wowrxpharmacy.com\/es_co\/wp-json\/wp\/v2\/comments?post=3944"}],"wp:featuredmedia":[{"embeddable":true,"href":"https:\/\/wowrxpharmacy.com\/es_co\/wp-json\/wp\/v2\/media\/29550"}],"wp:attachment":[{"href":"https:\/\/wowrxpharmacy.com\/es_co\/wp-json\/wp\/v2\/media?parent=3944"}],"wp:term":[{"taxonomy":"product_brand","embeddable":true,"href":"https:\/\/wowrxpharmacy.com\/es_co\/wp-json\/wp\/v2\/product_brand?post=3944"},{"taxonomy":"product_cat","embeddable":true,"href":"https:\/\/wowrxpharmacy.com\/es_co\/wp-json\/wp\/v2\/product_cat?post=3944"},{"taxonomy":"product_tag","embeddable":true,"href":"https:\/\/wowrxpharmacy.com\/es_co\/wp-json\/wp\/v2\/product_tag?post=3944"}],"curies":[{"name":"wp","href":"https:\/\/api.w.org\/{rel}","templated":true}]}}