{"id":3862,"date":"2024-07-09T03:14:09","date_gmt":"2024-07-09T07:14:09","guid":{"rendered":"https:\/\/wowrxpharmacy.com\/?post_type=product&#038;p=3862"},"modified":"2024-10-16T03:51:27","modified_gmt":"2024-10-16T07:51:27","slug":"cardivas-cr-20mg","status":"publish","type":"product","link":"https:\/\/wowrxpharmacy.com\/es_co\/producto\/cardivas-cr-20mg\/","title":{"rendered":"Cardivas CR 20mg"},"content":{"rendered":"<h3><span style=\"font-weight: 400;\">About Cardivas CR 20 mg<\/span><\/h3>\n<p><span style=\"font-weight: 400;\">Cardivas CR 20 Tablet is a prescription-only medication used to treat High Blood Pressure, Angina, and Heart Failure. Carvedilol is the active ingredient in Cardivas CR 20mg Tablets. It improves blood flow throughout the parts of the body by relaxing the blood vessels. The manufacturer of this medication is Sun Pharma. You can buy Cardivas CR 20 mg at affordable prices on WowRxPharmacy.<\/span><\/p>\n<h3><span style=\"font-weight: 400;\">Cardivas CR 20 uses<\/span><\/h3>\n<p><span style=\"font-weight: 400;\">Doctors recommend Cardivas tablets to treat the following conditions:<\/span><\/p>\n<h4><span style=\"font-weight: 400;\">Hipertensi\u00f3n<\/span><\/h4>\n<p><span style=\"font-weight: 400;\">It is a condition where the force of the blood against the arterial walls is higher than usual. High Blood Pressure itself often has no apparent symptoms. If untreated, it can cause health conditions to develop over time, such as an increased risk of Heart disease and Stroke.<\/span><\/p>\n<h4><span style=\"font-weight: 400;\">Angina\u00a0<\/span><\/h4>\n<p><span style=\"font-weight: 400;\">Tambi\u00e9n llamada angina de pecho, la angina de pecho es un tipo de dolor tor\u00e1cico causado por la reducci\u00f3n del flujo sangu\u00edneo al coraz\u00f3n. El dolor anginoso suele describirse como opresi\u00f3n, pesadez, presi\u00f3n, dolor u opresi\u00f3n en el pecho.<\/span><\/p>\n<h4><span style=\"font-weight: 400;\">Insuficiencia cardiaca<\/span><\/h4>\n<p><span style=\"font-weight: 400;\">La insuficiencia card\u00edaca es una enfermedad que se produce cuando el coraz\u00f3n no puede bombear suficiente sangre a todo el organismo. Suele deberse a una enfermedad coronaria, a un aumento de la presi\u00f3n arterial o a un infarto previo.<\/span><\/p>\n<h3><span style=\"font-weight: 400;\">Funcionamiento del carvedilol<\/span><\/h3>\n<p><span style=\"font-weight: 400;\">Cardivas CR 20 mg comes with highly positive reviews and is a recommended medication for the treatment of High Blood Pressure, Heart Attack, and Angina. Cardivas contains Carvedilol which is a Beta-Blocker. It works by slowing down the heart rate, making it easier for the heart to pump blood throughout the body. It also acts as an Alpha-Blocker and widens the blood vessels.<\/span><\/p>\n<p><span style=\"font-weight: 400;\">It lowers Blood Pressure and thus helps prevent future Strokes and Heart Attacks.<\/span><\/p>\n<h3><span style=\"font-weight: 400;\">C\u00f3mo tomar\u00a0<\/span><\/h3>\n<ul>\n<li style=\"font-weight: 400;\" aria-level=\"1\"><span style=\"font-weight: 400;\">Take this medicine with food<\/span><\/li>\n<\/ul>\n<ul>\n<li style=\"font-weight: 400;\" aria-level=\"1\"><span style=\"font-weight: 400;\">Try to swallow the entire tablet and avoid chewing, breaking, or crushing it<\/span><\/li>\n<\/ul>\n<ul>\n<li style=\"font-weight: 400;\" aria-level=\"1\"><span style=\"font-weight: 400;\">Always follow the instructions of your doctor<\/span><\/li>\n<\/ul>\n<ul>\n<li style=\"font-weight: 400;\" aria-level=\"1\"><span style=\"font-weight: 400;\">If required, your doctor might suggest alternate medicines<\/span><\/li>\n<li style=\"font-weight: 400;\" aria-level=\"1\"><span style=\"font-weight: 400;\">Do not discontinue Cardivas CR without consulting your doctor, as it may aggravate your condition.<\/span><\/li>\n<\/ul>","protected":false},"excerpt":{"rendered":"<ul>\n<li style=\"font-weight: 400;\" aria-level=\"1\"><span style=\"font-weight: 400;\">Effective heart health support<\/span><\/li>\n<li style=\"font-weight: 400;\" aria-level=\"1\"><span style=\"font-weight: 400;\">Quick action in 1 hour<\/span><\/li>\n<li style=\"font-weight: 400;\" aria-level=\"1\"><span style=\"font-weight: 400;\">Prevents future strokes and heart attacks<\/span><\/li>\n<li style=\"font-weight: 400;\" aria-level=\"1\"><span style=\"font-weight: 400;\">Noticeable results within a week<\/span><\/li>\n<li style=\"font-weight: 400;\" aria-level=\"1\"><span style=\"font-weight: 400;\">Satisfied customers, trustworthy reviews<\/span><\/li>\n<\/ul>","protected":false},"featured_media":3926,"comment_status":"open","ping_status":"closed","template":"","meta":{"om_disable_all_campaigns":false,"_uf_show_specific_survey":0,"_uf_disable_surveys":false},"product_brand":[],"product_cat":[608],"product_tag":[],"class_list":{"0":"post-3862","1":"product","2":"type-product","3":"status-publish","4":"has-post-thumbnail","6":"product_cat-heart-blood-pressure","8":"first","9":"instock","10":"shipping-taxable","11":"purchasable","12":"product-type-variable","13":"has-default-attributes"},"_links":{"self":[{"href":"https:\/\/wowrxpharmacy.com\/es_co\/wp-json\/wp\/v2\/product\/3862","targetHints":{"allow":["GET"]}}],"collection":[{"href":"https:\/\/wowrxpharmacy.com\/es_co\/wp-json\/wp\/v2\/product"}],"about":[{"href":"https:\/\/wowrxpharmacy.com\/es_co\/wp-json\/wp\/v2\/types\/product"}],"replies":[{"embeddable":true,"href":"https:\/\/wowrxpharmacy.com\/es_co\/wp-json\/wp\/v2\/comments?post=3862"}],"wp:featuredmedia":[{"embeddable":true,"href":"https:\/\/wowrxpharmacy.com\/es_co\/wp-json\/wp\/v2\/media\/3926"}],"wp:attachment":[{"href":"https:\/\/wowrxpharmacy.com\/es_co\/wp-json\/wp\/v2\/media?parent=3862"}],"wp:term":[{"taxonomy":"product_brand","embeddable":true,"href":"https:\/\/wowrxpharmacy.com\/es_co\/wp-json\/wp\/v2\/product_brand?post=3862"},{"taxonomy":"product_cat","embeddable":true,"href":"https:\/\/wowrxpharmacy.com\/es_co\/wp-json\/wp\/v2\/product_cat?post=3862"},{"taxonomy":"product_tag","embeddable":true,"href":"https:\/\/wowrxpharmacy.com\/es_co\/wp-json\/wp\/v2\/product_tag?post=3862"}],"curies":[{"name":"wp","href":"https:\/\/api.w.org\/{rel}","templated":true}]}}