{"id":3756,"date":"2024-07-09T03:14:54","date_gmt":"2024-07-09T07:14:54","guid":{"rendered":"https:\/\/wowrxpharmacy.com\/?post_type=product&#038;p=3756"},"modified":"2024-10-16T03:51:20","modified_gmt":"2024-10-16T07:51:20","slug":"calaptin-80mg","status":"publish","type":"product","link":"https:\/\/wowrxpharmacy.com\/es_co\/producto\/calaptin-80mg\/","title":{"rendered":"Calaptin 80 mg"},"content":{"rendered":"<p><span style=\"font-weight: 400;\">Calaptin 80 mg comprimidos es un medicamento de venta con receta que se utiliza para tratar la hipertensi\u00f3n arterial, la angina de pecho y la arritmia. El verapamilo es el principio activo de los comprimidos de Calaptin, que es un bloqueador de los canales de calcio. HOECHST es el fabricante de este medicamento. Usted puede comprar Calaptin 80mg en l\u00ednea en WowRxPharmacy a precios muy asequibles.<\/span><\/p>\n<h3><span style=\"font-weight: 400;\">Calaptin 80 usos<\/span><\/h3>\n<p><span style=\"font-weight: 400;\">Los m\u00e9dicos recomiendan Calaptin 80 mg para el tratamiento de las siguientes afecciones:<\/span><\/p>\n<h4><span style=\"font-weight: 400;\">Hipertensi\u00f3n<\/span><\/h4>\n<p><span style=\"font-weight: 400;\">Es una afecci\u00f3n en la que la fuerza de la sangre contra las paredes arteriales es superior a la habitual. La hipertensi\u00f3n arterial no suele presentar s\u00edntomas aparentes. Si no se trata, con el tiempo puede provocar problemas de salud, como un mayor riesgo de cardiopat\u00edas e ictus.<\/span><\/p>\n<h4><span style=\"font-weight: 400;\">Angina\u00a0<\/span><\/h4>\n<p><span style=\"font-weight: 400;\">Tambi\u00e9n llamada angina de pecho, la angina de pecho es un tipo de dolor tor\u00e1cico causado por la reducci\u00f3n del flujo sangu\u00edneo al coraz\u00f3n. Es un s\u00edntoma de enfermedad coronaria. La angina suele describirse como dolor, opresi\u00f3n, pesadez, presi\u00f3n u opresi\u00f3n en el pecho.<\/span><\/p>\n<h4><span style=\"font-weight: 400;\">Arritmia<\/span><\/h4>\n<p><span style=\"font-weight: 400;\">Una arritmia cardiaca es un latido irregular del coraz\u00f3n. Se produce debido a un fallo en las se\u00f1ales el\u00e9ctricas que coordinan los latidos del coraz\u00f3n. Estos fallos en las se\u00f1ales el\u00e9ctricas hacen que el coraz\u00f3n lata muy deprisa, muy despacio o de forma irregular.<\/span><\/p>\n<h3><span style=\"font-weight: 400;\">\u00bfC\u00f3mo act\u00faa el verapamilo?<\/span><\/h3>\n<p><span style=\"font-weight: 400;\">Calaptin 80 mg viene con cr\u00edticas muy positivas y es un medicamento recomendado para el tratamiento de la hipertensi\u00f3n arterial, angina de pecho y arritmia. Contiene verapamilo que es un bloqueador de los canales de calcio. Verapamilo inhibe los efectos del calcio en el coraz\u00f3n y las arterias. Esto relaja los vasos sangu\u00edneos y los ensancha. El ensanchamiento permite que llegue m\u00e1s sangre y ox\u00edgeno al coraz\u00f3n y disminuye la presi\u00f3n arterial.\u00a0<\/span><\/p>\n<h3><span style=\"font-weight: 400;\">C\u00f3mo tomar el medicamento<\/span><\/h3>\n<p><span style=\"font-weight: 400;\">Por lo general, los m\u00e9dicos recomiendan tomar el comprimido oral en los siguientes pasos:<\/span><\/p>\n<ul>\n<li style=\"font-weight: 400;\" aria-level=\"1\"><span style=\"font-weight: 400;\">La dosis y la duraci\u00f3n de este medicamento deben seguir las instrucciones de su m\u00e9dico.\u00a0<\/span><\/li>\n<li style=\"font-weight: 400;\" aria-level=\"1\"><span style=\"font-weight: 400;\">Trague el comprimido entero y no lo mastique, aplaste ni rompa.\u00a0<\/span><\/li>\n<li style=\"font-weight: 400;\" aria-level=\"1\"><span style=\"font-weight: 400;\">Puede tomar Verapamilo con o sin alimentos<\/span><\/li>\n<\/ul>","protected":false},"excerpt":{"rendered":"<ul>\n<li style=\"font-weight: 400;\" aria-level=\"1\"><span style=\"font-weight: 400;\">Reduce la tensi\u00f3n arterial<\/span><\/li>\n<li style=\"font-weight: 400;\" aria-level=\"1\"><span style=\"font-weight: 400;\">Maneja la angina de pecho, controla el ritmo card\u00edaco<\/span><\/li>\n<li style=\"font-weight: 400;\" aria-level=\"1\"><span style=\"font-weight: 400;\">Funciona en un plazo de 2 a 4 horas<\/span><\/li>\n<li style=\"font-weight: 400;\" aria-level=\"1\"><span style=\"font-weight: 400;\">Precios muy asequibles<\/span><\/li>\n<\/ul>","protected":false},"featured_media":29467,"comment_status":"open","ping_status":"closed","template":"","meta":{"om_disable_all_campaigns":false,"_uf_show_specific_survey":0,"_uf_disable_surveys":false},"product_brand":[],"product_cat":[608],"product_tag":[],"class_list":{"0":"post-3756","1":"product","2":"type-product","3":"status-publish","4":"has-post-thumbnail","6":"product_cat-heart-blood-pressure","8":"first","9":"instock","10":"shipping-taxable","11":"purchasable","12":"product-type-variable"},"_links":{"self":[{"href":"https:\/\/wowrxpharmacy.com\/es_co\/wp-json\/wp\/v2\/product\/3756","targetHints":{"allow":["GET"]}}],"collection":[{"href":"https:\/\/wowrxpharmacy.com\/es_co\/wp-json\/wp\/v2\/product"}],"about":[{"href":"https:\/\/wowrxpharmacy.com\/es_co\/wp-json\/wp\/v2\/types\/product"}],"replies":[{"embeddable":true,"href":"https:\/\/wowrxpharmacy.com\/es_co\/wp-json\/wp\/v2\/comments?post=3756"}],"wp:featuredmedia":[{"embeddable":true,"href":"https:\/\/wowrxpharmacy.com\/es_co\/wp-json\/wp\/v2\/media\/29467"}],"wp:attachment":[{"href":"https:\/\/wowrxpharmacy.com\/es_co\/wp-json\/wp\/v2\/media?parent=3756"}],"wp:term":[{"taxonomy":"product_brand","embeddable":true,"href":"https:\/\/wowrxpharmacy.com\/es_co\/wp-json\/wp\/v2\/product_brand?post=3756"},{"taxonomy":"product_cat","embeddable":true,"href":"https:\/\/wowrxpharmacy.com\/es_co\/wp-json\/wp\/v2\/product_cat?post=3756"},{"taxonomy":"product_tag","embeddable":true,"href":"https:\/\/wowrxpharmacy.com\/es_co\/wp-json\/wp\/v2\/product_tag?post=3756"}],"curies":[{"name":"wp","href":"https:\/\/api.w.org\/{rel}","templated":true}]}}