{"id":3689,"date":"2024-06-25T04:13:06","date_gmt":"2024-06-25T08:13:06","guid":{"rendered":"https:\/\/wowrxpharmacy.com\/?post_type=product&#038;p=3689"},"modified":"2024-10-16T03:51:27","modified_gmt":"2024-10-16T07:51:27","slug":"lipicard-160mg","status":"publish","type":"product","link":"https:\/\/wowrxpharmacy.com\/es_co\/producto\/lipicard-160mg\/","title":{"rendered":"Lipicard 160 mg"},"content":{"rendered":"<h3><span style=\"font-weight: 400;\">About Lipicard 160mg<\/span><\/h3>\n<p><span style=\"font-weight: 400;\">Lipicard 160 Tablet treats High Cholesterol. This medicine helps by lowering Triglycerides and &#8220;bad&#8221; Cholesterol (LDL) while raising levels of &#8220;good&#8221; Cholesterol (HDL).<\/span><\/p>\n<p><span style=\"font-weight: 400;\">The main salt present in this medicine is Fenofibrate. Lowering Cholesterol levels reduces the chance of a heart attack or stroke. USV Ltd. is the manufacturer of Lipicard 160 mg. Lipicard 160 mg comes with highly positive reviews and is a recommended medication for heart failure and high blood pressure.\u00a0\u00a0<\/span><\/p>\n<h3><span style=\"font-weight: 400;\">Uso<\/span><\/h3>\n<p><span style=\"font-weight: 400;\">Fenofibrate 160 is given to people with heart problems because it lowers bad Cholesterol and raises good Cholesterol.<\/span><\/p>\n<h4><span style=\"font-weight: 400;\">In High Cholesterol<\/span><\/h4>\n<p><span style=\"font-weight: 400;\">Lipicard 160 does an excellent job of lowering your Cholesterol levels. Getting rid of Cholesterol makes you less likely to get heart disease and helps you stay healthy for longer.\u00a0<\/span><\/p>\n<p><span style=\"font-weight: 400;\">To get the most out of this medicine, take it regularly and make changes to your lifestyle, such as eating well and staying active. Keep taking it even if you feel well. <\/span><span style=\"font-weight: 400;\">Comprar <\/span><span style=\"font-weight: 400;\">Lipicard 160 mg<\/span><span style=\"font-weight: 400;\"> en l\u00ednea desde la farmacia en l\u00ednea m\u00e1s confiable WowRXPharmacy.<\/span><\/p>\n<h3><span style=\"font-weight: 400;\">Trabajar en<\/span><\/h3>\n<p><span style=\"font-weight: 400;\">Lipicard 160 is a medicine that lowers lipids. It works by reducing the amount of &#8220;bad&#8221; Cholesterol (LDL) and &#8220;Triglycerides&#8221; while raising the amount of &#8220;good&#8221; Cholesterol (HDL).<\/span><\/p>\n<h3><span style=\"font-weight: 400;\">How to use it<\/span><\/h3>\n<p><span style=\"font-weight: 400;\">Following are the points you should keep in mind while taking Fenofibrate 160 mg:<\/span><\/p>\n<ul>\n<li style=\"font-weight: 400;\" aria-level=\"1\"><span style=\"font-weight: 400;\">Take this drug by mouth, as your doctor tells you, usually once daily. Different capsules and Lipicard 160 have different amounts of the drug in them<\/span><\/li>\n<li style=\"font-weight: 400;\" aria-level=\"1\"><span style=\"font-weight: 400;\">If your doctor doesn&#8217;t tell you to, don&#8217;t switch between different brands or types of this medicine.\u00a0<\/span><\/li>\n<li style=\"font-weight: 400;\" aria-level=\"1\"><span style=\"font-weight: 400;\">It is essential to take this medicine the right way so that it works as well as possible<\/span><\/li>\n<li style=\"font-weight: 400;\" aria-level=\"1\"><span style=\"font-weight: 400;\">If you are also taking other medicines to lower your Cholesterol, take Fenofibrate at least one hour before or four to six hours after taking those medicines<\/span><\/li>\n<li style=\"font-weight: 400;\" aria-level=\"1\"><span style=\"font-weight: 400;\">To get the most out of this medicine, you should take it as prescribed. Take it at the same time daily to help you remember. Don&#8217;t take this drug more often or longer than your doctor tells you to<\/span><\/li>\n<\/ul>","protected":false},"excerpt":{"rendered":"<ul>\n<li style=\"font-weight: 400;\" aria-level=\"1\"><span style=\"font-weight: 400;\">FDA-approved Fenofibrate<\/span><\/li>\n<li style=\"font-weight: 400;\" aria-level=\"1\"><span style=\"font-weight: 400;\">Visible results within 2-3 months<\/span><\/li>\n<li style=\"font-weight: 400;\" aria-level=\"1\"><span style=\"font-weight: 400;\">Effective for 19-27 hours<\/span><\/li>\n<li style=\"font-weight: 400;\" aria-level=\"1\"><span style=\"font-weight: 400;\">Env\u00edo en 24 horas<\/span><\/li>\n<\/ul>","protected":false},"featured_media":3711,"comment_status":"open","ping_status":"closed","template":"","meta":{"om_disable_all_campaigns":false,"_uf_show_specific_survey":0,"_uf_disable_surveys":false},"product_brand":[],"product_cat":[608],"product_tag":[],"class_list":{"0":"post-3689","1":"product","2":"type-product","3":"status-publish","4":"has-post-thumbnail","6":"product_cat-heart-blood-pressure","8":"first","9":"instock","10":"shipping-taxable","11":"purchasable","12":"product-type-variable","13":"has-default-attributes"},"_links":{"self":[{"href":"https:\/\/wowrxpharmacy.com\/es_co\/wp-json\/wp\/v2\/product\/3689","targetHints":{"allow":["GET"]}}],"collection":[{"href":"https:\/\/wowrxpharmacy.com\/es_co\/wp-json\/wp\/v2\/product"}],"about":[{"href":"https:\/\/wowrxpharmacy.com\/es_co\/wp-json\/wp\/v2\/types\/product"}],"replies":[{"embeddable":true,"href":"https:\/\/wowrxpharmacy.com\/es_co\/wp-json\/wp\/v2\/comments?post=3689"}],"wp:featuredmedia":[{"embeddable":true,"href":"https:\/\/wowrxpharmacy.com\/es_co\/wp-json\/wp\/v2\/media\/3711"}],"wp:attachment":[{"href":"https:\/\/wowrxpharmacy.com\/es_co\/wp-json\/wp\/v2\/media?parent=3689"}],"wp:term":[{"taxonomy":"product_brand","embeddable":true,"href":"https:\/\/wowrxpharmacy.com\/es_co\/wp-json\/wp\/v2\/product_brand?post=3689"},{"taxonomy":"product_cat","embeddable":true,"href":"https:\/\/wowrxpharmacy.com\/es_co\/wp-json\/wp\/v2\/product_cat?post=3689"},{"taxonomy":"product_tag","embeddable":true,"href":"https:\/\/wowrxpharmacy.com\/es_co\/wp-json\/wp\/v2\/product_tag?post=3689"}],"curies":[{"name":"wp","href":"https:\/\/api.w.org\/{rel}","templated":true}]}}