{"id":3612,"date":"2024-06-25T04:13:06","date_gmt":"2024-06-25T08:13:06","guid":{"rendered":"https:\/\/wowrxpharmacy.com\/?post_type=product&#038;p=3612"},"modified":"2024-10-16T03:51:27","modified_gmt":"2024-10-16T07:51:27","slug":"coversyl-2mg","status":"publish","type":"product","link":"https:\/\/wowrxpharmacy.com\/es_co\/producto\/coversyl-2mg\/","title":{"rendered":"Coversyl 2 mg"},"content":{"rendered":"<h3><span style=\"font-weight: 400;\">About Coversyl 2mg<\/span><\/h3>\n<p><span style=\"font-weight: 400;\">Coversyl 2mg is a prescription-based medicine to control High Blood Pressure and treat Heart Failure. It also lowers the likelihood of having a Heart Attack or Stroke. Coversyl contains Perindopril Erbumine as its active ingredient. It belongs to a class of medicine called Angiotensin-Converting Enzyme (ACE) inhibitors.<\/span><\/p>\n<p><span style=\"font-weight: 400;\">Servier Laboratories manufactures Coversyl 2mg. WowRxPharmacy delivers Coversyl 2 mg to your doorsteps at affordable prices.<\/span><\/p>\n<h3><span style=\"font-weight: 400;\">Coversyl 2 mg uses<\/span><\/h3>\n<p><span style=\"font-weight: 400;\">Los siguientes son los usos de Perindopril:<\/span><\/p>\n<h4><span style=\"font-weight: 400;\">Hipertensi\u00f3n\u00a0<\/span><\/h4>\n<p><span style=\"font-weight: 400;\">La hipertensi\u00f3n o tensi\u00f3n arterial alta es una afecci\u00f3n m\u00e9dica en la que la fuerza con la que la sangre fluye por los vasos sangu\u00edneos es superior a la habitual.<\/span><\/p>\n<h4><span style=\"font-weight: 400;\">Insuficiencia cardiaca<\/span><\/h4>\n<p><span style=\"font-weight: 400;\">It is a chronic condition wherein the heart does not pump sufficient blood to meet the body&#8217;s needs. Symptoms of Heart Failure include shortness of breath, rapid heartbeat, swollen legs, and fatigue.<\/span><\/p>\n<h4><span style=\"font-weight: 400;\">Prevenci\u00f3n de infartos e ictus<\/span><\/h4>\n<p><span style=\"font-weight: 400;\">A Heart Attack occurs when blood and oxygen flow to the heart is obstructed due to a blood clot. A Stroke occurs when there is an obstruction in the supply of blood to the brain. Both of the above conditions are medical emergencies and can be prevented by taking 2mg of Coversyl.<\/span><\/p>\n<h3><span style=\"font-weight: 400;\">How does Coversyl 2mg work<\/span><\/h3>\n<p><span style=\"font-weight: 400;\">Coversyl 2mg comes with highly positive reviews and is a recommended medication for the treatment of High Blood Pressure and Heart Failure. It contains Perindopril, which is an Angiotensin-Converting Enzyme (ACE) inhibitor.<\/span><\/p>\n<p><span style=\"font-weight: 400;\">La angiotensina-II es una sustancia producida por los ri\u00f1ones. Se une a los receptores de los vasos sangu\u00edneos y provoca su estrechamiento. El perindopril reduce la carga de trabajo del coraz\u00f3n y relaja los vasos sangu\u00edneos para mejorar el flujo sangu\u00edneo y la capacidad del coraz\u00f3n para bombear sangre con eficacia.<\/span><\/p>\n<h3><span style=\"font-weight: 400;\">C\u00f3mo tomar el medicamento<\/span><\/h3>\n<p><span style=\"font-weight: 400;\">Hay ciertas cosas que puede tener en cuenta para mejorar la eficacia del medicamento.<\/span><\/p>\n<ul>\n<li style=\"font-weight: 400;\" aria-level=\"1\"><span style=\"font-weight: 400;\">Take medicine at the same time each day<\/span><\/li>\n<li style=\"font-weight: 400;\" aria-level=\"1\"><span style=\"font-weight: 400;\">Consumir el medicamento por v\u00eda oral sin romperlo, triturarlo ni masticarlo.<\/span><\/li>\n<li style=\"font-weight: 400;\" aria-level=\"1\"><span style=\"font-weight: 400;\">You should take Coversyl 2mg on an empty stomach<\/span><\/li>\n<\/ul>","protected":false},"excerpt":{"rendered":"<ul>\n<li style=\"font-weight: 400;\" aria-level=\"1\"><span style=\"font-weight: 400;\">Aprobado por la FDA <\/span><span style=\"font-weight: 400;\">Perindopril Erbumine<\/span><\/li>\n<li style=\"font-weight: 400;\" aria-level=\"1\"><span style=\"font-weight: 400;\">Stays effective for up to 24 hours<\/span><\/li>\n<li style=\"font-weight: 400;\" aria-level=\"1\"><span style=\"font-weight: 400;\">Visible effects within 1-2 hours<\/span><\/li>\n<li style=\"font-weight: 400;\" aria-level=\"1\"><span style=\"font-weight: 400;\">Env\u00edo en 24 horas<\/span><\/li>\n<\/ul>","protected":false},"featured_media":3621,"comment_status":"open","ping_status":"closed","template":"","meta":{"om_disable_all_campaigns":false,"_uf_show_specific_survey":0,"_uf_disable_surveys":false},"product_brand":[],"product_cat":[608],"product_tag":[],"class_list":{"0":"post-3612","1":"product","2":"type-product","3":"status-publish","4":"has-post-thumbnail","6":"product_cat-heart-blood-pressure","8":"first","9":"instock","10":"shipping-taxable","11":"purchasable","12":"product-type-variable","13":"has-default-attributes"},"_links":{"self":[{"href":"https:\/\/wowrxpharmacy.com\/es_co\/wp-json\/wp\/v2\/product\/3612","targetHints":{"allow":["GET"]}}],"collection":[{"href":"https:\/\/wowrxpharmacy.com\/es_co\/wp-json\/wp\/v2\/product"}],"about":[{"href":"https:\/\/wowrxpharmacy.com\/es_co\/wp-json\/wp\/v2\/types\/product"}],"replies":[{"embeddable":true,"href":"https:\/\/wowrxpharmacy.com\/es_co\/wp-json\/wp\/v2\/comments?post=3612"}],"wp:featuredmedia":[{"embeddable":true,"href":"https:\/\/wowrxpharmacy.com\/es_co\/wp-json\/wp\/v2\/media\/3621"}],"wp:attachment":[{"href":"https:\/\/wowrxpharmacy.com\/es_co\/wp-json\/wp\/v2\/media?parent=3612"}],"wp:term":[{"taxonomy":"product_brand","embeddable":true,"href":"https:\/\/wowrxpharmacy.com\/es_co\/wp-json\/wp\/v2\/product_brand?post=3612"},{"taxonomy":"product_cat","embeddable":true,"href":"https:\/\/wowrxpharmacy.com\/es_co\/wp-json\/wp\/v2\/product_cat?post=3612"},{"taxonomy":"product_tag","embeddable":true,"href":"https:\/\/wowrxpharmacy.com\/es_co\/wp-json\/wp\/v2\/product_tag?post=3612"}],"curies":[{"name":"wp","href":"https:\/\/api.w.org\/{rel}","templated":true}]}}