{"id":3528,"date":"2024-09-27T06:35:21","date_gmt":"2024-09-27T10:35:21","guid":{"rendered":"https:\/\/wowrxpharmacy.com\/?post_type=product&#038;p=3528"},"modified":"2024-11-22T05:43:37","modified_gmt":"2024-11-22T10:43:37","slug":"asthalin-respules-2-5-ml","status":"publish","type":"product","link":"https:\/\/wowrxpharmacy.com\/es_co\/producto\/asthalin-respules-2-5-ml\/","title":{"rendered":"Asthalin Respules 2,5 ml"},"content":{"rendered":"<h3><span style=\"font-weight: 400;\">Acerca de Asthalin Respules 2,5 ml<\/span><\/h3>\n<p><span style=\"font-weight: 400;\">Asthalin Respules 2,5 ml es un broncodilatador de acci\u00f3n r\u00e1pida que alivia los s\u00edntomas del asma y la enfermedad pulmonar obstructiva cr\u00f3nica. Contiene Salbutamol (Albuterol) como principio activo aprobado por la FDA que puede aliviar eficazmente las sibilancias, la tos y los s\u00edntomas similares a la dificultad respiratoria.\u00a0<\/span><\/p>\n<p><span style=\"font-weight: 400;\">Asthalin Respules pertenece a la clase de medicamentos broncodilatadores, que facilitan la respiraci\u00f3n al ensanchar las v\u00edas respiratorias. Cipla Ltd fabrica Asthalin Respules, y se puede comprar desde WowRx al mejor precio y obtener directamente a su puerta.<\/span><\/p>\n<h3><span style=\"font-weight: 400;\">Usos de Asthalin Respules 2,5 ml<\/span><\/h3>\n<p><span style=\"font-weight: 400;\">Asthalin Respules se utiliza para las siguientes afecciones m\u00e9dicas:<\/span><\/p>\n<h4><span style=\"font-weight: 400;\">Tratamiento del asma<\/span><\/h4>\n<p><span style=\"font-weight: 400;\">El asma es una enfermedad pulmonar cr\u00f3nica que <\/span><a href=\"https:\/\/my.clevelandclinic.org\/health\/diseases\/6424-asthma#:~:text=Asthma%2C%20also%20called%20bronchial%20asthma%2C%20is%20a%20disease%20that%20affects%20your%20lungs.%20It%E2%80%99s%20a%20chronic%20(ongoing)%20condition%2C%20meaning%20it%20doesn%E2%80%99t%20go%20away%20and%20needs%20ongoing%20medical%20management.\" target=\"_blank\" rel=\"nofollow noopener\"><span style=\"font-weight: 400;\">principalmente<\/span><\/a><span style=\"font-weight: 400;\"> afecta a las v\u00edas respiratorias. Las v\u00edas respiratorias se estrechan e hinchan y pueden producir m\u00e1s mucosidad de lo normal, lo que provoca problemas respiratorios, opresi\u00f3n en el pecho y s\u00edntomas similares a las sibilancias. Asthalin Respules 2,5 ml puede relajar y ensanchar las v\u00edas respiratorias, aliviando los s\u00edntomas del Asma y facilitando la respiraci\u00f3n.<\/span><\/p>\n<h4><span style=\"font-weight: 400;\">Tratamiento de la enfermedad pulmonar obstructiva cr\u00f3nica<\/span><\/h4>\n<p><span style=\"font-weight: 400;\">Se trata de un grupo de enfermedades pulmonares que provocan una restricci\u00f3n del flujo de aire y problemas respiratorios. Asthalin Respules puede actuar eficazmente para aliviar los s\u00edntomas de la EPOC y facilitar la respiraci\u00f3n.<\/span><\/p>\n<h3><span style=\"font-weight: 400;\">\u00bfC\u00f3mo act\u00faa el Salbutamol?<\/span><\/h3>\n<p><span style=\"font-weight: 400;\">Dado que la broncoconstricci\u00f3n es uno de los s\u00edntomas del asma, a menudo se prescriben betaagonistas o broncodilatadores como tratamiento de primera l\u00ednea para un alivio r\u00e1pido. El salbutamol de Asthalin Respules es el primer <\/span><a href=\"https:\/\/www.ncbi.nlm.nih.gov\/pmc\/articles\/PMC9696300\/#:~:text=Salbutamol%2C%20the%20first,to%20healthcare%20systems\" target=\"_blank\" rel=\"nofollow noopener\"><span style=\"font-weight: 400;\">selectiva<\/span><\/a><span style=\"font-weight: 400;\"> Beta-2-Agonista de Acci\u00f3n Corta (SABA).\u00a0<\/span><\/p>\n<p><span style=\"font-weight: 400;\">Salbutamol Respules puede prevenir los broncoespasmos relajando y ensanchando las v\u00edas respiratorias y aliviando las dificultades respiratorias. El Salbutamol empieza a actuar casi inmediatamente y mantiene su eficacia hasta 5 horas. Adem\u00e1s, seg\u00fan la Organizaci\u00f3n Mundial de la Salud, Salbutamol es uno de los medicamentos m\u00e1s eficaces y seguros para el sistema sanitario.<\/span><\/p>\n<h3><span style=\"font-weight: 400;\">\u00bfC\u00f3mo utilizar Asthalin Respules 2,5 ml?<\/span><\/h3>\n<p><span style=\"font-weight: 400;\">Es importante utilizar correctamente Asthalin Respules 2,5 ml para que la dosis correcta de Salbutamol (Albuterol) llegue a sus pulmones y obtenga sus beneficios. Para obtener los mejores resultados, utilice el medicamento de las siguientes maneras:<\/span><\/p>\n<ul>\n<li style=\"font-weight: 400;\" aria-level=\"1\"><span style=\"font-weight: 400;\">En primer lugar, lea el prospecto que acompa\u00f1a al medicamento. Contiene informaci\u00f3n esencial sobre c\u00f3mo utilizar el medicamento antes de que sea necesario sustituirlo.<\/span><\/li>\n<li style=\"font-weight: 400;\" aria-level=\"1\"><span style=\"font-weight: 400;\">Se toma con un nebulizador, una m\u00e1quina que convierte la medicaci\u00f3n l\u00edquida en niebla para su correcta inhalaci\u00f3n y administraci\u00f3n a los pulmones.<\/span><\/li>\n<li style=\"font-weight: 400;\" aria-level=\"1\"><span style=\"font-weight: 400;\">Comience por exprimir la soluci\u00f3n l\u00edquida de respule en el nebulizador y deje que se transforme en una niebla<\/span><\/li>\n<li style=\"font-weight: 400;\" aria-level=\"1\"><span style=\"font-weight: 400;\">Inhalar el medicamento a trav\u00e9s de la boquilla<\/span><\/li>\n<li style=\"font-weight: 400;\" aria-level=\"1\"><span style=\"font-weight: 400;\">Deseche la respule despu\u00e9s de usarla. No utilice el sobrante de Asthalin Respule para la siguiente dosis<\/span><\/li>\n<li style=\"font-weight: 400;\" aria-level=\"1\"><span style=\"font-weight: 400;\">Para obtener los mejores resultados, tome el medicamento a la misma hora todos los d\u00edas<\/span><\/li>\n<\/ul>","protected":false},"excerpt":{"rendered":"<p>Con Salbutamol, Asthalin Respules ofrece un alivio r\u00e1pido de los s\u00edntomas del Asma, garantizando una mejor respiraci\u00f3n. Aprobado por la FDA y f\u00e1cil de usar.<\/p>","protected":false},"featured_media":3730,"comment_status":"open","ping_status":"closed","template":"","meta":{"om_disable_all_campaigns":false,"_uf_show_specific_survey":0,"_uf_disable_surveys":false},"product_brand":[],"product_cat":[555],"product_tag":[],"class_list":{"0":"post-3528","1":"product","2":"type-product","3":"status-publish","4":"has-post-thumbnail","6":"product_cat-asthma","8":"first","9":"instock","10":"sale","11":"shipping-taxable","12":"purchasable","13":"product-type-variable"},"_links":{"self":[{"href":"https:\/\/wowrxpharmacy.com\/es_co\/wp-json\/wp\/v2\/product\/3528","targetHints":{"allow":["GET"]}}],"collection":[{"href":"https:\/\/wowrxpharmacy.com\/es_co\/wp-json\/wp\/v2\/product"}],"about":[{"href":"https:\/\/wowrxpharmacy.com\/es_co\/wp-json\/wp\/v2\/types\/product"}],"replies":[{"embeddable":true,"href":"https:\/\/wowrxpharmacy.com\/es_co\/wp-json\/wp\/v2\/comments?post=3528"}],"wp:featuredmedia":[{"embeddable":true,"href":"https:\/\/wowrxpharmacy.com\/es_co\/wp-json\/wp\/v2\/media\/3730"}],"wp:attachment":[{"href":"https:\/\/wowrxpharmacy.com\/es_co\/wp-json\/wp\/v2\/media?parent=3528"}],"wp:term":[{"taxonomy":"product_brand","embeddable":true,"href":"https:\/\/wowrxpharmacy.com\/es_co\/wp-json\/wp\/v2\/product_brand?post=3528"},{"taxonomy":"product_cat","embeddable":true,"href":"https:\/\/wowrxpharmacy.com\/es_co\/wp-json\/wp\/v2\/product_cat?post=3528"},{"taxonomy":"product_tag","embeddable":true,"href":"https:\/\/wowrxpharmacy.com\/es_co\/wp-json\/wp\/v2\/product_tag?post=3528"}],"curies":[{"name":"wp","href":"https:\/\/api.w.org\/{rel}","templated":true}]}}