{"id":3371,"date":"2024-09-23T06:00:37","date_gmt":"2024-09-23T10:00:37","guid":{"rendered":"https:\/\/wowrxpharmacy.com\/?post_type=product&#038;p=3371"},"modified":"2024-11-22T04:51:22","modified_gmt":"2024-11-22T09:51:22","slug":"un-gel-ret-0-1-20-g","status":"publish","type":"product","link":"https:\/\/wowrxpharmacy.com\/es_co\/producto\/un-gel-ret-0-1-20-g\/","title":{"rendered":"A Ret Gel 0.1% (Tretinoin gel) (20gm)"},"content":{"rendered":"<h3><span style=\"font-weight: 400;\">Acerca de <\/span><span style=\"font-weight: 400;\">Un gel reconstituido 0,1 20 g<\/span><\/h3>\n<p><span style=\"font-weight: 400;\">El gel Ret 0.1% es un tratamiento t\u00f3pico con tretino\u00edna 0.1%, un derivado de la vitamina A. Se utiliza principalmente para tratar el acn\u00e9 destapando los poros, reduciendo la inflamaci\u00f3n y acelerando la renovaci\u00f3n celular de la piel.<\/span><\/p>\n<p><span style=\"font-weight: 400;\">Su f\u00f3rmula en gel es m\u00e1s suave con la piel que otros productos con tretino\u00edna. Se aplica una vez al d\u00eda en las zonas afectadas.<\/span><span style=\"font-weight: 400;\"> Un gel reconstituido 0,1 20 g<\/span><span style=\"font-weight: 400;\"> Ayuda a prevenir nuevos brotes, reduce las cicatrices del acn\u00e9 y suaviza la piel \u00e1spera mientras minimiza las l\u00edneas finas y las arrugas.<\/span><\/p>\n<p><span style=\"font-weight: 400;\">Su uso regular puede dar como resultado una piel m\u00e1s clara y saludable, lo que lo convierte en una soluci\u00f3n eficaz para quienes tienen acn\u00e9 y signos tempranos de envejecimiento.<\/span><\/p>\n<h3><span style=\"font-weight: 400;\">Qu\u00e9 es <\/span><span style=\"font-weight: 400;\">Un gel reconstituido 0,1 20 g<\/span><span style=\"font-weight: 400;\"> \u00bfPara qu\u00e9 se utiliza?<\/span><\/h3>\n<p><span style=\"font-weight: 400;\">Un Ret Gel 0.1% es <\/span><a href=\"https:\/\/www.mayoclinic.org\/drugs-supplements\/tretinoin-topical-route\/precautions\/drg-20066521?p=1#:~:text=Tretinoin%20is%20used,natural%20aging%20process.\" target=\"_blank\" rel=\"nofollow noopener\"><span style=\"font-weight: 400;\">utilizado principalmente<\/span><\/a><span style=\"font-weight: 400;\"> Para tratar el acn\u00e9, acelera la renovaci\u00f3n celular, ayuda a limpiar los poros obstruidos y previene la aparici\u00f3n de nuevo acn\u00e9. Tambi\u00e9n mejora la textura de la piel al suavizar las zonas \u00e1speras y reducir la aparici\u00f3n de l\u00edneas de expresi\u00f3n y arrugas. Esto lo convierte en una opci\u00f3n popular no solo para tratar el acn\u00e9, sino tambi\u00e9n para mejorar la salud y el rejuvenecimiento general de la piel.<\/span><\/p>\n<h3><span style=\"font-weight: 400;\">\u00bfC\u00f3mo funciona la tretino\u00edna?<\/span><\/h3>\n<p><span style=\"font-weight: 400;\">Un gel reconstituido 0,1 20 g <\/span><span style=\"font-weight: 400;\">Act\u00faa a trav\u00e9s de su ingrediente activo, la tretino\u00edna, un derivado de la vitamina A. Cuando se aplica sobre la piel, la tretino\u00edna... <\/span><a href=\"https:\/\/www.ncbi.nlm.nih.gov\/books\/NBK557478\/#:~:text=Tretinoin%27s%20effectiveness%20as,of%20acne%20vulgaris.\" target=\"_blank\" rel=\"nofollow noopener\"><span style=\"font-weight: 400;\">promueve<\/span><\/a><span style=\"font-weight: 400;\"> Aumento de la renovaci\u00f3n celular, lo que ayuda a eliminar las c\u00e9lulas cut\u00e1neas viejas y a estimular la aparici\u00f3n de nuevas. Este proceso destapa los poros, reduce la inflamaci\u00f3n y previene la aparici\u00f3n de acn\u00e9.<\/span><\/p>\n<p><span style=\"font-weight: 400;\">Adem\u00e1s de tratar el acn\u00e9, el gel de tretino\u00edna estimula la producci\u00f3n de col\u00e1geno, mejorando la textura de la piel y reduciendo las l\u00edneas de expresi\u00f3n y arrugas. Tambi\u00e9n ayuda a atenuar las cicatrices del acn\u00e9 y a suavizar las zonas \u00e1speras al mejorar el proceso natural de exfoliaci\u00f3n de la piel.<\/span><\/p>\n<p><span style=\"font-weight: 400;\">Sin embargo, la tretino\u00edna aumenta la sensibilidad de la piel a la luz solar, por lo que el protector solar es esencial durante el tratamiento. El uso regular de A-Ret 0.1% Gel produce una piel m\u00e1s clara y una tez a\u00fan m\u00e1s definida, aunque los resultados pueden tardar varias semanas en verse.\u00a0<\/span><\/p>\n<h3><span style=\"font-weight: 400;\">C\u00f3mo utilizarlo <\/span><span style=\"font-weight: 400;\">Un gel reconstituido 0,1 20 g<\/span><span style=\"font-weight: 400;\">?<\/span><\/h3>\n<p><span style=\"font-weight: 400;\">Para lograr los mejores resultados, siga estos <\/span><a href=\"https:\/\/www.mayoclinic.org\/drugs-supplements\/tretinoin-topical-route\/proper-use\/drg-20066521#:~:text=Use%20this%20medicine,remain%20on%20them.\" target=\"_blank\" rel=\"nofollow noopener\"><span style=\"font-weight: 400;\">pautas de uso<\/span><\/a><span style=\"font-weight: 400;\"> para <\/span><span style=\"font-weight: 400;\">Un gel reconstituido de 0,120 g:<\/span><\/p>\n<ul>\n<li style=\"font-weight: 400;\" aria-level=\"1\"><span style=\"font-weight: 400;\">Antes de comenzar, hable sobre su historial m\u00e9dico y cualquier medicamento que est\u00e9 tomando con su proveedor de atenci\u00f3n m\u00e9dica.<\/span><\/li>\n<li style=\"font-weight: 400;\" aria-level=\"1\"><span style=\"font-weight: 400;\">L\u00e1vese la cara suavemente con un jab\u00f3n suave y s\u00e9quela con palmaditas durante unos 20 a 30 minutos antes de la aplicaci\u00f3n.<\/span><\/li>\n<li style=\"font-weight: 400;\" aria-level=\"1\"><span style=\"font-weight: 400;\">Utilice una cantidad del tama\u00f1o de un guisante de A Ret 0.1% Gel y apl\u00edquelo uniformemente en las \u00e1reas afectadas de su piel.<\/span><\/li>\n<li style=\"font-weight: 400;\" aria-level=\"1\"><span style=\"font-weight: 400;\">Aplique el gel una vez al d\u00eda, preferiblemente antes de acostarse, para permitir que act\u00fae durante la noche.<\/span><\/li>\n<li style=\"font-weight: 400;\" aria-level=\"1\"><span style=\"font-weight: 400;\">No aplique el gel en \u00e1reas con cortes, heridas o piel quemada por el sol.<\/span><\/li>\n<li style=\"font-weight: 400;\" aria-level=\"1\"><span style=\"font-weight: 400;\">L\u00e1vese siempre las manos antes y despu\u00e9s de aplicar el gel, a menos que sus manos sean el \u00e1rea a tratar.<\/span><\/li>\n<li style=\"font-weight: 400;\" aria-level=\"1\"><span style=\"font-weight: 400;\">Use un humectante si experimenta sequedad o irritaci\u00f3n por el gel.<\/span><\/li>\n<li style=\"font-weight: 400;\" aria-level=\"1\"><span style=\"font-weight: 400;\">Use protector solar con al menos FPS 30+ cuando salga al aire libre, ya que la tretino\u00edna <\/span><a href=\"https:\/\/www.ncbi.nlm.nih.gov\/books\/NBK557478\/#:~:text=Patients%20should%20be%20encouraged%20to%20wear%20protective%20clothing%20and%20use%20sunscreen%20(recommended%20SPF%2015%20or%20higher%20according%20to%20the%20tretinoin%20drug%20label)%20when%20they%20are%20outdoors%2C%20even%20on%20a%20cloudy%20day.\" target=\"_blank\" rel=\"nofollow noopener\"><span style=\"font-weight: 400;\">puede aumentar<\/span><\/a><span style=\"font-weight: 400;\"> sensibilidad al sol<\/span><\/li>\n<li style=\"font-weight: 400;\" aria-level=\"1\"><span style=\"font-weight: 400;\">Evite usar cantidades excesivas de gel para evitar irritaciones o la formaci\u00f3n de bolitas en la piel.<\/span><\/li>\n<li style=\"font-weight: 400;\" aria-level=\"1\"><span style=\"font-weight: 400;\">Mantenga citas regulares con su m\u00e9dico para monitorear el progreso y hacer los ajustes necesarios a su tratamiento.<\/span><\/li>\n<\/ul>","protected":false},"excerpt":{"rendered":"<p>El gel de tretino\u00edna Ret&#039;s ofrece un cuidado antienvejecimiento de calidad profesional. Su f\u00f3rmula probada reduce las arrugas y el acn\u00e9, a la vez que promueve la renovaci\u00f3n de la piel.<\/p>","protected":false},"featured_media":3383,"comment_status":"open","ping_status":"closed","template":"","meta":{"om_disable_all_campaigns":false,"_uf_show_specific_survey":0,"_uf_disable_surveys":false},"product_brand":[],"product_cat":[534,1758],"product_tag":[],"class_list":{"0":"post-3371","1":"product","2":"type-product","3":"status-publish","4":"has-post-thumbnail","6":"product_cat-skin-care","7":"product_cat-top-picks","9":"first","10":"instock","11":"sale","12":"shipping-taxable","13":"purchasable","14":"product-type-variable","15":"has-default-attributes"},"_links":{"self":[{"href":"https:\/\/wowrxpharmacy.com\/es_co\/wp-json\/wp\/v2\/product\/3371","targetHints":{"allow":["GET"]}}],"collection":[{"href":"https:\/\/wowrxpharmacy.com\/es_co\/wp-json\/wp\/v2\/product"}],"about":[{"href":"https:\/\/wowrxpharmacy.com\/es_co\/wp-json\/wp\/v2\/types\/product"}],"replies":[{"embeddable":true,"href":"https:\/\/wowrxpharmacy.com\/es_co\/wp-json\/wp\/v2\/comments?post=3371"}],"wp:featuredmedia":[{"embeddable":true,"href":"https:\/\/wowrxpharmacy.com\/es_co\/wp-json\/wp\/v2\/media\/3383"}],"wp:attachment":[{"href":"https:\/\/wowrxpharmacy.com\/es_co\/wp-json\/wp\/v2\/media?parent=3371"}],"wp:term":[{"taxonomy":"product_brand","embeddable":true,"href":"https:\/\/wowrxpharmacy.com\/es_co\/wp-json\/wp\/v2\/product_brand?post=3371"},{"taxonomy":"product_cat","embeddable":true,"href":"https:\/\/wowrxpharmacy.com\/es_co\/wp-json\/wp\/v2\/product_cat?post=3371"},{"taxonomy":"product_tag","embeddable":true,"href":"https:\/\/wowrxpharmacy.com\/es_co\/wp-json\/wp\/v2\/product_tag?post=3371"}],"curies":[{"name":"wp","href":"https:\/\/api.w.org\/{rel}","templated":true}]}}