{"id":32437,"date":"2024-09-21T06:00:14","date_gmt":"2024-09-21T10:00:14","guid":{"rendered":"https:\/\/wowrxpharmacy.com\/?post_type=product&#038;p=32437"},"modified":"2025-02-19T23:52:48","modified_gmt":"2025-02-20T04:52:48","slug":"estrogel-80g","status":"publish","type":"product","link":"https:\/\/wowrxpharmacy.com\/es_co\/producto\/estrogel-80g\/","title":{"rendered":"Oestrogel 80g"},"content":{"rendered":"<h3><span style=\"font-weight: 400;\">Acerca de Oestrogel 80g<\/span><\/h3>\n<p><span style=\"font-weight: 400;\">Oestrogel 80 g es una terapia hormonal sustitutiva (THS) t\u00f3pica con receta m\u00e9dica. Contiene estradiol, un derivado del estr\u00f3geno que funciona como el estr\u00f3geno, producido principalmente por los ovarios. Por lo tanto, despu\u00e9s de la menopausia, cuando las mujeres experimentan una disminuci\u00f3n pronunciada de los niveles de estr\u00f3geno, el gel Oestrogel puede brindarles alivio al tratar la deficiencia hormonal.<\/span><\/p>\n<p><span style=\"font-weight: 400;\">Oestrogel pertenece a la clase de medicamentos que contienen hormonas estrog\u00e9nicas. Puede tratar la sequedad vaginal y otros s\u00edntomas de la menopausia. Besins Healthcare es su fabricante, y puedes comprar Oestrogel 80 g en l\u00ednea en WowRx al mejor precio.<\/span><\/p>\n<h3><span style=\"font-weight: 400;\">Beneficios de Oestrogel 80g<\/span><\/h3>\n<p><span style=\"font-weight: 400;\">El gel puede <\/span><a href=\"https:\/\/my.clevelandclinic.org\/health\/drugs\/20075-estradiol-topical-gel#:~:text=ESTRADIOL%20(es%20tra,an%20estrogen%20hormone.\" target=\"_blank\" rel=\"nofollow noopener\"><span style=\"font-weight: 400;\">proporcionar alivio <\/span><\/a><span style=\"font-weight: 400;\">Debido a sofocos, sequedad vaginal, picaz\u00f3n, ardor, irritaci\u00f3n y dolor durante las relaciones sexuales, su m\u00e9dico podr\u00eda recomendarle el gel Oestrogel para reducir el riesgo de fragilidad \u00f3sea u osteoporosis posmenop\u00e1usica. El estr\u00f3geno desempe\u00f1a un papel crucial en el mantenimiento de una densidad \u00f3sea saludable. Con una disminuci\u00f3n pronunciada de los niveles de estr\u00f3geno, las mujeres se vuelven m\u00e1s sensibles a las fracturas \u00f3seas.<\/span><\/p>\n<h3><span style=\"font-weight: 400;\">\u00bfC\u00f3mo funciona Oestrogel 80g?<\/span><\/h3>\n<p><span style=\"font-weight: 400;\">Oestrogel es una terapia hormonal sustitutiva eficaz que funciona reemplazando el estr\u00f3geno que se libera principalmente en los ovarios, lo que permite mantener los niveles de estr\u00f3geno premenop\u00e1usicos. Al aplicarse t\u00f3picamente sobre la piel, la hormona se absorbe en el torrente sangu\u00edneo, elevando los niveles de estr\u00f3geno y aliviando los s\u00edntomas de la menopausia.\u00a0<\/span><\/p>\n<h3><span style=\"font-weight: 400;\">\u00bfC\u00f3mo aplicar Oestrogel 80g?<\/span><\/h3>\n<p><span style=\"font-weight: 400;\">Oestrogel es un medicamento t\u00f3pico que se aplica sobre la piel. Proporciona mayor comodidad mientras recibe una dosis de estr\u00f3geno para diversas funciones corporales. Debe usarse en la dosis prescrita y seg\u00fan las indicaciones de su profesional de la salud.\u00a0<\/span><\/p>\n<p><span style=\"font-weight: 400;\">Para <\/span><a href=\"https:\/\/www.nhs.uk\/medicines\/hormone-replacement-therapy-hrt\/oestrogen-tablets-patches-gel-and-spray\/how-and-when-to-take-or-use-oestrogen-tablets-patches-gel-and-spray\/#:~:text=Your%20doctor%20will,breasts%20or%20genitals.\" target=\"_blank\" rel=\"nofollow noopener\"><span style=\"font-weight: 400;\">mejores resultados<\/span><\/a><span style=\"font-weight: 400;\">, aplique Oestrogel de las siguientes maneras:<\/span><\/p>\n<ul>\n<li style=\"font-weight: 400;\" aria-level=\"1\"><span style=\"font-weight: 400;\">El gel medicado debe ser aplicado \u00fanicamente por usted para evitar cambios en los niveles de estr\u00f3geno.<\/span><\/li>\n<li style=\"font-weight: 400;\" aria-level=\"1\"><span style=\"font-weight: 400;\">L\u00e1vese y s\u00e9quese las manos y el \u00e1rea donde se aplicar\u00e1 el gel de estradiol.<\/span><\/li>\n<li style=\"font-weight: 400;\" aria-level=\"1\"><span style=\"font-weight: 400;\">Tome la dosis prescrita de Oestrogel 80 g. Una sola dosis del medicamento se administra con una sola pulsaci\u00f3n.<\/span><\/li>\n<li style=\"font-weight: 400;\" aria-level=\"1\"><span style=\"font-weight: 400;\">Recoja el gel y apl\u00edquelo suavemente en la parte externa de los brazos y los hombros de ambas manos o en la parte media interna de los muslos de ambas piernas.<\/span><\/li>\n<li style=\"font-weight: 400;\" aria-level=\"1\"><span style=\"font-weight: 400;\">No masajee ni frote el gel. D\u00e9jelo secar durante 5 minutos antes de cubrirlo.<\/span><\/li>\n<li style=\"font-weight: 400;\" aria-level=\"1\"><span style=\"font-weight: 400;\">L\u00e1vese las manos despu\u00e9s de aplicar el medicamento para reducir las posibilidades de transmisi\u00f3n a otras personas.<\/span><\/li>\n<li style=\"font-weight: 400;\" aria-level=\"1\"><span style=\"font-weight: 400;\">No lave el lugar de aplicaci\u00f3n del gel durante una hora.<\/span><\/li>\n<li style=\"font-weight: 400;\" aria-level=\"1\"><span style=\"font-weight: 400;\">Aplique el gel de estradiol a la misma hora todos los d\u00edas.<\/span><\/li>\n<li style=\"font-weight: 400;\" aria-level=\"1\"><span style=\"font-weight: 400;\">No aplicar en el pecho, rostro o regi\u00f3n genital.<\/span><\/li>\n<\/ul>","protected":false},"excerpt":{"rendered":"<p>Gel de estradiol aprobado por la FDA que proporciona una terapia de reemplazo hormonal eficaz. Su f\u00f3rmula suave y de r\u00e1pida absorci\u00f3n ayuda a controlar los s\u00edntomas de la menopausia con una pr\u00e1ctica aplicaci\u00f3n diaria.<\/p>","protected":false},"featured_media":36584,"comment_status":"open","ping_status":"closed","template":"","meta":{"om_disable_all_campaigns":false,"_uf_show_specific_survey":0,"_uf_disable_surveys":false},"product_brand":[],"product_cat":[1757,595],"product_tag":[],"class_list":{"0":"post-32437","1":"product","2":"type-product","3":"status-publish","4":"has-post-thumbnail","6":"product_cat-featured-products","7":"product_cat-womens-health","9":"first","10":"instock","11":"sale","12":"shipping-taxable","13":"purchasable","14":"product-type-variable","15":"has-default-attributes"},"_links":{"self":[{"href":"https:\/\/wowrxpharmacy.com\/es_co\/wp-json\/wp\/v2\/product\/32437","targetHints":{"allow":["GET"]}}],"collection":[{"href":"https:\/\/wowrxpharmacy.com\/es_co\/wp-json\/wp\/v2\/product"}],"about":[{"href":"https:\/\/wowrxpharmacy.com\/es_co\/wp-json\/wp\/v2\/types\/product"}],"replies":[{"embeddable":true,"href":"https:\/\/wowrxpharmacy.com\/es_co\/wp-json\/wp\/v2\/comments?post=32437"}],"wp:featuredmedia":[{"embeddable":true,"href":"https:\/\/wowrxpharmacy.com\/es_co\/wp-json\/wp\/v2\/media\/36584"}],"wp:attachment":[{"href":"https:\/\/wowrxpharmacy.com\/es_co\/wp-json\/wp\/v2\/media?parent=32437"}],"wp:term":[{"taxonomy":"product_brand","embeddable":true,"href":"https:\/\/wowrxpharmacy.com\/es_co\/wp-json\/wp\/v2\/product_brand?post=32437"},{"taxonomy":"product_cat","embeddable":true,"href":"https:\/\/wowrxpharmacy.com\/es_co\/wp-json\/wp\/v2\/product_cat?post=32437"},{"taxonomy":"product_tag","embeddable":true,"href":"https:\/\/wowrxpharmacy.com\/es_co\/wp-json\/wp\/v2\/product_tag?post=32437"}],"curies":[{"name":"wp","href":"https:\/\/api.w.org\/{rel}","templated":true}]}}