{"id":4975,"date":"2024-07-15T08:24:17","date_gmt":"2024-07-15T12:24:17","guid":{"rendered":"https:\/\/wowrxpharmacy.com\/?page_id=4975"},"modified":"2024-08-19T05:43:56","modified_gmt":"2024-08-19T09:43:56","slug":"conocer-la-farmacia-india","status":"publish","type":"page","link":"https:\/\/wowrxpharmacy.com\/es_co\/conocer-la-farmacia-india\/","title":{"rendered":"Conozca la farmacia india"},"content":{"rendered":"<div class=\"wpb-content-wrapper\"><div class=\"vc_row wpb_row vc_row-fluid vc_column-gap-24\" >\n\t<div class=\"container et-clearfix\">\n\t\t<div class=\"wpb_column vc_column_container vc_col-sm-12 text-align-none\" >\n\t<div class=\"vc_column-inner vci\" >\n\t\t<div class=\"wpb_wrapper\">\n\t\t\t<h1 style=\"color: #000000;text-align: left\" class=\"vc_custom_heading\" ><a href=\"https:\/\/wowrxpharmacy.com\/es_co\/conocer-la-farmacia-india\/\" title=\"Conozca la farmacia india\">Conozca la farmacia india<\/a><\/h1>\n<div class=\"wpb_text_column wpb_content_element\"  data-del=\"0\">\n\t<div class=\"wpb_wrapper\">\n\t\t<p>Las farmacias indias en l\u00ednea se han convertido en una de las fuentes m\u00e1s c\u00f3modas de acceso a aut\u00e9nticos medicamentos de marca y gen\u00e9ricos en todo el mundo.<\/p>\n<p>La farmacia india es reconocida por sus medicamentos gen\u00e9ricos, vacunas y medicinas aprobadas por la FDA de bajo coste y asequibles, lo que la convierte en un sector importante en el mercado farmac\u00e9utico mundial.<\/p>\n<p>Con un valor estimado de $50.000 millones de d\u00f3lares, se espera que la industria farmac\u00e9utica india supere los $65.000 millones en 2024 y alcance el hito de $130.000 millones en 2030.<\/p>\n<p>India es un gran exportador de productos farmac\u00e9uticos, que suministra medicamentos aut\u00e9nticos a m\u00e1s de 200 pa\u00edses y cubre alrededor del 40% de la demanda de medicamentos gen\u00e9ricos en Estados Unidos.<\/p>\n<p>Hoy en d\u00eda, las farmacias internacionales est\u00e1n deseosas de colaborar con los fabricantes indios para suministrar bienes de consumo. Este sector ha dado lugar a numerosas inversiones extranjeras directas.<\/p>\n<p>El importante aumento de las farmacias indias en l\u00ednea se ha visto impulsado por la reciente pandemia mundial, el aumento del acceso a Internet y la creciente demanda de medicamentos gen\u00e9ricos aut\u00e9nticos en todo el mundo a precios m\u00e1s baratos.<\/p>\n<p>WowRx es una de las empresas de farmacia en l\u00ednea m\u00e1s conocidas.<\/p>\n<p>Nuestro punto fuerte siempre ha sido ofrecer productos de alta calidad a precios razonables y en una amplia variedad. Nos esforzamos constantemente por ofrecer a nuestros clientes los mejores servicios y productos.<\/p>\n<p>Nuestra experiencia reside en garantizar la satisfacci\u00f3n del cliente, y nos esforzamos por ofrecer resultados excepcionales de forma constante.<\/p>\n<p>\u00a1Porque WowRx le da prioridad a usted y a su salud!<\/p>\n\t<\/div>\n<\/div>\n\n\t\t<\/div>\n\t\t<div class=\"col-back\">\n\t\t\t\t\t<\/div>\n\t<\/div>\n<\/div>\t<\/div>\n\t<div class=\"row-back\">\n\t\t\t\t\t<\/div>\n<\/div>\n<\/div>","protected":false},"excerpt":{"rendered":"Know about Indian Pharmacy Online Indian pharmacies have emerged as one of the most convenient sources of access to authentic branded and generic medicines worldwide. Indian pharmacy is recognized for its low-cost and affordable generic drugs, vaccines, and FDA-approved medicines, making it a significant sector in the global pharmaceutical market. With an estimated value of [...]","protected":false},"author":1,"featured_media":0,"parent":0,"menu_order":0,"comment_status":"closed","ping_status":"closed","template":"","meta":{"om_disable_all_campaigns":false,"_uf_show_specific_survey":0,"_uf_disable_surveys":false,"footnotes":""},"class_list":["post-4975","page","type-page","status-publish","hentry"],"_links":{"self":[{"href":"https:\/\/wowrxpharmacy.com\/es_co\/wp-json\/wp\/v2\/pages\/4975","targetHints":{"allow":["GET"]}}],"collection":[{"href":"https:\/\/wowrxpharmacy.com\/es_co\/wp-json\/wp\/v2\/pages"}],"about":[{"href":"https:\/\/wowrxpharmacy.com\/es_co\/wp-json\/wp\/v2\/types\/page"}],"author":[{"embeddable":true,"href":"https:\/\/wowrxpharmacy.com\/es_co\/wp-json\/wp\/v2\/users\/1"}],"replies":[{"embeddable":true,"href":"https:\/\/wowrxpharmacy.com\/es_co\/wp-json\/wp\/v2\/comments?post=4975"}],"version-history":[{"count":4,"href":"https:\/\/wowrxpharmacy.com\/es_co\/wp-json\/wp\/v2\/pages\/4975\/revisions"}],"predecessor-version":[{"id":30909,"href":"https:\/\/wowrxpharmacy.com\/es_co\/wp-json\/wp\/v2\/pages\/4975\/revisions\/30909"}],"wp:attachment":[{"href":"https:\/\/wowrxpharmacy.com\/es_co\/wp-json\/wp\/v2\/media?parent=4975"}],"curies":[{"name":"wp","href":"https:\/\/api.w.org\/{rel}","templated":true}]}}