{"id":4964,"date":"2024-07-15T08:31:29","date_gmt":"2024-07-15T12:31:29","guid":{"rendered":"https:\/\/wowrxpharmacy.com\/?page_id=4964"},"modified":"2024-08-19T06:25:48","modified_gmt":"2024-08-19T10:25:48","slug":"condiciones-generales","status":"publish","type":"page","link":"https:\/\/wowrxpharmacy.com\/es_co\/condiciones-generales\/","title":{"rendered":"Condiciones generales"},"content":{"rendered":"<div class=\"wpb-content-wrapper\"><div class=\"vc_row wpb_row vc_row-fluid vc_column-gap-24\" >\n\t<div class=\"container et-clearfix\">\n\t\t<div class=\"wpb_column vc_column_container vc_col-sm-12 text-align-none\" >\n\t<div class=\"vc_column-inner vci\" >\n\t\t<div class=\"wpb_wrapper\">\n\t\t\t<h1 style=\"color: #000000;text-align: center\" class=\"vc_custom_heading\" ><a href=\"https:\/\/wowrxpharmacy.com\/es_co\/condiciones-generales\/\" title=\"Condiciones generales\">Condiciones generales<\/a><\/h1>\t\t<\/div>\n\t\t<div class=\"col-back\">\n\t\t\t\t\t<\/div>\n\t<\/div>\n<\/div>\t<\/div>\n\t<div class=\"row-back\">\n\t\t\t\t\t<\/div>\n<\/div><div class=\"vc_row wpb_row vc_row-fluid vc_column-gap-24\" >\n\t<div class=\"container et-clearfix\">\n\t\t<div class=\"wpb_column vc_column_container vc_col-sm-12 text-align-none\" >\n\t<div class=\"vc_column-inner vci\" >\n\t\t<div class=\"wpb_wrapper\">\n\t\t\t\n<div class=\"wpb_text_column wpb_content_element\"  data-del=\"0\">\n\t<div class=\"wpb_wrapper\">\n\t\t<p><strong>\u00a1Bienvenido a WowRx! <\/strong>Por favor, t\u00f3mese un momento para revisar nuestros t\u00e9rminos y condiciones antes de comprar con nosotros. Al acceder o utilizar nuestro sitio web, acepta cumplir y quedar vinculado por estos t\u00e9rminos y condiciones.<\/p>\n<p><\/p>\n<h2 class=\"wp-block-heading\" id=\"medical-advice-disclaimer\">Descargo de responsabilidad por asesoramiento m\u00e9dico<\/h2>\n<p>El contenido de WowRx s\u00f3lo tiene fines informativos y no sustituye el consejo, diagn\u00f3stico o tratamiento m\u00e9dico profesional. En caso de emergencia m\u00e9dica, p\u00f3ngase en contacto con el 911 inmediatamente. Cualquier confianza en la informaci\u00f3n proporcionada en este sitio web es exclusivamente bajo su propio riesgo.<\/p>\n<p><\/p>\n<h2 class=\"wp-block-heading\" id=\"user-agreement\">Acuerdo de usuario<\/h2>\n<p><\/p>\n<ul class=\"wp-block-list\">\n<li><strong>S\u00f3lo para uso personal:<\/strong> Vendemos medicamentos s\u00f3lo para uso personal y no con fines comerciales. Nos lo tomamos muy en serio, y usted tambi\u00e9n deber\u00eda hacerlo. Los pedidos a granel requieren aprobaci\u00f3n.<\/li>\n<\/ul>\n<p><\/p>\n<ul class=\"wp-block-list\">\n<li><strong>Acuerdo de no reventa:<\/strong> Los usuarios tienen prohibido vender o distribuir productos comprados a WowRx. Usted no va a vender o utilizar nuestros productos con fines comerciales.<\/li>\n<\/ul>\n<p><\/p>\n<ul class=\"wp-block-list\">\n<li><strong>Conocimiento del origen del producto:<\/strong> Usted reconoce que nuestros medicamentos se fabrican en la India y cumplen las normas de la OMS. Nuestros medicamentos gen\u00e9ricos tienen el mismo contenido qu\u00edmico que sus equivalentes estadounidenses.<\/li>\n<\/ul>\n<p><\/p>\n<ul class=\"wp-block-list\">\n<li><strong>Requisito de consulta m\u00e9dica:<\/strong> Nuestro contenido no sustituye el consejo m\u00e9dico profesional. Consulte siempre a un profesional sanitario autorizado antes de utilizar cualquier medicamento adquirido en nuestro sitio web.<\/li>\n<\/ul>\n<p><\/p>\n<h2 class=\"wp-block-heading\" id=\"ordering-and-payment\">Pedidos y pagos<\/h2>\n<p><\/p>\n<ul class=\"wp-block-list\">\n<li><strong>Confirmaci\u00f3n del pedido:<\/strong> Despu\u00e9s de hacer un pedido, compruebe su correo electr\u00f3nico para ver los detalles de la confirmaci\u00f3n.<\/li>\n<\/ul>\n<p><\/p>\n<ul class=\"wp-block-list\">\n<li><strong>Proceso de facturaci\u00f3n:<\/strong> Los pagos se procesan inmediatamente despu\u00e9s de realizar el pedido.<\/li>\n<\/ul>\n<p><\/p>\n<ul class=\"wp-block-list\">\n<li><strong>Plazo de entrega:<\/strong> Los plazos de entrega var\u00edan y los pedidos no pueden realizarse en 24 horas.<\/li>\n<\/ul>\n<p><\/p>\n<ul class=\"wp-block-list\">\n<li><strong>Pol\u00edtica de cancelaci\u00f3n y reembolso:<\/strong> Si se cancela un pedido, se lo notificaremos y le devolveremos el dinero lo antes posible.<\/li>\n<\/ul>\n<p><\/p>\n<h2 class=\"wp-block-heading\" id=\"user-responsibilities\">Responsabilidades del usuario<\/h2>\n<p><\/p>\n<ul class=\"wp-block-list\">\n<li>Usted se compromete a no revender los medicamentos adquiridos en WowRx.<\/li>\n<\/ul>\n<p><\/p>\n<ul class=\"wp-block-list\">\n<li>Usted es responsable del uso indebido de los medicamentos adquiridos.<\/li>\n<\/ul>\n<p><\/p>\n<ul class=\"wp-block-list\">\n<li>Informe de cualquier problema o duda que le surja.<\/li>\n<\/ul>\n<p><\/p>\n<h2 class=\"wp-block-heading\" id=\"privacy\">Privacidad<\/h2>\n<p><\/p>\n<ul class=\"wp-block-list\">\n<li><strong>Recogida de informaci\u00f3n:<\/strong> Recopilamos informaci\u00f3n personal b\u00e1sica, como correo electr\u00f3nico, n\u00famero de contacto y datos de pago, para procesar los pedidos, facilitar las transacciones y mejorar los servicios.<\/li>\n<\/ul>\n<p><\/p>\n<ul class=\"wp-block-list\">\n<li><strong>Uso de datos personales:<\/strong> Utilizamos sus datos exclusivamente para procesar pedidos y mejorar el servicio. No alquilaremos ni venderemos su informaci\u00f3n personal.<\/li>\n<\/ul>\n<p><\/p>\n<h2 class=\"wp-block-heading\" id=\"data-security\">Seguridad de los datos<\/h2>\n<p><\/p>\n<ul class=\"wp-block-list\">\n<li><strong>Alojamiento de datos:<\/strong> Nuestra plataforma est\u00e1 respaldada por Amazon Web Services (AWS) para ofrecer s\u00f3lidos protocolos de seguridad.<\/li>\n<\/ul>\n<p><\/p>\n<ul class=\"wp-block-list\">\n<li><strong>Certificaci\u00f3n SSL:<\/strong> La tecnolog\u00eda Secure Socket Layers cifra las transmisiones de datos para evitar accesos no autorizados.<\/li>\n<\/ul>\n<p><\/p>\n<ul class=\"wp-block-list\">\n<li><strong>Seguridad McAfee:<\/strong> Las soluciones de McAfee protegen contra el phishing, el malware y otras amenazas.<\/li>\n<\/ul>\n<p><\/p>\n<h2 class=\"wp-block-heading\" id=\"policies-and-regulations\">Pol\u00edticas y normativas<\/h2>\n<p><\/p>\n<ul class=\"wp-block-list\">\n<li><strong>Derecho a modificar las pol\u00edticas:<\/strong> WowRx se reserva el derecho de cambiar las pol\u00edticas y normas en cualquier momento. Por favor, visite nuestro sitio web regularmente para actualizaciones.<\/li>\n<\/ul>\n<p><\/p>\n<ul class=\"wp-block-list\">\n<li><strong>Cumplimiento de la legislaci\u00f3n:<\/strong> Cumplimos todas las leyes y normas sanitarias pertinentes.<\/li>\n<\/ul>\n<p><\/p>\n<ul class=\"wp-block-list\">\n<li><strong>Pol\u00edtica de drogas:<\/strong> Estamos aqu\u00ed para apoyar su salud y prohibimos estrictamente la venta de drogas ilegales, estupefacientes o sustancias controladas.<\/li>\n<\/ul>\n<p><\/p>\n<h2 class=\"wp-block-heading\" id=\"customer-support\">Atenci\u00f3n al cliente<\/h2>\n<p><\/p>\n<ul class=\"wp-block-list\">\n<li><strong>Informaci\u00f3n de contacto:<\/strong> Para cualquier problema o pregunta, p\u00f3ngase en contacto con nosotros en <a href=\"mailto:support@wowrxpharmacy.com\">support@wowrxpharmacy.com<\/a>. Tambi\u00e9n puede llamarnos al +1(844) 733-7878 o por WhatsApp al + 1(865) 441-2860.<\/li>\n<\/ul>\n<p><\/p>\n<ul class=\"wp-block-list\">\n<li><strong>Cuestiones de informaci\u00f3n:<\/strong> Por favor, notifique cualquier problema con prontitud para garantizar una r\u00e1pida resoluci\u00f3n.<\/li>\n<\/ul>\n<p><\/p>\n<h2 class=\"wp-block-heading\" id=\"user-consent\">Consentimiento del usuario<\/h2>\n<p><strong>Al utilizar WowRx, usted consiente nuestro acceso a su informaci\u00f3n personal y detalles de la transacci\u00f3n y acepta estos t\u00e9rminos y condiciones. <\/strong>Cualquier cambio en estas condiciones se actualizar\u00e1 en nuestro sitio web, y le animamos a que revise nuestras pol\u00edticas peri\u00f3dicamente para asegurarse de estar siempre bien informado. Si se adhiere a los t\u00e9rminos y condiciones, puede comprar en nuestra tienda m\u00e9dica en l\u00ednea. Tambi\u00e9n le aconsejamos que eval\u00fae detenidamente nuestro sitio web antes de realizar una compra.<\/p>\n<p><\/p>\n<h2 class=\"wp-block-heading\" id=\"disclaimer\">Descargo de responsabilidad<\/h2>\n<p>WowRx no proporciona asesoramiento m\u00e9dico, de salud o de otro tipo. La informaci\u00f3n en nuestra farmacia en l\u00ednea es s\u00f3lo para fines informativos generales y no debe ser invocado como un sustituto de consejo m\u00e9dico profesional.<\/p>\n<p>No ofrecemos asesoramiento m\u00e9dico, sanitario ni sobre tratamientos. Cualquier informaci\u00f3n farmac\u00e9utica o sobre medicamentos contenida en este sitio se utiliza o se conf\u00eda enteramente a su propio riesgo.<\/p>\n<p>En la m\u00e1xima medida permitida por la ley, renunciamos a todas las garant\u00edas expresas e impl\u00edcitas relacionadas con el sitio web y su uso, incluidas, entre otras, las garant\u00edas impl\u00edcitas de comerciabilidad, idoneidad para un fin determinado y no infracci\u00f3n.<\/p>\n<p>WowRx no hace representaciones o garant\u00edas con respecto a la fiabilidad o integridad de los medicamentos o productos farmac\u00e9uticos en cualquier sitio web vinculado. No asumiremos ninguna responsabilidad por lo siguiente:<\/p>\n<p><\/p>\n<ul class=\"wp-block-list\">\n<li>Los errores, omisiones o inexactitudes en la informaci\u00f3n del envase de cualquier medicamento o f\u00e1rmaco son responsabilidad exclusiva del fabricante. Aconsejamos leer la descripci\u00f3n del producto o medicamento antes de comprarlo, ya que no nos hacemos responsables de ninguna p\u00e9rdida o da\u00f1o.<\/li>\n<p><\/p>\n<li>No garantizamos la eficacia de ning\u00fan medicamento adquirido en nuestra farmacia en l\u00ednea.<\/li>\n<p><\/p>\n<li>Como existen varias marcas de medicamentos, lo mejor es consultar al m\u00e9dico antes de tomarlos. Cada marca ofrece dosis diferentes en funci\u00f3n de la potencia de los ingredientes gen\u00e9ricos.<\/li>\n<p><\/p>\n<li>No nos hacemos responsables de los errores o equivocaciones cometidos por los profesionales sanitarios al prescribir cualquier medicamento o f\u00e1rmaco adquirido en nuestra farmacia en l\u00ednea.<\/li>\n<p><\/p>\n<li>No podemos garantizar la recuperaci\u00f3n del paciente de una lesi\u00f3n, afecci\u00f3n o problema de salud espec\u00edfico despu\u00e9s de utilizar nuestros medicamentos en l\u00ednea. No proporcionamos servicios de tratamiento o diagn\u00f3stico a nuestros clientes o usuarios.<\/li>\n<p><\/p>\n<li>No nos hacemos responsables de ninguna lesi\u00f3n f\u00edsica o muerte derivada de la negligencia de nuestros usuarios o clientes al ingerir medicamentos o f\u00e1rmacos adquiridos en nuestra tienda en l\u00ednea.<\/li>\n<p><\/p>\n<li>WowRx declina toda responsabilidad en caso de interrupci\u00f3n o cese de la transmisi\u00f3n hacia o desde el sitio.<\/li>\n<p><\/p>\n<li>No asumimos responsabilidad alguna por errores u omisiones en los ingredientes o medicamentos que den lugar a p\u00e9rdidas o da\u00f1os debidos a cualquier medicamento publicado o puesto a disposici\u00f3n de otro modo a trav\u00e9s del sitio web.<\/li>\n<p><\/p>\n<li>No GARANTIZAMOS, APOYAMOS, GARANTIZAMOS ni ASUMIMOS responsabilidad alguna por ning\u00fan producto o informaci\u00f3n anunciados u ofrecidos por terceros a trav\u00e9s del sitio web. No participaremos ni seremos responsables de supervisar ninguna transacci\u00f3n entre usted y terceros proveedores de productos o servicios.<\/li>\n<\/ul>\n<p>Debe utilizar su mejor criterio y ser prudente al adquirir un producto o servicio a trav\u00e9s de cualquier plataforma o entorno, incluida nuestra tienda de medicamentos en l\u00ednea.<\/p>\n\t<\/div>\n<\/div>\n\n\t\t<\/div>\n\t\t<div class=\"col-back\">\n\t\t\t\t\t<\/div>\n\t<\/div>\n<\/div>\t<\/div>\n\t<div class=\"row-back\">\n\t\t\t\t\t<\/div>\n<\/div>\n<\/div>","protected":false},"excerpt":{"rendered":"Terms and Conditions Welcome to WowRx! Please take a moment to review our terms and conditions before you shop with us. By accessing or using our website, you agree to comply with and be bound by these terms and conditions. Medical Advice Disclaimer The content on WowRx is for informational purposes only and is not [...]","protected":false},"author":1,"featured_media":0,"parent":0,"menu_order":0,"comment_status":"closed","ping_status":"closed","template":"","meta":{"om_disable_all_campaigns":false,"_uf_show_specific_survey":0,"_uf_disable_surveys":false,"footnotes":""},"class_list":["post-4964","page","type-page","status-publish","hentry"],"_links":{"self":[{"href":"https:\/\/wowrxpharmacy.com\/es_co\/wp-json\/wp\/v2\/pages\/4964","targetHints":{"allow":["GET"]}}],"collection":[{"href":"https:\/\/wowrxpharmacy.com\/es_co\/wp-json\/wp\/v2\/pages"}],"about":[{"href":"https:\/\/wowrxpharmacy.com\/es_co\/wp-json\/wp\/v2\/types\/page"}],"author":[{"embeddable":true,"href":"https:\/\/wowrxpharmacy.com\/es_co\/wp-json\/wp\/v2\/users\/1"}],"replies":[{"embeddable":true,"href":"https:\/\/wowrxpharmacy.com\/es_co\/wp-json\/wp\/v2\/comments?post=4964"}],"version-history":[{"count":4,"href":"https:\/\/wowrxpharmacy.com\/es_co\/wp-json\/wp\/v2\/pages\/4964\/revisions"}],"predecessor-version":[{"id":30930,"href":"https:\/\/wowrxpharmacy.com\/es_co\/wp-json\/wp\/v2\/pages\/4964\/revisions\/30930"}],"wp:attachment":[{"href":"https:\/\/wowrxpharmacy.com\/es_co\/wp-json\/wp\/v2\/media?parent=4964"}],"curies":[{"name":"wp","href":"https:\/\/api.w.org\/{rel}","templated":true}]}}