{"id":5190,"date":"2024-07-13T06:15:01","date_gmt":"2024-07-13T10:15:01","guid":{"rendered":"https:\/\/wowrxpharmacy.com\/?post_type=product&#038;p=5190"},"modified":"2024-10-16T03:51:23","modified_gmt":"2024-10-16T07:51:23","slug":"crema-de-melamet-15-g","status":"publish","type":"product","link":"https:\/\/wowrxpharmacy.com\/es\/producto\/crema-de-melamet-15-g\/","title":{"rendered":"Crema Melamet 15 g"},"content":{"rendered":"<h3><span style=\"font-weight: 400;\">Acerca de la crema Melamet<\/span><\/h3>\n<p><span style=\"font-weight: 400;\">La crema Melamet es un medicamento eficaz para el melasma, una afecci\u00f3n cut\u00e1nea. Contiene tretino\u00edna, mometasona e hidrocortisona como ingredientes activos. <\/span><span style=\"font-weight: 400;\">Esta crema es fabricada por A. Menarini Pvt Ltd. Puede pedir f\u00e1cilmente la crema Melamet de 15 g en WowRXPharmacy. Rec\u00edbala en su domicilio desde la comodidad de su hogar.<\/span><\/p>\n<h3><span style=\"font-weight: 400;\">Usos de la crema Melamet<\/span><\/h3>\n<p><span style=\"font-weight: 400;\">La crema Melamet de 15 g se recomienda para tratar el melasma, un trastorno de la pigmentaci\u00f3n que se caracteriza por la presencia de manchas marrones o grises en el rostro. Estas manchas tienden a ser m\u00e1s oscuras que el tono natural de la piel. El melasma es frecuente durante el embarazo y la menopausia.<\/span><\/p>\n<h3><span style=\"font-weight: 400;\">\u00bfC\u00f3mo funciona la crema Melalite?<\/span><span style=\"font-weight: 400;\"><br \/>\n<\/span><\/h3>\n<p><span style=\"font-weight: 400;\">Melalite combina tres medicamentos para tratar el melasma: hidroquinona, tretino\u00edna y mometasona. La hidroquinona es un medicamento blanqueador de la piel. Disminuye la cantidad de pigmento cut\u00e1neo (melanina) que causa el oscurecimiento de la piel. La tretino\u00edna, el otro ingrediente de Melalite, es un tipo de vitamina A que promueve una renovaci\u00f3n cut\u00e1nea m\u00e1s r\u00e1pida. La mometasona es un esteroide que inhibe la producci\u00f3n de mensajeros qu\u00edmicos (prostaglandinas) que causan enrojecimiento, hinchaz\u00f3n y picaz\u00f3n. <\/span><span style=\"font-weight: 400;\">La crema Melamet tiene cr\u00edticas muy positivas y es un medicamento recomendado para el melasma.<\/span><\/p>\n<h3><span style=\"font-weight: 400;\">C\u00f3mo utilizarlo<\/span><span style=\"font-weight: 400;\"><br \/>\n<\/span><\/h3>\n<p><span style=\"font-weight: 400;\">Este medicamento est\u00e1 dise\u00f1ado exclusivamente para aplicaci\u00f3n externa. Siga las indicaciones de su m\u00e9dico sobre la dosis y la duraci\u00f3n recomendadas. Antes de usarlo, revise atentamente las instrucciones de la etiqueta. Aseg\u00farese de que la zona afectada est\u00e9 limpia y seca antes de aplicar la crema. Despu\u00e9s de la aplicaci\u00f3n, se recomienda lavarse las manos, a menos que est\u00e9n en la zona afectada.<\/span><\/p>","protected":false},"excerpt":{"rendered":"<ul>\n<li style=\"font-weight: 400;\" aria-level=\"1\"><span style=\"font-weight: 400;\">Trata la hiperpigmentaci\u00f3n y el melasma.<\/span><\/li>\n<li style=\"font-weight: 400;\" aria-level=\"1\"><span style=\"font-weight: 400;\">Calma la piel irritada<\/span><\/li>\n<li style=\"font-weight: 400;\" aria-level=\"1\"><span style=\"font-weight: 400;\">Se necesitan unos d\u00edas o una semana para obtener efectos visibles.<\/span><\/li>\n<li style=\"font-weight: 400;\" aria-level=\"1\"><span style=\"font-weight: 400;\">Excelentes rese\u00f1as de productos<\/span><\/li>\n<\/ul>","protected":false},"featured_media":29699,"comment_status":"open","ping_status":"closed","template":"","meta":{"om_disable_all_campaigns":false,"_uf_show_specific_survey":0,"_uf_disable_surveys":false},"product_brand":[],"product_cat":[534],"product_tag":[],"class_list":{"0":"post-5190","1":"product","2":"type-product","3":"status-publish","4":"has-post-thumbnail","6":"product_cat-skin-care","8":"first","9":"instock","10":"shipping-taxable","11":"purchasable","12":"product-type-variable","13":"has-default-attributes"},"_links":{"self":[{"href":"https:\/\/wowrxpharmacy.com\/es\/wp-json\/wp\/v2\/product\/5190","targetHints":{"allow":["GET"]}}],"collection":[{"href":"https:\/\/wowrxpharmacy.com\/es\/wp-json\/wp\/v2\/product"}],"about":[{"href":"https:\/\/wowrxpharmacy.com\/es\/wp-json\/wp\/v2\/types\/product"}],"replies":[{"embeddable":true,"href":"https:\/\/wowrxpharmacy.com\/es\/wp-json\/wp\/v2\/comments?post=5190"}],"wp:featuredmedia":[{"embeddable":true,"href":"https:\/\/wowrxpharmacy.com\/es\/wp-json\/wp\/v2\/media\/29699"}],"wp:attachment":[{"href":"https:\/\/wowrxpharmacy.com\/es\/wp-json\/wp\/v2\/media?parent=5190"}],"wp:term":[{"taxonomy":"product_brand","embeddable":true,"href":"https:\/\/wowrxpharmacy.com\/es\/wp-json\/wp\/v2\/product_brand?post=5190"},{"taxonomy":"product_cat","embeddable":true,"href":"https:\/\/wowrxpharmacy.com\/es\/wp-json\/wp\/v2\/product_cat?post=5190"},{"taxonomy":"product_tag","embeddable":true,"href":"https:\/\/wowrxpharmacy.com\/es\/wp-json\/wp\/v2\/product_tag?post=5190"}],"curies":[{"name":"wp","href":"https:\/\/api.w.org\/{rel}","templated":true}]}}