{"id":5117,"date":"2024-09-23T06:00:57","date_gmt":"2024-09-23T10:00:57","guid":{"rendered":"https:\/\/wowrxpharmacy.com\/?post_type=product&#038;p=5117"},"modified":"2024-11-22T04:52:26","modified_gmt":"2024-11-22T09:52:26","slug":"naturogest-100-mg","status":"publish","type":"product","link":"https:\/\/wowrxpharmacy.com\/es\/producto\/naturogest-100-mg\/","title":{"rendered":"Naturogest 100 mg"},"content":{"rendered":"<h3><span style=\"font-weight: 400;\">Acerca de la c\u00e1psula Naturogest 100 mg<\/span><\/h3>\n<p><span style=\"font-weight: 400;\">La c\u00e1psula de Naturogest 100 mg viene con cr\u00edticas muy positivas y es un medicamento recomendado para problemas menstruales y problemas relacionados con el embarazo causados por desequilibrios hormonales.\u00a0<\/span><\/p>\n<p><span style=\"font-weight: 400;\">Contiene progesterona, una hormona sexual femenina natural. Naturogest trata la menopausia y otras afecciones causadas por niveles bajos de progesterona. Adem\u00e1s, reduce el riesgo de menopausia precoz, c\u00e1ncer, menstruaci\u00f3n irregular, mastopat\u00edas benignas y amenorrea secundaria (ausencia de la menstruaci\u00f3n). Este medicamento solo est\u00e1 disponible con receta m\u00e9dica.<\/span><\/p>\n<p><span style=\"font-weight: 400;\">Las c\u00e1psulas de progesterona de 100 mg est\u00e1n disponibles en la comodidad de su hogar en WowRx.<\/span><\/p>\n<h3><span style=\"font-weight: 400;\">Uso de la c\u00e1psula de Naturogest 100 mg<\/span><\/h3>\n<p><span style=\"font-weight: 400;\">Las c\u00e1psulas de Naturogest (progesterona) de 100 mg son principalmente <\/span><a href=\"https:\/\/my.clevelandclinic.org\/health\/drugs\/19484-progesterone-capsules#:~:text=What%20is%20this,you%20have%20questions.\" target=\"_blank\" rel=\"nofollow noopener\"><span style=\"font-weight: 400;\">usado<\/span><\/a><span style=\"font-weight: 400;\"> Para diversos fines m\u00e9dicos relacionados con la regulaci\u00f3n hormonal femenina. Estos son los usos principales:<\/span><\/p>\n<h4><span style=\"font-weight: 400;\">Tratamiento de la amenorrea secundaria<\/span><\/h4>\n<p><span style=\"font-weight: 400;\">Las c\u00e1psulas de progesterona se usan com\u00fanmente para tratar la amenorrea secundaria (ausencia de menstruaci\u00f3n en mujeres) que previamente ten\u00edan ciclos normales. La falta de progesterona en el cuerpo suele causar esta afecci\u00f3n. Tomar suplementos de progesterona ayuda a restablecer la regularidad menstrual.<\/span><\/p>\n<h4><span style=\"font-weight: 400;\">Terapia de reemplazo hormonal (TRH)<\/span><\/h4>\n<p><span style=\"font-weight: 400;\">En mujeres posmenop\u00e1usicas, la progesterona se utiliza en combinaci\u00f3n con estr\u00f3geno para la terapia de reemplazo hormonal. Esto es especialmente importante para quienes no se han sometido a una histerectom\u00eda, ya que la progesterona ayuda a prevenir el engrosamiento del revestimiento uterino (hiperplasia endometrial), que puede provocar c\u00e1ncer de \u00fatero. Equilibra los efectos del estr\u00f3geno, reduciendo este riesgo.<\/span><\/p>\n<h4><span style=\"font-weight: 400;\">Regulaci\u00f3n de los ciclos menstruales<\/span><\/h4>\n<p><span style=\"font-weight: 400;\">A las mujeres con menstruaciones irregulares causadas por desequilibrios hormonales, se les prescribe progesterona para ayudar a regular el ciclo menstrual. Esta hormona imita la hormona natural del cuerpo y garantiza su normal funcionamiento.<\/span><\/p>\n<h4><span style=\"font-weight: 400;\">Apoyando el embarazo<\/span><\/h4>\n<p><span style=\"font-weight: 400;\">La progesterona desempe\u00f1a un papel vital en el apoyo al inicio del embarazo. Ayuda a preparar el revestimiento uterino para la implantaci\u00f3n y se utiliza a menudo en mujeres que se someten a tratamientos de fertilidad o con antecedentes de abortos espont\u00e1neos.<\/span><\/p>\n<h3><span style=\"font-weight: 400;\">\u00bfC\u00f3mo funcionan las c\u00e1psulas de Naturogest 100 mg?<\/span><\/h3>\n<p><span style=\"font-weight: 400;\">La c\u00e1psula de Naturogest de 100 mg contiene progesterona (hormona femenina). La c\u00e1psula de 100 mg de Naturogest se difunde r\u00e1pidamente en las c\u00e9lulas, uni\u00e9ndose a los receptores de progesterona y produciendo su actividad progestacional. Act\u00faa restaurando el equilibrio hormonal del cuerpo.\u00a0<\/span><\/p>\n<p><span style=\"font-weight: 400;\">El desequilibrio hormonal puede ocurrir al acercarse la menopausia, durante la menopausia, antes de la menstruaci\u00f3n y en otras condiciones menstruales. Ayuda a desarrollar y mantener un embarazo. Adem\u00e1s, reduce el grosor del endometrio causado por el estr\u00f3geno (engrosamiento uterino anormal).<\/span><\/p>\n<h3><span style=\"font-weight: 400;\">\u00bfC\u00f3mo utilizar la c\u00e1psula Naturogest 100mg?<\/span><\/h3>\n<p><span style=\"font-weight: 400;\">Las siguientes son instrucciones generales para utilizar la c\u00e1psula de progesterona de 100 mg:<\/span><\/p>\n<ul>\n<li style=\"font-weight: 400;\" aria-level=\"1\"><span style=\"font-weight: 400;\">Tome el medicamento entero<\/span><\/li>\n<li style=\"font-weight: 400;\" aria-level=\"1\"><span style=\"font-weight: 400;\">No masticar, triturar ni romper.<\/span><\/li>\n<li style=\"font-weight: 400;\" aria-level=\"1\"><span style=\"font-weight: 400;\">La c\u00e1psula de Naturogest 100 mg debe tomarse con las comidas.<\/span><\/li>\n<\/ul>","protected":false},"excerpt":{"rendered":"<p>Naturogest&#8217;s natural Progesterone capsules support hormonal balance and fertility. Gentle yet effective for menstrual regulation and pregnancy support.<\/p>","protected":false},"featured_media":29680,"comment_status":"open","ping_status":"closed","template":"","meta":{"om_disable_all_campaigns":false,"_uf_show_specific_survey":0,"_uf_disable_surveys":false},"product_brand":[],"product_cat":[595],"product_tag":[],"class_list":{"0":"post-5117","1":"product","2":"type-product","3":"status-publish","4":"has-post-thumbnail","6":"product_cat-womens-health","8":"first","9":"instock","10":"sale","11":"shipping-taxable","12":"purchasable","13":"product-type-variable","14":"has-default-attributes"},"_links":{"self":[{"href":"https:\/\/wowrxpharmacy.com\/es\/wp-json\/wp\/v2\/product\/5117","targetHints":{"allow":["GET"]}}],"collection":[{"href":"https:\/\/wowrxpharmacy.com\/es\/wp-json\/wp\/v2\/product"}],"about":[{"href":"https:\/\/wowrxpharmacy.com\/es\/wp-json\/wp\/v2\/types\/product"}],"replies":[{"embeddable":true,"href":"https:\/\/wowrxpharmacy.com\/es\/wp-json\/wp\/v2\/comments?post=5117"}],"wp:featuredmedia":[{"embeddable":true,"href":"https:\/\/wowrxpharmacy.com\/es\/wp-json\/wp\/v2\/media\/29680"}],"wp:attachment":[{"href":"https:\/\/wowrxpharmacy.com\/es\/wp-json\/wp\/v2\/media?parent=5117"}],"wp:term":[{"taxonomy":"product_brand","embeddable":true,"href":"https:\/\/wowrxpharmacy.com\/es\/wp-json\/wp\/v2\/product_brand?post=5117"},{"taxonomy":"product_cat","embeddable":true,"href":"https:\/\/wowrxpharmacy.com\/es\/wp-json\/wp\/v2\/product_cat?post=5117"},{"taxonomy":"product_tag","embeddable":true,"href":"https:\/\/wowrxpharmacy.com\/es\/wp-json\/wp\/v2\/product_tag?post=5117"}],"curies":[{"name":"wp","href":"https:\/\/api.w.org\/{rel}","templated":true}]}}