{"id":5044,"date":"2024-09-26T07:00:08","date_gmt":"2024-09-26T11:00:08","guid":{"rendered":"https:\/\/wowrxpharmacy.com\/?post_type=product&#038;p=5044"},"modified":"2024-11-22T05:34:58","modified_gmt":"2024-11-22T10:34:58","slug":"regestrone-5mg","status":"publish","type":"product","link":"https:\/\/wowrxpharmacy.com\/es\/producto\/regestrone-5mg\/","title":{"rendered":"Regestrona 5 mg"},"content":{"rendered":"<h3><span style=\"font-weight: 400;\">Acerca de Regestrone 5 mg<\/span><\/h3>\n<p><span style=\"font-weight: 400;\">Regestrone 5 mg es un medicamento hormonal que contiene noretisterona, una forma sint\u00e9tica de la hormona femenina progesterona. Se utiliza principalmente para tratar trastornos menstruales como la amenorrea (ausencia de menstruaci\u00f3n), el sangrado uterino anormal y la endometriosis.\u00a0<\/span><\/p>\n<p><span style=\"font-weight: 400;\">Regestrone se puede utilizar como anticonceptivo oral para prevenir el embarazo al inhibir la ovulaci\u00f3n y alterar el revestimiento uterino para reducir la probabilidad de implantaci\u00f3n.\u00a0<\/span><\/p>\n<p><span style=\"font-weight: 400;\">Fabricadas por Torrent Pharmaceuticals Ltd., las tabletas de Regestrone de 5 mg son f\u00e1ciles de incorporar a su rutina diaria. Disponibles en WowRx, son una soluci\u00f3n eficaz para las irregularidades menstruales y afecciones relacionadas.<\/span><\/p>\n<h3><span style=\"font-weight: 400;\">Usos de la tableta de Regestrone 5 mg<\/span><\/h3>\n<p><span style=\"font-weight: 400;\">La regestrona es muy eficaz en <\/span><a href=\"https:\/\/medlineplus.gov\/druginfo\/meds\/a604034.html#:~:text=Norethindrone%20is%20used,produce%20certain%20hormones.\" target=\"_blank\" rel=\"nofollow noopener\"><span style=\"font-weight: 400;\">tratamiento de<\/span><\/a><span style=\"font-weight: 400;\"> una variedad de trastornos menstruales, incluidos:<\/span><\/p>\n<ul>\n<li style=\"font-weight: 400;\" aria-level=\"1\"><b>Per\u00edodos irregulares:<\/b><span style=\"font-weight: 400;\"> Regestrone ayuda a restablecer un ciclo menstrual regular en personas que experimentan per\u00edodos irregulares o faltantes debido a fluctuaciones hormonales.<\/span><\/li>\n<li style=\"font-weight: 400;\" aria-level=\"1\"><b>Sangrado menstrual abundante:<\/b><span style=\"font-weight: 400;\"> Para quienes experimentan menorragia (per\u00edodos abundantes), Regestrone ayuda a regular el flujo menstrual, lo que hace que los ciclos sean m\u00e1s f\u00e1ciles de manejar.<\/span><\/li>\n<li style=\"font-weight: 400;\" aria-level=\"1\"><b>Amenorrea:<\/b><span style=\"font-weight: 400;\"> En los casos en que no hay menstruaci\u00f3n (amenorrea), Regestrone estimula el ciclo menstrual y restablece los per\u00edodos regulares.<\/span><\/li>\n<li style=\"font-weight: 400;\" aria-level=\"1\"><b>Manejo de la endometriosis:<\/b><span style=\"font-weight: 400;\"> Regestrone es eficaz para controlar la endometriosis, una afecci\u00f3n en la que el revestimiento uterino se desarrolla fuera del \u00fatero, lo que provoca dolor y malestar durante la menstruaci\u00f3n.<\/span><\/li>\n<\/ul>\n<h3><span style=\"font-weight: 400;\">\u00bfC\u00f3mo act\u00faa la noretisterona?<\/span><\/h3>\n<p><span style=\"font-weight: 400;\">El ingrediente activo de Regestrone, la noretisterona, es un progest\u00e1geno sint\u00e9tico que <\/span><a href=\"https:\/\/pubchem.ncbi.nlm.nih.gov\/compound\/Norethindrone#:~:text=Norethisterone%2C%20also%20known,contraceptive%20until%201962.\" target=\"_blank\" rel=\"nofollow noopener\"><span style=\"font-weight: 400;\">imita<\/span><\/a><span style=\"font-weight: 400;\"> La progesterona, la hormona natural del cuerpo, inhibe la liberaci\u00f3n de hormonas espec\u00edficas de la gl\u00e1ndula pituitaria, previniendo eficazmente la ovulaci\u00f3n y el desarrollo de \u00f3vulos. Esto ayuda a regular los ciclos menstruales y a tratar afecciones como la amenorrea, el sangrado uterino anormal y la endometriosis.<\/span><\/p>\n<p><span style=\"font-weight: 400;\">Al alterar el revestimiento uterino, tambi\u00e9n act\u00faa como anticonceptivo a corto plazo, reduciendo la probabilidad de implantaci\u00f3n de un \u00f3vulo fecundado. Adem\u00e1s, Regestrone ayuda a aliviar los s\u00edntomas del s\u00edndrome premenstrual (SPM).<\/span><\/p>\n<p><span style=\"font-weight: 400;\">Tambi\u00e9n equilibra las hormonas para prevenir irregularidades menstruales, lo que lo convierte en una opci\u00f3n eficaz para controlar diversos problemas menstruales y ginecol\u00f3gicos.<\/span><\/p>\n<h3><span style=\"font-weight: 400;\">\u00bfC\u00f3mo tomar Regestrone 5mg Tablet?<\/span><\/h3>\n<p><span style=\"font-weight: 400;\">Las siguientes son instrucciones generales para el uso de Regestrone 5 mg:<\/span><\/p>\n<ul>\n<li style=\"font-weight: 400;\" aria-level=\"1\"><b>Seguir la prescripci\u00f3n:<\/b><span style=\"font-weight: 400;\"> Tome Regestrone exactamente como lo indique su m\u00e9dico, en la dosis recomendada y durante el tiempo prescrito.<\/span><\/li>\n<li style=\"font-weight: 400;\" aria-level=\"1\"><b>Tomar con o sin alimentos:<\/b><span style=\"font-weight: 400;\"> Se puede tomar con o sin alimentos, pero es mejor mantener un horario constante.<\/span><\/li>\n<li style=\"font-weight: 400;\" aria-level=\"1\"><b>Tragar entero:<\/b><span style=\"font-weight: 400;\"> No triture, mastique ni rompa la tableta; tr\u00e1guela entera con un vaso de agua.<\/span><\/li>\n<li style=\"font-weight: 400;\" aria-level=\"1\"><b>El tiempo importa:<\/b><span style=\"font-weight: 400;\"> Intente tomarlo a la misma hora todos los d\u00edas para garantizar la eficacia.<\/span><\/li>\n<li style=\"font-weight: 400;\" aria-level=\"1\"><b>Dosis olvidada:<\/b><span style=\"font-weight: 400;\"> Si olvida una dosis, t\u00f3mela en cuanto se acuerde. Si ya casi es la hora de su siguiente dosis, simplemente omita la dosis olvidada y siga su horario habitual.<\/span><\/li>\n<li style=\"font-weight: 400;\" aria-level=\"1\"><b>Consulte a su m\u00e9dico:<\/b><span style=\"font-weight: 400;\"> Consulte siempre con su m\u00e9dico si experimenta alg\u00fan efecto secundario o si no est\u00e1 seguro de la dosis.<\/span><\/li>\n<\/ul>\n<p><span style=\"font-weight: 400;\">Siga siempre las recomendaciones de su m\u00e9dico para un tratamiento eficaz con Regestrone 5 mg.<\/span><\/p>","protected":false},"excerpt":{"rendered":"<p>Regestrone, que contiene noretisterona, ayuda a regular los ciclos menstruales y proporciona un soporte hormonal esencial. Aprobado por la FDA y de confianza para la salud femenina.<\/p>","protected":false},"featured_media":32421,"comment_status":"open","ping_status":"closed","template":"","meta":{"om_disable_all_campaigns":false,"_uf_show_specific_survey":0,"_uf_disable_surveys":false},"product_brand":[],"product_cat":[595],"product_tag":[],"class_list":{"0":"post-5044","1":"product","2":"type-product","3":"status-publish","4":"has-post-thumbnail","6":"product_cat-womens-health","8":"first","9":"instock","10":"sale","11":"shipping-taxable","12":"purchasable","13":"product-type-variable"},"_links":{"self":[{"href":"https:\/\/wowrxpharmacy.com\/es\/wp-json\/wp\/v2\/product\/5044","targetHints":{"allow":["GET"]}}],"collection":[{"href":"https:\/\/wowrxpharmacy.com\/es\/wp-json\/wp\/v2\/product"}],"about":[{"href":"https:\/\/wowrxpharmacy.com\/es\/wp-json\/wp\/v2\/types\/product"}],"replies":[{"embeddable":true,"href":"https:\/\/wowrxpharmacy.com\/es\/wp-json\/wp\/v2\/comments?post=5044"}],"wp:featuredmedia":[{"embeddable":true,"href":"https:\/\/wowrxpharmacy.com\/es\/wp-json\/wp\/v2\/media\/32421"}],"wp:attachment":[{"href":"https:\/\/wowrxpharmacy.com\/es\/wp-json\/wp\/v2\/media?parent=5044"}],"wp:term":[{"taxonomy":"product_brand","embeddable":true,"href":"https:\/\/wowrxpharmacy.com\/es\/wp-json\/wp\/v2\/product_brand?post=5044"},{"taxonomy":"product_cat","embeddable":true,"href":"https:\/\/wowrxpharmacy.com\/es\/wp-json\/wp\/v2\/product_cat?post=5044"},{"taxonomy":"product_tag","embeddable":true,"href":"https:\/\/wowrxpharmacy.com\/es\/wp-json\/wp\/v2\/product_tag?post=5044"}],"curies":[{"name":"wp","href":"https:\/\/api.w.org\/{rel}","templated":true}]}}