{"id":4986,"date":"2024-07-13T08:03:08","date_gmt":"2024-07-13T12:03:08","guid":{"rendered":"https:\/\/wowrxpharmacy.com\/?post_type=product&#038;p=4986"},"modified":"2024-10-16T03:51:23","modified_gmt":"2024-10-16T07:51:23","slug":"gel-supatret-004-20-g","status":"publish","type":"product","link":"https:\/\/wowrxpharmacy.com\/es\/producto\/gel-supatret-004-20-g\/","title":{"rendered":"Supatret Gel .04% (20 g)"},"content":{"rendered":"<h3><span style=\"font-weight: 400;\">Acerca de Supatret Gel .04% (20 g)<\/span><\/h3>\n<p><span style=\"font-weight: 400;\">Contiene tretino\u00edna, una forma de vitamina A presente en Supatret Gel .04. Se utiliza para tratar el acn\u00e9, un problema cut\u00e1neo com\u00fan que se produce cuando los poros se obstruyen y causan puntos negros, espinillas y granitos. Lo consigue controlando la producci\u00f3n de grasa en la piel.<\/span><\/p>\n<p><span style=\"font-weight: 400;\">Tambi\u00e9n ayuda a suavizar la piel \u00e1spera del rostro y a reducir las arrugas. La tretino\u00edna solo est\u00e1 disponible con receta m\u00e9dica y ha sido aprobada por la FDA. El fabricante de este gel es Sun Pharmaceutical Industries Ltd.<\/span><\/p>\n<p><span style=\"font-weight: 400;\">Supatret Gel .04% (20 g) viene con cr\u00edticas muy positivas y es un medicamento recomendado para el acn\u00e9.<\/span><\/p>\n<h3><span style=\"font-weight: 400;\">Uso<\/span><\/h3>\n<p><span style=\"font-weight: 400;\">Tambi\u00e9n ayuda a mantener la piel limpia y tersa para evitar la aparici\u00f3n de manchas. Este medicamento ayuda a eliminar el acn\u00e9. Sin embargo, no debe usarse en piel quemada por el sol ni con eccema.<\/span><\/p>\n<h4><span style=\"font-weight: 400;\">Acn\u00e9<\/span><\/h4>\n<p><span style=\"font-weight: 400;\">El acn\u00e9 es una afecci\u00f3n cut\u00e1nea que se caracteriza por la acumulaci\u00f3n de grasa y c\u00e9lulas muertas en los fol\u00edculos pilosos, lo que provoca la formaci\u00f3n de puntos negros, puntos blancos y espinillas. Supatret Gel 0.4 contiene tretino\u00edna, un retinoide dise\u00f1ado para prevenir y tratar el acn\u00e9. Adem\u00e1s, reduce la probabilidad de reaparici\u00f3n del acn\u00e9 y facilita la renovaci\u00f3n de la piel.<\/span><\/p>\n<h4><span style=\"font-weight: 400;\">Reduce las arrugas<\/span><\/h4>\n<p><span style=\"font-weight: 400;\">Adem\u00e1s, disminuye la visibilidad de las l\u00edneas de expresi\u00f3n y arrugas en el rostro. La tretino\u00edna es m\u00e1s eficaz cuando se integra en un r\u00e9gimen de cuidado de la piel que incluye protector solar. Sin embargo, cabe destacar que no puede eliminar las l\u00edneas de expresi\u00f3n profundas causadas por el da\u00f1o solar ni las arrugas profundas asociadas con el proceso natural de envejecimiento.<\/span><\/p>\n<h3><span style=\"font-weight: 400;\">Laboral<\/span><\/h3>\n<p><span style=\"font-weight: 400;\">La sal activa de Supatret Gel .04, la tretino\u00edna, es vitamina A. Impide que la piel produzca exceso de grasa y elimina las bacterias que causan acn\u00e9 y enrojecimiento. La piel genera m\u00e1s col\u00e1geno y vasos sangu\u00edneos, lo que causa arrugas.\u00a0<\/span><\/p>\n<h3><span style=\"font-weight: 400;\">\u00bfC\u00f3mo usarlo?<\/span><\/h3>\n<p><span style=\"font-weight: 400;\">Siga las indicaciones de su m\u00e9dico. Estos consejos r\u00e1pidos podr\u00edan serle \u00fatiles.<\/span><\/p>\n<ul>\n<li style=\"font-weight: 400;\" aria-level=\"1\"><span style=\"font-weight: 400;\">Antes de aplicar este medicamento sobre la piel, l\u00e1vela con un limpiador suave o sin jab\u00f3n y s\u00e9quela con palmaditas.<\/span><\/li>\n<li style=\"font-weight: 400;\" aria-level=\"1\"><span style=\"font-weight: 400;\">Use sus dedos para esparcir una capa fina de medicamento, generalmente una vez al d\u00eda antes de acostarse o como le indique su m\u00e9dico.<\/span><\/li>\n<li style=\"font-weight: 400;\" aria-level=\"1\"><span style=\"font-weight: 400;\">Espere de 20 a 30 minutos despu\u00e9s de lavarse la cara para aplicar Supatret.<\/span><\/li>\n<li style=\"font-weight: 400;\" aria-level=\"1\"><span style=\"font-weight: 400;\">No usar en la zona lastimada o con eczema.\u00a0<\/span><\/li>\n<li style=\"font-weight: 400;\" aria-level=\"1\"><span style=\"font-weight: 400;\">No lave ni aplique nada sobre la piel donde se aplic\u00f3 este gel durante al menos una hora.<\/span><\/li>\n<li style=\"font-weight: 400;\" aria-level=\"1\"><span style=\"font-weight: 400;\">Evite el contacto con los ojos. Si le entra Supatret Gel .04, l\u00e1vese bien los ojos. Si le empiezan a doler los ojos, consulte a un m\u00e9dico.<\/span><\/li>\n<li style=\"font-weight: 400;\" aria-level=\"1\"><span style=\"font-weight: 400;\">Despu\u00e9s de tomar el medicamento, l\u00e1vese las manos para evitar que le entre en contacto con los ojos accidentalmente.<\/span><\/li>\n<\/ul>","protected":false},"excerpt":{"rendered":"<ul>\n<li style=\"font-weight: 400;\" aria-level=\"1\"><span style=\"font-weight: 400;\">Tretino\u00edna aprobada por la FDA<\/span><\/li>\n<li style=\"font-weight: 400;\" aria-level=\"1\"><span style=\"font-weight: 400;\">Trata el acn\u00e9<\/span><\/li>\n<li style=\"font-weight: 400;\" aria-level=\"1\"><span style=\"font-weight: 400;\">Reduce puntos negros, manchas y arrugas.<\/span><\/li>\n<li style=\"font-weight: 400;\" aria-level=\"1\"><span style=\"font-weight: 400;\">Efectos visibles en 2-6 semanas<\/span><\/li>\n<li style=\"font-weight: 400;\" aria-level=\"1\"><span style=\"font-weight: 400;\">Env\u00edo en 24 horas desde la realizaci\u00f3n del pedido<\/span><\/li>\n<\/ul>","protected":false},"featured_media":4990,"comment_status":"open","ping_status":"closed","template":"","meta":{"om_disable_all_campaigns":false,"_uf_show_specific_survey":0,"_uf_disable_surveys":false},"product_brand":[],"product_cat":[534],"product_tag":[],"class_list":{"0":"post-4986","1":"product","2":"type-product","3":"status-publish","4":"has-post-thumbnail","6":"product_cat-skin-care","8":"first","9":"instock","10":"shipping-taxable","11":"purchasable","12":"product-type-variable","13":"has-default-attributes"},"_links":{"self":[{"href":"https:\/\/wowrxpharmacy.com\/es\/wp-json\/wp\/v2\/product\/4986","targetHints":{"allow":["GET"]}}],"collection":[{"href":"https:\/\/wowrxpharmacy.com\/es\/wp-json\/wp\/v2\/product"}],"about":[{"href":"https:\/\/wowrxpharmacy.com\/es\/wp-json\/wp\/v2\/types\/product"}],"replies":[{"embeddable":true,"href":"https:\/\/wowrxpharmacy.com\/es\/wp-json\/wp\/v2\/comments?post=4986"}],"wp:featuredmedia":[{"embeddable":true,"href":"https:\/\/wowrxpharmacy.com\/es\/wp-json\/wp\/v2\/media\/4990"}],"wp:attachment":[{"href":"https:\/\/wowrxpharmacy.com\/es\/wp-json\/wp\/v2\/media?parent=4986"}],"wp:term":[{"taxonomy":"product_brand","embeddable":true,"href":"https:\/\/wowrxpharmacy.com\/es\/wp-json\/wp\/v2\/product_brand?post=4986"},{"taxonomy":"product_cat","embeddable":true,"href":"https:\/\/wowrxpharmacy.com\/es\/wp-json\/wp\/v2\/product_cat?post=4986"},{"taxonomy":"product_tag","embeddable":true,"href":"https:\/\/wowrxpharmacy.com\/es\/wp-json\/wp\/v2\/product_tag?post=4986"}],"curies":[{"name":"wp","href":"https:\/\/api.w.org\/{rel}","templated":true}]}}