{"id":4858,"date":"2024-07-13T08:06:32","date_gmt":"2024-07-13T12:06:32","guid":{"rendered":"https:\/\/wowrxpharmacy.com\/?post_type=product&#038;p=4858"},"modified":"2024-10-16T03:51:24","modified_gmt":"2024-10-16T07:51:24","slug":"seroflo-rotacaps-50-mcg-250-mcg","status":"publish","type":"product","link":"https:\/\/wowrxpharmacy.com\/es\/producto\/seroflo-rotacaps-50-mcg-250-mcg\/","title":{"rendered":"Seroflo Rotacaps 50 mcg 250 mcg"},"content":{"rendered":"<h3><span style=\"font-weight: 400;\">Acerca de Seroflo Rotacaps 250 mcg<\/span><\/h3>\n<p><span style=\"font-weight: 400;\">Seroflo Rotacaps 250 mcg es un medicamento utilizado para tratar el asma y la enfermedad pulmonar obstructiva cr\u00f3nica. Este medicamento contiene dos principios activos principales: salmeterol (50 mcg) y propionato de fluticasona (250 mcg). Ambos pertenecen a la clase de medicamentos conocidos como broncodilatadores y corticosteroides, respectivamente.<\/span><\/p>\n<p><span style=\"font-weight: 400;\">Seroflo Rotacaps 250 mcg es un medicamento de venta con receta m\u00e9dica con excelentes cr\u00edticas y debe tomarse bajo prescripci\u00f3n m\u00e9dica. Cipla Ltd. fabrica Seroflo Rotacaps 50 mcg y 250 mcg.<\/span><\/p>\n<h3><span style=\"font-weight: 400;\">Usos de Seroflo Rotacaps 250 mcg<\/span><\/h3>\n<p><span style=\"font-weight: 400;\">Los pacientes utilizan principalmente Seroflo 250 Rotacaps para abordar las siguientes afecciones m\u00e9dicas:<\/span><\/p>\n<h4><span style=\"font-weight: 400;\">Asma<\/span><\/h4>\n<p><span style=\"font-weight: 400;\">El asma se caracteriza por una restricci\u00f3n y <\/span><a href=\"https:\/\/www.mayoclinic.org\/diseases-conditions\/asthma\/symptoms-causes\/syc-20369653#:~:text=Asthma%20is%20a%20condition%20in,asthma%20is%20a%20minor%20nuisance.\" target=\"_blank\" rel=\"nofollow noopener\"><span style=\"font-weight: 400;\">v\u00edas respiratorias inflamadas<\/span><\/a><span style=\"font-weight: 400;\"> que puede producir un exceso de mucosidad. Esto puede dificultar la respiraci\u00f3n, provocando tos, sibilancias y dificultad para respirar.<\/span><\/p>\n<p><span style=\"font-weight: 400;\">Seroflo 250 Rotacaps puede ayudar a prevenir ataques de asma si se toma antes de la aparici\u00f3n de \u201cdesencadenantes\u201d espec\u00edficos.<\/span><\/p>\n<h4><span style=\"font-weight: 400;\">Trastorno pulmonar obstructivo cr\u00f3nico<\/span><\/h4>\n<p><span style=\"font-weight: 400;\">La Enfermedad Pulmonar Obstructiva Cr\u00f3nica (EPOC) es un tipo de enfermedad pulmonar inflamatoria cr\u00f3nica que dificulta el flujo de aire a trav\u00e9s de los pulmones. Los s\u00edntomas de la EPOC son sibilancias, dificultad para respirar, tos y acumulaci\u00f3n de moco (esputo).<\/span><\/p>\n<p><span style=\"font-weight: 400;\">Este medicamento le permitir\u00e1 ejercitarse con mayor libertad sin preocuparse por sibilancias, tos o dificultad para respirar. Seroflo Rotacaps 250 funciona como un broncodilatador de acci\u00f3n prolongada al relajar los m\u00fasculos que rodean las v\u00edas respiratorias, permitiendo un mayor flujo de aire.<\/span><\/p>\n<h3><span style=\"font-weight: 400;\">C\u00f3mo funciona<\/span><\/h3>\n<p><span style=\"font-weight: 400;\">Las c\u00e1psulas de Seroflo 250 Rotacap contienen dos medicamentos: salmeterol (broncodilatador) y fluticasona. Como broncodilatador de acci\u00f3n prolongada, el salmeterol relaja los m\u00fasculos de las v\u00edas respiratorias y mejora el flujo de aire a los pulmones, facilitando la respiraci\u00f3n al ensanchar las v\u00edas respiratorias.<\/span><\/p>\n<p><span style=\"font-weight: 400;\">La fluticasona, un tipo de corticosteroide, disminuye la producci\u00f3n de prostaglandinas (mensajeros qu\u00edmicos) que contribuyen a la inflamaci\u00f3n (hinchaz\u00f3n) de las v\u00edas respiratorias. Juntos, colaboran para facilitar la respiraci\u00f3n.<\/span><\/p>\n<h3><span style=\"font-weight: 400;\">C\u00f3mo tomar<\/span><\/h3>\n<p><span style=\"font-weight: 400;\">Seroflo 250 Rotacaps debe tomarse seg\u00fan la prescripci\u00f3n m\u00e9dica. Tome las siguientes medidas para asegurar una correcta administraci\u00f3n del medicamento:<\/span><\/p>\n<ul>\n<li style=\"font-weight: 400;\" aria-level=\"1\"><span style=\"font-weight: 400;\">Aprenda a tomar Seroflo Rotacaps 250 correctamente con su m\u00e9dico o farmac\u00e9utico, y si es posible, h\u00e1galo en su presencia la primera vez.<\/span><\/li>\n<li style=\"font-weight: 400;\" aria-level=\"1\"><span style=\"font-weight: 400;\">Lea las instrucciones de la etiqueta o del prospecto antes de usar.<\/span><\/li>\n<li style=\"font-weight: 400;\" aria-level=\"1\"><span style=\"font-weight: 400;\">La c\u00e1psula debe colocarse en la base del rotahaler en lugar de en la boquilla.<\/span><\/li>\n<li style=\"font-weight: 400;\" aria-level=\"1\"><span style=\"font-weight: 400;\">Inhale profundamente en la boquilla despu\u00e9s de girarla completamente hasta que escuche un clic.<\/span><\/li>\n<li style=\"font-weight: 400;\" aria-level=\"1\"><span style=\"font-weight: 400;\">Contenga la respiraci\u00f3n durante un m\u00e1ximo de 10 segundos. Si a\u00fan queda polvo en el inhalador rotatorio, repita la operaci\u00f3n.<\/span><\/li>\n<li style=\"font-weight: 400;\" aria-level=\"1\"><span style=\"font-weight: 400;\">Para prevenir infecciones en la boca y la garganta, enju\u00e1guese la boca con agua despu\u00e9s de cada uso, pero no la trague.<\/span><\/li>\n<li style=\"font-weight: 400;\" aria-level=\"1\"><span style=\"font-weight: 400;\">Tome este medicamento exactamente como lo recet\u00f3 su m\u00e9dico y durante el tiempo especificado.<\/span><\/li>\n<\/ul>","protected":false},"excerpt":{"rendered":"<ul>\n<li style=\"font-weight: 400;\" aria-level=\"1\"><span style=\"font-weight: 400;\">Trata el asma y la EPOC<\/span><\/li>\n<li style=\"font-weight: 400;\" aria-level=\"1\"><span style=\"font-weight: 400;\">Alivio r\u00e1pido y duradero de los s\u00edntomas del asma.<\/span><\/li>\n<li style=\"font-weight: 400;\" aria-level=\"1\"><span style=\"font-weight: 400;\">Funciona en 30 minutos<\/span><\/li>\n<li style=\"font-weight: 400;\" aria-level=\"1\"><span style=\"font-weight: 400;\">Duraci\u00f3n del efecto: 12 horas<\/span><\/li>\n<li style=\"font-weight: 400;\" aria-level=\"1\"><span style=\"font-weight: 400;\">Reduce la inflamaci\u00f3n, relaja los m\u00fasculos de las v\u00edas respiratorias.<\/span><\/li>\n<li style=\"font-weight: 400;\" aria-level=\"1\"><span style=\"font-weight: 400;\">Mejora la respiraci\u00f3n<\/span><\/li>\n<li style=\"font-weight: 400;\" aria-level=\"1\"><span style=\"font-weight: 400;\">Fabricante de confianza, garantiza altos est\u00e1ndares de calidad.<\/span><\/li>\n<\/ul>","protected":false},"featured_media":29443,"comment_status":"open","ping_status":"closed","template":"","meta":{"om_disable_all_campaigns":false,"_uf_show_specific_survey":0,"_uf_disable_surveys":false},"product_brand":[],"product_cat":[555],"product_tag":[],"class_list":{"0":"post-4858","1":"product","2":"type-product","3":"status-publish","4":"has-post-thumbnail","6":"product_cat-asthma","8":"first","9":"instock","10":"shipping-taxable","11":"purchasable","12":"product-type-variable","13":"has-default-attributes"},"_links":{"self":[{"href":"https:\/\/wowrxpharmacy.com\/es\/wp-json\/wp\/v2\/product\/4858","targetHints":{"allow":["GET"]}}],"collection":[{"href":"https:\/\/wowrxpharmacy.com\/es\/wp-json\/wp\/v2\/product"}],"about":[{"href":"https:\/\/wowrxpharmacy.com\/es\/wp-json\/wp\/v2\/types\/product"}],"replies":[{"embeddable":true,"href":"https:\/\/wowrxpharmacy.com\/es\/wp-json\/wp\/v2\/comments?post=4858"}],"wp:featuredmedia":[{"embeddable":true,"href":"https:\/\/wowrxpharmacy.com\/es\/wp-json\/wp\/v2\/media\/29443"}],"wp:attachment":[{"href":"https:\/\/wowrxpharmacy.com\/es\/wp-json\/wp\/v2\/media?parent=4858"}],"wp:term":[{"taxonomy":"product_brand","embeddable":true,"href":"https:\/\/wowrxpharmacy.com\/es\/wp-json\/wp\/v2\/product_brand?post=4858"},{"taxonomy":"product_cat","embeddable":true,"href":"https:\/\/wowrxpharmacy.com\/es\/wp-json\/wp\/v2\/product_cat?post=4858"},{"taxonomy":"product_tag","embeddable":true,"href":"https:\/\/wowrxpharmacy.com\/es\/wp-json\/wp\/v2\/product_tag?post=4858"}],"curies":[{"name":"wp","href":"https:\/\/api.w.org\/{rel}","templated":true}]}}