{"id":4831,"date":"2024-07-13T08:06:45","date_gmt":"2024-07-13T12:06:45","guid":{"rendered":"https:\/\/wowrxpharmacy.com\/?post_type=product&#038;p=4831"},"modified":"2024-10-16T03:51:24","modified_gmt":"2024-10-16T07:51:24","slug":"glycomet-sr-1000mg","status":"publish","type":"product","link":"https:\/\/wowrxpharmacy.com\/es\/producto\/glycomet-sr-1000mg\/","title":{"rendered":"Glycomet SR 1000mg"},"content":{"rendered":"<h3><span style=\"font-weight: 400;\">Acerca de Glycomet SR 1000mg<\/span><\/h3>\n<p><span style=\"font-weight: 400;\">Glycomet 1000 mg trata la diabetes mellitus de tipo 2. La metformina es el principio activo de Glycomet 1000. Ayuda a controlar los niveles de az\u00facar en sangre y previene diversas complicaciones de la diabetes. Ceguera, derrame cerebral, da\u00f1o renal y ataque al coraz\u00f3n son complicaciones de la Diabetes Tipo 2.<\/span><\/p>\n<p><span style=\"font-weight: 400;\">Glycomet SR tableta ayuda en la producci\u00f3n m\u00e1s r\u00e1pida de insulina. Disminuye los niveles excesivos de az\u00facar en la sangre en el cuerpo. <\/span><span style=\"font-weight: 400;\">Puede comprar Glycomet SR 1000 mg a domicilio en WOWRxPharmacy.<\/span><\/p>\n<h3><span style=\"font-weight: 400;\">Usos de Glycomet SR<\/span><\/h3>\n<p><span style=\"font-weight: 400;\">Glycomet 1000 comprimido pertenece a la clase de medicamentos llamados biguanidas. Ayuda en el tratamiento de la Diabetes Mellitus Tipo 2. En este tipo de diabetes, el cuerpo reduce la producci\u00f3n de insulina y provoca altos niveles de az\u00facar en la sangre,<\/span><\/p>\n<p><span style=\"font-weight: 400;\">Glycomet SR 1000 mg est\u00e1 compuesto por Metformina. <\/span><span style=\"font-weight: 400;\">Act\u00faa disminuyendo la generaci\u00f3n de glucosa en el h\u00edgado. Ralentiza la absorci\u00f3n de az\u00facar en el intestino y aumenta la sensibilidad del organismo a la insulina.<\/span><\/p>\n<h3><span style=\"font-weight: 400;\">C\u00f3mo act\u00faa la metformina<\/span><\/h3>\n<p><span style=\"font-weight: 400;\">Glycomet SR 1000mg pertenece a la medicina antidiab\u00e9tica. Se utiliza para tratar la diabetes mellitus tipo 2 (no insulino-dependiente). La cantidad de insulina generada por el p\u00e1ncreas disminuye en la diabetes.<\/span><\/p>\n<p><span style=\"font-weight: 400;\">Debido a ello, aumentan los niveles de az\u00facar en sangre.\u00a0<\/span><\/p>\n<p><span style=\"font-weight: 400;\">La metformina de los comprimidos de Glycomet SR ayuda a reducir la producci\u00f3n de glucosa en el p\u00e1ncreas. Tambi\u00e9n aumenta la sensibilidad a la insulina en las c\u00e9lulas y reduce la absorci\u00f3n de glucosa en el intestino.<\/span><\/p>\n<h3><span style=\"font-weight: 400;\">C\u00f3mo tomar Glycomet SR 1 gm<\/span><\/h3>\n<p><span style=\"font-weight: 400;\">Al tomar Glycomet SR 1000 mg, el paciente debe seguir las instrucciones dadas:<\/span><\/p>\n<ul>\n<li style=\"font-weight: 400;\" aria-level=\"1\"><span style=\"font-weight: 400;\">Tome el medicamento con una comida para evitar dolores de est\u00f3mago o n\u00e1useas.<\/span><\/li>\n<li style=\"font-weight: 400;\" aria-level=\"1\"><span style=\"font-weight: 400;\">Trague el comprimido de una vez. No mastique ni rompa el comprimido.<\/span><\/li>\n<li style=\"font-weight: 400;\" aria-level=\"1\"><span style=\"font-weight: 400;\">No tome una sobredosis. Tome el medicamento seg\u00fan prescripci\u00f3n m\u00e9dica.<\/span><\/li>\n<\/ul>","protected":false},"excerpt":{"rendered":"<ul>\n<li style=\"font-weight: 400;\" aria-level=\"1\"><span style=\"font-weight: 400;\">Metformina aprobada por la FDA<\/span><\/li>\n<li style=\"font-weight: 400;\" aria-level=\"1\"><span style=\"font-weight: 400;\">Trata la diabetes de tipo 2 y el s\u00edndrome de ovario poliqu\u00edstico<\/span><\/li>\n<li style=\"font-weight: 400;\" aria-level=\"1\"><span style=\"font-weight: 400;\">Previene las complicaciones de la diabetes<\/span><\/li>\n<li style=\"font-weight: 400;\" aria-level=\"1\"><span style=\"font-weight: 400;\">Efectos visibles en 7-8 horas<\/span><\/li>\n<li style=\"font-weight: 400;\" aria-level=\"1\"><span style=\"font-weight: 400;\">Env\u00edo en 24 horas<\/span><\/li>\n<\/ul>","protected":false},"featured_media":29893,"comment_status":"open","ping_status":"closed","template":"","meta":{"om_disable_all_campaigns":false,"_uf_show_specific_survey":0,"_uf_disable_surveys":false},"product_brand":[],"product_cat":[909],"product_tag":[],"class_list":{"0":"post-4831","1":"product","2":"type-product","3":"status-publish","4":"has-post-thumbnail","6":"product_cat-diabetes","8":"first","9":"instock","10":"shipping-taxable","11":"purchasable","12":"product-type-variable"},"_links":{"self":[{"href":"https:\/\/wowrxpharmacy.com\/es\/wp-json\/wp\/v2\/product\/4831","targetHints":{"allow":["GET"]}}],"collection":[{"href":"https:\/\/wowrxpharmacy.com\/es\/wp-json\/wp\/v2\/product"}],"about":[{"href":"https:\/\/wowrxpharmacy.com\/es\/wp-json\/wp\/v2\/types\/product"}],"replies":[{"embeddable":true,"href":"https:\/\/wowrxpharmacy.com\/es\/wp-json\/wp\/v2\/comments?post=4831"}],"wp:featuredmedia":[{"embeddable":true,"href":"https:\/\/wowrxpharmacy.com\/es\/wp-json\/wp\/v2\/media\/29893"}],"wp:attachment":[{"href":"https:\/\/wowrxpharmacy.com\/es\/wp-json\/wp\/v2\/media?parent=4831"}],"wp:term":[{"taxonomy":"product_brand","embeddable":true,"href":"https:\/\/wowrxpharmacy.com\/es\/wp-json\/wp\/v2\/product_brand?post=4831"},{"taxonomy":"product_cat","embeddable":true,"href":"https:\/\/wowrxpharmacy.com\/es\/wp-json\/wp\/v2\/product_cat?post=4831"},{"taxonomy":"product_tag","embeddable":true,"href":"https:\/\/wowrxpharmacy.com\/es\/wp-json\/wp\/v2\/product_tag?post=4831"}],"curies":[{"name":"wp","href":"https:\/\/api.w.org\/{rel}","templated":true}]}}