{"id":4820,"date":"2024-07-13T08:06:45","date_gmt":"2024-07-13T12:06:45","guid":{"rendered":"https:\/\/wowrxpharmacy.com\/?post_type=product&#038;p=4820"},"modified":"2024-10-16T03:51:24","modified_gmt":"2024-10-16T07:51:24","slug":"foratec-respules-15mcg-2ml","status":"publish","type":"product","link":"https:\/\/wowrxpharmacy.com\/es\/producto\/foratec-respules-15mcg-2ml\/","title":{"rendered":"Foratec Respules 15mcg\/2ml"},"content":{"rendered":"<h3><span style=\"font-weight: 400;\">Acerca de Foratec Respules 15mcg\/2ml<\/span><\/h3>\n<p><span style=\"font-weight: 400;\">Foratec Respules se utiliza para detener los s\u00edntomas del Trastorno Pulmonar Obstructivo Cr\u00f3nico (EPOC), incluyendo la Bronquitis Cr\u00f3nica y el Enfisema. Ayuda a relajar los m\u00fasculos de las v\u00edas respiratorias, haci\u00e9ndolas m\u00e1s amplias y accesibles para respirar.<\/span><\/p>\n<p><span style=\"font-weight: 400;\">La principal sal presente en este inhalador es el Arformoterol. El fabricante de este medicamento es Cipla. Foratec Respules viene con cr\u00edticas muy positivas y es un medicamento recomendado para el asma y la EPOC.<\/span><\/p>\n<h3><span style=\"font-weight: 400;\">Foratec Respules 15mcg\/2ml usos<\/span><\/h3>\n<p><span style=\"font-weight: 400;\">Arformoterol<\/span><span style=\"font-weight: 400;\"> es <\/span><a href=\"https:\/\/www.webmd.com\/drugs\/2\/drug-145604\/arformoterol-inhalation\/details\" target=\"_blank\" rel=\"nofollow noopener\"><span style=\"font-weight: 400;\">utilizado para<\/span><\/a><span style=\"font-weight: 400;\"> tratamiento de <\/span><span style=\"font-weight: 400;\">Enfermedad pulmonar obstructiva cr\u00f3nica (EPOC). <\/span><span style=\"font-weight: 400;\">Con la ayuda de <\/span><span style=\"font-weight: 400;\">Arformoterol<\/span><span style=\"font-weight: 400;\">La acci\u00f3n de este medicamento permite que las v\u00edas respiratorias de los pulmones permanezcan abiertas para que el paciente pueda seguir respirando. Relaja los m\u00fasculos de las v\u00edas respiratorias. As\u00ed, el aire puede entrar y salir m\u00e1s r\u00e1pidamente.<\/span><\/p>\n<p><span style=\"font-weight: 400;\">Le ayudar\u00e1 a aliviar s\u00edntomas como la falta de aliento, la opresi\u00f3n en el pecho, las sibilancias y la tos, facilit\u00e1ndole la vida cotidiana. Este medicamento es eficaz y seguro.<\/span><\/p>\n<p><span style=\"font-weight: 400;\">Suele empezar a actuar a los pocos minutos y sus efectos pueden durar varias horas. <\/span><span style=\"font-weight: 400;\">Puede comprar el <\/span><span style=\"font-weight: 400;\">Arformoterol<\/span><span style=\"font-weight: 400;\"> c\u00f3modamente a trav\u00e9s de WowRxPharmacy.<\/span><\/p>\n<h3><span style=\"font-weight: 400;\">Funcionamiento del Arformoterol<\/span><\/h3>\n<p><span style=\"font-weight: 400;\">El arformoterol, un beta-agonista de acci\u00f3n prolongada (LABA), act\u00faa uni\u00e9ndose a los receptores beta-2 de las v\u00edas respiratorias, activ\u00e1ndolos para que se relajen y dilaten. Este mecanismo reduce la broncoconstricci\u00f3n, lo que permite mejorar el flujo de aire y aliviar s\u00edntomas como las sibilancias y la falta de aire en personas con enfermedad pulmonar obstructiva cr\u00f3nica (EPOC).<\/span><\/p>\n<h3><span style=\"font-weight: 400;\">C\u00f3mo utilizar Foratec Respules\u00a0<\/span><\/h3>\n<p><span style=\"font-weight: 400;\">Para evitar molestias estomacales, se recomienda tomar Arformoterol todos los d\u00edas a la misma hora y con alimentos. Las mujeres embarazadas o en per\u00edodo de lactancia no deben utilizar el inhalador.<\/span><\/p>\n<p><span style=\"font-weight: 400;\">La mayor\u00eda de las veces, un m\u00e9dico le dir\u00e1 a alguien que use el Inhalador Foracort cuatro veces al d\u00eda y que haga dos inhalaciones cada vez. Pero te sentir\u00edas mejor si hicieras lo que te dice el m\u00e9dico y tomaras la medicina.<\/span><\/p>\n<p><span style=\"font-weight: 400;\">He aqu\u00ed algunos puntos que debe tener en cuenta antes de empezar a tomar este medicamento:<\/span><\/p>\n<ul>\n<li style=\"font-weight: 400;\" aria-level=\"1\"><span style=\"font-weight: 400;\">Debe agitar el <\/span><span style=\"font-weight: 400;\">Arformoterol<\/span><span style=\"font-weight: 400;\"> bien antes de usarlo<\/span><\/li>\n<li style=\"font-weight: 400;\" aria-level=\"1\"><span style=\"font-weight: 400;\">Pulse el inhalador una vez para liberar el medicamento, despu\u00e9s inspire por la boca y mantenga la respiraci\u00f3n durante 10 segundos.<\/span><\/li>\n<li style=\"font-weight: 400;\" aria-level=\"1\"><span style=\"font-weight: 400;\">Te ayudar\u00eda seguir respirando hondo hasta que hayas hecho lo que te dijo el m\u00e9dico.<\/span><\/li>\n<li style=\"font-weight: 400;\" aria-level=\"1\"><span style=\"font-weight: 400;\">Para evitar que tu boca se enferme, enju\u00e1gala con agua y esc\u00fapela<\/span><\/li>\n<\/ul>","protected":false},"excerpt":{"rendered":"<ul>\n<li style=\"font-weight: 400;\" aria-level=\"1\"><span style=\"font-weight: 400;\">Arformoterol aprobado por la FDA<\/span><\/li>\n<li style=\"font-weight: 400;\" aria-level=\"1\"><span style=\"font-weight: 400;\">Trata los s\u00edntomas de la EPOC<\/span><\/li>\n<li style=\"font-weight: 400;\" aria-level=\"1\"><span style=\"font-weight: 400;\">Empieza a funcionar en 5-10 minutos<\/span><\/li>\n<li style=\"font-weight: 400;\" aria-level=\"1\"><span style=\"font-weight: 400;\">El alivio dura 12 horas<\/span><\/li>\n<li style=\"font-weight: 400;\" aria-level=\"1\"><span style=\"font-weight: 400;\">Env\u00edo en 24 horas<\/span><\/li>\n<\/ul>","protected":false},"featured_media":29904,"comment_status":"open","ping_status":"closed","template":"","meta":{"om_disable_all_campaigns":false,"_uf_show_specific_survey":0,"_uf_disable_surveys":false},"product_brand":[],"product_cat":[555],"product_tag":[],"class_list":{"0":"post-4820","1":"product","2":"type-product","3":"status-publish","4":"has-post-thumbnail","6":"product_cat-asthma","8":"first","9":"instock","10":"shipping-taxable","11":"purchasable","12":"product-type-variable","13":"has-default-attributes"},"_links":{"self":[{"href":"https:\/\/wowrxpharmacy.com\/es\/wp-json\/wp\/v2\/product\/4820","targetHints":{"allow":["GET"]}}],"collection":[{"href":"https:\/\/wowrxpharmacy.com\/es\/wp-json\/wp\/v2\/product"}],"about":[{"href":"https:\/\/wowrxpharmacy.com\/es\/wp-json\/wp\/v2\/types\/product"}],"replies":[{"embeddable":true,"href":"https:\/\/wowrxpharmacy.com\/es\/wp-json\/wp\/v2\/comments?post=4820"}],"wp:featuredmedia":[{"embeddable":true,"href":"https:\/\/wowrxpharmacy.com\/es\/wp-json\/wp\/v2\/media\/29904"}],"wp:attachment":[{"href":"https:\/\/wowrxpharmacy.com\/es\/wp-json\/wp\/v2\/media?parent=4820"}],"wp:term":[{"taxonomy":"product_brand","embeddable":true,"href":"https:\/\/wowrxpharmacy.com\/es\/wp-json\/wp\/v2\/product_brand?post=4820"},{"taxonomy":"product_cat","embeddable":true,"href":"https:\/\/wowrxpharmacy.com\/es\/wp-json\/wp\/v2\/product_cat?post=4820"},{"taxonomy":"product_tag","embeddable":true,"href":"https:\/\/wowrxpharmacy.com\/es\/wp-json\/wp\/v2\/product_tag?post=4820"}],"curies":[{"name":"wp","href":"https:\/\/api.w.org\/{rel}","templated":true}]}}