{"id":4796,"date":"2024-09-25T06:00:12","date_gmt":"2024-09-25T10:00:12","guid":{"rendered":"https:\/\/wowrxpharmacy.com\/?post_type=product&#038;p=4796"},"modified":"2024-12-05T00:08:43","modified_gmt":"2024-12-05T05:08:43","slug":"kamagra-comprimidos-masticables-100-mg","status":"publish","type":"product","link":"https:\/\/wowrxpharmacy.com\/es\/producto\/kamagra-comprimidos-masticables-100-mg\/","title":{"rendered":"Kamagra comprimidos masticables 100 mg"},"content":{"rendered":"<h3><span style=\"font-weight: 400;\">\u00bfQu\u00e9 son los comprimidos masticables de Kamagra 100 mg?\u00a0<\/span><\/h3>\n<p><span style=\"font-weight: 400;\">Kamagra 100 masticable contiene el ingrediente principal Citrato de Sildenafilo, que pertenece al grupo de los Inhibidores de la Fosfodiesterasa Tipo 5 (PDE5-I). Se recetan para tratar la disfunci\u00f3n er\u00e9ctil (DE). Estos comprimidos masticables ofrecen una soluci\u00f3n c\u00f3moda para los hombres que desean mejorar su rendimiento sexual pero no les gusta tragar pastillas.<\/span><\/p>\n<p><span style=\"font-weight: 400;\">Estas p\u00edldoras de Citrato de Sildenafil son fabricadas por Ajanta Pharma Limited. Usted puede comprar al mejor precio de WowRx.<\/span><\/p>\n<h3><span style=\"font-weight: 400;\">Usos de Kamagra comprimidos masticables 100 mg<\/span><\/h3>\n<p><span style=\"font-weight: 400;\">Kamagra masticable 100 mg son pastillas utilizadas principalmente para <\/span><a href=\"https:\/\/medlineplus.gov\/druginfo\/meds\/a699015.html#:~:text=Sildenafil%20is%20in,to%20flow%20easily.\" target=\"_blank\" rel=\"nofollow noopener\"><span style=\"font-weight: 400;\">tratar<\/span><\/a><span style=\"font-weight: 400;\"> Disfunci\u00f3n er\u00e9ctil (DE). Contienen citrato de sildenafilo aprobado por la FDA, que es tambi\u00e9n el principio activo de Viagra, para mejorar la funci\u00f3n sexual en los hombres.\u00a0<\/span><\/p>\n<p><span style=\"font-weight: 400;\">La disfunci\u00f3n er\u00e9ctil se describe como la incapacidad de lograr o mantener una erecci\u00f3n firme. Kamagra comprimidos masticables 100 mg resuelve estos problemas para un rendimiento y placer sexual satisfactorios.<\/span><\/p>\n<p><span style=\"font-weight: 400;\">Adem\u00e1s, tambi\u00e9n puede controlar la Hipertensi\u00f3n Arterial Pulmonar, un tipo de hipertensi\u00f3n arterial que afecta a la conexi\u00f3n coraz\u00f3n-pulm\u00f3n.<\/span><\/p>\n<h3><span style=\"font-weight: 400;\">\u00bfC\u00f3mo act\u00faa el Citrato de Sildenafilo?\u00a0<\/span><\/h3>\n<p><span style=\"font-weight: 400;\">Kamagra 100 mg comprimido masticable contiene citrato de sildenafilo, un inhibidor de la fosfodiesterasa tipo 5 (PDE5). Mejora la funci\u00f3n er\u00e9ctil al aumentar la circulaci\u00f3n sangu\u00ednea en la zona del pene.\u00a0<\/span><\/p>\n<p><span style=\"font-weight: 400;\">Para conseguir un mejor flujo sangu\u00edneo, bloquea la acci\u00f3n de una enzima llamada PDE-5, que dificulta los niveles de monofosfato de guanosina c\u00edclico (GMPc). Este compuesto qu\u00edmico facilita la <\/span><a href=\"https:\/\/www.ncbi.nlm.nih.gov\/books\/NBK549843\/#:~:text=These%20drugs%20inhibit,downstream%20effector%20molecules.\" target=\"_blank\" rel=\"nofollow noopener\"><span style=\"font-weight: 400;\">relajaci\u00f3n<\/span><\/a><span style=\"font-weight: 400;\"> de los tejidos musculares lisos y la dilataci\u00f3n de los vasos sangu\u00edneos.<\/span><\/p>\n<p><span style=\"font-weight: 400;\">As\u00ed, al suprimir la PDE-5, los vasos sangu\u00edneos de la zona del pene se relajan, aumentando el flujo sangu\u00edneo y provocando una erecci\u00f3n firme. Sin embargo, Kamagra comprimidos masticables 100 mg por s\u00ed solo no induce el deseo sexual sin excitaci\u00f3n sexual.\u00a0<\/span><\/p>\n<h3><span style=\"font-weight: 400;\">\u00bfC\u00f3mo tomar Kamagra comprimidos masticables de 100 mg?\u00a0<\/span><\/h3>\n<p><span style=\"font-weight: 400;\">Tome Kamagra masticable 100 mg seg\u00fan las indicaciones del m\u00e9dico. Las instrucciones generales de uso son las siguientes:<\/span><\/p>\n<ul>\n<li style=\"font-weight: 400;\" aria-level=\"1\"><span style=\"font-weight: 400;\">Cons\u00famalo aproximadamente 30-60 minutos antes de mantener relaciones sexuales<\/span><\/li>\n<li style=\"font-weight: 400;\" aria-level=\"1\"><span style=\"font-weight: 400;\">Se mastica f\u00e1cilmente y puede tomarse con o sin alimentos. La forma masticable ofrece una alternativa c\u00f3moda para quienes prefieren no tragar los comprimidos tradicionales<\/span><\/li>\n<li style=\"font-weight: 400;\" aria-level=\"1\"><span style=\"font-weight: 400;\">Evite consumir m\u00e1s de un comprimido en 24 horas<\/span><\/li>\n<\/ul>","protected":false},"excerpt":{"rendered":"<p>Los comprimidos masticables de Kamagra con citrato de sildenafilo proporcionan un alivio r\u00e1pido y eficaz de la disfunci\u00f3n er\u00e9ctil en forma masticable. Aprobado por la FDA y con sabor.<\/p>","protected":false},"featured_media":29870,"comment_status":"open","ping_status":"closed","template":"","meta":{"om_disable_all_campaigns":false,"_uf_show_specific_survey":0,"_uf_disable_surveys":false},"product_brand":[],"product_cat":[438,2387],"product_tag":[],"class_list":{"0":"post-4796","1":"product","2":"type-product","3":"status-publish","4":"has-post-thumbnail","6":"product_cat-mens-health","7":"product_cat-sildenafil-citrate","9":"first","10":"instock","11":"sale","12":"shipping-taxable","13":"purchasable","14":"product-type-variable","15":"has-default-attributes"},"_links":{"self":[{"href":"https:\/\/wowrxpharmacy.com\/es\/wp-json\/wp\/v2\/product\/4796","targetHints":{"allow":["GET"]}}],"collection":[{"href":"https:\/\/wowrxpharmacy.com\/es\/wp-json\/wp\/v2\/product"}],"about":[{"href":"https:\/\/wowrxpharmacy.com\/es\/wp-json\/wp\/v2\/types\/product"}],"replies":[{"embeddable":true,"href":"https:\/\/wowrxpharmacy.com\/es\/wp-json\/wp\/v2\/comments?post=4796"}],"wp:featuredmedia":[{"embeddable":true,"href":"https:\/\/wowrxpharmacy.com\/es\/wp-json\/wp\/v2\/media\/29870"}],"wp:attachment":[{"href":"https:\/\/wowrxpharmacy.com\/es\/wp-json\/wp\/v2\/media?parent=4796"}],"wp:term":[{"taxonomy":"product_brand","embeddable":true,"href":"https:\/\/wowrxpharmacy.com\/es\/wp-json\/wp\/v2\/product_brand?post=4796"},{"taxonomy":"product_cat","embeddable":true,"href":"https:\/\/wowrxpharmacy.com\/es\/wp-json\/wp\/v2\/product_cat?post=4796"},{"taxonomy":"product_tag","embeddable":true,"href":"https:\/\/wowrxpharmacy.com\/es\/wp-json\/wp\/v2\/product_tag?post=4796"}],"curies":[{"name":"wp","href":"https:\/\/api.w.org\/{rel}","templated":true}]}}