{"id":4601,"date":"2024-09-23T06:00:50","date_gmt":"2024-09-23T10:00:50","guid":{"rendered":"https:\/\/wowrxpharmacy.com\/?post_type=product&#038;p=4601"},"modified":"2024-11-16T00:22:48","modified_gmt":"2024-11-16T05:22:48","slug":"progynova-1-mg","status":"publish","type":"product","link":"https:\/\/wowrxpharmacy.com\/es\/producto\/progynova-1-mg\/","title":{"rendered":"Progynova 1 mg"},"content":{"rendered":"<h3><span style=\"font-weight: 400;\">Acerca de Progynova 1 mg\u00a0<\/span><\/h3>\n<p><span style=\"font-weight: 400;\">Progynova 1 mg en comprimidos es una terapia de reemplazo hormonal (TRH) que se utiliza para tratar los s\u00edntomas de la deficiencia de estr\u00f3geno en mujeres perimenop\u00e1usicas y posmenop\u00e1usicas. Contiene valerato de estradiol, una forma de la hormona estr\u00f3geno que regula el ciclo menstrual y la ovulaci\u00f3n.<\/span><\/p>\n<p><span style=\"font-weight: 400;\">Adem\u00e1s, Progynova puede recetarse para el c\u00e1ncer de mama y de pr\u00f3stata junto con otros tratamientos contra el c\u00e1ncer.\u00a0<\/span><\/p>\n<p><span style=\"font-weight: 400;\">Fabricado por Zydus Healthcare, ayuda a restaurar los niveles de estr\u00f3geno en el cuerpo, mejorando la calidad de vida de las mujeres que experimentan cambios menop\u00e1usicos.<\/span><\/p>\n<h3><span style=\"font-weight: 400;\">\u00bfPara qu\u00e9 se utiliza Progynova 1 mg?<\/span><\/h3>\n<p><span style=\"font-weight: 400;\">Progynova 1 mg se utiliza para la terapia de reemplazo hormonal (TRH) para aliviar los s\u00edntomas de la deficiencia de estr\u00f3geno en mujeres posmenop\u00e1usicas, como sofocos, sequedad vaginal y cambios de humor.<\/span><\/p>\n<p><span style=\"font-weight: 400;\">Si solo trata los s\u00edntomas vaginales, considere tratamientos localizados antes de probar medicamentos orales. Adem\u00e1s, ayuda a prevenir la osteoporosis en mujeres posmenop\u00e1usicas.<\/span><\/p>\n<p><span style=\"font-weight: 400;\">El estr\u00f3geno es una de las hormonas clave en esta terapia y suele usarse junto con la progesterona. Siga siempre las instrucciones de su m\u00e9dico sobre la dosis y la duraci\u00f3n del tratamiento.<\/span><\/p>\n<h3><span style=\"font-weight: 400;\">\u00bfC\u00f3mo funciona Progynova Estradiol?<\/span><\/h3>\n<p><span style=\"font-weight: 400;\">El estradiol, un estr\u00f3geno natural producido por los ovarios, disminuye significativamente durante la menopausia, <\/span><a href=\"https:\/\/my.clevelandclinic.org\/health\/body\/22353-estrogen#:~:text=Estrogen%20levels%20drop,E1)%20during%20menopause.\" target=\"_blank\" rel=\"nofollow noopener\"><span style=\"font-weight: 400;\">principal<\/span><\/a><span style=\"font-weight: 400;\"> a s\u00edntomas inc\u00f3modos como sofocos, sequedad vaginal, cambios de humor y p\u00e9rdida de densidad \u00f3sea.<\/span><\/p>\n<p><span style=\"font-weight: 400;\">Terapia de reemplazo hormonal con estradiol (TRH) <\/span><a href=\"https:\/\/www.ncbi.nlm.nih.gov\/books\/NBK493191\/#:~:text=Hormone%20replacement%20therapy%20(HRT,distinct%20benefits%20and%20risks.\" target=\"_blank\" rel=\"nofollow noopener\"><span style=\"font-weight: 400;\">repone<\/span><\/a><span style=\"font-weight: 400;\"> Disminuye los niveles de estr\u00f3geno, lo que ayuda a aliviar los s\u00edntomas de la menopausia y a mejorar el bienestar general. Tambi\u00e9n previene la osteoporosis al mantener la densidad \u00f3sea en mujeres posmenop\u00e1usicas, promoviendo as\u00ed la salud \u00f3sea a largo plazo.<\/span><\/p>\n<h3><span style=\"font-weight: 400;\">\u00bfC\u00f3mo utilizar Progynova 1mg?<\/span><\/h3>\n<p><span style=\"font-weight: 400;\">Progynova 1 mg es una tableta oral que debe administrarse \u00fanicamente por v\u00eda oral. Para obtener los mejores resultados, siga estas instrucciones de uso al tomar el medicamento:<\/span><\/p>\n<ul>\n<li style=\"font-weight: 400;\" aria-level=\"1\"><span style=\"font-weight: 400;\">Antes de empezar a tomar este medicamento y cada vez que renueve su receta, lea el prospecto si su farmac\u00e9utico lo tiene. Consulte a su m\u00e9dico o farmac\u00e9utico si tiene alguna duda.<\/span><\/li>\n<li style=\"font-weight: 400;\" aria-level=\"1\"><span style=\"font-weight: 400;\">Tome Progynova seg\u00fan las indicaciones de su m\u00e9dico, con o sin alimentos. Puede tomarlo durante o inmediatamente despu\u00e9s de una comida para minimizar el malestar estomacal.<\/span><\/li>\n<li style=\"font-weight: 400;\" aria-level=\"1\"><span style=\"font-weight: 400;\">No debe triturar, masticar ni disolver las tabletas de liberaci\u00f3n prolongada. Si lo hace, el medicamento podr\u00eda salirse al mismo tiempo, lo que podr\u00eda causar m\u00e1s efectos secundarios.<\/span><\/li>\n<li style=\"font-weight: 400;\" aria-level=\"1\"><span style=\"font-weight: 400;\">Parta las tabletas de liberaci\u00f3n prolongada solo si tienen una ranura o si se lo indica su m\u00e9dico o farmac\u00e9utico. Puede tragar la tableta entera o partirla por la mitad, pero no la triture ni la mastique.<\/span><\/li>\n<\/ul>","protected":false},"excerpt":{"rendered":"<p>Progynova 1 mg con estradiol complementa la terapia hormonal, aliviando las molestias de la menopausia. Es seguro, est\u00e1 aprobado por la FDA y es confiable para el equilibrio estrog\u00e9nico.<\/p>","protected":false},"featured_media":37100,"comment_status":"open","ping_status":"closed","template":"","meta":{"om_disable_all_campaigns":false,"_uf_show_specific_survey":0,"_uf_disable_surveys":false},"product_brand":[],"product_cat":[1757,595],"product_tag":[],"class_list":{"0":"post-4601","1":"product","2":"type-product","3":"status-publish","4":"has-post-thumbnail","6":"product_cat-featured-products","7":"product_cat-womens-health","9":"first","10":"instock","11":"sale","12":"shipping-taxable","13":"purchasable","14":"product-type-variable","15":"has-default-attributes"},"_links":{"self":[{"href":"https:\/\/wowrxpharmacy.com\/es\/wp-json\/wp\/v2\/product\/4601","targetHints":{"allow":["GET"]}}],"collection":[{"href":"https:\/\/wowrxpharmacy.com\/es\/wp-json\/wp\/v2\/product"}],"about":[{"href":"https:\/\/wowrxpharmacy.com\/es\/wp-json\/wp\/v2\/types\/product"}],"replies":[{"embeddable":true,"href":"https:\/\/wowrxpharmacy.com\/es\/wp-json\/wp\/v2\/comments?post=4601"}],"wp:featuredmedia":[{"embeddable":true,"href":"https:\/\/wowrxpharmacy.com\/es\/wp-json\/wp\/v2\/media\/37100"}],"wp:attachment":[{"href":"https:\/\/wowrxpharmacy.com\/es\/wp-json\/wp\/v2\/media?parent=4601"}],"wp:term":[{"taxonomy":"product_brand","embeddable":true,"href":"https:\/\/wowrxpharmacy.com\/es\/wp-json\/wp\/v2\/product_brand?post=4601"},{"taxonomy":"product_cat","embeddable":true,"href":"https:\/\/wowrxpharmacy.com\/es\/wp-json\/wp\/v2\/product_cat?post=4601"},{"taxonomy":"product_tag","embeddable":true,"href":"https:\/\/wowrxpharmacy.com\/es\/wp-json\/wp\/v2\/product_tag?post=4601"}],"curies":[{"name":"wp","href":"https:\/\/api.w.org\/{rel}","templated":true}]}}