{"id":4599,"date":"2024-07-13T08:00:28","date_gmt":"2024-07-13T12:00:28","guid":{"rendered":"https:\/\/wowrxpharmacy.com\/?post_type=product&#038;p=4599"},"modified":"2024-10-16T03:51:25","modified_gmt":"2024-10-16T07:51:25","slug":"retino-a-micro-gel-0-04","status":"publish","type":"product","link":"https:\/\/wowrxpharmacy.com\/es\/producto\/retino-a-micro-gel-0-04\/","title":{"rendered":"Retino A Micro Gel 0,04% (15 gm)"},"content":{"rendered":"<h3><span style=\"font-weight: 400;\">Qu\u00e9 es Retino A Micro Gel 0,04% (15 gm)<\/span><\/h3>\n<p><span style=\"font-weight: 400;\">Retino A Micro gel 0,04 (Tretino\u00edna) es un medicamento t\u00f3pico utilizado para tratar el acn\u00e9 en la cara, la espalda y el pecho. Tambi\u00e9n ayuda a suavizar la piel \u00e1spera de la cara y a eliminar las arrugas finas. El acn\u00e9 es una afecci\u00f3n cut\u00e1nea com\u00fan causada por la obstrucci\u00f3n de los fol\u00edculos pilosos con c\u00e9lulas cut\u00e1neas muertas y grasa.<\/span><\/p>\n<p><span style=\"font-weight: 400;\">El principio activo de este medicamento es la tretino\u00edna. Tambi\u00e9n conocida como \u00e1cido retinoico (un tipo de vitamina A), la Tretino\u00edna reduce la producci\u00f3n de grasa en la piel para relajar y destapar los poros de la superficie cut\u00e1nea. El fabricante de esta crema es JNTL Consumer Health Pvt. Ltd.\u00a0<\/span><\/p>\n<h3><span style=\"font-weight: 400;\">Utiliza<\/span><span style=\"font-weight: 400;\"><br \/>\n<\/span><\/h3>\n<p><span style=\"font-weight: 400;\">El Gel Retino A Micro 0,04 contiene vitamina A. El gel de Tretino\u00edna trata el Acn\u00e9 junto con la Leucemia Promieloc\u00edtica Aguda lo siguiente:<\/span><span style=\"font-weight: 400;\"><br \/>\n<\/span><\/p>\n<h4><span style=\"font-weight: 400;\">Acn\u00e9<\/span><\/h4>\n<p><span style=\"font-weight: 400;\">Retino A Micro 0,04% Gel es un derivado de la vitamina A. Su principal objetivo es tratar el acn\u00e9, desobstruyendo los poros de la piel y previniendo la aparici\u00f3n de manchas o granos.\u00a0<\/span><\/p>\n<p><span style=\"font-weight: 400;\">Por lo general, pueden pasar varias semanas antes de que sus efectos se hagan evidentes, por lo que es importante continuar su aplicaci\u00f3n, incluso si a\u00fan espera resultados inmediatos. En ocasiones, el acn\u00e9 puede empeorar al principio, pero con un uso constante y correcto, la piel acabar\u00e1 aclar\u00e1ndose.<\/span><\/p>\n<h3><span style=\"font-weight: 400;\">\u00bfC\u00f3mo act\u00faa Retin A Gel 0,04% (15 gm)?<\/span><\/h3>\n<p><span style=\"font-weight: 400;\">La tretino\u00edna es el principal ingrediente de Retino A Micro gel 0,04. Acelera el ritmo al que la piel muerta se desprende y es sustituida por nuevas c\u00e9lulas cut\u00e1neas. El gel de tretino\u00edna reduce la producci\u00f3n de grasa en el rostro, repone la piel propensa al acn\u00e9 y ayuda a mantener los poros abiertos cuando se aplica sobre la piel. Este proceso inhibe la aparici\u00f3n de granos, espinillas y puntos negros.<\/span><\/p>\n<h3><span style=\"font-weight: 400;\">C\u00f3mo utilizar Tretino\u00edna gel<\/span><\/h3>\n<p><span style=\"font-weight: 400;\">La aplicaci\u00f3n ideal es una aplicaci\u00f3n puntual por la noche durante el tiempo indicado por su m\u00e9dico. La dosis y la duraci\u00f3n del tratamiento variar\u00e1n en funci\u00f3n de la afecci\u00f3n. Normalmente, debe lavar y secar la regi\u00f3n afectada.\u00a0<\/span><\/p>\n<p><span style=\"font-weight: 400;\">A continuaci\u00f3n, aplique una fina capa de este medicamento. Siga las recomendaciones de su m\u00e9dico. No lo aplique sobre piel lesionada o rota y evite que entre en contacto con la boca, los ojos o la nariz. Pueden pasar varias semanas hasta que los s\u00edntomas empiecen a remitir, pero un uso regular producir\u00e1 los mejores resultados.\u00a0<\/span><\/p>\n<p><span style=\"font-weight: 400;\">Si al cabo de unas semanas no ha observado ninguna mejor\u00eda, es aconsejable programar otra consulta con su m\u00e9dico. Utilizar m\u00e1s medicamento o aplicarlo con m\u00e1s frecuencia de la prescrita no potenciar\u00e1 su eficacia y puede empeorar sus efectos adversos.<\/span><\/p>\n<p><span style=\"font-weight: 400;\">Debe evitarse la exposici\u00f3n al sol mientras se utiliza Retino A Micro gel 0,04, ya que puede hacer que la piel sea m\u00e1s sensible a la luz solar y provocar quemaduras solares. Utilice ropa protectora y loci\u00f3n de protecci\u00f3n solar (SPF) al aire libre para prevenir las quemaduras solares.<\/span><\/p>","protected":false},"excerpt":{"rendered":"<ul>\n<li style=\"font-weight: 400;\" aria-level=\"1\"><span style=\"font-weight: 400;\">Resultados visibles en 8-12 semanas<\/span><\/li>\n<li style=\"font-weight: 400;\" aria-level=\"1\"><span style=\"font-weight: 400;\">La piel empieza a mejorar a partir de la 6\u00aa semana<\/span><\/li>\n<li style=\"font-weight: 400;\" aria-level=\"1\"><span style=\"font-weight: 400;\">F\u00e1cil de aplicar<\/span><\/li>\n<li style=\"font-weight: 400;\" aria-level=\"1\"><span style=\"font-weight: 400;\">Env\u00edo en 24 horas<\/span><\/li>\n<\/ul>","protected":false},"featured_media":4961,"comment_status":"open","ping_status":"closed","template":"","meta":{"om_disable_all_campaigns":false,"_uf_show_specific_survey":0,"_uf_disable_surveys":false},"product_brand":[],"product_cat":[534],"product_tag":[],"class_list":{"0":"post-4599","1":"product","2":"type-product","3":"status-publish","4":"has-post-thumbnail","6":"product_cat-skin-care","8":"first","9":"instock","10":"shipping-taxable","11":"purchasable","12":"product-type-variable","13":"has-default-attributes"},"_links":{"self":[{"href":"https:\/\/wowrxpharmacy.com\/es\/wp-json\/wp\/v2\/product\/4599","targetHints":{"allow":["GET"]}}],"collection":[{"href":"https:\/\/wowrxpharmacy.com\/es\/wp-json\/wp\/v2\/product"}],"about":[{"href":"https:\/\/wowrxpharmacy.com\/es\/wp-json\/wp\/v2\/types\/product"}],"replies":[{"embeddable":true,"href":"https:\/\/wowrxpharmacy.com\/es\/wp-json\/wp\/v2\/comments?post=4599"}],"wp:featuredmedia":[{"embeddable":true,"href":"https:\/\/wowrxpharmacy.com\/es\/wp-json\/wp\/v2\/media\/4961"}],"wp:attachment":[{"href":"https:\/\/wowrxpharmacy.com\/es\/wp-json\/wp\/v2\/media?parent=4599"}],"wp:term":[{"taxonomy":"product_brand","embeddable":true,"href":"https:\/\/wowrxpharmacy.com\/es\/wp-json\/wp\/v2\/product_brand?post=4599"},{"taxonomy":"product_cat","embeddable":true,"href":"https:\/\/wowrxpharmacy.com\/es\/wp-json\/wp\/v2\/product_cat?post=4599"},{"taxonomy":"product_tag","embeddable":true,"href":"https:\/\/wowrxpharmacy.com\/es\/wp-json\/wp\/v2\/product_tag?post=4599"}],"curies":[{"name":"wp","href":"https:\/\/api.w.org\/{rel}","templated":true}]}}