{"id":4595,"date":"2024-09-23T06:00:50","date_gmt":"2024-09-23T10:00:50","guid":{"rendered":"https:\/\/wowrxpharmacy.com\/?post_type=product&#038;p=4595"},"modified":"2024-11-22T04:43:07","modified_gmt":"2024-11-22T09:43:07","slug":"progynova-2-mg","status":"publish","type":"product","link":"https:\/\/wowrxpharmacy.com\/es\/producto\/progynova-2-mg\/","title":{"rendered":"Progynova 2 mg"},"content":{"rendered":"<h3><span style=\"font-weight: 400;\">Acerca de Progynova 2 mg<\/span><\/h3>\n<p><span style=\"font-weight: 400;\">Progynova 2 mg en tabletas es una terapia de reemplazo hormonal (TRH) indicada para mujeres con deficiencia de estr\u00f3genos, s\u00edntomas posmenop\u00e1usicos y osteoporosis. Contiene estradiol, un derivado del estr\u00f3geno que regula el ciclo menstrual y la ovulaci\u00f3n. Puede aliviar los s\u00edntomas de la menopausia, como sequedad vaginal, picaz\u00f3n, sofocos, cambios de humor y dolor durante las relaciones sexuales.<\/span><\/p>\n<p><span style=\"font-weight: 400;\">Progynova pertenece a la clase de medicamentos que contienen estr\u00f3geno y funciona reemplazando la hormona estr\u00f3geno en el cuerpo, producida principalmente por los ovarios. Por lo tanto, despu\u00e9s de la menopausia, cuando hay una disminuci\u00f3n en la producci\u00f3n hormonal, Progynova 2 mg puede tratar eficazmente la deficiencia de estr\u00f3geno. Bayer Zydus Pvt Ltd fabrica esta terapia de reemplazo hormonal (TRH) y puede adquirirla f\u00e1cilmente en WowRx a precios bajos.<\/span><\/p>\n<h3><span style=\"font-weight: 400;\">\u00bfPara qu\u00e9 se utiliza Progynova 2mg?<\/span><\/h3>\n<p><span style=\"font-weight: 400;\">La tableta de Progynova de 2 mg se utiliza como terapia de reemplazo hormonal para aliviar los s\u00edntomas de la menopausia en las mujeres. Puede... <\/span><a href=\"https:\/\/www.healthdirect.gov.au\/medicines\/brand\/amt,3837011000036104\/progynova#:~:text=Short%20term%20treatment,with%20advancing%20age.\" target=\"_blank\" rel=\"nofollow noopener\"><span style=\"font-weight: 400;\">eficazmente<\/span><\/a><span style=\"font-weight: 400;\"> tratar los sofocos, la picaz\u00f3n y la sequedad vaginal, la sensaci\u00f3n de ardor o irritaci\u00f3n y el dolor durante las relaciones sexuales.\u00a0<\/span><\/p>\n<p><span style=\"font-weight: 400;\">Adem\u00e1s, tambi\u00e9n puede ayudar a tratar los cambios de humor y la disminuci\u00f3n del deseo sexual, que son molestias comunes despu\u00e9s de la menopausia. Su m\u00e9dico tambi\u00e9n podr\u00eda recomendar este medicamento para tratar... <\/span><a href=\"https:\/\/www.ncbi.nlm.nih.gov\/pmc\/articles\/PMC10009319\/#:~:text=HRT%20reduces%20the,menopause%20symptom%20relief.\" target=\"_blank\" rel=\"nofollow noopener\"><span style=\"font-weight: 400;\">huesos fr\u00e1giles<\/span><\/a><span style=\"font-weight: 400;\"> o Osteoporosis despu\u00e9s de la menopausia en mujeres mayores de 60 a\u00f1os.\u00a0<\/span><\/p>\n<h3><span style=\"font-weight: 400;\">\u00bfC\u00f3mo funciona el valerato de estradiol?<\/span><\/h3>\n<p><span style=\"font-weight: 400;\">El estradiol es un estr\u00f3geno natural y potente producido por los ovarios. Sin embargo, cuando una mujer entra en la menopausia, sus niveles de estr\u00f3geno disminuyen significativamente, lo que puede afectar numerosas funciones corporales, como el ciclo menstrual y la densidad \u00f3sea.<\/span><\/p>\n<p><span style=\"font-weight: 400;\">La terapia de reemplazo hormonal con estradiol puede combatir los s\u00edntomas de la menopausia. Funciona reemplazando la hormona producida principalmente por los ovarios. Al administrarse por v\u00eda oral, la hormona se absorbe en el torrente sangu\u00edneo, elevando significativamente los niveles hormonales y aliviando los s\u00edntomas.<\/span><\/p>\n<h3><span style=\"font-weight: 400;\">\u00bfC\u00f3mo utilizar Progynova 2mg?<\/span><\/h3>\n<p><span style=\"font-weight: 400;\">Progynova 2 mg es un comprimido oral y debe administrarse \u00fanicamente por v\u00eda oral. Para obtener los mejores resultados, utilice este medicamento de las siguientes maneras:<\/span><\/p>\n<ul>\n<li style=\"font-weight: 400;\" aria-level=\"1\"><span style=\"font-weight: 400;\">Lea el prospecto antes de tomar los comprimidos de Progynova para reducir el riesgo de malentendidos.<\/span><\/li>\n<li style=\"font-weight: 400;\" aria-level=\"1\"><span style=\"font-weight: 400;\">Tome la dosis de Progynova 2 mg prescrita por su m\u00e9dico.<\/span><\/li>\n<li style=\"font-weight: 400;\" aria-level=\"1\"><span style=\"font-weight: 400;\">Trague la tableta entera con agua.<\/span><\/li>\n<li style=\"font-weight: 400;\" aria-level=\"1\"><span style=\"font-weight: 400;\">No triture, mastique ni rompa la tableta.<\/span><\/li>\n<li style=\"font-weight: 400;\" aria-level=\"1\"><span style=\"font-weight: 400;\">Puede tomar su dosis con o sin alimentos.<\/span><\/li>\n<li style=\"font-weight: 400;\" aria-level=\"1\"><span style=\"font-weight: 400;\">Tome este comprimido a intervalos regulares.<\/span><\/li>\n<li style=\"font-weight: 400;\" aria-level=\"1\"><span style=\"font-weight: 400;\">Aseg\u00farese de tomar este medicamento al mismo tiempo para evitar el riesgo de omitir una dosis.<\/span><\/li>\n<li style=\"font-weight: 400;\" aria-level=\"1\"><span style=\"font-weight: 400;\">No omita la dosis de Progynova 2 mg Tablet sin consultar a su m\u00e9dico, incluso si su condici\u00f3n mejora.<\/span><\/li>\n<li style=\"font-weight: 400;\" aria-level=\"1\"><span style=\"font-weight: 400;\">Consulte a su m\u00e9dico si experimenta efectos secundarios como dificultad para respirar.<\/span><\/li>\n<\/ul>","protected":false},"excerpt":{"rendered":"<p>Progynova 2 mg, a base de estradiol, alivia los s\u00edntomas de la menopausia y equilibra los niveles de estr\u00f3geno. Terapia hormonal segura y confiable, aprobada por la FDA.<\/p>","protected":false},"featured_media":0,"comment_status":"open","ping_status":"closed","template":"","meta":{"om_disable_all_campaigns":false,"_uf_show_specific_survey":0,"_uf_disable_surveys":false},"product_brand":[],"product_cat":[595],"product_tag":[],"class_list":{"0":"post-4595","1":"product","2":"type-product","3":"status-publish","5":"product_cat-womens-health","7":"first","8":"instock","9":"sale","10":"shipping-taxable","11":"purchasable","12":"product-type-variable","13":"has-default-attributes"},"_links":{"self":[{"href":"https:\/\/wowrxpharmacy.com\/es\/wp-json\/wp\/v2\/product\/4595","targetHints":{"allow":["GET"]}}],"collection":[{"href":"https:\/\/wowrxpharmacy.com\/es\/wp-json\/wp\/v2\/product"}],"about":[{"href":"https:\/\/wowrxpharmacy.com\/es\/wp-json\/wp\/v2\/types\/product"}],"replies":[{"embeddable":true,"href":"https:\/\/wowrxpharmacy.com\/es\/wp-json\/wp\/v2\/comments?post=4595"}],"wp:attachment":[{"href":"https:\/\/wowrxpharmacy.com\/es\/wp-json\/wp\/v2\/media?parent=4595"}],"wp:term":[{"taxonomy":"product_brand","embeddable":true,"href":"https:\/\/wowrxpharmacy.com\/es\/wp-json\/wp\/v2\/product_brand?post=4595"},{"taxonomy":"product_cat","embeddable":true,"href":"https:\/\/wowrxpharmacy.com\/es\/wp-json\/wp\/v2\/product_cat?post=4595"},{"taxonomy":"product_tag","embeddable":true,"href":"https:\/\/wowrxpharmacy.com\/es\/wp-json\/wp\/v2\/product_tag?post=4595"}],"curies":[{"name":"wp","href":"https:\/\/api.w.org\/{rel}","templated":true}]}}