{"id":4481,"date":"2024-07-13T08:07:13","date_gmt":"2024-07-13T12:07:13","guid":{"rendered":"https:\/\/wowrxpharmacy.com\/?post_type=product&#038;p=4481"},"modified":"2024-10-16T03:51:25","modified_gmt":"2024-10-16T07:51:25","slug":"flupred-0-05","status":"publish","type":"product","link":"https:\/\/wowrxpharmacy.com\/es\/producto\/flupred-0-05\/","title":{"rendered":"Flupred 0.05%"},"content":{"rendered":"<h2><span style=\"font-weight: 400;\">Acerca de Flupred 0.05% Gotas para los ojos<\/span><\/h2>\n<p><span style=\"font-weight: 400;\">Las gotas oft\u00e1lmicas Flupred son un corticosteroide t\u00f3pico que se utiliza para tratar la inflamaci\u00f3n y el dolor asociados a la cirug\u00eda ocular. Flupred contiene difluprednato, el principio activo utilizado para tratar la inflamaci\u00f3n de la capa media del ojo, la \u00favea (uve\u00edtis).<\/span><\/p>\n<p><span style=\"font-weight: 400;\">El colirio de difluprednato 0.05 ayuda a aliviar s\u00edntomas como dolor, enrojecimiento, hinchaz\u00f3n, picaz\u00f3n y lagrimeo ocular despu\u00e9s de una cirug\u00eda ocular. El colirio Flupred 0.05% solo se vende con receta m\u00e9dica y recomendaci\u00f3n m\u00e9dica. Puede comprar f\u00e1cilmente difluprednato 0.05 en WowRXPharmacy.<\/span><\/p>\n<h3><span style=\"font-weight: 400;\">Usos de Flupred 0.05%<\/span><span style=\"font-weight: 400;\"><br \/>\n<\/span><\/h3>\n<p><span style=\"font-weight: 400;\">Flupred se utiliza para tratar las siguientes afecciones oculares:<\/span><\/p>\n<h4><span style=\"font-weight: 400;\">Inflamaci\u00f3n ocular posoperatoria<\/span><\/h4>\n<p><span style=\"font-weight: 400;\">Las gotas oft\u00e1lmicas Flupred se utilizan para tratar la inflamaci\u00f3n y el dolor resultantes de las cirug\u00edas oculares.<\/span><\/p>\n<h4><span style=\"font-weight: 400;\">Uve\u00edtis<\/span><\/h4>\n<p><span style=\"font-weight: 400;\">Difluprednato 0,05 (gotas oft\u00e1lmicas Flupred) trata la uve\u00edtis anterior end\u00f3gena, una inflamaci\u00f3n de la \u00favea, la capa media del ojo.<\/span><\/p>\n<h3><span style=\"font-weight: 400;\">\u00bfC\u00f3mo funciona el difluprednato?<\/span><\/h3>\n<p><span style=\"font-weight: 400;\">El difluprednato 0.05 (Flupred) pertenece al grupo de medicamentos conocidos como corticosteroides. Detiene la liberaci\u00f3n de sustancias qu\u00edmicas en el organismo responsables de la inflamaci\u00f3n y el dolor.<\/span><\/p>\n<p><span style=\"font-weight: 400;\">Tras la cirug\u00eda ocular, se recomienda que los pacientes reduzcan el dolor, el enrojecimiento, la hinchaz\u00f3n, la picaz\u00f3n y el lagrimeo ocular. Esto puede ayudarles a retomar sus actividades cotidianas m\u00e1s r\u00e1pidamente. <\/span><span style=\"font-weight: 400;\">Flupred cuenta con cr\u00edticas muy positivas y es un colirio recomendado para la inflamaci\u00f3n ocular posoperatoria y la uve\u00edtis.<\/span><\/p>\n<h3><span style=\"font-weight: 400;\">C\u00f3mo usar Flupred 0.05%<\/span><\/h3>\n<p><span style=\"font-weight: 400;\">Siga estas instrucciones para utilizar las gotas oft\u00e1lmicas Flupred:<\/span><\/p>\n<ul>\n<li style=\"font-weight: 400;\" aria-level=\"1\"><span style=\"font-weight: 400;\">Sostenga el gotero cerca del ojo, pero sin tocarlo. Incline la cabeza ligeramente hacia atr\u00e1s y baje el p\u00e1rpado inferior.<\/span><\/li>\n<li style=\"font-weight: 400;\" aria-level=\"1\"><span style=\"font-weight: 400;\">Apriete suavemente el gotero y aplique las gotas para los ojos en el p\u00e1rpado inferior.<\/span><\/li>\n<li style=\"font-weight: 400;\" aria-level=\"1\"><span style=\"font-weight: 400;\">Retire el exceso de l\u00edquido. Despu\u00e9s de administrar las gotas oft\u00e1lmicas, aplique presi\u00f3n en el lagrimal (cerca de la nariz) durante aproximadamente un minuto.<\/span><\/li>\n<li style=\"font-weight: 400;\" aria-level=\"1\"><span style=\"font-weight: 400;\">Utilizar dentro de las cuatro semanas siguientes a la apertura del frasco.<\/span><\/li>\n<\/ul>","protected":false},"excerpt":{"rendered":"<ul>\n<li style=\"font-weight: 400;\" aria-level=\"1\"><span style=\"font-weight: 400;\">Difluprednato aprobado por la FDA<\/span><\/li>\n<li style=\"font-weight: 400;\" aria-level=\"1\"><span style=\"font-weight: 400;\">Reduce la inflamaci\u00f3n, el dolor y el enrojecimiento ocular.<\/span><\/li>\n<li style=\"font-weight: 400;\" aria-level=\"1\"><span style=\"font-weight: 400;\">Efectos visibles en 2 semanas<\/span><\/li>\n<li style=\"font-weight: 400;\" aria-level=\"1\"><span style=\"font-weight: 400;\">Medicamentos con licencia<\/span><\/li>\n<\/ul>","protected":false},"featured_media":29921,"comment_status":"open","ping_status":"closed","template":"","meta":{"om_disable_all_campaigns":false,"_uf_show_specific_survey":0,"_uf_disable_surveys":false},"product_brand":[],"product_cat":[469],"product_tag":[],"class_list":{"0":"post-4481","1":"product","2":"type-product","3":"status-publish","4":"has-post-thumbnail","6":"product_cat-eye-care","8":"first","9":"instock","10":"shipping-taxable","11":"purchasable","12":"product-type-variable","13":"has-default-attributes"},"_links":{"self":[{"href":"https:\/\/wowrxpharmacy.com\/es\/wp-json\/wp\/v2\/product\/4481","targetHints":{"allow":["GET"]}}],"collection":[{"href":"https:\/\/wowrxpharmacy.com\/es\/wp-json\/wp\/v2\/product"}],"about":[{"href":"https:\/\/wowrxpharmacy.com\/es\/wp-json\/wp\/v2\/types\/product"}],"replies":[{"embeddable":true,"href":"https:\/\/wowrxpharmacy.com\/es\/wp-json\/wp\/v2\/comments?post=4481"}],"wp:featuredmedia":[{"embeddable":true,"href":"https:\/\/wowrxpharmacy.com\/es\/wp-json\/wp\/v2\/media\/29921"}],"wp:attachment":[{"href":"https:\/\/wowrxpharmacy.com\/es\/wp-json\/wp\/v2\/media?parent=4481"}],"wp:term":[{"taxonomy":"product_brand","embeddable":true,"href":"https:\/\/wowrxpharmacy.com\/es\/wp-json\/wp\/v2\/product_brand?post=4481"},{"taxonomy":"product_cat","embeddable":true,"href":"https:\/\/wowrxpharmacy.com\/es\/wp-json\/wp\/v2\/product_cat?post=4481"},{"taxonomy":"product_tag","embeddable":true,"href":"https:\/\/wowrxpharmacy.com\/es\/wp-json\/wp\/v2\/product_tag?post=4481"}],"curies":[{"name":"wp","href":"https:\/\/api.w.org\/{rel}","templated":true}]}}